{"id":3501,"date":"2025-01-31T11:29:44","date_gmt":"2025-01-31T11:29:44","guid":{"rendered":"https:\/\/snoeck.process-vision.de\/shop\/matti-braun\/"},"modified":"2025-04-02T12:23:22","modified_gmt":"2025-04-02T12:23:22","slug":"matti-braun","status":"publish","type":"product","link":"https:\/\/snoeck.de\/fr\/shop\/matti-braun\/","title":{"rendered":"Matti Braun"},"content":{"rendered":"<h3>Alien<\/h3>\n<p>Outre l'\u0153uvre de Matti Braun, le pr\u00e9sent ouvrage s'int\u00e9resse plus particuli\u00e8rement \u00e0 la science-fiction bengalie et aux aspects de la modernit\u00e9 en Inde dans la seconde moiti\u00e9 du XXe si\u00e8cle. Il a \u00e9t\u00e9 \u00e9labor\u00e9 en \u00e9troite collaboration avec les co\u00e9diteurs Bodhisattva Chattopadhyay, professeur associ\u00e9 en \u00e9tudes culturelles globales \u00e0 Oslo, et Beth Citron, commissaire d'exposition new-yorkaise sp\u00e9cialis\u00e9e dans l'art moderne d'Asie du Sud. Lorsque l'on voit les batiks et les peintures sur soie de Matti Braun dans la salle d'exposition et la mani\u00e8re dont il pr\u00e9sente des saris historiques dans le m\u00eame cadre, on a une id\u00e9e de ce que cela signifie lorsque l'on dit que l'artiste \u00e9tudie les effets inattendus et souvent peu connus des dynamiques interculturelles et rend visibles les mod\u00e8les de migration artistique et de m\u00e9pris culturel. Ici, sa peinture sur soie d'une beaut\u00e9 envo\u00fbtante, qui touche aussi bien au minimalisme qu'au pop art, l\u00e0, les tissus historiques du v\u00eatement traditionnel, une jupe portefeuille port\u00e9e de l'Inde au N\u00e9pal, qui offre \u00e0 ceux qui la portent, outre des versions festives, des possibilit\u00e9s quasi super pratiques dans la vie quotidienne des pays subtropicaux, et qui est aujourd'hui vendue aux ench\u00e8res et accroch\u00e9e comme tableau, mont\u00e9e et encadr\u00e9e, dans les mus\u00e9es d'Asie et d'Europe. Le pr\u00e9sent livre va encore plus loin, il offre un aper\u00e7u complet du r\u00e9seau associatif qui sous-tend les travaux de Matti Braun de ces derni\u00e8res ann\u00e9es. L'un des aspects concerne l'histoire du film \"The Alien\" du r\u00e9alisateur et auteur indien Satyaiit Ray, qui n'a jamais vu le jour et que ce dernier devait produire pour l'un des grands studios hollywoodiens au milieu des ann\u00e9es 1960. En 1982, le m\u00e9ga blockbuster \"E.T. the Extra-Terrestrial\" de Steven Spielberg a \u00e9t\u00e9 lanc\u00e9 - jusqu'\u00e0 aujourd'hui, la question de savoir si ce film \u00e9tait plagi\u00e9 ou non semble controvers\u00e9e. Matti Braun poursuit cependant de mani\u00e8re spectaculaire, car pour lui, c'est toute la sc\u00e8ne qui se trouve derri\u00e8re qui est int\u00e9ressante, et c'est ainsi qu'il allume avec ses co\u00e9diteurs Bodhisattva Chattopadhy et Beth Citron un v\u00e9ritable feu d'artifice \"bengale\", lorsqu'ils font appara\u00eetre la premi\u00e8re culture de science-fiction du sous-continent indien, les histoires des divers magazines, auteurs et livres, les r\u00e9percussions sur Bollywood jusqu'aux ambitions politiques du programme de fus\u00e9e indien : Une histoire passionnante !<\/p>\n<p>Exposition :<br \/>\nGalerie Esther Schipper, Berlin, 17\/1-22\/2\/2020<\/p>","protected":false},"excerpt":{"rendered":"<p>Catalogue d'exposition, Galerie Esther Schipper Berlin, \u00e9d. par Matti Braun, Bodhisattva Chattopadhyay, Beth Citron<br \/>\nTextes (eng.) de Parashuram, Beth Citron, Bodhisattva Chattopadhyay, Ranen Ghosh, Sudhir Kakar, Matthia L\u00f6bke, Amrita Shah, Santu Bag, Dip Ghosh, Soham Guha, Sami Ahmad Khan<br \/>\n160 p. avec 120 illustrations en couleur<br \/>\n276 x 220 mm, couverture rigide<\/p>","protected":false},"featured_media":4916,"template":"","meta":[],"product_brand":[],"product_cat":[84,59],"product_tag":[],"class_list":{"0":"post-3501","1":"product","2":"type-product","3":"status-publish","4":"has-post-thumbnail","6":"product_cat-84","7":"product_cat-b","9":"first","10":"instock","11":"taxable","12":"shipping-taxable","13":"purchasable","14":"product-type-simple"},"aioseo_notices":[],"_wp_attached_file":null,"_wp_attachment_metadata":null,"_wc_attachment_source":null,"_elementor_inline_svg":null,"_elementor_is_screenshot":null,"_elementor_source_image_hash":null,"_source_url":null,"_wp_attachment_context":null,"_menu_item_type":null,"_menu_item_menu_item_parent":null,"_menu_item_object_id":null,"_menu_item_object":null,"_menu_item_target":null,"_menu_item_classes":null,"_menu_item_xfn":null,"_menu_item_url":null,"__elementor_forms_snapshot":null,"_unit":"","_unit_base":"","_unit_product":"","_unit_price_auto":"no","_unit_price_regular":"","_unit_price":"","_unit_price_sale":"","_sale_price_label":"","_sale_price_regular_label":"","_manufacturer_slug":"","_mini_desc":"","_defect_description":"","_safety_instructions":"","_allergen_ids":[],"_warranty_attachment_id":"","_safety_attachment_ids":[],"_min_age":"","_ts_gtin":"","_ts_mpn":"","_delivery_time_countries":[],"_free_shipping":"no","_service":"no","_photovoltaic_system":"no","_used_good":"no","_defective_copy":"no","_wireless_electronic_device":"no","_device_contains_power_supply":"no","_device_charging_supports_usb_pd":"no","_device_charging_watt_min":"0","_device_charging_watt_max":"0","_is_food":"no","_differential_taxation":"no","_gzd_version":"3.18.7","_hs_code":"","_customs_description":"","_manufacture_country":"0","_is_non_returnable":"no","_shipping_length":"","_shipping_width":"","_shipping_height":"","_sku":"ISBN 978-3-86442-310-9","_global_unique_id":"978-3-86442-310-9","_regular_price":"39.8","total_sales":"0","_tax_status":"taxable","_tax_class":"","_manage_stock":"no","_backorders":"no","_sold_individually":"no","_weight":"1","_virtual":"no","_downloadable":"no","_download_limit":"-1","_download_expiry":"-1","_stock":"","_stock_status":"instock","_wc_average_rating":"0","_wc_review_count":"0","_product_version":"9.7.1","_price":"39.8","shopengine_product_views_count":"3059","_thumbnail_id":"4916","_product_attributes":{"erscheinungsdatum":{"name":"Date de publication","value":"24.02.2020","position":0,"is_visible":1,"is_variation":0,"is_taxonomy":0,"checkout_visible":0}},"_nutrient_ids":[],"_upsell_ids":null,"pswc_subtitle":null,"_default_delivery_time":null,"_wp_desired_post_slug":null,"_isbn":null,"pageType":null,"isExternalUrl":null,"pageId":null,"externalUrl":null,"hideCookieBanner":null,"isTargetBlank":null,"isProviderCurrentWebsite":null,"isEmbeddingOnlyExternalResources":null,"legalBasis":null,"dataProcessingInCountries":null,"dataProcessingInCountriesSpecialTreatments":null,"technicalDefinitions":null,"googleConsentModeConsentTypes":null,"executePriority":null,"executeCodeOptInWhenNoTagManagerConsentIsGiven":null,"executeCodeOptOutWhenNoTagManagerConsentIsGiven":null,"deleteTechnicalDefinitionsAfterOptOut":null,"presetId":null,"presetVersion":null,"provider":null,"providerContactPhone":null,"providerContactEmail":null,"providerContactLink":null,"uniqueName":null,"providerPrivacyPolicyUrl":null,"providerLegalNoticeUrl":null,"codeOptIn":null,"codeOptOut":null,"codeOnPageLoad":null,"language_code":null,"shopengine_template__post_meta__type":null,"shopengine_template__post_meta":null,"shopengine_template__post_meta__edit_with":null,"origin":null,"_enabled":null,"_filters":null,"_layout":null,"_elementor_import_session_id":null,"_wp_trash_meta_status":null,"_wp_trash_meta_time":null,"_edit_lock":"1743596463:2","_elementor_floating_elements_type":null,"_elementor_edit_mode":null,"_elementor_template_type":null,"tc-thumb-fld":{"_thumb_id":4916,"_thumb_type":"thumb"},"_wp_page_template":"default","_elementor_version":null,"_elementor_pro_version":null,"_elementor_page_settings":null,"_elementor_data":null,"_elementor_conditions":null,"_elementor_popup_display_settings":null,"_edit_last":"2","_elementor_template_sub_type":null,"_elementor_controls_usage":null,"_elementor_screenshot":null,"_elementor_css":null,"_elementor_page_assets":[],"_elementor_element_cache":null,"_elementor_screenshot_failed":null,"_elementor_source":null,"_wp_old_date":null,"layout_key":"","post_slider_check_key":"0","_links":{"self":[{"href":"https:\/\/snoeck.de\/fr\/wp-json\/wp\/v2\/product\/3501","targetHints":{"allow":["GET"]}}],"collection":[{"href":"https:\/\/snoeck.de\/fr\/wp-json\/wp\/v2\/product"}],"about":[{"href":"https:\/\/snoeck.de\/fr\/wp-json\/wp\/v2\/types\/product"}],"wp:featuredmedia":[{"embeddable":true,"href":"https:\/\/snoeck.de\/fr\/wp-json\/wp\/v2\/media\/4916"}],"wp:attachment":[{"href":"https:\/\/snoeck.de\/fr\/wp-json\/wp\/v2\/media?parent=3501"}],"wp:term":[{"taxonomy":"product_brand","embeddable":true,"href":"https:\/\/snoeck.de\/fr\/wp-json\/wp\/v2\/product_brand?post=3501"},{"taxonomy":"product_cat","embeddable":true,"href":"https:\/\/snoeck.de\/fr\/wp-json\/wp\/v2\/product_cat?post=3501"},{"taxonomy":"product_tag","embeddable":true,"href":"https:\/\/snoeck.de\/fr\/wp-json\/wp\/v2\/product_tag?post=3501"}],"curies":[{"name":"wp","href":"https:\/\/api.w.org\/{rel}","templated":true}]}}