{"id":3502,"date":"2025-01-31T11:29:44","date_gmt":"2025-01-31T11:29:44","guid":{"rendered":"https:\/\/snoeck.process-vision.de\/shop\/candice-breitz-labour\/"},"modified":"2025-04-02T12:29:53","modified_gmt":"2025-04-02T12:29:53","slug":"candice-breitz-labour","status":"publish","type":"product","link":"https:\/\/snoeck.de\/fr\/shop\/candice-breitz-labour\/","title":{"rendered":"Candice Breitz : Travail - Catalogue Raisonn\u00e9 2011-2020"},"content":{"rendered":"<h3>Installations vid\u00e9o et photographies de 20 ans<\/h3>\n<p>Le travail artistique de Candice Breitz se concentre sur l'influence de la famille et de la soci\u00e9t\u00e9 ou des communaut\u00e9s qui se forment sur la base de certaines cat\u00e9gories telles que la race, le sexe, la nationalit\u00e9 ou la religion, ainsi que sur l'importance des m\u00e9dias dans l'\u00e9mergence de nouveaux groupements et associations. Le Kunstmuseum Bonn consacre \u00e0 l'artiste originaire d'Afrique du Sud et vivant \u00e0 Berlin (*1972 \u00e0 Johannesburg) une exposition individuelle compl\u00e8te avec des installations vid\u00e9o et des photographies des 25 derni\u00e8res ann\u00e9es. Les questions f\u00e9ministes sont au c\u0153ur de cette pr\u00e9sentation, qui s'\u00e9tend des premiers travaux comme \"Ghost Series\" (1994), une s\u00e9rie de photos refl\u00e9tant la violence permanente du r\u00e9gime de l'apartheid, aux \u0153uvres plus r\u00e9centes comme \"TLDR\" (2017), une installation vid\u00e9o cr\u00e9\u00e9e en collaboration avec un groupe de travailleuses du sexe sud-africaines. Pour l'\u0153uvre actuelle qui donne son titre \u00e0 l'exposition, \"Labour\" (en fran\u00e7ais : travail, force de travail, douleurs de l'accouchement), Candice Breitz a accompagn\u00e9 des accouchements en les filmant. Outre une documentation sur l'exposition, le catalogue qui l'accompagne offre un aper\u00e7u de toutes les \u0153uvres depuis 2010.<\/p>\n<p>Exposition :<br \/>\nMus\u00e9e d'art de Bonn, 20\/2 - 3\/5\/2020<\/p>","protected":false},"excerpt":{"rendered":"<p>Catalogue d'exposition, Kunstmuseum Bonn, \u00e9d. Barbara J. Scheuermann<br \/>\nTextes (all.\/ang.) de Stephan Berg, Barbara J. Scheuermann, Aruna D'Souza, Bina Shah<br \/>\n224 p. avec 400 illustrations en couleur<br \/>\nformat 23 x 18 cm, toile avec gaufrage<\/p>","protected":false},"featured_media":4917,"template":"","meta":[],"product_brand":[],"product_cat":[84,59,60],"product_tag":[],"class_list":{"0":"post-3502","1":"product","2":"type-product","3":"status-publish","4":"has-post-thumbnail","6":"product_cat-84","7":"product_cat-b","8":"product_cat-c","10":"first","11":"instock","12":"taxable","13":"shipping-taxable","14":"purchasable","15":"product-type-simple"},"aioseo_notices":[],"_wp_attached_file":null,"_wp_attachment_metadata":null,"_wc_attachment_source":null,"_elementor_inline_svg":null,"_elementor_is_screenshot":null,"_elementor_source_image_hash":null,"_source_url":null,"_wp_attachment_context":null,"_menu_item_type":null,"_menu_item_menu_item_parent":null,"_menu_item_object_id":null,"_menu_item_object":null,"_menu_item_target":null,"_menu_item_classes":null,"_menu_item_xfn":null,"_menu_item_url":null,"__elementor_forms_snapshot":null,"_unit":"","_unit_base":"","_unit_product":"","_unit_price_auto":"no","_unit_price_regular":"","_unit_price":"","_unit_price_sale":"","_sale_price_label":"","_sale_price_regular_label":"","_manufacturer_slug":"","_mini_desc":"","_defect_description":"","_safety_instructions":"","_allergen_ids":[],"_warranty_attachment_id":"","_safety_attachment_ids":[],"_min_age":"","_ts_gtin":"","_ts_mpn":"","_delivery_time_countries":[],"_free_shipping":"no","_service":"no","_photovoltaic_system":"no","_used_good":"no","_defective_copy":"no","_wireless_electronic_device":"no","_device_contains_power_supply":"no","_device_charging_supports_usb_pd":"no","_device_charging_watt_min":"0","_device_charging_watt_max":"0","_is_food":"no","_differential_taxation":"no","_gzd_version":"3.18.7","_hs_code":"","_customs_description":"","_manufacture_country":"0","_is_non_returnable":"no","_shipping_length":"","_shipping_width":"","_shipping_height":"","_sku":"ISBN 978-3-86442-306-2","_global_unique_id":"978-3-86442-306-2","_regular_price":"36","total_sales":"0","_tax_status":"taxable","_tax_class":"","_manage_stock":"no","_backorders":"no","_sold_individually":"no","_weight":"1","_virtual":"no","_downloadable":"no","_download_limit":"-1","_download_expiry":"-1","_stock":"","_stock_status":"instock","_wc_average_rating":"0","_wc_review_count":"0","_product_version":"9.7.1","_price":"36","shopengine_product_views_count":"3333","_thumbnail_id":"4917","_product_attributes":{"erscheinungsdatum":{"name":"Erscheinungsdatum","value":"02.11.2020","position":0,"is_visible":1,"is_variation":0,"is_taxonomy":0,"checkout_visible":0}},"_nutrient_ids":[],"_upsell_ids":null,"pswc_subtitle":null,"_default_delivery_time":null,"_wp_desired_post_slug":null,"_isbn":null,"pageType":null,"isExternalUrl":null,"pageId":null,"externalUrl":null,"hideCookieBanner":null,"isTargetBlank":null,"isProviderCurrentWebsite":null,"isEmbeddingOnlyExternalResources":null,"legalBasis":null,"dataProcessingInCountries":null,"dataProcessingInCountriesSpecialTreatments":null,"technicalDefinitions":null,"googleConsentModeConsentTypes":null,"executePriority":null,"executeCodeOptInWhenNoTagManagerConsentIsGiven":null,"executeCodeOptOutWhenNoTagManagerConsentIsGiven":null,"deleteTechnicalDefinitionsAfterOptOut":null,"presetId":null,"presetVersion":null,"provider":null,"providerContactPhone":null,"providerContactEmail":null,"providerContactLink":null,"uniqueName":null,"providerPrivacyPolicyUrl":null,"providerLegalNoticeUrl":null,"codeOptIn":null,"codeOptOut":null,"codeOnPageLoad":null,"language_code":null,"shopengine_template__post_meta__type":null,"shopengine_template__post_meta":null,"shopengine_template__post_meta__edit_with":null,"origin":null,"_enabled":null,"_filters":null,"_layout":null,"_elementor_import_session_id":null,"_wp_trash_meta_status":null,"_wp_trash_meta_time":null,"_edit_lock":"1743596855:2","_elementor_floating_elements_type":null,"_elementor_edit_mode":null,"_elementor_template_type":null,"tc-thumb-fld":{"_thumb_id":4917,"_thumb_type":"thumb"},"_wp_page_template":"default","_elementor_version":null,"_elementor_pro_version":null,"_elementor_page_settings":null,"_elementor_data":null,"_elementor_conditions":null,"_elementor_popup_display_settings":null,"_edit_last":"2","_elementor_template_sub_type":null,"_elementor_controls_usage":null,"_elementor_screenshot":null,"_elementor_css":null,"_elementor_page_assets":[],"_elementor_element_cache":null,"_elementor_screenshot_failed":null,"_elementor_source":null,"_wp_old_date":null,"layout_key":"","post_slider_check_key":"0","_links":{"self":[{"href":"https:\/\/snoeck.de\/fr\/wp-json\/wp\/v2\/product\/3502","targetHints":{"allow":["GET"]}}],"collection":[{"href":"https:\/\/snoeck.de\/fr\/wp-json\/wp\/v2\/product"}],"about":[{"href":"https:\/\/snoeck.de\/fr\/wp-json\/wp\/v2\/types\/product"}],"wp:featuredmedia":[{"embeddable":true,"href":"https:\/\/snoeck.de\/fr\/wp-json\/wp\/v2\/media\/4917"}],"wp:attachment":[{"href":"https:\/\/snoeck.de\/fr\/wp-json\/wp\/v2\/media?parent=3502"}],"wp:term":[{"taxonomy":"product_brand","embeddable":true,"href":"https:\/\/snoeck.de\/fr\/wp-json\/wp\/v2\/product_brand?post=3502"},{"taxonomy":"product_cat","embeddable":true,"href":"https:\/\/snoeck.de\/fr\/wp-json\/wp\/v2\/product_cat?post=3502"},{"taxonomy":"product_tag","embeddable":true,"href":"https:\/\/snoeck.de\/fr\/wp-json\/wp\/v2\/product_tag?post=3502"}],"curies":[{"name":"wp","href":"https:\/\/api.w.org\/{rel}","templated":true}]}}