{"id":3505,"date":"2025-01-31T11:29:46","date_gmt":"2025-01-31T11:29:46","guid":{"rendered":"https:\/\/snoeck.process-vision.de\/shop\/maria-brunner\/"},"modified":"2025-04-02T12:20:00","modified_gmt":"2025-04-02T12:20:00","slug":"maria-brunner","status":"publish","type":"product","link":"https:\/\/snoeck.de\/fr\/shop\/maria-brunner\/","title":{"rendered":"Maria Brunner"},"content":{"rendered":"<h3>Le triomphe de la peinture<\/h3>\n<p>L'amaryllis, une plante du genre Hippeastrum, est originaire des r\u00e9gions pluvieuses d'Afrique du Sud. Elle est tr\u00e8s populaire en Allemagne, car sa floraison nous annonce le printemps d\u00e8s l'hiver. Maria Brunner, n\u00e9e en 1962 \u00e0 Lienz en Autriche et vivant aujourd'hui \u00e0 Berlin, a consacr\u00e9 en 2014 tout un cycle de peintures \u00e0 l'huile de petit format \u00e0 l'amaryllis. \u00c0 c\u00f4t\u00e9 de cela, cette premi\u00e8re publication compl\u00e8te sur les peintures \u00e0 l'huile de ces derni\u00e8res ann\u00e9es, peintes avec une grande virtuosit\u00e9, comprend une s\u00e9rie de toiles de grand format de 2015 flottant dans l'air, ainsi que de petits dessins au feutre pli\u00e9s dans du parchemin de 2016. Le travail de Maria Brunner a toujours \u00e9t\u00e9 marqu\u00e9 par le doute profond de savoir si les choses sont ce qu'elles semblent \u00eatre. Ses peintures \u00e0 l'huile n'ont cependant rien \u00e0 voir avec l'hyperr\u00e9alisme d'un Franz Gertsch ou d'un Chuck Close. Elle ne s'int\u00e9resse pas non plus \u00e0 la disparition, \u00e0 l'effacement ou \u00e0 l'instant r\u00e9el fugace d'un instantan\u00e9 comme chez Gerhard Richter. Depuis les travaux \u00e0 l'huile sous forme de collages des ann\u00e9es 2010, elle s'oriente vers la repr\u00e9sentation d'un objet unique en interrogeant les stimuli de surface. Au d\u00e9but, les collages pouvaient encore dire : le c\u0153ur n'a pas de genoux, le nez n'est pas non plus un cornichon ou un biscuit. Alors que pour ses repr\u00e9sentations d'amaryllis ou de foulards flottants, il faut dire maintenant : \u00c0 quoi cela nous fait-il penser ? Plusieurs facteurs jouent ici avec le spectateur : Les travaux de Maria Brunner visent \u00e0 un \u00e9crasement dans le d\u00e9tail peint, ils utilisent la connaissance du clair-obscur dans les arri\u00e8re-plans et le poussent avec l'effet inverse, le sfumato, et l'hyperr\u00e9alisme n'a jamais aucune chance. Cela peut para\u00eetre audacieux, mais c'est la premi\u00e8re d'un tout nouveau r\u00e9alisme magique !<\/p>","protected":false},"excerpt":{"rendered":"<p>\u00c9dit\u00e9 par la Galerie Gisela Capitain K\u00f6ln, Galerie Elisabeth &amp; Klaus Thoman Innsbruck\/Vienne<br \/>\nTexte (all.\/ang.) de Martin Prinzhorn, Elena Brugnano<br \/>\n130 p. avec 80 illustrations en couleur, dont 8 sur papier transparent<br \/>\nformat 27 x 21 cm, toile gaufr\u00e9e avec jaquette<\/p>","protected":false},"featured_media":4919,"template":"","meta":[],"product_brand":[],"product_cat":[112,59],"product_tag":[],"class_list":{"0":"post-3505","1":"product","2":"type-product","3":"status-publish","4":"has-post-thumbnail","6":"product_cat-112","7":"product_cat-b","9":"first","10":"instock","11":"taxable","12":"shipping-taxable","13":"purchasable","14":"product-type-simple"},"aioseo_notices":[],"_wp_attached_file":null,"_wp_attachment_metadata":null,"_wc_attachment_source":null,"_elementor_inline_svg":null,"_elementor_is_screenshot":null,"_elementor_source_image_hash":null,"_source_url":null,"_wp_attachment_context":null,"_menu_item_type":null,"_menu_item_menu_item_parent":null,"_menu_item_object_id":null,"_menu_item_object":null,"_menu_item_target":null,"_menu_item_classes":null,"_menu_item_xfn":null,"_menu_item_url":null,"__elementor_forms_snapshot":null,"_unit":"","_unit_base":"","_unit_product":"","_unit_price_auto":"no","_unit_price_regular":"","_unit_price":"","_unit_price_sale":"","_sale_price_label":"","_sale_price_regular_label":"","_manufacturer_slug":"","_mini_desc":"","_defect_description":"","_safety_instructions":"","_allergen_ids":[],"_warranty_attachment_id":"","_safety_attachment_ids":[],"_min_age":"","_ts_gtin":"","_ts_mpn":"","_delivery_time_countries":[],"_free_shipping":"no","_service":"no","_photovoltaic_system":"no","_used_good":"no","_defective_copy":"no","_wireless_electronic_device":"no","_device_contains_power_supply":"no","_device_charging_supports_usb_pd":"no","_device_charging_watt_min":"0","_device_charging_watt_max":"0","_is_food":"no","_differential_taxation":"no","_gzd_version":"3.18.7","_hs_code":"","_customs_description":"","_manufacture_country":"0","_is_non_returnable":"no","_shipping_length":"","_shipping_width":"","_shipping_height":"","_sku":"ISBN 978-3-86442-177-8","_global_unique_id":"978-3-86442-177-8","_regular_price":"39.8","total_sales":"0","_tax_status":"taxable","_tax_class":"","_manage_stock":"no","_backorders":"no","_sold_individually":"no","_weight":"1","_virtual":"no","_downloadable":"no","_download_limit":"-1","_download_expiry":"-1","_stock":"","_stock_status":"instock","_wc_average_rating":"0","_wc_review_count":"0","_product_version":"9.7.1","_price":"39.8","shopengine_product_views_count":"2421","_thumbnail_id":"4919","_product_attributes":{"erscheinungsdatum":{"name":"Date de publication","value":"03.01.2017","position":0,"is_visible":1,"is_variation":0,"is_taxonomy":0,"checkout_visible":0}},"_nutrient_ids":[],"_upsell_ids":null,"pswc_subtitle":null,"_default_delivery_time":null,"_wp_desired_post_slug":null,"_isbn":null,"pageType":null,"isExternalUrl":null,"pageId":null,"externalUrl":null,"hideCookieBanner":null,"isTargetBlank":null,"isProviderCurrentWebsite":null,"isEmbeddingOnlyExternalResources":null,"legalBasis":null,"dataProcessingInCountries":null,"dataProcessingInCountriesSpecialTreatments":null,"technicalDefinitions":null,"googleConsentModeConsentTypes":null,"executePriority":null,"executeCodeOptInWhenNoTagManagerConsentIsGiven":null,"executeCodeOptOutWhenNoTagManagerConsentIsGiven":null,"deleteTechnicalDefinitionsAfterOptOut":null,"presetId":null,"presetVersion":null,"provider":null,"providerContactPhone":null,"providerContactEmail":null,"providerContactLink":null,"uniqueName":null,"providerPrivacyPolicyUrl":null,"providerLegalNoticeUrl":null,"codeOptIn":null,"codeOptOut":null,"codeOnPageLoad":null,"language_code":null,"shopengine_template__post_meta__type":null,"shopengine_template__post_meta":null,"shopengine_template__post_meta__edit_with":null,"origin":null,"_enabled":null,"_filters":null,"_layout":null,"_elementor_import_session_id":null,"_wp_trash_meta_status":null,"_wp_trash_meta_time":null,"_edit_lock":"1743596266:2","_elementor_floating_elements_type":null,"_elementor_edit_mode":null,"_elementor_template_type":null,"tc-thumb-fld":{"_thumb_id":4919,"_thumb_type":"thumb"},"_wp_page_template":"default","_elementor_version":null,"_elementor_pro_version":null,"_elementor_page_settings":null,"_elementor_data":null,"_elementor_conditions":null,"_elementor_popup_display_settings":null,"_edit_last":"2","_elementor_template_sub_type":null,"_elementor_controls_usage":null,"_elementor_screenshot":null,"_elementor_css":null,"_elementor_page_assets":[],"_elementor_element_cache":null,"_elementor_screenshot_failed":null,"_elementor_source":null,"_wp_old_date":null,"layout_key":"","post_slider_check_key":"0","_links":{"self":[{"href":"https:\/\/snoeck.de\/fr\/wp-json\/wp\/v2\/product\/3505","targetHints":{"allow":["GET"]}}],"collection":[{"href":"https:\/\/snoeck.de\/fr\/wp-json\/wp\/v2\/product"}],"about":[{"href":"https:\/\/snoeck.de\/fr\/wp-json\/wp\/v2\/types\/product"}],"wp:featuredmedia":[{"embeddable":true,"href":"https:\/\/snoeck.de\/fr\/wp-json\/wp\/v2\/media\/4919"}],"wp:attachment":[{"href":"https:\/\/snoeck.de\/fr\/wp-json\/wp\/v2\/media?parent=3505"}],"wp:term":[{"taxonomy":"product_brand","embeddable":true,"href":"https:\/\/snoeck.de\/fr\/wp-json\/wp\/v2\/product_brand?post=3505"},{"taxonomy":"product_cat","embeddable":true,"href":"https:\/\/snoeck.de\/fr\/wp-json\/wp\/v2\/product_cat?post=3505"},{"taxonomy":"product_tag","embeddable":true,"href":"https:\/\/snoeck.de\/fr\/wp-json\/wp\/v2\/product_tag?post=3505"}],"curies":[{"name":"wp","href":"https:\/\/api.w.org\/{rel}","templated":true}]}}