{"id":3506,"date":"2025-01-31T11:29:47","date_gmt":"2025-01-31T11:29:47","guid":{"rendered":"https:\/\/snoeck.process-vision.de\/shop\/patricia-bucher-schlachtenpanorama\/"},"modified":"2026-04-08T15:37:10","modified_gmt":"2026-04-08T14:37:10","slug":"patricia-bucher-schlachtenpanorama","status":"publish","type":"product","link":"https:\/\/snoeck.de\/fr\/shop\/patricia-bucher-schlachtenpanorama\/","title":{"rendered":"Patricia Bucher : Panorama de la bataille"},"content":{"rendered":"<h3>Visionnaire<\/h3>\n<p>En plus de trois ans, Patricia Bucher a cr\u00e9\u00e9 l'imposant panorama \u00e0 360\u00b0 d'une bataille perp\u00e9tuelle \u00e0 travers les si\u00e8cles. La jeune artiste suisse re\u00e7oit pour cela le prestigieux prix d'art Manor et pr\u00e9sente au Kunstmuseum de Lucerne, dans un b\u00e2timent circulaire d'environ 10 m\u00e8tres de diam\u00e8tre, son \u0153uvre de 30 m\u00e8tres de long et 60 cm de haut, dessin\u00e9e et color\u00e9e sur ordinateur. \u00c0 partir de plus de 2.000 repr\u00e9sentations de la guerre issues de la peinture, du dessin, du reportage, des jeux vid\u00e9o et de la bande dessin\u00e9e, elle a g\u00e9n\u00e9r\u00e9 un tumulte unique qui s'entrechoque et dans lequel s'affrontent, \u00e0 travers les si\u00e8cles, les ethnies, les styles de combat et les armements les plus divers.<br \/>\nLes images panoramiques ont une histoire \u00e0 Lucerne, ville dot\u00e9e d'un mus\u00e9e des beaux-arts devant lequel se dresse le panorama alpin unique du lac des Quatre-Cantons et o\u00f9 le panorama Bourbaki et le diorama du Gornergrat \u00e0 l'Alpineum sont d\u00e9j\u00e0 des attractions actuelles pour les visiteurs. Mais si l'attention y est surtout port\u00e9e sur le paysage, le tableau de Patricia Bucher transforme l'histoire de l'humanit\u00e9 en une histoire perp\u00e9tuelle de conflits arm\u00e9s, dans un mouvement unique et fascinant.<\/p>\n<p>Expositions :<br \/>\nMus\u00e9e d'art de Lucerne, 27\/02 - 01\/05\/2011<br \/>\nGalerie municipale de Waldkraiburg, 26\/9 - 16\/11\/2014<\/p>","protected":false},"excerpt":{"rendered":"<p>Panorama, 60 p. Leporello d'une illustration en couleur de 12 m de long<br \/>\nFormat 23 x 32 cm, couverture rigide avec jaquette imprim\u00e9e transparente<br \/>\ncontient un livret de 48 p. avec 5 illustrations en couleur<br \/>\net une interview (all.\/ang.) de l'artiste par Marcel Ren\u00e9 Marburger<br \/>\nformat 21 x 14 cm, broch\u00e9<\/p>","protected":false},"featured_media":4920,"template":"","meta":[],"product_brand":[],"product_cat":[95],"product_tag":[],"class_list":{"0":"post-3506","1":"product","2":"type-product","3":"status-publish","4":"has-post-thumbnail","6":"product_cat-vergriffen","8":"first","9":"outofstock","10":"taxable","11":"shipping-taxable","12":"product-type-simple"},"aioseo_notices":[],"_wp_attached_file":null,"_wp_attachment_metadata":null,"_wc_attachment_source":null,"_elementor_inline_svg":null,"_elementor_is_screenshot":null,"_elementor_source_image_hash":null,"_source_url":null,"_wp_attachment_context":null,"_menu_item_type":null,"_menu_item_menu_item_parent":null,"_menu_item_object_id":null,"_menu_item_object":null,"_menu_item_target":null,"_menu_item_classes":null,"_menu_item_xfn":null,"_menu_item_url":null,"__elementor_forms_snapshot":null,"_unit":"","_unit_base":"","_unit_product":"","_unit_price_auto":"no","_unit_price_regular":"","_unit_price":"","_unit_price_sale":"","_sale_price_label":"","_sale_price_regular_label":"","_manufacturer_slug":"","_mini_desc":"","_defect_description":"","_safety_instructions":"","_allergen_ids":[],"_warranty_attachment_id":"","_safety_attachment_ids":[],"_min_age":"","_ts_gtin":"","_ts_mpn":"","_delivery_time_countries":[],"_free_shipping":"no","_service":"no","_photovoltaic_system":"no","_used_good":"no","_defective_copy":"no","_wireless_electronic_device":"no","_device_contains_power_supply":"no","_device_charging_supports_usb_pd":"no","_device_charging_watt_min":"0","_device_charging_watt_max":"0","_is_food":"no","_differential_taxation":"no","_gzd_version":"3.18.7","_hs_code":"","_customs_description":"","_manufacture_country":"0","_is_non_returnable":"no","_shipping_length":"","_shipping_width":"","_shipping_height":"","_sku":"ISBN 978-3-940953-74-2","_global_unique_id":"978-3-940953-74-2","_regular_price":null,"total_sales":"0","_tax_status":"taxable","_tax_class":"","_manage_stock":"no","_backorders":"no","_sold_individually":"no","_weight":"2","_virtual":"no","_downloadable":"no","_download_limit":"-1","_download_expiry":"-1","_stock":"","_stock_status":"outofstock","_wc_average_rating":"0","_wc_review_count":"0","_product_version":"10.1.4","_price":"","shopengine_product_views_count":"3375","_thumbnail_id":"4920","_product_attributes":{"erscheinungsdatum":{"name":"Date de publication","value":"27.02.2011","position":0,"is_visible":1,"is_variation":0,"is_taxonomy":0,"checkout_visible":0}},"_nutrient_ids":[],"_upsell_ids":null,"pswc_subtitle":null,"_default_delivery_time":null,"_wp_desired_post_slug":null,"_isbn":null,"pageType":null,"isExternalUrl":null,"pageId":null,"externalUrl":null,"hideCookieBanner":null,"isTargetBlank":null,"isProviderCurrentWebsite":null,"isEmbeddingOnlyExternalResources":null,"legalBasis":null,"dataProcessingInCountries":null,"dataProcessingInCountriesSpecialTreatments":null,"technicalDefinitions":null,"googleConsentModeConsentTypes":null,"executePriority":null,"executeCodeOptInWhenNoTagManagerConsentIsGiven":null,"executeCodeOptOutWhenNoTagManagerConsentIsGiven":null,"deleteTechnicalDefinitionsAfterOptOut":null,"presetId":null,"presetVersion":null,"provider":null,"providerContactPhone":null,"providerContactEmail":null,"providerContactLink":null,"uniqueName":null,"providerPrivacyPolicyUrl":null,"providerLegalNoticeUrl":null,"codeOptIn":null,"codeOptOut":null,"codeOnPageLoad":null,"language_code":null,"shopengine_template__post_meta__type":null,"shopengine_template__post_meta":null,"shopengine_template__post_meta__edit_with":null,"origin":null,"_enabled":null,"_filters":null,"_layout":null,"_elementor_import_session_id":null,"_wp_trash_meta_status":null,"_wp_trash_meta_time":null,"_edit_lock":"1743596071:2","_elementor_floating_elements_type":null,"_elementor_edit_mode":null,"_elementor_template_type":null,"tc-thumb-fld":{"_thumb_id":4920,"_thumb_type":"thumb"},"_wp_page_template":"default","_elementor_version":null,"_elementor_pro_version":null,"_elementor_page_settings":null,"_elementor_data":null,"_elementor_conditions":null,"_elementor_popup_display_settings":null,"_edit_last":"2","_elementor_template_sub_type":null,"_elementor_controls_usage":null,"_elementor_screenshot":null,"_elementor_css":null,"_elementor_page_assets":[],"_elementor_element_cache":null,"_elementor_screenshot_failed":null,"_elementor_source":null,"_wp_old_date":null,"layout_key":"","post_slider_check_key":"0","_links":{"self":[{"href":"https:\/\/snoeck.de\/fr\/wp-json\/wp\/v2\/product\/3506","targetHints":{"allow":["GET"]}}],"collection":[{"href":"https:\/\/snoeck.de\/fr\/wp-json\/wp\/v2\/product"}],"about":[{"href":"https:\/\/snoeck.de\/fr\/wp-json\/wp\/v2\/types\/product"}],"wp:featuredmedia":[{"embeddable":true,"href":"https:\/\/snoeck.de\/fr\/wp-json\/wp\/v2\/media\/4920"}],"wp:attachment":[{"href":"https:\/\/snoeck.de\/fr\/wp-json\/wp\/v2\/media?parent=3506"}],"wp:term":[{"taxonomy":"product_brand","embeddable":true,"href":"https:\/\/snoeck.de\/fr\/wp-json\/wp\/v2\/product_brand?post=3506"},{"taxonomy":"product_cat","embeddable":true,"href":"https:\/\/snoeck.de\/fr\/wp-json\/wp\/v2\/product_cat?post=3506"},{"taxonomy":"product_tag","embeddable":true,"href":"https:\/\/snoeck.de\/fr\/wp-json\/wp\/v2\/product_tag?post=3506"}],"curies":[{"name":"wp","href":"https:\/\/api.w.org\/{rel}","templated":true}]}}