{"id":3507,"date":"2025-01-31T11:29:47","date_gmt":"2025-01-31T11:29:47","guid":{"rendered":"https:\/\/snoeck.process-vision.de\/shop\/tobias-buckel\/"},"modified":"2025-04-02T12:13:55","modified_gmt":"2025-04-02T12:13:55","slug":"tobias-buckel","status":"publish","type":"product","link":"https:\/\/snoeck.de\/fr\/shop\/tobias-buckel\/","title":{"rendered":"Tobias Buckel"},"content":{"rendered":"<h3>Peinture lente<\/h3>\n<p>Tobias Buckel est un peintre critique envers les images. Il se m\u00e9fie de la communication visuelle des m\u00e9dias de masse, dont les images \u00e9veillent des d\u00e9sirs insatiables. En m\u00eame temps, il s'oppose \u00e0 l'acc\u00e9l\u00e9ration g\u00e9n\u00e9rale de notre pr\u00e9sent, que Paul Virilio qualifiait d\u00e9j\u00e0 en 1990, de mani\u00e8re aussi critique que distanci\u00e9e, d'\"arr\u00eat fr\u00e9n\u00e9tique\". Tobias Buckel parvient \u00e0 des solutions attrayantes gr\u00e2ce \u00e0 la lenteur explicite de sa peinture. Ses peintures sont un plaidoyer pour un travail pers\u00e9v\u00e9rant et proc\u00e9dural : \"Pour moi, la peinture s'oppose \u00e0 la consommation rapide. C'est un m\u00e9dia 'lent' qui peut r\u00e9ussir \u00e0 ouvrir des br\u00e8ches dans nos habitudes visuelles. M\u00eame si les d\u00e9cisions importantes sont souvent prises intuitivement dans l'atelier, elles le sont consciemment - elles sont r\u00e9fl\u00e9chies et \u00e9valu\u00e9es, elles ne sont donc pas le fruit du hasard. Et m\u00eame l'image finale, dans laquelle toutes les d\u00e9cisions sont prises en un instant, exige ensuite du temps et de l'attention de la part de l'observateur, afin de classer et d'\u00e9valuer ce qui est repr\u00e9sent\u00e9\". En fin de compte, les espaces peints de Tobias Buckel ne sont pas des espaces r\u00e9els, ils ne poss\u00e8dent pas de volume et ne sont pas soumis aux lois de la perspective ou de la gravit\u00e9 - les certitudes optiques n'existent pas en eux. Ses tableaux mettent en sc\u00e8ne des mod\u00e8les d\u00e9j\u00e0 mis en sc\u00e8ne, il construit des espaces, des pr\u00e9sentoirs et des paysages \u00e0 partir de lieux mis en sc\u00e8ne. Ces constructions demeurent dans un \u00e9tat de suspension fragile, un \u00e9quilibre entre figuration et abstraction, description et hasard, ach\u00e8vement et inach\u00e8vement. Les contraires ne s'opposent pas, mais se c\u00f4toient.<\/p>","protected":false},"excerpt":{"rendered":"<p>Textes (all.\/ang.) de Harriet Zilch, Rasmus Nilausen<br \/>\n200 p., double \u00e9paisseur non coup\u00e9 en t\u00eate, avec 80 illustrations en couleur<br \/>\nformat 21,5 x 15,5 cm, couverture souple avec jaquette<\/p>","protected":false},"featured_media":4921,"template":"","meta":[],"product_brand":[],"product_cat":[84,59],"product_tag":[],"class_list":{"0":"post-3507","1":"product","2":"type-product","3":"status-publish","4":"has-post-thumbnail","6":"product_cat-84","7":"product_cat-b","9":"first","10":"instock","11":"taxable","12":"shipping-taxable","13":"purchasable","14":"product-type-simple"},"aioseo_notices":[],"_wp_attached_file":null,"_wp_attachment_metadata":null,"_wc_attachment_source":null,"_elementor_inline_svg":null,"_elementor_is_screenshot":null,"_elementor_source_image_hash":null,"_source_url":null,"_wp_attachment_context":null,"_menu_item_type":null,"_menu_item_menu_item_parent":null,"_menu_item_object_id":null,"_menu_item_object":null,"_menu_item_target":null,"_menu_item_classes":null,"_menu_item_xfn":null,"_menu_item_url":null,"__elementor_forms_snapshot":null,"_unit":"","_unit_base":"","_unit_product":"","_unit_price_auto":"no","_unit_price_regular":"","_unit_price":"","_unit_price_sale":"","_sale_price_label":"","_sale_price_regular_label":"","_manufacturer_slug":"","_mini_desc":"","_defect_description":"","_safety_instructions":"","_allergen_ids":[],"_warranty_attachment_id":"","_safety_attachment_ids":[],"_min_age":"","_ts_gtin":"","_ts_mpn":"","_delivery_time_countries":[],"_free_shipping":"no","_service":"no","_photovoltaic_system":"no","_used_good":"no","_defective_copy":"no","_wireless_electronic_device":"no","_device_contains_power_supply":"no","_device_charging_supports_usb_pd":"no","_device_charging_watt_min":"0","_device_charging_watt_max":"0","_is_food":"no","_differential_taxation":"no","_gzd_version":"3.18.7","_hs_code":"","_customs_description":"","_manufacture_country":"0","_is_non_returnable":"no","_shipping_length":"","_shipping_width":"","_shipping_height":"","_sku":"ISBN 978-3-86442-313-0","_global_unique_id":"978-3-86442-313-0","_regular_price":"29.8","total_sales":"0","_tax_status":"taxable","_tax_class":"","_manage_stock":"no","_backorders":"no","_sold_individually":"no","_weight":"1","_virtual":"no","_downloadable":"no","_download_limit":"-1","_download_expiry":"-1","_stock":"","_stock_status":"instock","_wc_average_rating":"0","_wc_review_count":"0","_product_version":"9.7.1","_price":"29.8","shopengine_product_views_count":"2758","_thumbnail_id":"4921","_product_attributes":{"erscheinungsdatum":{"name":"Date de publication","value":"02.03.2020","position":0,"is_visible":1,"is_variation":0,"is_taxonomy":0,"checkout_visible":0}},"_nutrient_ids":[],"_upsell_ids":null,"pswc_subtitle":null,"_default_delivery_time":null,"_wp_desired_post_slug":null,"_isbn":null,"pageType":null,"isExternalUrl":null,"pageId":null,"externalUrl":null,"hideCookieBanner":null,"isTargetBlank":null,"isProviderCurrentWebsite":null,"isEmbeddingOnlyExternalResources":null,"legalBasis":null,"dataProcessingInCountries":null,"dataProcessingInCountriesSpecialTreatments":null,"technicalDefinitions":null,"googleConsentModeConsentTypes":null,"executePriority":null,"executeCodeOptInWhenNoTagManagerConsentIsGiven":null,"executeCodeOptOutWhenNoTagManagerConsentIsGiven":null,"deleteTechnicalDefinitionsAfterOptOut":null,"presetId":null,"presetVersion":null,"provider":null,"providerContactPhone":null,"providerContactEmail":null,"providerContactLink":null,"uniqueName":null,"providerPrivacyPolicyUrl":null,"providerLegalNoticeUrl":null,"codeOptIn":null,"codeOptOut":null,"codeOnPageLoad":null,"language_code":null,"shopengine_template__post_meta__type":null,"shopengine_template__post_meta":null,"shopengine_template__post_meta__edit_with":null,"origin":null,"_enabled":null,"_filters":null,"_layout":null,"_elementor_import_session_id":null,"_wp_trash_meta_status":null,"_wp_trash_meta_time":null,"_edit_lock":"1743595895:2","_elementor_floating_elements_type":null,"_elementor_edit_mode":null,"_elementor_template_type":null,"tc-thumb-fld":{"_thumb_id":4921,"_thumb_type":"thumb"},"_wp_page_template":"default","_elementor_version":null,"_elementor_pro_version":null,"_elementor_page_settings":null,"_elementor_data":null,"_elementor_conditions":null,"_elementor_popup_display_settings":null,"_edit_last":"2","_elementor_template_sub_type":null,"_elementor_controls_usage":null,"_elementor_screenshot":null,"_elementor_css":null,"_elementor_page_assets":[],"_elementor_element_cache":null,"_elementor_screenshot_failed":null,"_elementor_source":null,"_wp_old_date":null,"layout_key":"","post_slider_check_key":"0","_links":{"self":[{"href":"https:\/\/snoeck.de\/fr\/wp-json\/wp\/v2\/product\/3507","targetHints":{"allow":["GET"]}}],"collection":[{"href":"https:\/\/snoeck.de\/fr\/wp-json\/wp\/v2\/product"}],"about":[{"href":"https:\/\/snoeck.de\/fr\/wp-json\/wp\/v2\/types\/product"}],"wp:featuredmedia":[{"embeddable":true,"href":"https:\/\/snoeck.de\/fr\/wp-json\/wp\/v2\/media\/4921"}],"wp:attachment":[{"href":"https:\/\/snoeck.de\/fr\/wp-json\/wp\/v2\/media?parent=3507"}],"wp:term":[{"taxonomy":"product_brand","embeddable":true,"href":"https:\/\/snoeck.de\/fr\/wp-json\/wp\/v2\/product_brand?post=3507"},{"taxonomy":"product_cat","embeddable":true,"href":"https:\/\/snoeck.de\/fr\/wp-json\/wp\/v2\/product_cat?post=3507"},{"taxonomy":"product_tag","embeddable":true,"href":"https:\/\/snoeck.de\/fr\/wp-json\/wp\/v2\/product_tag?post=3507"}],"curies":[{"name":"wp","href":"https:\/\/api.w.org\/{rel}","templated":true}]}}