{"id":3508,"date":"2025-01-31T11:29:48","date_gmt":"2025-01-31T11:29:48","guid":{"rendered":"https:\/\/snoeck.process-vision.de\/shop\/hubertus-butin-gerhard-richter-unikate-in-serie\/"},"modified":"2025-10-13T10:02:57","modified_gmt":"2025-10-13T08:02:57","slug":"hubertus-butin-gerhard-richter-unikate-in-serie","status":"publish","type":"product","link":"https:\/\/snoeck.de\/fr\/shop\/hubertus-butin-gerhard-richter-unikate-in-serie\/","title":{"rendered":"Hubertus Butin : Gerhard Richter - Pi\u00e8ces uniques en s\u00e9rie"},"content":{"rendered":"<h3>Les pi\u00e8ces uniques de Gerhard Richter en s\u00e9rie<\/h3>\n<p>La formulation \"pi\u00e8ces uniques en s\u00e9rie\" semble \u00e0 premi\u00e8re vue contradictoire en soi. En effet, comment une chose qui ne doit exister qu'une seule fois peut-elle exister plusieurs fois ? Pourtant, certaines des \u0153uvres \u00e9dit\u00e9es de Gerhard Richter incarnent ce principe particulier de l'unicit\u00e9 en s\u00e9rie. Dans des \u00e9ditions de peintures, des travaux photographiques, des gravures, des dessins et des multiples, Richter a d\u00e9velopp\u00e9 la possibilit\u00e9 de varier l'apparence de certains exemplaires dans le cadre d'un mode de production \u00e0 chaque fois identique. L'ensemble du tirage d'une \u00e9dition se compose ainsi de variantes uniques, dont la diff\u00e9rence est intentionnelle. Aucun autre artiste n'a fait de ce concept cr\u00e9atif une m\u00e9thode fondamentale de son art de mani\u00e8re aussi fascinante et vari\u00e9e. Le livre para\u00eetra le 7 avril 2017 \u00e0 l'occasion de l'exposition \"Gerhard Richter. Die Editions\" au mus\u00e9e Folkwang \u00e0 Essen.<\/p>\n<p>Exposition :<br \/>\n\"Gerhard Richter. Les \u00e9ditions\", Mus\u00e9e Folkwang Essen, 7\/4 - 30\/7\/2017<\/p>","protected":false},"excerpt":{"rendered":"<p>\u00c9dit\u00e9 par Thomas Olbricht<br \/>\nTexte (all.\/ang.) de Hubertus Butin<br \/>\n168 p. avec 82 illustrations en couleur<br \/>\nFormat 24 x 16,5 cm, reliure en toile gaufr\u00e9e avec jaquette<\/p>","protected":false},"featured_media":4922,"template":"","meta":[],"product_brand":[],"product_cat":[75,78,95],"product_tag":[],"class_list":{"0":"post-3508","1":"product","2":"type-product","3":"status-publish","4":"has-post-thumbnail","6":"product_cat-r","7":"product_cat-u","8":"product_cat-vergriffen","10":"first","11":"outofstock","12":"taxable","13":"shipping-taxable","14":"product-type-simple"},"aioseo_notices":[],"_wp_attached_file":null,"_wp_attachment_metadata":null,"_wc_attachment_source":null,"_elementor_inline_svg":null,"_elementor_is_screenshot":null,"_elementor_source_image_hash":null,"_source_url":null,"_wp_attachment_context":null,"_menu_item_type":null,"_menu_item_menu_item_parent":null,"_menu_item_object_id":null,"_menu_item_object":null,"_menu_item_target":null,"_menu_item_classes":null,"_menu_item_xfn":null,"_menu_item_url":null,"__elementor_forms_snapshot":null,"_unit":"","_unit_base":"","_unit_product":"","_unit_price_auto":"no","_unit_price_regular":"","_unit_price":"","_unit_price_sale":"","_sale_price_label":"","_sale_price_regular_label":"","_manufacturer_slug":"","_mini_desc":"","_defect_description":"","_safety_instructions":"","_allergen_ids":[],"_warranty_attachment_id":"","_safety_attachment_ids":[],"_min_age":"","_ts_gtin":"","_ts_mpn":"","_delivery_time_countries":[],"_free_shipping":"no","_service":"no","_photovoltaic_system":"no","_used_good":"no","_defective_copy":"no","_wireless_electronic_device":"no","_device_contains_power_supply":"no","_device_charging_supports_usb_pd":"no","_device_charging_watt_min":"0","_device_charging_watt_max":"0","_is_food":"no","_differential_taxation":"no","_gzd_version":"3.18.7","_hs_code":"","_customs_description":"","_manufacture_country":"0","_is_non_returnable":"no","_shipping_length":"","_shipping_width":"","_shipping_height":"","_sku":"ISBN 978-3-86442-200-3","_global_unique_id":"978-3-86442-200-3","_regular_price":null,"total_sales":"0","_tax_status":"taxable","_tax_class":"","_manage_stock":"no","_backorders":"no","_sold_individually":"no","_weight":"1","_virtual":"no","_downloadable":"no","_download_limit":"-1","_download_expiry":"-1","_stock":"","_stock_status":"outofstock","_wc_average_rating":"0","_wc_review_count":"0","_product_version":"10.1.0","_price":"","shopengine_product_views_count":"3288","_thumbnail_id":"4922","_product_attributes":{"erscheinungsdatum":{"name":"Date de publication","value":"03.04.2017","position":0,"is_visible":1,"is_variation":0,"is_taxonomy":0,"checkout_visible":0}},"_nutrient_ids":[],"_upsell_ids":null,"pswc_subtitle":null,"_default_delivery_time":"","_wp_desired_post_slug":null,"_isbn":null,"pageType":null,"isExternalUrl":null,"pageId":null,"externalUrl":null,"hideCookieBanner":null,"isTargetBlank":null,"isProviderCurrentWebsite":null,"isEmbeddingOnlyExternalResources":null,"legalBasis":null,"dataProcessingInCountries":null,"dataProcessingInCountriesSpecialTreatments":null,"technicalDefinitions":null,"googleConsentModeConsentTypes":null,"executePriority":null,"executeCodeOptInWhenNoTagManagerConsentIsGiven":null,"executeCodeOptOutWhenNoTagManagerConsentIsGiven":null,"deleteTechnicalDefinitionsAfterOptOut":null,"presetId":null,"presetVersion":null,"provider":null,"providerContactPhone":null,"providerContactEmail":null,"providerContactLink":null,"uniqueName":null,"providerPrivacyPolicyUrl":null,"providerLegalNoticeUrl":null,"codeOptIn":null,"codeOptOut":null,"codeOnPageLoad":null,"language_code":null,"shopengine_template__post_meta__type":null,"shopengine_template__post_meta":null,"shopengine_template__post_meta__edit_with":null,"origin":null,"_enabled":null,"_filters":null,"_layout":null,"_elementor_import_session_id":null,"_wp_trash_meta_status":null,"_wp_trash_meta_time":null,"_edit_lock":"1760342577:1","_elementor_floating_elements_type":null,"_elementor_edit_mode":null,"_elementor_template_type":null,"tc-thumb-fld":{"_thumb_id":4922,"_thumb_type":"thumb"},"_wp_page_template":"default","_elementor_version":null,"_elementor_pro_version":null,"_elementor_page_settings":null,"_elementor_data":null,"_elementor_conditions":null,"_elementor_popup_display_settings":null,"_edit_last":"1","_elementor_template_sub_type":null,"_elementor_controls_usage":null,"_elementor_screenshot":null,"_elementor_css":null,"_elementor_page_assets":[],"_elementor_element_cache":null,"_elementor_screenshot_failed":null,"_elementor_source":null,"_wp_old_date":null,"layout_key":"","post_slider_check_key":"0","_links":{"self":[{"href":"https:\/\/snoeck.de\/fr\/wp-json\/wp\/v2\/product\/3508","targetHints":{"allow":["GET"]}}],"collection":[{"href":"https:\/\/snoeck.de\/fr\/wp-json\/wp\/v2\/product"}],"about":[{"href":"https:\/\/snoeck.de\/fr\/wp-json\/wp\/v2\/types\/product"}],"wp:featuredmedia":[{"embeddable":true,"href":"https:\/\/snoeck.de\/fr\/wp-json\/wp\/v2\/media\/4922"}],"wp:attachment":[{"href":"https:\/\/snoeck.de\/fr\/wp-json\/wp\/v2\/media?parent=3508"}],"wp:term":[{"taxonomy":"product_brand","embeddable":true,"href":"https:\/\/snoeck.de\/fr\/wp-json\/wp\/v2\/product_brand?post=3508"},{"taxonomy":"product_cat","embeddable":true,"href":"https:\/\/snoeck.de\/fr\/wp-json\/wp\/v2\/product_cat?post=3508"},{"taxonomy":"product_tag","embeddable":true,"href":"https:\/\/snoeck.de\/fr\/wp-json\/wp\/v2\/product_tag?post=3508"}],"curies":[{"name":"wp","href":"https:\/\/api.w.org\/{rel}","templated":true}]}}