{"id":3509,"date":"2025-01-31T11:29:48","date_gmt":"2025-01-31T11:29:48","guid":{"rendered":"https:\/\/snoeck.process-vision.de\/shop\/werner-buettner-undichte-schluesselloecher\/"},"modified":"2025-04-02T12:09:45","modified_gmt":"2025-04-02T12:09:45","slug":"werner-buettner-undichte-schluesselloecher","status":"publish","type":"product","link":"https:\/\/snoeck.de\/fr\/shop\/werner-buettner-undichte-schluesselloecher\/","title":{"rendered":"Werner B\u00fcttner : Des trous de serrure qui fuient"},"content":{"rendered":"<h3>L'univers pictural de Werner B\u00fcttner est-il devenu plus dr\u00f4le, plus color\u00e9 ?<\/h3>\n<p>Ou doit-on consid\u00e9rer, en suivant les observations de Kristian Vistrup Madsen, qu'elles sont toujours aussi sombres et oppressantes ? C'est certainement le cas pour une \u0153uvre comme \"Br\u00fcder (Kain + Abel)\" (Fr\u00e8res (Ca\u00efn + Abel)) de 1983, mais ce n'est plus le cas pour les \u0153uvres les plus r\u00e9centes. Ici, une bonne dose de m\u00e9lancolie ironique et de moquerie corrosive se m\u00eale au chant amer du no future des protagonistes des ann\u00e9es 1980. L'utilisation de la palette de couleurs a \u00e9galement \u00e9volu\u00e9, le ton terreux c\u00e9dant la place \u00e0 une certaine signal\u00e9tique, sans pour autant que les rapports de parent\u00e9 avec les travaux ant\u00e9rieurs soient rompus. Mais qu'est-ce qui a conduit \u00e0 un tel adoucissement m\u00e9lancolique de la vision du monde ? Est-ce une cons\u00e9quence g\u00e9n\u00e9rale du vieillissement ? Ou est-elle due \u00e0 la conscience plus sp\u00e9cifique d'\u00eatre d\u00e9sormais trop vieux pour ne pas vouloir devenir comme les vieux (dans les ann\u00e9es 1980) ? Ou tout cela est-il d\u00fb \u00e0 la constatation plut\u00f4t simple que \"tout est soluble dans l'alcool\", comme Rainald Goetz le fait dire \u00e0 son protagoniste Raspe dans son roman \"Irre\" de 1983 ? Celui-ci y ajoutait d'ailleurs la r\u00e9flexion suivante, qui s'inspire de Nietzsche (\"Deviens ce que tu es\") et d'un slogan publicitaire de l'\u00e9poque (\"Tu peux rester comme tu es !\") : \"Je ne veux pas devenir ce que je suis !\" Une lumi\u00e8re s'allume alors, que Kristian Vistrup Madsen voit bien s\u00fbr aussi briller : La connaissance de soi \u00e9clipse tout, mais ne peut gu\u00e8re emp\u00eacher que la folie et la confusion continuent \u00e0 jouer leur jeu avec nous.<\/p>\n<p>Exposition :<br \/>\nCFA Contemporary Fine Arts Berlin, 30\/7 - 29\/8\/2020<\/p>","protected":false},"excerpt":{"rendered":"<p>Catalogue d'exposition, Contemporary Fine Arts CFA Berlin, \u00e9d. Bruno Brunnet et Nicole Hackert<br \/>\nTextes (all.\/ang.) de Jesi Khadivi, Kristian Vistrup Madsen, Zdenek Felix<br \/>\n64 p. avec 30 illustrations en couleur<br \/>\nformat 28 x 20 cm, broch\u00e9<\/p>","protected":false},"featured_media":4923,"template":"","meta":[],"product_brand":[],"product_cat":[84,59],"product_tag":[],"class_list":{"0":"post-3509","1":"product","2":"type-product","3":"status-publish","4":"has-post-thumbnail","6":"product_cat-84","7":"product_cat-b","9":"first","10":"instock","11":"taxable","12":"shipping-taxable","13":"purchasable","14":"product-type-simple"},"aioseo_notices":[],"_wp_attached_file":null,"_wp_attachment_metadata":null,"_wc_attachment_source":null,"_elementor_inline_svg":null,"_elementor_is_screenshot":null,"_elementor_source_image_hash":null,"_source_url":null,"_wp_attachment_context":null,"_menu_item_type":null,"_menu_item_menu_item_parent":null,"_menu_item_object_id":null,"_menu_item_object":null,"_menu_item_target":null,"_menu_item_classes":null,"_menu_item_xfn":null,"_menu_item_url":null,"__elementor_forms_snapshot":null,"_unit":"","_unit_base":"","_unit_product":"","_unit_price_auto":"no","_unit_price_regular":"","_unit_price":"","_unit_price_sale":"","_sale_price_label":"","_sale_price_regular_label":"","_manufacturer_slug":"","_mini_desc":"","_defect_description":"","_safety_instructions":"","_allergen_ids":[],"_warranty_attachment_id":"","_safety_attachment_ids":[],"_min_age":"","_ts_gtin":"","_ts_mpn":"","_delivery_time_countries":[],"_free_shipping":"no","_service":"no","_photovoltaic_system":"no","_used_good":"no","_defective_copy":"no","_wireless_electronic_device":"no","_device_contains_power_supply":"no","_device_charging_supports_usb_pd":"no","_device_charging_watt_min":"0","_device_charging_watt_max":"0","_is_food":"no","_differential_taxation":"no","_gzd_version":"3.18.7","_hs_code":"","_customs_description":"","_manufacture_country":"0","_is_non_returnable":"no","_shipping_length":"","_shipping_width":"","_shipping_height":"","_sku":"ISBN 978-3-86442-328-4","_global_unique_id":"978-3-86442-328-4","_regular_price":"24.8","total_sales":"0","_tax_status":"taxable","_tax_class":"","_manage_stock":"no","_backorders":"no","_sold_individually":"no","_weight":"1","_virtual":"no","_downloadable":"no","_download_limit":"-1","_download_expiry":"-1","_stock":"","_stock_status":"instock","_wc_average_rating":"0","_wc_review_count":"0","_product_version":"9.7.1","_price":"24.8","shopengine_product_views_count":"2809","_thumbnail_id":"4923","_product_attributes":{"erscheinungsdatum":{"name":"Date de publication","value":"30.07.2020","position":0,"is_visible":1,"is_variation":0,"is_taxonomy":0,"checkout_visible":0}},"_nutrient_ids":[],"_upsell_ids":null,"pswc_subtitle":null,"_default_delivery_time":null,"_wp_desired_post_slug":null,"_isbn":null,"pageType":null,"isExternalUrl":null,"pageId":null,"externalUrl":null,"hideCookieBanner":null,"isTargetBlank":null,"isProviderCurrentWebsite":null,"isEmbeddingOnlyExternalResources":null,"legalBasis":null,"dataProcessingInCountries":null,"dataProcessingInCountriesSpecialTreatments":null,"technicalDefinitions":null,"googleConsentModeConsentTypes":null,"executePriority":null,"executeCodeOptInWhenNoTagManagerConsentIsGiven":null,"executeCodeOptOutWhenNoTagManagerConsentIsGiven":null,"deleteTechnicalDefinitionsAfterOptOut":null,"presetId":null,"presetVersion":null,"provider":null,"providerContactPhone":null,"providerContactEmail":null,"providerContactLink":null,"uniqueName":null,"providerPrivacyPolicyUrl":null,"providerLegalNoticeUrl":null,"codeOptIn":null,"codeOptOut":null,"codeOnPageLoad":null,"language_code":null,"shopengine_template__post_meta__type":null,"shopengine_template__post_meta":null,"shopengine_template__post_meta__edit_with":null,"origin":null,"_enabled":null,"_filters":null,"_layout":null,"_elementor_import_session_id":null,"_wp_trash_meta_status":null,"_wp_trash_meta_time":null,"_edit_lock":"1743595809:2","_elementor_floating_elements_type":null,"_elementor_edit_mode":null,"_elementor_template_type":null,"tc-thumb-fld":{"_thumb_id":4923,"_thumb_type":"thumb"},"_wp_page_template":"default","_elementor_version":null,"_elementor_pro_version":null,"_elementor_page_settings":null,"_elementor_data":null,"_elementor_conditions":null,"_elementor_popup_display_settings":null,"_edit_last":"2","_elementor_template_sub_type":null,"_elementor_controls_usage":null,"_elementor_screenshot":null,"_elementor_css":null,"_elementor_page_assets":[],"_elementor_element_cache":null,"_elementor_screenshot_failed":null,"_elementor_source":null,"_wp_old_date":null,"layout_key":"","post_slider_check_key":"0","_links":{"self":[{"href":"https:\/\/snoeck.de\/fr\/wp-json\/wp\/v2\/product\/3509","targetHints":{"allow":["GET"]}}],"collection":[{"href":"https:\/\/snoeck.de\/fr\/wp-json\/wp\/v2\/product"}],"about":[{"href":"https:\/\/snoeck.de\/fr\/wp-json\/wp\/v2\/types\/product"}],"wp:featuredmedia":[{"embeddable":true,"href":"https:\/\/snoeck.de\/fr\/wp-json\/wp\/v2\/media\/4923"}],"wp:attachment":[{"href":"https:\/\/snoeck.de\/fr\/wp-json\/wp\/v2\/media?parent=3509"}],"wp:term":[{"taxonomy":"product_brand","embeddable":true,"href":"https:\/\/snoeck.de\/fr\/wp-json\/wp\/v2\/product_brand?post=3509"},{"taxonomy":"product_cat","embeddable":true,"href":"https:\/\/snoeck.de\/fr\/wp-json\/wp\/v2\/product_cat?post=3509"},{"taxonomy":"product_tag","embeddable":true,"href":"https:\/\/snoeck.de\/fr\/wp-json\/wp\/v2\/product_tag?post=3509"}],"curies":[{"name":"wp","href":"https:\/\/api.w.org\/{rel}","templated":true}]}}