{"id":3511,"date":"2025-01-31T11:29:50","date_gmt":"2025-01-31T11:29:50","guid":{"rendered":"https:\/\/snoeck.process-vision.de\/shop\/borden-capalino-works-2013-2015\/"},"modified":"2025-04-02T11:44:55","modified_gmt":"2025-04-02T11:44:55","slug":"borden-capalino-works-2013-2015","status":"publish","type":"product","link":"https:\/\/snoeck.de\/fr\/shop\/borden-capalino-works-2013-2015\/","title":{"rendered":"Borden Capalino : \u0152uvres 2013-2015"},"content":{"rendered":"<h3>Bien s\u00fbr qu'on tombe sur des trucs bizarres !<\/h3>\n<p>Le travail de Borden Capalino, qui pourrait \u00e9galement \u00eatre d\u00e9crit comme une sorte de surr\u00e9alisme m\u00e9dico-l\u00e9gal, d\u00e9bute par un processus de collecte : il rassemble, trie et archive des images provenant du site Internet craigslist.com. Il s\u00e9lectionne ensuite des images selon des crit\u00e8res formels, qu'il modifie, d\u00e9coupe et recompose en les collant sur la toile. Capalino applique en outre les mat\u00e9riaux les plus divers, en \u00e9vitant sciemment les magasins de fournitures pour artistes, car il trouve son mat\u00e9riel au supermarch\u00e9, dans les magasins d'articles m\u00e9nagers, les pharmacies et les magasins de petits animaux. Il en r\u00e9sulte une combinaison troublante de photographie et de sculpture : l'artiste retire des parties des photos, mais les compl\u00e8te en contrepartie avec des mat\u00e9riaux tels que du goudron, du caf\u00e9, de l'iode, de la nourriture s\u00e9ch\u00e9e ou des vers, qu'il dispose clairement de mani\u00e8re sym\u00e9trique. En fin de compte, il forme une sorte d'arch\u00e9ologie d\u00e9corative, comme s'il voulait faire danser des surfaces mortes.<\/p>\n<p>Exposition :<br \/>\nCFA Contemporary Fine Arts, Berlin, 4\/10 - 8\/11\/2014<\/p>","protected":false},"excerpt":{"rendered":"<p>Catalogue d'exposition, CFA Contemporary Fine Arts CFA Berlin, \u00e9d. Bruno Brunnet et Nicole Hackert<br \/>\nInterview (all.\/ang.) de Frances Perkins avec Borden Capalino<br \/>\n64 p. avec 45 illustrations en couleur<br \/>\nFormat 32,5 x 23,5 cm, couverture rigide<\/p>","protected":false},"featured_media":4925,"template":"","meta":[],"product_brand":[],"product_cat":[102,60],"product_tag":[],"class_list":{"0":"post-3511","1":"product","2":"type-product","3":"status-publish","4":"has-post-thumbnail","6":"product_cat-102","7":"product_cat-c","9":"first","10":"instock","11":"taxable","12":"shipping-taxable","13":"purchasable","14":"product-type-simple"},"aioseo_notices":[],"_wp_attached_file":null,"_wp_attachment_metadata":null,"_wc_attachment_source":null,"_elementor_inline_svg":null,"_elementor_is_screenshot":null,"_elementor_source_image_hash":null,"_source_url":null,"_wp_attachment_context":null,"_menu_item_type":null,"_menu_item_menu_item_parent":null,"_menu_item_object_id":null,"_menu_item_object":null,"_menu_item_target":null,"_menu_item_classes":null,"_menu_item_xfn":null,"_menu_item_url":null,"__elementor_forms_snapshot":null,"_unit":"","_unit_base":"","_unit_product":"","_unit_price_auto":"no","_unit_price_regular":"","_unit_price":"","_unit_price_sale":"","_sale_price_label":"","_sale_price_regular_label":"","_manufacturer_slug":"","_mini_desc":"","_defect_description":"","_safety_instructions":"","_allergen_ids":[],"_warranty_attachment_id":"","_safety_attachment_ids":[],"_min_age":"","_ts_gtin":"","_ts_mpn":"","_delivery_time_countries":[],"_free_shipping":"no","_service":"no","_photovoltaic_system":"no","_used_good":"no","_defective_copy":"no","_wireless_electronic_device":"no","_device_contains_power_supply":"no","_device_charging_supports_usb_pd":"no","_device_charging_watt_min":"0","_device_charging_watt_max":"0","_is_food":"no","_differential_taxation":"no","_gzd_version":"3.18.7","_hs_code":"","_customs_description":"","_manufacture_country":"0","_is_non_returnable":"no","_shipping_length":"","_shipping_width":"","_shipping_height":"","_sku":"ISBN 978-3-86442-126-6","_global_unique_id":"978-3-86442-126-6","_regular_price":"29.8","total_sales":"0","_tax_status":"taxable","_tax_class":"","_manage_stock":"no","_backorders":"no","_sold_individually":"no","_weight":"1","_virtual":"no","_downloadable":"no","_download_limit":"-1","_download_expiry":"-1","_stock":"","_stock_status":"instock","_wc_average_rating":"0","_wc_review_count":"0","_product_version":"9.7.1","_price":"29.8","shopengine_product_views_count":"2559","_thumbnail_id":"4925","_product_attributes":{"erscheinungsdatum":{"name":"Erscheinungsdatum","value":"30.04.2015","position":0,"is_visible":1,"is_variation":0,"is_taxonomy":0,"checkout_visible":0}},"_nutrient_ids":[],"_upsell_ids":null,"pswc_subtitle":null,"_default_delivery_time":null,"_wp_desired_post_slug":null,"_isbn":null,"pageType":null,"isExternalUrl":null,"pageId":null,"externalUrl":null,"hideCookieBanner":null,"isTargetBlank":null,"isProviderCurrentWebsite":null,"isEmbeddingOnlyExternalResources":null,"legalBasis":null,"dataProcessingInCountries":null,"dataProcessingInCountriesSpecialTreatments":null,"technicalDefinitions":null,"googleConsentModeConsentTypes":null,"executePriority":null,"executeCodeOptInWhenNoTagManagerConsentIsGiven":null,"executeCodeOptOutWhenNoTagManagerConsentIsGiven":null,"deleteTechnicalDefinitionsAfterOptOut":null,"presetId":null,"presetVersion":null,"provider":null,"providerContactPhone":null,"providerContactEmail":null,"providerContactLink":null,"uniqueName":null,"providerPrivacyPolicyUrl":null,"providerLegalNoticeUrl":null,"codeOptIn":null,"codeOptOut":null,"codeOnPageLoad":null,"language_code":null,"shopengine_template__post_meta__type":null,"shopengine_template__post_meta":null,"shopengine_template__post_meta__edit_with":null,"origin":null,"_enabled":null,"_filters":null,"_layout":null,"_elementor_import_session_id":null,"_wp_trash_meta_status":null,"_wp_trash_meta_time":null,"_edit_lock":"1743594157:2","_elementor_floating_elements_type":null,"_elementor_edit_mode":null,"_elementor_template_type":null,"tc-thumb-fld":{"_thumb_id":4925,"_thumb_type":"thumb"},"_wp_page_template":"default","_elementor_version":null,"_elementor_pro_version":null,"_elementor_page_settings":null,"_elementor_data":null,"_elementor_conditions":null,"_elementor_popup_display_settings":null,"_edit_last":"2","_elementor_template_sub_type":null,"_elementor_controls_usage":null,"_elementor_screenshot":null,"_elementor_css":null,"_elementor_page_assets":[],"_elementor_element_cache":null,"_elementor_screenshot_failed":null,"_elementor_source":null,"_wp_old_date":null,"layout_key":"","post_slider_check_key":"0","_links":{"self":[{"href":"https:\/\/snoeck.de\/fr\/wp-json\/wp\/v2\/product\/3511","targetHints":{"allow":["GET"]}}],"collection":[{"href":"https:\/\/snoeck.de\/fr\/wp-json\/wp\/v2\/product"}],"about":[{"href":"https:\/\/snoeck.de\/fr\/wp-json\/wp\/v2\/types\/product"}],"wp:featuredmedia":[{"embeddable":true,"href":"https:\/\/snoeck.de\/fr\/wp-json\/wp\/v2\/media\/4925"}],"wp:attachment":[{"href":"https:\/\/snoeck.de\/fr\/wp-json\/wp\/v2\/media?parent=3511"}],"wp:term":[{"taxonomy":"product_brand","embeddable":true,"href":"https:\/\/snoeck.de\/fr\/wp-json\/wp\/v2\/product_brand?post=3511"},{"taxonomy":"product_cat","embeddable":true,"href":"https:\/\/snoeck.de\/fr\/wp-json\/wp\/v2\/product_cat?post=3511"},{"taxonomy":"product_tag","embeddable":true,"href":"https:\/\/snoeck.de\/fr\/wp-json\/wp\/v2\/product_tag?post=3511"}],"curies":[{"name":"wp","href":"https:\/\/api.w.org\/{rel}","templated":true}]}}