{"id":3512,"date":"2025-01-31T11:29:50","date_gmt":"2025-01-31T11:29:50","guid":{"rendered":"https:\/\/snoeck.process-vision.de\/shop\/cher-ami-votre-marcel-proust\/"},"modified":"2025-04-02T11:59:15","modified_gmt":"2025-04-02T11:59:15","slug":"cher-ami-votre-marcel-proust","status":"publish","type":"product","link":"https:\/\/snoeck.de\/fr\/shop\/cher-ami-votre-marcel-proust\/","title":{"rendered":"Cher ami ... Votre Marcel Proust - Marcel Proust im Spiegel seiner Korrespondenz \/ Marcel Proust et sa correspondance"},"content":{"rendered":"<h3>Les cl\u00e9s du monde - Lettres et autographes de la Bibliotheca Proustiana Reiner Speck<\/h3>\n<p>L'\u00e9vocation d'un monde de souvenirs \u00e0 travers la d\u00e9gustation d'une p\u00e2tisserie tremp\u00e9e dans une tasse de th\u00e9 - ce fameux \u00e9pisode de la madeleine dans \"A la recherche du temps perdu\" de Marcel Proust - est une exp\u00e9rience cl\u00e9 \u00e0 laquelle personne ne peut \u00e9chapper apr\u00e8s la lecture du grand roman. Marcel Proust \u00e9tait un \u00e9pistolier extr\u00eamement assidu ; apr\u00e8s son retrait de la soci\u00e9t\u00e9 dans sa chambre lambriss\u00e9e de li\u00e8ge, la correspondance semble \u00eatre le seul lien entre le monde ext\u00e9rieur et le monde int\u00e9rieur. Elle est \u00e9galement le ferment de la gen\u00e8se de son opus magnum, qui s'\u00e9tend sur plus d'une d\u00e9cennie et demie. De nombreux th\u00e8mes qui y sont trait\u00e9s de mani\u00e8re aussi large que sensible se retrouvent en germe dans des citations parfois reprises mot pour mot dans la \"Recherche\". Une \u00e9quipe internationale d'auteurs a \u00e9clair\u00e9 dans des articles les contextes les plus divers de la correspondance : On y apprend des choses nouvelles sur les destinataires et leur participation \u00e0 l'histoire de la publication et de la r\u00e9ception, sur la vie litt\u00e9raire \u00e0 Paris, sur Proust en tant que dessinateur, sur sa relation avec sa m\u00e8re, sur sa stylistique \u00e9pistolaire ... Le volume offre une chronique de la vie, un commentaire contextuel de plus de 80 lettres originales reproduites et un recensement bibliographique des \u00e9ditions de la correspondance avec de nombreuses illustrations du mat\u00e9riel, qui provient tous de la Bibliotheca Proustiana Reiner Speck. Cela donne au lecteur l'occasion de p\u00e9n\u00e9trer le myst\u00e8re de l'\u00c9criture de Proust, qui oscille entre les p\u00f4les d'une pens\u00e9e lucide et d'une illisibilit\u00e9 d\u00e9plor\u00e9e par certains destinataires. Les salutations, les omissions, les allusions et les biffures donnent ou d\u00e9voilent des \u00e9nigmes sur la vie priv\u00e9e de Marcel Proust, entour\u00e9e de myst\u00e8re.<\/p>\n<p>Expositions :<br \/>\nMaison de la litt\u00e9rature de Munich, 26\/3 - 7\/6\/2009<br \/>\nMus\u00e9e des arts appliqu\u00e9s de Cologne, 28\/6 - 6\/9\/2009<\/p>","protected":false},"excerpt":{"rendered":"<p>\u00c9dit\u00e9 par J\u00fcrgen Ritte et Reiner Speck<br \/>\nTextes (all.\/fr.) de Philippe Chardin, Eva Erdmann, Kirsten von Hagen, Luzius Keller, Ursula Link-Heer, Rainer Moritz, Mireille Naturel, George Pistorius, Angelica Rieger, J\u00fcrgen Ritte, Manfred Schneider, Michael Sostarich, Caroline Szylowics<br \/>\n400 p. avec 700 illustrations en couleur<br \/>\nformat 31 x 23 cm, reli\u00e9 en toile, titre et dos estamp\u00e9s avec jaquette pli\u00e9e en deux<\/p>","protected":false},"featured_media":4926,"template":"","meta":[],"product_brand":[],"product_cat":[113,58,60,70,73,79],"product_tag":[],"class_list":{"0":"post-3512","1":"product","2":"type-product","3":"status-publish","4":"has-post-thumbnail","6":"product_cat-113","7":"product_cat-a","8":"product_cat-c","9":"product_cat-m","10":"product_cat-p","11":"product_cat-v","13":"first","14":"instock","15":"taxable","16":"shipping-taxable","17":"purchasable","18":"product-type-simple"},"aioseo_notices":[],"_wp_attached_file":null,"_wp_attachment_metadata":null,"_wc_attachment_source":null,"_elementor_inline_svg":null,"_elementor_is_screenshot":null,"_elementor_source_image_hash":null,"_source_url":null,"_wp_attachment_context":null,"_menu_item_type":null,"_menu_item_menu_item_parent":null,"_menu_item_object_id":null,"_menu_item_object":null,"_menu_item_target":null,"_menu_item_classes":null,"_menu_item_xfn":null,"_menu_item_url":null,"__elementor_forms_snapshot":null,"_unit":"","_unit_base":"","_unit_product":"","_unit_price_auto":"no","_unit_price_regular":"","_unit_price":"","_unit_price_sale":"","_sale_price_label":"","_sale_price_regular_label":"","_manufacturer_slug":"","_mini_desc":"","_defect_description":"","_safety_instructions":"","_allergen_ids":[],"_warranty_attachment_id":"","_safety_attachment_ids":[],"_min_age":"","_ts_gtin":"","_ts_mpn":"","_delivery_time_countries":[],"_free_shipping":"no","_service":"no","_photovoltaic_system":"no","_used_good":"no","_defective_copy":"no","_wireless_electronic_device":"no","_device_contains_power_supply":"no","_device_charging_supports_usb_pd":"no","_device_charging_watt_min":"0","_device_charging_watt_max":"0","_is_food":"no","_differential_taxation":"no","_gzd_version":"3.18.7","_hs_code":"","_customs_description":"","_manufacture_country":"0","_is_non_returnable":"no","_shipping_length":"","_shipping_width":"","_shipping_height":"","_sku":"ISBN 978-3-940953-04-9","_global_unique_id":"978-3-940953-04-9","_regular_price":"78","total_sales":"0","_tax_status":"taxable","_tax_class":"","_manage_stock":"no","_backorders":"no","_sold_individually":"no","_weight":"3","_virtual":"no","_downloadable":"no","_download_limit":"-1","_download_expiry":"-1","_stock":"","_stock_status":"instock","_wc_average_rating":"0","_wc_review_count":"0","_product_version":"9.7.1","_price":"78","shopengine_product_views_count":"3327","_thumbnail_id":"4926","_product_attributes":{"erscheinungsdatum":{"name":"Date de publication","value":"25.03.2009","position":0,"is_visible":1,"is_variation":0,"is_taxonomy":0,"checkout_visible":0}},"_nutrient_ids":[],"_upsell_ids":null,"pswc_subtitle":null,"_default_delivery_time":null,"_wp_desired_post_slug":null,"_isbn":null,"pageType":null,"isExternalUrl":null,"pageId":null,"externalUrl":null,"hideCookieBanner":null,"isTargetBlank":null,"isProviderCurrentWebsite":null,"isEmbeddingOnlyExternalResources":null,"legalBasis":null,"dataProcessingInCountries":null,"dataProcessingInCountriesSpecialTreatments":null,"technicalDefinitions":null,"googleConsentModeConsentTypes":null,"executePriority":null,"executeCodeOptInWhenNoTagManagerConsentIsGiven":null,"executeCodeOptOutWhenNoTagManagerConsentIsGiven":null,"deleteTechnicalDefinitionsAfterOptOut":null,"presetId":null,"presetVersion":null,"provider":null,"providerContactPhone":null,"providerContactEmail":null,"providerContactLink":null,"uniqueName":null,"providerPrivacyPolicyUrl":null,"providerLegalNoticeUrl":null,"codeOptIn":null,"codeOptOut":null,"codeOnPageLoad":null,"language_code":null,"shopengine_template__post_meta__type":null,"shopengine_template__post_meta":null,"shopengine_template__post_meta__edit_with":null,"origin":null,"_enabled":null,"_filters":null,"_layout":null,"_elementor_import_session_id":null,"_wp_trash_meta_status":null,"_wp_trash_meta_time":null,"_edit_lock":"1743595022:2","_elementor_floating_elements_type":null,"_elementor_edit_mode":null,"_elementor_template_type":null,"tc-thumb-fld":{"_thumb_id":4926,"_thumb_type":"thumb"},"_wp_page_template":"default","_elementor_version":null,"_elementor_pro_version":null,"_elementor_page_settings":null,"_elementor_data":null,"_elementor_conditions":null,"_elementor_popup_display_settings":null,"_edit_last":"2","_elementor_template_sub_type":null,"_elementor_controls_usage":null,"_elementor_screenshot":null,"_elementor_css":null,"_elementor_page_assets":[],"_elementor_element_cache":null,"_elementor_screenshot_failed":null,"_elementor_source":null,"_wp_old_date":null,"layout_key":"","post_slider_check_key":"0","_links":{"self":[{"href":"https:\/\/snoeck.de\/fr\/wp-json\/wp\/v2\/product\/3512","targetHints":{"allow":["GET"]}}],"collection":[{"href":"https:\/\/snoeck.de\/fr\/wp-json\/wp\/v2\/product"}],"about":[{"href":"https:\/\/snoeck.de\/fr\/wp-json\/wp\/v2\/types\/product"}],"wp:featuredmedia":[{"embeddable":true,"href":"https:\/\/snoeck.de\/fr\/wp-json\/wp\/v2\/media\/4926"}],"wp:attachment":[{"href":"https:\/\/snoeck.de\/fr\/wp-json\/wp\/v2\/media?parent=3512"}],"wp:term":[{"taxonomy":"product_brand","embeddable":true,"href":"https:\/\/snoeck.de\/fr\/wp-json\/wp\/v2\/product_brand?post=3512"},{"taxonomy":"product_cat","embeddable":true,"href":"https:\/\/snoeck.de\/fr\/wp-json\/wp\/v2\/product_cat?post=3512"},{"taxonomy":"product_tag","embeddable":true,"href":"https:\/\/snoeck.de\/fr\/wp-json\/wp\/v2\/product_tag?post=3512"}],"curies":[{"name":"wp","href":"https:\/\/api.w.org\/{rel}","templated":true}]}}