{"id":3513,"date":"2025-01-31T11:29:51","date_gmt":"2025-01-31T11:29:51","guid":{"rendered":"https:\/\/snoeck.process-vision.de\/shop\/louisa-clement-becoming-lost\/"},"modified":"2025-04-02T11:32:52","modified_gmt":"2025-04-02T11:32:52","slug":"louisa-clement-becoming-lost","status":"publish","type":"product","link":"https:\/\/snoeck.de\/fr\/shop\/louisa-clement-becoming-lost\/","title":{"rendered":"Louisa Clement : devenir perdue"},"content":{"rendered":"<h3>Le r\u00eave (cauchemardesque) de l'homme parfait<\/h3>\n<p>La \"repr\u00e9sentante\" se tient \u00e0 carreau : \"Don't mention it\", se contente-t-elle de dire d'un air goguenard, avec un l\u00e9ger sourire blas\u00e9, avant de se taire obstin\u00e9ment. Il existe d\u00e9sormais cinq de ces corps de poup\u00e9es programm\u00e9s par IA, tous parfaitement \u00e0 l'image de leur cr\u00e9atrice Louisa Clement, n\u00e9s d'une collaboration entre une entreprise chinoise sp\u00e9cialis\u00e9e dans la fabrication de poup\u00e9es sexuelles et la chaire de Computational Linguistics de l'universit\u00e9 de Sarrebruck. \"Louisa\", la \"repr\u00e9sentante\" cr\u00e9\u00e9e par l'artiste Louisa Clement, est pour cette raison un peu inqui\u00e9tante : aliment\u00e9e par le contenu du smartphone de l'artiste et connect\u00e9e \u00e0 Internet, elle ne se contente pas de reproduire m\u00e9caniquement des r\u00e9ponses pr\u00e9fabriqu\u00e9es aux questions des visiteurs, mais apprend en permanence et d\u00e9veloppe des traits de caract\u00e8re de plus en plus complexes. Dans le cadre de son exposition et du livre publi\u00e9 \u00e0 l'occasion du Prix d'art de Bonn, Louisa Clement s'int\u00e9resse \u00e0 l'ampleur des possibilit\u00e9s de manipulation de l'ADN humain. Sur la base d'une bourse d'\u00e9tudes \u00e0 Paris rendue possible par le Prix des Arts, elle a d\u00e9velopp\u00e9 le film \"off-target-effect\", d'une dur\u00e9e de dix minutes \u00e0 peine, qui raconte le (cauchemar) de l'homme parfait \u00e0 tous \u00e9gards en m\u00ealant textes impressionnants, images de laboratoire et s\u00e9quences informatiques.<\/p>\n<p>Expositions :<br \/>\nMus\u00e9e d'art de Bonn, 22\/2 - 16\/6\/2024<\/p>","protected":false},"excerpt":{"rendered":"<p>Catalogue d'exposition, Kunstmuseum Bonn, \u00e9d. Barbara J. Scheuermann<br \/>\nTextes (all.\/ang.) de Stephan Berg, Barbara J. Scheuermann, Michael Stockhausen<br \/>\n96 p. avec 45 illustrations en couleur<br \/>\nformat 17 x 12 cm, couverture en toile imprim\u00e9e en quadrichromie<\/p>","protected":false},"featured_media":4927,"template":"","meta":[],"product_brand":[],"product_cat":[88,60],"product_tag":[],"class_list":{"0":"post-3513","1":"product","2":"type-product","3":"status-publish","4":"has-post-thumbnail","6":"product_cat-88","7":"product_cat-c","9":"first","10":"instock","11":"taxable","12":"shipping-taxable","13":"purchasable","14":"product-type-simple"},"aioseo_notices":[],"_wp_attached_file":null,"_wp_attachment_metadata":null,"_wc_attachment_source":null,"_elementor_inline_svg":null,"_elementor_is_screenshot":null,"_elementor_source_image_hash":null,"_source_url":null,"_wp_attachment_context":null,"_menu_item_type":null,"_menu_item_menu_item_parent":null,"_menu_item_object_id":null,"_menu_item_object":null,"_menu_item_target":null,"_menu_item_classes":null,"_menu_item_xfn":null,"_menu_item_url":null,"__elementor_forms_snapshot":null,"_unit":"","_unit_base":"","_unit_product":"","_unit_price_auto":"no","_unit_price_regular":"","_unit_price":"","_unit_price_sale":"","_sale_price_label":"","_sale_price_regular_label":"","_manufacturer_slug":"","_mini_desc":"","_defect_description":"","_safety_instructions":"","_allergen_ids":[],"_warranty_attachment_id":"","_safety_attachment_ids":[],"_min_age":"","_ts_gtin":"","_ts_mpn":"","_delivery_time_countries":[],"_free_shipping":"no","_service":"no","_photovoltaic_system":"no","_used_good":"no","_defective_copy":"no","_wireless_electronic_device":"no","_device_contains_power_supply":"no","_device_charging_supports_usb_pd":"no","_device_charging_watt_min":"0","_device_charging_watt_max":"0","_is_food":"no","_differential_taxation":"no","_gzd_version":"3.18.7","_hs_code":"","_customs_description":"","_manufacture_country":"0","_is_non_returnable":"no","_shipping_length":"","_shipping_width":"","_shipping_height":"","_sku":"ISBN 978-3-86442-433-5","_global_unique_id":"978-3-86442-433-5","_regular_price":"29.8","total_sales":"0","_tax_status":"taxable","_tax_class":"","_manage_stock":"no","_backorders":"no","_sold_individually":"no","_weight":"1","_virtual":"no","_downloadable":"no","_download_limit":"-1","_download_expiry":"-1","_stock":"","_stock_status":"instock","_wc_average_rating":"0","_wc_review_count":"0","_product_version":"9.7.1","_price":"29.8","shopengine_product_views_count":"3201","_thumbnail_id":"4927","_product_attributes":{"erscheinungsdatum":{"name":"Date de publication","value":"23.02.2024","position":0,"is_visible":1,"is_variation":0,"is_taxonomy":0,"checkout_visible":0}},"_nutrient_ids":[],"_upsell_ids":null,"pswc_subtitle":null,"_default_delivery_time":null,"_wp_desired_post_slug":null,"_isbn":null,"pageType":null,"isExternalUrl":null,"pageId":null,"externalUrl":null,"hideCookieBanner":null,"isTargetBlank":null,"isProviderCurrentWebsite":null,"isEmbeddingOnlyExternalResources":null,"legalBasis":null,"dataProcessingInCountries":null,"dataProcessingInCountriesSpecialTreatments":null,"technicalDefinitions":null,"googleConsentModeConsentTypes":null,"executePriority":null,"executeCodeOptInWhenNoTagManagerConsentIsGiven":null,"executeCodeOptOutWhenNoTagManagerConsentIsGiven":null,"deleteTechnicalDefinitionsAfterOptOut":null,"presetId":null,"presetVersion":null,"provider":null,"providerContactPhone":null,"providerContactEmail":null,"providerContactLink":null,"uniqueName":null,"providerPrivacyPolicyUrl":null,"providerLegalNoticeUrl":null,"codeOptIn":null,"codeOptOut":null,"codeOnPageLoad":null,"language_code":null,"shopengine_template__post_meta__type":null,"shopengine_template__post_meta":null,"shopengine_template__post_meta__edit_with":null,"origin":null,"_enabled":null,"_filters":null,"_layout":null,"_elementor_import_session_id":null,"_wp_trash_meta_status":null,"_wp_trash_meta_time":null,"_edit_lock":"1743593433:2","_elementor_floating_elements_type":null,"_elementor_edit_mode":null,"_elementor_template_type":null,"tc-thumb-fld":{"_thumb_id":4927,"_thumb_type":"thumb"},"_wp_page_template":"default","_elementor_version":null,"_elementor_pro_version":null,"_elementor_page_settings":null,"_elementor_data":null,"_elementor_conditions":null,"_elementor_popup_display_settings":null,"_edit_last":"2","_elementor_template_sub_type":null,"_elementor_controls_usage":null,"_elementor_screenshot":null,"_elementor_css":null,"_elementor_page_assets":[],"_elementor_element_cache":null,"_elementor_screenshot_failed":null,"_elementor_source":null,"_wp_old_date":null,"layout_key":"","post_slider_check_key":"0","_links":{"self":[{"href":"https:\/\/snoeck.de\/fr\/wp-json\/wp\/v2\/product\/3513","targetHints":{"allow":["GET"]}}],"collection":[{"href":"https:\/\/snoeck.de\/fr\/wp-json\/wp\/v2\/product"}],"about":[{"href":"https:\/\/snoeck.de\/fr\/wp-json\/wp\/v2\/types\/product"}],"wp:featuredmedia":[{"embeddable":true,"href":"https:\/\/snoeck.de\/fr\/wp-json\/wp\/v2\/media\/4927"}],"wp:attachment":[{"href":"https:\/\/snoeck.de\/fr\/wp-json\/wp\/v2\/media?parent=3513"}],"wp:term":[{"taxonomy":"product_brand","embeddable":true,"href":"https:\/\/snoeck.de\/fr\/wp-json\/wp\/v2\/product_brand?post=3513"},{"taxonomy":"product_cat","embeddable":true,"href":"https:\/\/snoeck.de\/fr\/wp-json\/wp\/v2\/product_cat?post=3513"},{"taxonomy":"product_tag","embeddable":true,"href":"https:\/\/snoeck.de\/fr\/wp-json\/wp\/v2\/product_tag?post=3513"}],"curies":[{"name":"wp","href":"https:\/\/api.w.org\/{rel}","templated":true}]}}