{"id":3517,"date":"2025-01-31T11:29:53","date_gmt":"2025-01-31T11:29:53","guid":{"rendered":"https:\/\/snoeck.process-vision.de\/shop\/crossing-media\/"},"modified":"2025-04-02T11:26:01","modified_gmt":"2025-04-02T11:26:01","slug":"crossing-media","status":"publish","type":"product","link":"https:\/\/snoeck.de\/fr\/shop\/crossing-media\/","title":{"rendered":"Crossing Media"},"content":{"rendered":"<h3>La sc\u00e8ne de l'art<\/h3>\n<p>\"Crossing Media\" - c'est le nom du format avec lequel la Triennale de la photographie, organis\u00e9e pour la premi\u00e8re fois en 1989 \u00e0 Esslingen, a \u00e9t\u00e9 remplac\u00e9e ou \u00e9largie en un festival autour d'une exposition avec des pr\u00e9sentations vid\u00e9o, des performances, des lectures, des discussions et des concerts. Le mot-cl\u00e9 crossover, c'est-\u00e0-dire l'interp\u00e9n\u00e9tration des genres et des disciplines, ne d\u00e9crit certes plus des choses aussi nouvelles, mais il s'applique n\u00e9anmoins, en tant que m\u00e9thode, \u00e0 une grande partie de ce qui caract\u00e9rise l'art actuel. Ce crossover ne donne pas seulement naissance \u00e0 ces \u0153uvres d'art qui surprennent les modes de vision et d'exp\u00e9rience, mais il d\u00e9montre une fois de plus qu'il ne peut plus y avoir de r\u00e9cits uniformes dans l'art. Toutes les \u0153uvres et actions artistiques, en particulier celles de ce festival, ont cependant en commun de recourir \u00e0 une pr\u00e9sentation ou \u00e0 une repr\u00e9sentation sc\u00e9nique pour leur compr\u00e9hension et leur pr\u00e9sentation. D\u00e8s le grand hall d'entr\u00e9e de la villa, les visiteurs sont surpris par une construction instable de Banks Violette avec un sol et un ciel de sc\u00e8ne noirs et brillants d'o\u00f9 semblent tomber de mani\u00e8re d\u00e9sordonn\u00e9e des tubes de n\u00e9on blancs - elle s'intitule \"Kill Yourself\". Ou dans la salle voisine, o\u00f9 se trouve un grand socle de sculpture vide sur tapis rouge, \u00e9clair\u00e9 exactement sur la surface du stand, \"Public Sculpture\" de Julien Berthier, autour duquel on est transport\u00e9 dans une situation sonore \u00e9ph\u00e9m\u00e8re par les coups de marteau symphoniques de l'artiste sur des sculptures en bronze dans l'espace public - on aimerait presque dire : envelopp\u00e9 par une sculpture sonore. Ces exemples sont repr\u00e9sentatifs de bien d'autres artistes parmi les 17 pr\u00e9sent\u00e9s dans le pr\u00e9sent ouvrage. Autres participants \u00e0 \"Crossing Media. Une sc\u00e8ne pour l'art\" : Nevin Aladag, Birgit Brenner, Daniele Buetti, Kurt Caviezel, Beate Engl, Rainer Ganahl, Johan Grimonprez, Paul Harrison\/John Wood, Christine Hill, Eva Kot\u00e1tkov\u00e1, Jung Lee, Alexandra Leykauf, Atelier van Lieshout, Andres Lutz &amp; Anders Guggisberg et Philippe Ramette.<\/p>\n<p>Exposition :<br \/>\nVilla Merkel Esslingen, 19\/7-6\/10\/2103<\/p>","protected":false},"excerpt":{"rendered":"<p>Catalogue d'exposition, Villa Merkel Esslingen, \u00e9d. par Andreas Baur<br \/>\nTextes (all.\/ang.) d'Andreas Baur, Anne Horny, Tina Plokarz, Anka Wenzel<br \/>\n536 p. avec 500 illustrations en couleur<br \/>\nFormat 15 x 9,5 cm, couverture souple avec jaquette<\/p>","protected":false},"featured_media":4933,"template":"","meta":[],"product_brand":[],"product_cat":[101,60,70],"product_tag":[],"class_list":{"0":"post-3517","1":"product","2":"type-product","3":"status-publish","4":"has-post-thumbnail","6":"product_cat-101","7":"product_cat-c","8":"product_cat-m","10":"first","11":"instock","12":"taxable","13":"shipping-taxable","14":"purchasable","15":"product-type-simple"},"aioseo_notices":[],"_wp_attached_file":null,"_wp_attachment_metadata":null,"_wc_attachment_source":null,"_elementor_inline_svg":null,"_elementor_is_screenshot":null,"_elementor_source_image_hash":null,"_source_url":null,"_wp_attachment_context":null,"_menu_item_type":null,"_menu_item_menu_item_parent":null,"_menu_item_object_id":null,"_menu_item_object":null,"_menu_item_target":null,"_menu_item_classes":null,"_menu_item_xfn":null,"_menu_item_url":null,"__elementor_forms_snapshot":null,"_unit":"","_unit_base":"","_unit_product":"","_unit_price_auto":"no","_unit_price_regular":"","_unit_price":"","_unit_price_sale":"","_sale_price_label":"","_sale_price_regular_label":"","_manufacturer_slug":"","_mini_desc":"","_defect_description":"","_safety_instructions":"","_allergen_ids":[],"_warranty_attachment_id":"","_safety_attachment_ids":[],"_min_age":"","_ts_gtin":"","_ts_mpn":"","_delivery_time_countries":[],"_free_shipping":"no","_service":"no","_photovoltaic_system":"no","_used_good":"no","_defective_copy":"no","_wireless_electronic_device":"no","_device_contains_power_supply":"no","_device_charging_supports_usb_pd":"no","_device_charging_watt_min":"0","_device_charging_watt_max":"0","_is_food":"no","_differential_taxation":"no","_gzd_version":"3.18.7","_hs_code":"","_customs_description":"","_manufacture_country":"0","_is_non_returnable":"no","_shipping_length":"","_shipping_width":"","_shipping_height":"","_sku":"ISBN 978-3-86442-071-9","_global_unique_id":"978-3-86442-071-9","_regular_price":"24.8","total_sales":"0","_tax_status":"taxable","_tax_class":"","_manage_stock":"no","_backorders":"no","_sold_individually":"no","_weight":"1","_virtual":"no","_downloadable":"no","_download_limit":"-1","_download_expiry":"-1","_stock":"","_stock_status":"instock","_wc_average_rating":"0","_wc_review_count":"0","_product_version":"9.7.1","_price":"24.8","shopengine_product_views_count":"2783","_thumbnail_id":"4933","_product_attributes":{"erscheinungsdatum":{"name":"Erscheinungsdatum","value":"30.10.2013","position":0,"is_visible":1,"is_variation":0,"is_taxonomy":0,"checkout_visible":0}},"_nutrient_ids":[],"_upsell_ids":null,"pswc_subtitle":null,"_default_delivery_time":null,"_wp_desired_post_slug":null,"_isbn":null,"pageType":null,"isExternalUrl":null,"pageId":null,"externalUrl":null,"hideCookieBanner":null,"isTargetBlank":null,"isProviderCurrentWebsite":null,"isEmbeddingOnlyExternalResources":null,"legalBasis":null,"dataProcessingInCountries":null,"dataProcessingInCountriesSpecialTreatments":null,"technicalDefinitions":null,"googleConsentModeConsentTypes":null,"executePriority":null,"executeCodeOptInWhenNoTagManagerConsentIsGiven":null,"executeCodeOptOutWhenNoTagManagerConsentIsGiven":null,"deleteTechnicalDefinitionsAfterOptOut":null,"presetId":null,"presetVersion":null,"provider":null,"providerContactPhone":null,"providerContactEmail":null,"providerContactLink":null,"uniqueName":null,"providerPrivacyPolicyUrl":null,"providerLegalNoticeUrl":null,"codeOptIn":null,"codeOptOut":null,"codeOnPageLoad":null,"language_code":null,"shopengine_template__post_meta__type":null,"shopengine_template__post_meta":null,"shopengine_template__post_meta__edit_with":null,"origin":null,"_enabled":null,"_filters":null,"_layout":null,"_elementor_import_session_id":null,"_wp_trash_meta_status":null,"_wp_trash_meta_time":null,"_edit_lock":"1743593023:2","_elementor_floating_elements_type":null,"_elementor_edit_mode":null,"_elementor_template_type":null,"tc-thumb-fld":{"_thumb_id":4933,"_thumb_type":"thumb"},"_wp_page_template":"default","_elementor_version":null,"_elementor_pro_version":null,"_elementor_page_settings":null,"_elementor_data":null,"_elementor_conditions":null,"_elementor_popup_display_settings":null,"_edit_last":"2","_elementor_template_sub_type":null,"_elementor_controls_usage":null,"_elementor_screenshot":null,"_elementor_css":null,"_elementor_page_assets":[],"_elementor_element_cache":null,"_elementor_screenshot_failed":null,"_elementor_source":null,"_wp_old_date":null,"layout_key":"","post_slider_check_key":"0","_links":{"self":[{"href":"https:\/\/snoeck.de\/fr\/wp-json\/wp\/v2\/product\/3517","targetHints":{"allow":["GET"]}}],"collection":[{"href":"https:\/\/snoeck.de\/fr\/wp-json\/wp\/v2\/product"}],"about":[{"href":"https:\/\/snoeck.de\/fr\/wp-json\/wp\/v2\/types\/product"}],"wp:featuredmedia":[{"embeddable":true,"href":"https:\/\/snoeck.de\/fr\/wp-json\/wp\/v2\/media\/4933"}],"wp:attachment":[{"href":"https:\/\/snoeck.de\/fr\/wp-json\/wp\/v2\/media?parent=3517"}],"wp:term":[{"taxonomy":"product_brand","embeddable":true,"href":"https:\/\/snoeck.de\/fr\/wp-json\/wp\/v2\/product_brand?post=3517"},{"taxonomy":"product_cat","embeddable":true,"href":"https:\/\/snoeck.de\/fr\/wp-json\/wp\/v2\/product_cat?post=3517"},{"taxonomy":"product_tag","embeddable":true,"href":"https:\/\/snoeck.de\/fr\/wp-json\/wp\/v2\/product_tag?post=3517"}],"curies":[{"name":"wp","href":"https:\/\/api.w.org\/{rel}","templated":true}]}}