{"id":3518,"date":"2025-01-31T11:29:54","date_gmt":"2025-01-31T11:29:54","guid":{"rendered":"https:\/\/snoeck.process-vision.de\/shop\/natalie-czech-cigarette-ends\/"},"modified":"2025-04-02T11:21:42","modified_gmt":"2025-04-02T11:21:42","slug":"natalie-czech-cigarette-ends","status":"publish","type":"product","link":"https:\/\/snoeck.de\/fr\/shop\/natalie-czech-cigarette-ends\/","title":{"rendered":"Natalie Czech : Cigarette Ends"},"content":{"rendered":"<h3>\"High Life\" \"Emploi\"<\/h3>\n<p>De quoi s'agit-il donc ? Avec \"Cool\" \"Kiss\", en revanche, il n'y a pas de limite aux associations d'id\u00e9es. Et \"fact\" \"true\" \"fact\", qui ne penserait pas \u00e0 la plus grande machine \u00e0 tweeter \u00e0 crini\u00e8re orange ? Le rapport entre le texte et la forme visuelle est le th\u00e8me central de l'artiste Natalie Czech, n\u00e9e en 1976 \u00e0 Neuss et vivant aujourd'hui \u00e0 Berlin. Dans ses diff\u00e9rentes s\u00e9ries d'\u0153uvres photographiques, elle explore la question de l'interaction dynamique entre le texte et l'image. La s\u00e9rie d'\u0153uvres \"Cigarette ends\", pour laquelle Natalie Czech a achet\u00e9 de nombreux paquets de cigarettes des ann\u00e9es 1940 aux ann\u00e9es 1970 avec des noms aussi \u00e9vocateurs que \"fact\", \"true\" ou \"Kiss\", est la plus r\u00e9cente. Elle dispose les m\u00e9gots fum\u00e9s les uns \u00e0 c\u00f4t\u00e9 des autres ou les uns sous les autres sur des supports de diff\u00e9rentes couleurs et en fait des photographies. Les noms des cigarettes, toujours visibles sur les banderoles, composent des po\u00e8mes minimalistes. Le petit livret rassemble les travaux pr\u00e9c\u00e9dents de la s\u00e9rie \"Cigarette ends\" pour une bonne fin, puisqu'ils peuvent \u00eatre envoy\u00e9s individuellement par la poste en guise de consolation ou d'encouragement.<\/p>\n<p>Exposition :<br \/>\nAssociation artistique de Heilbronn, 29\/1 - 18\/4\/2021<\/p>","protected":false},"excerpt":{"rendered":"<p>Catalogue d'exposition, Kunstverein Heilbronn, \u00e9d. par Matthia L\u00f6bke<br \/>\n12 cartes postales encoll\u00e9es en bloc dans une enveloppe<br \/>\nFormat 16,6 x 12,5 cm, broch\u00e9<\/p>","protected":false},"featured_media":4934,"template":"","meta":[],"product_brand":[],"product_cat":[85,60],"product_tag":[],"class_list":{"0":"post-3518","1":"product","2":"type-product","3":"status-publish","4":"has-post-thumbnail","6":"product_cat-85","7":"product_cat-c","9":"first","10":"instock","11":"taxable","12":"shipping-taxable","13":"purchasable","14":"product-type-simple"},"aioseo_notices":[],"_wp_attached_file":null,"_wp_attachment_metadata":null,"_wc_attachment_source":null,"_elementor_inline_svg":null,"_elementor_is_screenshot":null,"_elementor_source_image_hash":null,"_source_url":null,"_wp_attachment_context":null,"_menu_item_type":null,"_menu_item_menu_item_parent":null,"_menu_item_object_id":null,"_menu_item_object":null,"_menu_item_target":null,"_menu_item_classes":null,"_menu_item_xfn":null,"_menu_item_url":null,"__elementor_forms_snapshot":null,"_unit":"","_unit_base":"","_unit_product":"","_unit_price_auto":"no","_unit_price_regular":"","_unit_price":"","_unit_price_sale":"","_sale_price_label":"","_sale_price_regular_label":"","_manufacturer_slug":"","_mini_desc":"","_defect_description":"","_safety_instructions":"","_allergen_ids":[],"_warranty_attachment_id":"","_safety_attachment_ids":[],"_min_age":"","_ts_gtin":"","_ts_mpn":"","_delivery_time_countries":[],"_free_shipping":"no","_service":"no","_photovoltaic_system":"no","_used_good":"no","_defective_copy":"no","_wireless_electronic_device":"no","_device_contains_power_supply":"no","_device_charging_supports_usb_pd":"no","_device_charging_watt_min":"0","_device_charging_watt_max":"0","_is_food":"no","_differential_taxation":"no","_gzd_version":"3.18.7","_hs_code":"","_customs_description":"","_manufacture_country":"0","_is_non_returnable":"no","_shipping_length":"","_shipping_width":"","_shipping_height":"","_sku":"ISBN 978-3-86442-348-2","_global_unique_id":"978-3-86442-348-2","_regular_price":"9.8","total_sales":"0","_tax_status":"taxable","_tax_class":"","_manage_stock":"no","_backorders":"no","_sold_individually":"no","_weight":"1","_virtual":"no","_downloadable":"no","_download_limit":"-1","_download_expiry":"-1","_stock":"","_stock_status":"instock","_wc_average_rating":"0","_wc_review_count":"0","_product_version":"9.7.1","_price":"9.8","shopengine_product_views_count":"3169","_thumbnail_id":"4934","_product_attributes":{"erscheinungsdatum":{"name":"Erscheinungsdatum","value":"04.06.2021","position":0,"is_visible":1,"is_variation":0,"is_taxonomy":0,"checkout_visible":0}},"_nutrient_ids":[],"_upsell_ids":null,"pswc_subtitle":null,"_default_delivery_time":null,"_wp_desired_post_slug":null,"_isbn":null,"pageType":null,"isExternalUrl":null,"pageId":null,"externalUrl":null,"hideCookieBanner":null,"isTargetBlank":null,"isProviderCurrentWebsite":null,"isEmbeddingOnlyExternalResources":null,"legalBasis":null,"dataProcessingInCountries":null,"dataProcessingInCountriesSpecialTreatments":null,"technicalDefinitions":null,"googleConsentModeConsentTypes":null,"executePriority":null,"executeCodeOptInWhenNoTagManagerConsentIsGiven":null,"executeCodeOptOutWhenNoTagManagerConsentIsGiven":null,"deleteTechnicalDefinitionsAfterOptOut":null,"presetId":null,"presetVersion":null,"provider":null,"providerContactPhone":null,"providerContactEmail":null,"providerContactLink":null,"uniqueName":null,"providerPrivacyPolicyUrl":null,"providerLegalNoticeUrl":null,"codeOptIn":null,"codeOptOut":null,"codeOnPageLoad":null,"language_code":null,"shopengine_template__post_meta__type":null,"shopengine_template__post_meta":null,"shopengine_template__post_meta__edit_with":null,"origin":null,"_enabled":null,"_filters":null,"_layout":null,"_elementor_import_session_id":null,"_wp_trash_meta_status":null,"_wp_trash_meta_time":null,"_edit_lock":"1743592763:2","_elementor_floating_elements_type":null,"_elementor_edit_mode":null,"_elementor_template_type":null,"tc-thumb-fld":{"_thumb_id":4934,"_thumb_type":"thumb"},"_wp_page_template":"default","_elementor_version":null,"_elementor_pro_version":null,"_elementor_page_settings":null,"_elementor_data":null,"_elementor_conditions":null,"_elementor_popup_display_settings":null,"_edit_last":"2","_elementor_template_sub_type":null,"_elementor_controls_usage":null,"_elementor_screenshot":null,"_elementor_css":null,"_elementor_page_assets":[],"_elementor_element_cache":null,"_elementor_screenshot_failed":null,"_elementor_source":null,"_wp_old_date":null,"layout_key":"","post_slider_check_key":"0","_links":{"self":[{"href":"https:\/\/snoeck.de\/fr\/wp-json\/wp\/v2\/product\/3518","targetHints":{"allow":["GET"]}}],"collection":[{"href":"https:\/\/snoeck.de\/fr\/wp-json\/wp\/v2\/product"}],"about":[{"href":"https:\/\/snoeck.de\/fr\/wp-json\/wp\/v2\/types\/product"}],"wp:featuredmedia":[{"embeddable":true,"href":"https:\/\/snoeck.de\/fr\/wp-json\/wp\/v2\/media\/4934"}],"wp:attachment":[{"href":"https:\/\/snoeck.de\/fr\/wp-json\/wp\/v2\/media?parent=3518"}],"wp:term":[{"taxonomy":"product_brand","embeddable":true,"href":"https:\/\/snoeck.de\/fr\/wp-json\/wp\/v2\/product_brand?post=3518"},{"taxonomy":"product_cat","embeddable":true,"href":"https:\/\/snoeck.de\/fr\/wp-json\/wp\/v2\/product_cat?post=3518"},{"taxonomy":"product_tag","embeddable":true,"href":"https:\/\/snoeck.de\/fr\/wp-json\/wp\/v2\/product_tag?post=3518"}],"curies":[{"name":"wp","href":"https:\/\/api.w.org\/{rel}","templated":true}]}}