{"id":3519,"date":"2025-01-31T11:29:54","date_gmt":"2025-01-31T11:29:54","guid":{"rendered":"https:\/\/snoeck.process-vision.de\/shop\/david-czupryn-he-she-it\/"},"modified":"2026-04-08T15:18:12","modified_gmt":"2026-04-08T14:18:12","slug":"david-czupryn-he-she-it","status":"publish","type":"product","link":"https:\/\/snoeck.de\/fr\/shop\/david-czupryn-he-she-it\/","title":{"rendered":"David Czupryn : He She It"},"content":{"rendered":"<h3>O\u00f9 Calder, Dal\u00ed et Herold partagent une application !<\/h3>\n<p>David Czupryn (*1983) a \u00e9tudi\u00e9 chez Georg Herold, Lucy McKenzie et Tomma Abts \u00e0 D\u00fcsseldorf. Il est pass\u00e9 ma\u00eetre dans l'art de l'effet trompe-l'\u0153il, cet art vieux de plusieurs si\u00e8cles qui fait un retour inattendu chez lui. Avec le pinceau et la peinture, il reproduit des surfaces de mani\u00e8re mim\u00e9tique, l'\u00e9criture et le geste sont ainsi ni\u00e9s de mani\u00e8re presque provocante. Les tableaux - David Czupryn travaille avec de forts contrastes harmonieux et applique la peinture de mani\u00e8re translucide - semblent \u00eatre d'un seul tenant, ils ne sont pas photor\u00e9alistes, mais illusionnistes en trois dimensions. Les motifs calmes, les surfaces de pose et les motifs en mouvement sont accompagn\u00e9s de fl\u00e8ches et d'autres \u00e9l\u00e9ments graphiques. Outre les membres qui s'\u00e9tendent, l'attention est attir\u00e9e par des sym\u00e9tries bris\u00e9es, des chutes, des suspensions, des liaisons, des enchev\u00eatrements, des ouvertures et des transparences - en quelque sorte des images dans l'image, mais aussi des pi\u00e8ces d\u00e9tach\u00e9es qui s'entrecroisent. Il n'est donc pas \u00e9tonnant que le peintre appr\u00e9cie les surr\u00e9alistes, mais qu'il manifeste \u00e9galement une certaine pr\u00e9f\u00e9rence pour Alfred Kubin. L'\u00e9nigme qu'il pratique ne s'inscrit toutefois pas dans la tradition du romantisme noir, mais rappelle Alexander Calder et Naum Gabo, sans oublier bien s\u00fbr l'\u0153uvre espi\u00e8gle de Georg Herold. Les tableaux de David Czupryn peuvent donc \u00eatre consid\u00e9r\u00e9s sans d\u00e9tour comme des installations peintes, dans lesquelles le constructivisme, la cin\u00e9tique et le surr\u00e9alisme c\u00e9l\u00e8brent ironiquement leur naissance. Ou, en fran\u00e7ais moderne, Calder, Dal\u00ed et Herold se partagent l'application.A<\/p>\n<p>exposition :<br \/>\nKunsthalle Darmstadt, 27\/10\/2018 - 6\/1\/2019<\/p>","protected":false},"excerpt":{"rendered":"<p>Catalogue d'exposition, Kunsthalle Darmstadt, \u00e9d. par Le\u00f3n Krempel<br \/>\nInterview (all.\/ang.) avec l'artiste de Le\u00f3n Krempel<br \/>\n32 p. avec 17 illustrations en couleur et 21 en n\/b<br \/>\nformat 35 x 26,5 cm, broch\u00e9<\/p>","protected":false},"featured_media":4935,"template":"","meta":[],"product_brand":[],"product_cat":[95],"product_tag":[],"class_list":{"0":"post-3519","1":"product","2":"type-product","3":"status-publish","4":"has-post-thumbnail","6":"product_cat-vergriffen","8":"first","9":"outofstock","10":"taxable","11":"shipping-taxable","12":"product-type-simple"},"aioseo_notices":[],"_wp_attached_file":null,"_wp_attachment_metadata":null,"_wc_attachment_source":null,"_elementor_inline_svg":null,"_elementor_is_screenshot":null,"_elementor_source_image_hash":null,"_source_url":null,"_wp_attachment_context":null,"_menu_item_type":null,"_menu_item_menu_item_parent":null,"_menu_item_object_id":null,"_menu_item_object":null,"_menu_item_target":null,"_menu_item_classes":null,"_menu_item_xfn":null,"_menu_item_url":null,"__elementor_forms_snapshot":null,"_unit":"","_unit_base":"","_unit_product":"","_unit_price_auto":"no","_unit_price_regular":"","_unit_price":"","_unit_price_sale":"","_sale_price_label":"","_sale_price_regular_label":"","_manufacturer_slug":"","_mini_desc":"","_defect_description":"","_safety_instructions":"","_allergen_ids":[],"_warranty_attachment_id":"","_safety_attachment_ids":[],"_min_age":"","_ts_gtin":"","_ts_mpn":"","_delivery_time_countries":[],"_free_shipping":"no","_service":"no","_photovoltaic_system":"no","_used_good":"no","_defective_copy":"no","_wireless_electronic_device":"no","_device_contains_power_supply":"no","_device_charging_supports_usb_pd":"no","_device_charging_watt_min":"0","_device_charging_watt_max":"0","_is_food":"no","_differential_taxation":"no","_gzd_version":"3.18.7","_hs_code":"","_customs_description":"","_manufacture_country":"0","_is_non_returnable":"no","_shipping_length":"","_shipping_width":"","_shipping_height":"","_sku":"ISBN 978-3-86442-263-8","_global_unique_id":"978-3-86442-263-8","_regular_price":null,"total_sales":"0","_tax_status":"taxable","_tax_class":"","_manage_stock":"no","_backorders":"no","_sold_individually":"no","_weight":"1","_virtual":"no","_downloadable":"no","_download_limit":"-1","_download_expiry":"-1","_stock":"","_stock_status":"outofstock","_wc_average_rating":"0","_wc_review_count":"0","_product_version":"10.1.4","_price":"","shopengine_product_views_count":"2751","_thumbnail_id":"4935","_product_attributes":{"erscheinungsdatum":{"name":"Date de publication","value":"01.11.2018","position":0,"is_visible":1,"is_variation":0,"is_taxonomy":0,"checkout_visible":0}},"_nutrient_ids":[],"_upsell_ids":null,"pswc_subtitle":null,"_default_delivery_time":null,"_wp_desired_post_slug":null,"_isbn":null,"pageType":null,"isExternalUrl":null,"pageId":null,"externalUrl":null,"hideCookieBanner":null,"isTargetBlank":null,"isProviderCurrentWebsite":null,"isEmbeddingOnlyExternalResources":null,"legalBasis":null,"dataProcessingInCountries":null,"dataProcessingInCountriesSpecialTreatments":null,"technicalDefinitions":null,"googleConsentModeConsentTypes":null,"executePriority":null,"executeCodeOptInWhenNoTagManagerConsentIsGiven":null,"executeCodeOptOutWhenNoTagManagerConsentIsGiven":null,"deleteTechnicalDefinitionsAfterOptOut":null,"presetId":null,"presetVersion":null,"provider":null,"providerContactPhone":null,"providerContactEmail":null,"providerContactLink":null,"uniqueName":null,"providerPrivacyPolicyUrl":null,"providerLegalNoticeUrl":null,"codeOptIn":null,"codeOptOut":null,"codeOnPageLoad":null,"language_code":null,"shopengine_template__post_meta__type":null,"shopengine_template__post_meta":null,"shopengine_template__post_meta__edit_with":null,"origin":null,"_enabled":null,"_filters":null,"_layout":null,"_elementor_import_session_id":null,"_wp_trash_meta_status":null,"_wp_trash_meta_time":null,"_edit_lock":"1743592974:2","_elementor_floating_elements_type":null,"_elementor_edit_mode":null,"_elementor_template_type":null,"tc-thumb-fld":{"_thumb_id":4935,"_thumb_type":"thumb"},"_wp_page_template":"default","_elementor_version":null,"_elementor_pro_version":null,"_elementor_page_settings":null,"_elementor_data":null,"_elementor_conditions":null,"_elementor_popup_display_settings":null,"_edit_last":"2","_elementor_template_sub_type":null,"_elementor_controls_usage":null,"_elementor_screenshot":null,"_elementor_css":null,"_elementor_page_assets":[],"_elementor_element_cache":null,"_elementor_screenshot_failed":null,"_elementor_source":null,"_wp_old_date":null,"layout_key":"","post_slider_check_key":"0","_links":{"self":[{"href":"https:\/\/snoeck.de\/fr\/wp-json\/wp\/v2\/product\/3519","targetHints":{"allow":["GET"]}}],"collection":[{"href":"https:\/\/snoeck.de\/fr\/wp-json\/wp\/v2\/product"}],"about":[{"href":"https:\/\/snoeck.de\/fr\/wp-json\/wp\/v2\/types\/product"}],"wp:featuredmedia":[{"embeddable":true,"href":"https:\/\/snoeck.de\/fr\/wp-json\/wp\/v2\/media\/4935"}],"wp:attachment":[{"href":"https:\/\/snoeck.de\/fr\/wp-json\/wp\/v2\/media?parent=3519"}],"wp:term":[{"taxonomy":"product_brand","embeddable":true,"href":"https:\/\/snoeck.de\/fr\/wp-json\/wp\/v2\/product_brand?post=3519"},{"taxonomy":"product_cat","embeddable":true,"href":"https:\/\/snoeck.de\/fr\/wp-json\/wp\/v2\/product_cat?post=3519"},{"taxonomy":"product_tag","embeddable":true,"href":"https:\/\/snoeck.de\/fr\/wp-json\/wp\/v2\/product_tag?post=3519"}],"curies":[{"name":"wp","href":"https:\/\/api.w.org\/{rel}","templated":true}]}}