{"id":3520,"date":"2025-01-31T11:29:55","date_gmt":"2025-01-31T11:29:55","guid":{"rendered":"https:\/\/snoeck.process-vision.de\/shop\/dark-matter-thomas-ruff-james-welling\/"},"modified":"2025-04-02T11:20:14","modified_gmt":"2025-04-02T11:20:14","slug":"dark-matter-thomas-ruff-james-welling","status":"publish","type":"product","link":"https:\/\/snoeck.de\/fr\/shop\/dark-matter-thomas-ruff-james-welling\/","title":{"rendered":"Dark Matter - Thomas Ruff &amp; James Welling"},"content":{"rendered":"<h3>Connections<\/h3>\n<p>Thomas Ruff (*1958) et James Welling (*1951) comptent parmi les artistes photographes les plus connus de notre \u00e9poque. Dans leurs \u0153uvres, ils explorent les conditions de la perception visuelle, notamment en ce qui concerne notre utilisation de l'appareil photographique, et le conditionnement de notre vision du monde par les images photographiques. L'exposition \"Mati\u00e8re noire. Thomas Ruff et James Welling\" et le catalogue d'accompagnement du m\u00eame nom se concentrent sur des travaux qui apportent de nouvelles possibilit\u00e9s \u00e0 l'image photographique et \u00e9largissent notre capacit\u00e9 d'imagination. Nous percevons notre environnement de mani\u00e8re subjective, nous le voyons et le ressentons sur fond de ce que nous pouvons saisir et comprendre dans des images et des mots traditionnels. Environ quatre-vingt pour cent de la mati\u00e8re dans l'univers est compos\u00e9e d'une substance que nous ne connaissons pas : La mati\u00e8re noire. En est-il de m\u00eame pour l'image photographique ? Cache-t-elle plus qu'elle ne montre ?<\/p>\n<p>Exposition :<br \/>\nKunsthalle Bielefeld, 5\/11\/2022 - 5\/3\/2023<\/p>","protected":false},"excerpt":{"rendered":"<p>Catalogue d'exposition, Kunsthalle Bielefeld, \u00e9d. par Christina V\u00e9gh<br \/>\nTextes (all.\/ang.) de Stefan Gronert, Rob Slifkin, Christina V\u00e9gh, Felicitas von Richthofen<br \/>\n176 p. avec 120 illustrations en couleur<br \/>\nformat 26,5 x 22 cm, brochure \u00e0 rabats comme livre r\u00e9versible<\/p>","protected":false},"featured_media":4936,"template":"","meta":[],"product_brand":[],"product_cat":[87,61,70,75,80],"product_tag":[],"class_list":{"0":"post-3520","1":"product","2":"type-product","3":"status-publish","4":"has-post-thumbnail","6":"product_cat-87","7":"product_cat-d","8":"product_cat-m","9":"product_cat-r","10":"product_cat-w","12":"first","13":"instock","14":"taxable","15":"shipping-taxable","16":"purchasable","17":"product-type-simple"},"aioseo_notices":[],"_wp_attached_file":null,"_wp_attachment_metadata":null,"_wc_attachment_source":null,"_elementor_inline_svg":null,"_elementor_is_screenshot":null,"_elementor_source_image_hash":null,"_source_url":null,"_wp_attachment_context":null,"_menu_item_type":null,"_menu_item_menu_item_parent":null,"_menu_item_object_id":null,"_menu_item_object":null,"_menu_item_target":null,"_menu_item_classes":null,"_menu_item_xfn":null,"_menu_item_url":null,"__elementor_forms_snapshot":null,"_unit":"","_unit_base":"","_unit_product":"","_unit_price_auto":"no","_unit_price_regular":"","_unit_price":"","_unit_price_sale":"","_sale_price_label":"","_sale_price_regular_label":"","_manufacturer_slug":"","_mini_desc":"","_defect_description":"","_safety_instructions":"","_allergen_ids":[],"_warranty_attachment_id":"","_safety_attachment_ids":[],"_min_age":"","_ts_gtin":"","_ts_mpn":"","_delivery_time_countries":[],"_free_shipping":"no","_service":"no","_photovoltaic_system":"no","_used_good":"no","_defective_copy":"no","_wireless_electronic_device":"no","_device_contains_power_supply":"no","_device_charging_supports_usb_pd":"no","_device_charging_watt_min":"0","_device_charging_watt_max":"0","_is_food":"no","_differential_taxation":"no","_gzd_version":"3.18.7","_hs_code":"","_customs_description":"","_manufacture_country":"0","_is_non_returnable":"no","_shipping_length":"","_shipping_width":"","_shipping_height":"","_sku":"ISBN 978-3-86442-403-8","_global_unique_id":"978-3-86442-403-8","_regular_price":"39.8","total_sales":"0","_tax_status":"taxable","_tax_class":"","_manage_stock":"no","_backorders":"no","_sold_individually":"no","_weight":"1","_virtual":"no","_downloadable":"no","_download_limit":"-1","_download_expiry":"-1","_stock":"","_stock_status":"instock","_wc_average_rating":"0","_wc_review_count":"0","_product_version":"9.7.1","_price":"39.8","shopengine_product_views_count":"3089","_thumbnail_id":"4936","_product_attributes":{"erscheinungsdatum":{"name":"Erscheinungsdatum","value":"21.04.2023","position":0,"is_visible":1,"is_variation":0,"is_taxonomy":0,"checkout_visible":0}},"_nutrient_ids":[],"_upsell_ids":null,"pswc_subtitle":null,"_default_delivery_time":"","_wp_desired_post_slug":null,"_isbn":null,"pageType":null,"isExternalUrl":null,"pageId":null,"externalUrl":null,"hideCookieBanner":null,"isTargetBlank":null,"isProviderCurrentWebsite":null,"isEmbeddingOnlyExternalResources":null,"legalBasis":null,"dataProcessingInCountries":null,"dataProcessingInCountriesSpecialTreatments":null,"technicalDefinitions":null,"googleConsentModeConsentTypes":null,"executePriority":null,"executeCodeOptInWhenNoTagManagerConsentIsGiven":null,"executeCodeOptOutWhenNoTagManagerConsentIsGiven":null,"deleteTechnicalDefinitionsAfterOptOut":null,"presetId":null,"presetVersion":null,"provider":null,"providerContactPhone":null,"providerContactEmail":null,"providerContactLink":null,"uniqueName":null,"providerPrivacyPolicyUrl":null,"providerLegalNoticeUrl":null,"codeOptIn":null,"codeOptOut":null,"codeOnPageLoad":null,"language_code":null,"shopengine_template__post_meta__type":null,"shopengine_template__post_meta":null,"shopengine_template__post_meta__edit_with":null,"origin":null,"_enabled":null,"_filters":null,"_layout":null,"_elementor_import_session_id":null,"_wp_trash_meta_status":null,"_wp_trash_meta_time":null,"_edit_lock":"1743592675:2","_elementor_floating_elements_type":null,"_elementor_edit_mode":null,"_elementor_template_type":null,"tc-thumb-fld":{"_thumb_id":4936,"_thumb_type":"thumb"},"_wp_page_template":"default","_elementor_version":null,"_elementor_pro_version":null,"_elementor_page_settings":null,"_elementor_data":null,"_elementor_conditions":null,"_elementor_popup_display_settings":null,"_edit_last":"2","_elementor_template_sub_type":null,"_elementor_controls_usage":null,"_elementor_screenshot":null,"_elementor_css":null,"_elementor_page_assets":[],"_elementor_element_cache":null,"_elementor_screenshot_failed":null,"_elementor_source":null,"_wp_old_date":null,"layout_key":"","post_slider_check_key":"0","_links":{"self":[{"href":"https:\/\/snoeck.de\/fr\/wp-json\/wp\/v2\/product\/3520","targetHints":{"allow":["GET"]}}],"collection":[{"href":"https:\/\/snoeck.de\/fr\/wp-json\/wp\/v2\/product"}],"about":[{"href":"https:\/\/snoeck.de\/fr\/wp-json\/wp\/v2\/types\/product"}],"wp:featuredmedia":[{"embeddable":true,"href":"https:\/\/snoeck.de\/fr\/wp-json\/wp\/v2\/media\/4936"}],"wp:attachment":[{"href":"https:\/\/snoeck.de\/fr\/wp-json\/wp\/v2\/media?parent=3520"}],"wp:term":[{"taxonomy":"product_brand","embeddable":true,"href":"https:\/\/snoeck.de\/fr\/wp-json\/wp\/v2\/product_brand?post=3520"},{"taxonomy":"product_cat","embeddable":true,"href":"https:\/\/snoeck.de\/fr\/wp-json\/wp\/v2\/product_cat?post=3520"},{"taxonomy":"product_tag","embeddable":true,"href":"https:\/\/snoeck.de\/fr\/wp-json\/wp\/v2\/product_tag?post=3520"}],"curies":[{"name":"wp","href":"https:\/\/api.w.org\/{rel}","templated":true}]}}