{"id":3521,"date":"2025-01-31T11:29:56","date_gmt":"2025-01-31T11:29:56","guid":{"rendered":"https:\/\/snoeck.process-vision.de\/shop\/daumenkino-the-flip-book-show\/"},"modified":"2025-04-02T11:17:50","modified_gmt":"2025-04-02T11:17:50","slug":"daumenkino-the-flip-book-show","status":"publish","type":"product","link":"https:\/\/snoeck.de\/fr\/shop\/daumenkino-the-flip-book-show\/","title":{"rendered":"Folioscope - The Flip Book Show"},"content":{"rendered":"<h3>Cherch\u00e9 - Trouv\u00e9 - D\u00e9terr\u00e9<\/h3>\n<p>En mettant un peu d'ordre dans notre cave, nous sommes tomb\u00e9s sur deux cartons que nous avions rang\u00e9s par pr\u00e9caution il y a 20 ans et que nous avions ensuite oubli\u00e9s. L'exposition \u00e0 la Kunsthalle de D\u00fcsseldorf (7\/5 - 21\/8\/2005) avait connu un grand succ\u00e8s \u00e0 l'\u00e9poque et le livre avait \u00e9t\u00e9 rapidement \u00e9puis\u00e9. Voici le texte de l'annonce de notre pr\u00e9sentation du printemps 2005 : \"A la fois livre et mini-cin\u00e9ma de poche, s\u00e9rie d'images et r\u00e9cit, le folioscope est un objet \u00e0 appr\u00e9hender en premier lieu de mani\u00e8re haptique. Le folioscope est un livre qui se transforme bri\u00e8vement en cin\u00e9ma, une s\u00e9rie d'images dont la narration se d\u00e9roule en les regardant, un objet que l'on doit toucher pour qu'il raconte une histoire. La publication \"Folioscope\" d\u00e9crit les processus et m\u00e9dias historiques de la g\u00e9n\u00e9ration d'images et comble en outre la lacune dans la recherche scientifique entre les premiers m\u00e9dias de l'image en mouvement et l'art contemporain, en prenant en compte le folioscope comme un m\u00e9dia peu consid\u00e9r\u00e9, mais connu de tous et omnipr\u00e9sent. Ainsi, en plus des diverses repr\u00e9sentations d'appareils historiques, de brevets et de livres historiques, les folioscopes d'artistes contemporains sont document\u00e9s et r\u00e9pertori\u00e9s, entre autres par : Pedro Almodovar, John Baldessari, Angela Bulloch, Tacita Dean, Gilbert &amp; George, Jean-Luc Godard, Douglas Gordon, Keith Haring, William Kentridge, Jonathan Monk, Bruce Nauman, Tony Oursler, Andy Warhol et bien d'autres.<\/p>\n<p>Exposition :<br \/>\nKunsthalle D\u00fcsseldorf, 7\/5 - 17\/7\/2005<\/p>","protected":false},"excerpt":{"rendered":"<p>Catalogue d'exposition, Kunsthalle D\u00fcsseldorf, \u00e9d. par Ulrike Groos<br \/>\nTextes (all.) de J\u00f6rg Jochen Berns, Peter Bexte, John Canemaker, Pascal Fouch\u00e9, Daniel Gethmann, Christine Lebrat, Anne Moeglin-Delcroix, Christoph Benjamin Schulz, Cecile Starr, Jens Thiele<br \/>\n336 p. avec env. 2.500 ill.<br \/>\nformat 30 x 23,5 cm, broch\u00e9<\/p>","protected":false},"featured_media":4937,"template":"","meta":[],"product_brand":[],"product_cat":[114,61,63,90],"product_tag":[],"class_list":{"0":"post-3521","1":"product","2":"type-product","3":"status-publish","4":"has-post-thumbnail","6":"product_cat-114","7":"product_cat-d","8":"product_cat-f","9":"product_cat-rare-books","11":"first","12":"instock","13":"taxable","14":"shipping-taxable","15":"purchasable","16":"product-type-simple"},"aioseo_notices":[],"_wp_attached_file":null,"_wp_attachment_metadata":null,"_wc_attachment_source":null,"_elementor_inline_svg":null,"_elementor_is_screenshot":null,"_elementor_source_image_hash":null,"_source_url":null,"_wp_attachment_context":null,"_menu_item_type":null,"_menu_item_menu_item_parent":null,"_menu_item_object_id":null,"_menu_item_object":null,"_menu_item_target":null,"_menu_item_classes":null,"_menu_item_xfn":null,"_menu_item_url":null,"__elementor_forms_snapshot":null,"_unit":"","_unit_base":"","_unit_product":"","_unit_price_auto":"no","_unit_price_regular":"","_unit_price":"","_unit_price_sale":"","_sale_price_label":"","_sale_price_regular_label":"","_manufacturer_slug":"","_mini_desc":"","_defect_description":"","_safety_instructions":"","_allergen_ids":[],"_warranty_attachment_id":"","_safety_attachment_ids":[],"_min_age":"","_ts_gtin":"","_ts_mpn":"","_delivery_time_countries":[],"_free_shipping":"no","_service":"no","_photovoltaic_system":"no","_used_good":"no","_defective_copy":"no","_wireless_electronic_device":"no","_device_contains_power_supply":"no","_device_charging_supports_usb_pd":"no","_device_charging_watt_min":"0","_device_charging_watt_max":"0","_is_food":"no","_differential_taxation":"no","_gzd_version":"3.18.7","_hs_code":"","_customs_description":"","_manufacture_country":"0","_is_non_returnable":"no","_shipping_length":"","_shipping_width":"","_shipping_height":"","_sku":"ISBN 978-3-936859-26-3","_global_unique_id":"978-3-936859-26-3","_regular_price":"98","total_sales":"0","_tax_status":"taxable","_tax_class":"","_manage_stock":"no","_backorders":"no","_sold_individually":"no","_weight":"2","_virtual":"no","_downloadable":"no","_download_limit":"-1","_download_expiry":"-1","_stock":"","_stock_status":"instock","_wc_average_rating":"0","_wc_review_count":"0","_product_version":"9.7.1","_price":"98","shopengine_product_views_count":"2986","_thumbnail_id":"4937","_product_attributes":{"erscheinungsdatum":{"name":"Date de publication","value":"07.05.2005","position":0,"is_visible":1,"is_variation":0,"is_taxonomy":0,"checkout_visible":0}},"_nutrient_ids":[],"_upsell_ids":null,"pswc_subtitle":null,"_default_delivery_time":"","_wp_desired_post_slug":null,"_isbn":null,"pageType":null,"isExternalUrl":null,"pageId":null,"externalUrl":null,"hideCookieBanner":null,"isTargetBlank":null,"isProviderCurrentWebsite":null,"isEmbeddingOnlyExternalResources":null,"legalBasis":null,"dataProcessingInCountries":null,"dataProcessingInCountriesSpecialTreatments":null,"technicalDefinitions":null,"googleConsentModeConsentTypes":null,"executePriority":null,"executeCodeOptInWhenNoTagManagerConsentIsGiven":null,"executeCodeOptOutWhenNoTagManagerConsentIsGiven":null,"deleteTechnicalDefinitionsAfterOptOut":null,"presetId":null,"presetVersion":null,"provider":null,"providerContactPhone":null,"providerContactEmail":null,"providerContactLink":null,"uniqueName":null,"providerPrivacyPolicyUrl":null,"providerLegalNoticeUrl":null,"codeOptIn":null,"codeOptOut":null,"codeOnPageLoad":null,"language_code":null,"shopengine_template__post_meta__type":null,"shopengine_template__post_meta":null,"shopengine_template__post_meta__edit_with":null,"origin":null,"_enabled":null,"_filters":null,"_layout":null,"_elementor_import_session_id":null,"_wp_trash_meta_status":null,"_wp_trash_meta_time":null,"_edit_lock":"1743592533:2","_elementor_floating_elements_type":null,"_elementor_edit_mode":null,"_elementor_template_type":null,"tc-thumb-fld":{"_thumb_id":4937,"_thumb_type":"thumb"},"_wp_page_template":"default","_elementor_version":null,"_elementor_pro_version":null,"_elementor_page_settings":null,"_elementor_data":null,"_elementor_conditions":null,"_elementor_popup_display_settings":null,"_edit_last":"2","_elementor_template_sub_type":null,"_elementor_controls_usage":null,"_elementor_screenshot":null,"_elementor_css":null,"_elementor_page_assets":[],"_elementor_element_cache":null,"_elementor_screenshot_failed":null,"_elementor_source":null,"_wp_old_date":null,"layout_key":"","post_slider_check_key":"0","_links":{"self":[{"href":"https:\/\/snoeck.de\/fr\/wp-json\/wp\/v2\/product\/3521","targetHints":{"allow":["GET"]}}],"collection":[{"href":"https:\/\/snoeck.de\/fr\/wp-json\/wp\/v2\/product"}],"about":[{"href":"https:\/\/snoeck.de\/fr\/wp-json\/wp\/v2\/types\/product"}],"wp:featuredmedia":[{"embeddable":true,"href":"https:\/\/snoeck.de\/fr\/wp-json\/wp\/v2\/media\/4937"}],"wp:attachment":[{"href":"https:\/\/snoeck.de\/fr\/wp-json\/wp\/v2\/media?parent=3521"}],"wp:term":[{"taxonomy":"product_brand","embeddable":true,"href":"https:\/\/snoeck.de\/fr\/wp-json\/wp\/v2\/product_brand?post=3521"},{"taxonomy":"product_cat","embeddable":true,"href":"https:\/\/snoeck.de\/fr\/wp-json\/wp\/v2\/product_cat?post=3521"},{"taxonomy":"product_tag","embeddable":true,"href":"https:\/\/snoeck.de\/fr\/wp-json\/wp\/v2\/product_tag?post=3521"}],"curies":[{"name":"wp","href":"https:\/\/api.w.org\/{rel}","templated":true}]}}