{"id":3522,"date":"2025-01-31T11:29:57","date_gmt":"2025-01-31T11:29:57","guid":{"rendered":"https:\/\/snoeck.process-vision.de\/shop\/katja-davar\/"},"modified":"2026-04-08T15:21:44","modified_gmt":"2026-04-08T14:21:44","slug":"katja-davar","status":"publish","type":"product","link":"https:\/\/snoeck.de\/fr\/shop\/katja-davar\/","title":{"rendered":"Katja Davar"},"content":{"rendered":"<h3>Gaze \u00e9lectrique \u00e0 filer<\/h3>\n<p>Avec \"Electric Spinning Gaze\", Katja Davar explore, \u00e0 travers les processus de pliage et de d\u00e9pliage, d'ouverture et de fermeture des ailes, le processus de m\u00e9tamorphose aussi bien sur sc\u00e8ne que dans la nature, mettant ainsi en \u00e9vidence le lien entre les deux sph\u00e8res (culture et nature). Le point de d\u00e9part est la Serpentine Dance de la danseuse, chor\u00e9graphe et inventrice am\u00e9ricaine Lo\u00efe Fuller (1862-1928), qui, peu avant l'av\u00e8nement du cin\u00e9ma, a d\u00e9velopp\u00e9 des chor\u00e9graphies abstraites avec des costumes de soie ondulants, des lumi\u00e8res color\u00e9es et des projections de la lanterne magique. Dans le projet de Katja Davar, le tissu de soie, film\u00e9 par une cam\u00e9ra \u00e0 haute vitesse, devient une surface de projection dynamique sur laquelle les \u00e9tudes artistiques de lumi\u00e8re et de couleur, ainsi que la po\u00e9sie lyrique de l'\u00e9poque, se fondent dans l'illusion num\u00e9rique. Une s\u00e9rie de dessins abstraits au crayon de grand format - inspir\u00e9s par les \u00e9tudes de v\u00eatements de Matthias Gr\u00fcnewald (vers 1511) - compl\u00e8te le mat\u00e9riel cin\u00e9matographique et met en sc\u00e8ne des personnages dont les pliss\u00e9s sinueux semblent avoir remplac\u00e9 le corps humain. Annelie Pohlen en conclut dans sa critique dans le \"Kunstforum\" (8\/2019) : \"Ind\u00e9niablement, cela lib\u00e8re la sc\u00e8ne pour un jeu de r\u00f4le subversif du sexe f\u00e9minin. Mais ce qui brille avant tout dans cette mise en sc\u00e8ne, c'est la pulv\u00e9risation complexe par Davar de toutes les attributions formelles et contextuelles\".<\/p>\n<p>Expositions :<br \/>\nMus\u00e9e de la sculpture Glaskasten Marl, 16\/6-22\/9\/2019<br \/>\nAssociation artistique de Heilbronn, 18\/10-29\/11\/2020<\/p>","protected":false},"excerpt":{"rendered":"<p>Catalogue d'exposition, Skulpturenmuseum Glaskasten Marl, Kunstverein Heilbronn, \u00e9d. par Georg Elben, Matthia L\u00f6bke<br \/>\nTextes (all.\/ang.) de Marie-Luise Angerer, Ilka Becker, Maria Spitz, Matthia L\u00f6bke en discussion avec Katja Davar<br \/>\n192 p. avec 120 illustrations en couleur et 22 en noir et blanc<br \/>\nformat 29,7 x 23 cm, brochure \u00e0 rabats<\/p>","protected":false},"featured_media":4938,"template":"","meta":[],"product_brand":[],"product_cat":[95],"product_tag":[],"class_list":{"0":"post-3522","1":"product","2":"type-product","3":"status-publish","4":"has-post-thumbnail","6":"product_cat-vergriffen","8":"first","9":"outofstock","10":"taxable","11":"shipping-taxable","12":"product-type-simple"},"aioseo_notices":[],"_wp_attached_file":null,"_wp_attachment_metadata":null,"_wc_attachment_source":null,"_elementor_inline_svg":null,"_elementor_is_screenshot":null,"_elementor_source_image_hash":null,"_source_url":null,"_wp_attachment_context":null,"_menu_item_type":null,"_menu_item_menu_item_parent":null,"_menu_item_object_id":null,"_menu_item_object":null,"_menu_item_target":null,"_menu_item_classes":null,"_menu_item_xfn":null,"_menu_item_url":null,"__elementor_forms_snapshot":null,"_unit":"","_unit_base":"","_unit_product":"","_unit_price_auto":"no","_unit_price_regular":"","_unit_price":"","_unit_price_sale":"","_sale_price_label":"","_sale_price_regular_label":"","_manufacturer_slug":"","_mini_desc":"","_defect_description":"","_safety_instructions":"","_allergen_ids":[],"_warranty_attachment_id":"","_safety_attachment_ids":[],"_min_age":"","_ts_gtin":"","_ts_mpn":"","_delivery_time_countries":[],"_free_shipping":"no","_service":"no","_photovoltaic_system":"no","_used_good":"no","_defective_copy":"no","_wireless_electronic_device":"no","_device_contains_power_supply":"no","_device_charging_supports_usb_pd":"no","_device_charging_watt_min":"0","_device_charging_watt_max":"0","_is_food":"no","_differential_taxation":"no","_gzd_version":"3.18.7","_hs_code":"","_customs_description":"","_manufacture_country":"0","_is_non_returnable":"no","_shipping_length":"","_shipping_width":"","_shipping_height":"","_sku":"ISBN 978-3-86442-307-9","_global_unique_id":"978-3-86442-307-9","_regular_price":null,"total_sales":"0","_tax_status":"taxable","_tax_class":"","_manage_stock":"no","_backorders":"no","_sold_individually":"no","_weight":"2","_virtual":"no","_downloadable":"no","_download_limit":"-1","_download_expiry":"-1","_stock":"","_stock_status":"outofstock","_wc_average_rating":"0","_wc_review_count":"0","_product_version":"10.1.4","_price":"","shopengine_product_views_count":"2906","_thumbnail_id":"4938","_product_attributes":{"erscheinungsdatum":{"name":"Date de publication","value":"21.08.2020","position":0,"is_visible":1,"is_variation":0,"is_taxonomy":0,"checkout_visible":0}},"_nutrient_ids":[],"_upsell_ids":null,"pswc_subtitle":null,"_default_delivery_time":null,"_wp_desired_post_slug":null,"_isbn":null,"pageType":null,"isExternalUrl":null,"pageId":null,"externalUrl":null,"hideCookieBanner":null,"isTargetBlank":null,"isProviderCurrentWebsite":null,"isEmbeddingOnlyExternalResources":null,"legalBasis":null,"dataProcessingInCountries":null,"dataProcessingInCountriesSpecialTreatments":null,"technicalDefinitions":null,"googleConsentModeConsentTypes":null,"executePriority":null,"executeCodeOptInWhenNoTagManagerConsentIsGiven":null,"executeCodeOptOutWhenNoTagManagerConsentIsGiven":null,"deleteTechnicalDefinitionsAfterOptOut":null,"presetId":null,"presetVersion":null,"provider":null,"providerContactPhone":null,"providerContactEmail":null,"providerContactLink":null,"uniqueName":null,"providerPrivacyPolicyUrl":null,"providerLegalNoticeUrl":null,"codeOptIn":null,"codeOptOut":null,"codeOnPageLoad":null,"language_code":null,"shopengine_template__post_meta__type":null,"shopengine_template__post_meta":null,"shopengine_template__post_meta__edit_with":null,"origin":null,"_enabled":null,"_filters":null,"_layout":null,"_elementor_import_session_id":null,"_wp_trash_meta_status":null,"_wp_trash_meta_time":null,"_edit_lock":"1743592248:2","_elementor_floating_elements_type":null,"_elementor_edit_mode":null,"_elementor_template_type":null,"tc-thumb-fld":{"_thumb_id":4938,"_thumb_type":"thumb"},"_wp_page_template":"default","_elementor_version":null,"_elementor_pro_version":null,"_elementor_page_settings":null,"_elementor_data":null,"_elementor_conditions":null,"_elementor_popup_display_settings":null,"_edit_last":"2","_elementor_template_sub_type":null,"_elementor_controls_usage":null,"_elementor_screenshot":null,"_elementor_css":null,"_elementor_page_assets":[],"_elementor_element_cache":null,"_elementor_screenshot_failed":null,"_elementor_source":null,"_wp_old_date":null,"layout_key":"","post_slider_check_key":"0","_links":{"self":[{"href":"https:\/\/snoeck.de\/fr\/wp-json\/wp\/v2\/product\/3522","targetHints":{"allow":["GET"]}}],"collection":[{"href":"https:\/\/snoeck.de\/fr\/wp-json\/wp\/v2\/product"}],"about":[{"href":"https:\/\/snoeck.de\/fr\/wp-json\/wp\/v2\/types\/product"}],"wp:featuredmedia":[{"embeddable":true,"href":"https:\/\/snoeck.de\/fr\/wp-json\/wp\/v2\/media\/4938"}],"wp:attachment":[{"href":"https:\/\/snoeck.de\/fr\/wp-json\/wp\/v2\/media?parent=3522"}],"wp:term":[{"taxonomy":"product_brand","embeddable":true,"href":"https:\/\/snoeck.de\/fr\/wp-json\/wp\/v2\/product_brand?post=3522"},{"taxonomy":"product_cat","embeddable":true,"href":"https:\/\/snoeck.de\/fr\/wp-json\/wp\/v2\/product_cat?post=3522"},{"taxonomy":"product_tag","embeddable":true,"href":"https:\/\/snoeck.de\/fr\/wp-json\/wp\/v2\/product_tag?post=3522"}],"curies":[{"name":"wp","href":"https:\/\/api.w.org\/{rel}","templated":true}]}}