{"id":3523,"date":"2025-01-31T11:29:57","date_gmt":"2025-01-31T11:29:57","guid":{"rendered":"https:\/\/snoeck.process-vision.de\/shop\/solweig-de-barry-zwischen-dicht-und-duenn\/"},"modified":"2025-04-02T11:14:20","modified_gmt":"2025-04-02T11:14:20","slug":"solweig-de-barry-zwischen-dicht-und-duenn","status":"publish","type":"product","link":"https:\/\/snoeck.de\/fr\/shop\/solweig-de-barry-zwischen-dicht-und-duenn\/","title":{"rendered":"Solweig de Barry : entre densit\u00e9 et minceur"},"content":{"rendered":"<h3>Vers le soleil vers la lumi\u00e8re<\/h3>\n<p>L'une des qualit\u00e9s particuli\u00e8res de la peinture de Solweig de Barry (*1987 \u00e0 Strasbourg, vit et travaille \u00e0 Berlin) est l'\u00e9quilibre entre l'allusion et la formulation, entre la distance conceptuelle et l'intuition, entre la figuration et l'abstraction. L'exposition au Kunstverein Heilbronn est la premi\u00e8re pr\u00e9sentation individuelle d'envergure de son travail dans une institution, avec des \u0153uvres sur toile et un vitrail sur la grande baie vitr\u00e9e du Kunstverein. Depuis le d\u00e9but de l'\u00e8re gothique, les artistes* se demandent comment peindre avec la lumi\u00e8re. Les cath\u00e9drales de Chartres ou d'Amiens, la chapelle Notre Dame du Ronchamp de Le Corbusier ou les vitraux d'artistes contemporains comme Gerhard Richter \u00e0 Tholey ou plus r\u00e9cemment Olafur Eliasson \u00e0 Greifswald, pour n'en citer que quelques-uns, en t\u00e9moignent. Mais tous ont en commun le fait que la couleur et le verre sont solidement li\u00e9s par le processus technique de fabrication. Solweig de Barry, en revanche, a cherch\u00e9 pour son travail une possibilit\u00e9 de r\u00e9aliser des peintures in situ sur des vitres dont la couleur produit le m\u00eame effet translucide que l'art classique du verre, car la plupart des peintures du commerce, comme les peintures au doigt ou m\u00eame les laques, une fois appliqu\u00e9es, ne projettent qu'une ombre grise ou noire sur le sol. Le proc\u00e9d\u00e9 qu'elle a maintenant d\u00e9velopp\u00e9 pour le vitrail en exp\u00e9rimentant avec des encres et des vernis lui ouvre la possibilit\u00e9 d'\u00e9tendre la peinture bidimensionnelle dans l'espace, de travailler avec des reflets et des r\u00e9p\u00e9titions, d'int\u00e9grer le mouvement du soleil et de la lumi\u00e8re.<\/p>\n<p>Exposition :<br \/>\nAssociation artistique de Heilbronn, 18\/5 - 8\/9\/2024<\/p>","protected":false},"excerpt":{"rendered":"<p>Catalogue d'exposition, Kunstverein Heilbronn, \u00e9d. par Matthia L\u00f6bke<br \/>\nTexte (all.\/ang.\/fr.) de Matthia L\u00f6bke<br \/>\n40 p. avec 20 illustrations en couleur<br \/>\nformat 24 x 17 cm, broch\u00e9 avec jaquette transparente<\/p>","protected":false},"featured_media":4939,"template":"","meta":[],"product_brand":[],"product_cat":[88,59,61],"product_tag":[],"class_list":{"0":"post-3523","1":"product","2":"type-product","3":"status-publish","4":"has-post-thumbnail","6":"product_cat-88","7":"product_cat-b","8":"product_cat-d","10":"first","11":"instock","12":"taxable","13":"shipping-taxable","14":"purchasable","15":"product-type-simple"},"aioseo_notices":[],"_wp_attached_file":null,"_wp_attachment_metadata":null,"_wc_attachment_source":null,"_elementor_inline_svg":null,"_elementor_is_screenshot":null,"_elementor_source_image_hash":null,"_source_url":null,"_wp_attachment_context":null,"_menu_item_type":null,"_menu_item_menu_item_parent":null,"_menu_item_object_id":null,"_menu_item_object":null,"_menu_item_target":null,"_menu_item_classes":null,"_menu_item_xfn":null,"_menu_item_url":null,"__elementor_forms_snapshot":null,"_unit":"","_unit_base":"","_unit_product":"","_unit_price_auto":"no","_unit_price_regular":"","_unit_price":"","_unit_price_sale":"","_sale_price_label":"","_sale_price_regular_label":"","_manufacturer_slug":"","_mini_desc":"","_defect_description":"","_safety_instructions":"","_allergen_ids":[],"_warranty_attachment_id":"","_safety_attachment_ids":[],"_min_age":"","_ts_gtin":"","_ts_mpn":"","_delivery_time_countries":[],"_free_shipping":"no","_service":"no","_photovoltaic_system":"no","_used_good":"no","_defective_copy":"no","_wireless_electronic_device":"no","_device_contains_power_supply":"no","_device_charging_supports_usb_pd":"no","_device_charging_watt_min":"0","_device_charging_watt_max":"0","_is_food":"no","_differential_taxation":"no","_gzd_version":"3.18.7","_hs_code":"","_customs_description":"","_manufacture_country":"0","_is_non_returnable":"no","_shipping_length":"","_shipping_width":"","_shipping_height":"","_sku":"ISBN 978-3-86442-444-1","_global_unique_id":"978-3-86442-444-1","_regular_price":"24.8","total_sales":"0","_tax_status":"taxable","_tax_class":"","_manage_stock":"no","_backorders":"no","_sold_individually":"no","_weight":"1","_virtual":"no","_downloadable":"no","_download_limit":"-1","_download_expiry":"-1","_stock":"","_stock_status":"instock","_wc_average_rating":"0","_wc_review_count":"0","_product_version":"9.7.1","_price":"24.8","shopengine_product_views_count":"2741","_thumbnail_id":"4939","_product_attributes":{"erscheinungsdatum":{"name":"Date de publication","value":"18.07.2024","position":0,"is_visible":1,"is_variation":0,"is_taxonomy":0,"checkout_visible":0}},"_nutrient_ids":[],"_upsell_ids":null,"pswc_subtitle":null,"_default_delivery_time":null,"_wp_desired_post_slug":null,"_isbn":null,"pageType":null,"isExternalUrl":null,"pageId":null,"externalUrl":null,"hideCookieBanner":null,"isTargetBlank":null,"isProviderCurrentWebsite":null,"isEmbeddingOnlyExternalResources":null,"legalBasis":null,"dataProcessingInCountries":null,"dataProcessingInCountriesSpecialTreatments":null,"technicalDefinitions":null,"googleConsentModeConsentTypes":null,"executePriority":null,"executeCodeOptInWhenNoTagManagerConsentIsGiven":null,"executeCodeOptOutWhenNoTagManagerConsentIsGiven":null,"deleteTechnicalDefinitionsAfterOptOut":null,"presetId":null,"presetVersion":null,"provider":null,"providerContactPhone":null,"providerContactEmail":null,"providerContactLink":null,"uniqueName":null,"providerPrivacyPolicyUrl":null,"providerLegalNoticeUrl":null,"codeOptIn":null,"codeOptOut":null,"codeOnPageLoad":null,"language_code":null,"shopengine_template__post_meta__type":null,"shopengine_template__post_meta":null,"shopengine_template__post_meta__edit_with":null,"origin":null,"_enabled":null,"_filters":null,"_layout":null,"_elementor_import_session_id":null,"_wp_trash_meta_status":null,"_wp_trash_meta_time":null,"_edit_lock":"1743592320:2","_elementor_floating_elements_type":null,"_elementor_edit_mode":null,"_elementor_template_type":null,"tc-thumb-fld":{"_thumb_id":4939,"_thumb_type":"thumb"},"_wp_page_template":"default","_elementor_version":null,"_elementor_pro_version":null,"_elementor_page_settings":null,"_elementor_data":null,"_elementor_conditions":null,"_elementor_popup_display_settings":null,"_edit_last":"2","_elementor_template_sub_type":null,"_elementor_controls_usage":null,"_elementor_screenshot":null,"_elementor_css":null,"_elementor_page_assets":[],"_elementor_element_cache":null,"_elementor_screenshot_failed":null,"_elementor_source":null,"_wp_old_date":null,"layout_key":"","post_slider_check_key":"0","_links":{"self":[{"href":"https:\/\/snoeck.de\/fr\/wp-json\/wp\/v2\/product\/3523","targetHints":{"allow":["GET"]}}],"collection":[{"href":"https:\/\/snoeck.de\/fr\/wp-json\/wp\/v2\/product"}],"about":[{"href":"https:\/\/snoeck.de\/fr\/wp-json\/wp\/v2\/types\/product"}],"wp:featuredmedia":[{"embeddable":true,"href":"https:\/\/snoeck.de\/fr\/wp-json\/wp\/v2\/media\/4939"}],"wp:attachment":[{"href":"https:\/\/snoeck.de\/fr\/wp-json\/wp\/v2\/media?parent=3523"}],"wp:term":[{"taxonomy":"product_brand","embeddable":true,"href":"https:\/\/snoeck.de\/fr\/wp-json\/wp\/v2\/product_brand?post=3523"},{"taxonomy":"product_cat","embeddable":true,"href":"https:\/\/snoeck.de\/fr\/wp-json\/wp\/v2\/product_cat?post=3523"},{"taxonomy":"product_tag","embeddable":true,"href":"https:\/\/snoeck.de\/fr\/wp-json\/wp\/v2\/product_tag?post=3523"}],"curies":[{"name":"wp","href":"https:\/\/api.w.org\/{rel}","templated":true}]}}