{"id":3525,"date":"2025-01-31T11:29:58","date_gmt":"2025-01-31T11:29:58","guid":{"rendered":"https:\/\/snoeck.process-vision.de\/shop\/katalin-deer-present-things\/"},"modified":"2026-04-08T15:35:14","modified_gmt":"2026-04-08T14:35:14","slug":"katalin-deer-present-things","status":"publish","type":"product","link":"https:\/\/snoeck.de\/fr\/shop\/katalin-deer-present-things\/","title":{"rendered":"Katalin De\u00e9r : Present Things"},"content":{"rendered":"<h3>Des maisons qui tombent<\/h3>\n<p>Face aux images de Katalin De\u00e9r, il faut r\u00e9sister \u00e0 la tentation de parler de photographie au sens propre du terme, car le travail de l'artiste est enti\u00e8rement motiv\u00e9 par la sculpture. Ses travaux se meuvent entre les mondes de diff\u00e9rentes lois m\u00e9diatiques et tentent en m\u00eame temps de se concr\u00e9tiser en tant qu'objet-image. La photographie ne se focalise pas ici sur la repr\u00e9sentation, mais renvoie en tant qu'objet au-del\u00e0 de l'image. En effet, la base de cette strat\u00e9gie artistique est l'approche sculpturale sous-jacente de l'artiste, qui d\u00e9veloppe ses motifs \u00e0 partir d'un traitement cibl\u00e9 de l'objet et de l'espace. Dans ce contexte, elle s'int\u00e9resse par exemple \u00e0 des constellations de mobilier quotidien : tables, chaises, tabourets et bancs sont construits les uns dans les autres et les uns sur les autres de mani\u00e8re \u00e0 cr\u00e9er des structures picturales complexes dans l'espace, dont l'ombre projet\u00e9e sur le sol est souvent fix\u00e9e comme un dessin de contour, pour \u00eatre ensuite, dans certains cas, projet\u00e9e en hauteur comme la base de la construction et mat\u00e9rialis\u00e9e comme un socle. Dans un deuxi\u00e8me temps, ces constellations servent de mod\u00e8les pour les photographies, ce qui permet de transposer ces situations plastiques \u00e0 un autre niveau, plus profond, de la dimension. Les images obtenues des constructions r\u00e9v\u00e8lent tr\u00e8s t\u00f4t des impressions architecturales plus ou moins claires. M\u00eame si la dimension est \u00e9videmment importante dans l'utilisation concr\u00e8te et m\u00e9taphorique des \u00e9l\u00e9ments sculpturaux, il s'av\u00e8re que ce ne sont pas principalement les dimensions et les rapports qui sont en jeu. Le pr\u00e9sent livre d'artiste est la premi\u00e8re publication individuelle de l'artiste, qui vit en Suisse et est n\u00e9e aux \u00c9tats-Unis de parents hongrois.<\/p>\n<p>Expositions :<br \/>\nMuseum of Contemporary Photography, Chicago, 12\/02-19\/04\/09<br \/>\nAssociation artistique de Heilbronn, 24\/05-16\/08\/09<br \/>\nMus\u00e9e d'art moderne de Carinthie, Klagenfurt, 30\/09\/2009-31\/01\/2010<\/p>","protected":false},"excerpt":{"rendered":"<p>Texte (all.\/ang.) de Max Wechsler<br \/>\n80 p. avec 58 illustrations en couleur<br \/>\nFomrat 16,5 x 32 cm, couverture souple en brochure suisse<\/p>","protected":false},"featured_media":4941,"template":"","meta":[],"product_brand":[],"product_cat":[95],"product_tag":[],"class_list":{"0":"post-3525","1":"product","2":"type-product","3":"status-publish","4":"has-post-thumbnail","6":"product_cat-vergriffen","8":"first","9":"outofstock","10":"taxable","11":"shipping-taxable","12":"product-type-simple"},"aioseo_notices":[],"_wp_attached_file":null,"_wp_attachment_metadata":null,"_wc_attachment_source":null,"_elementor_inline_svg":null,"_elementor_is_screenshot":null,"_elementor_source_image_hash":null,"_source_url":null,"_wp_attachment_context":null,"_menu_item_type":null,"_menu_item_menu_item_parent":null,"_menu_item_object_id":null,"_menu_item_object":null,"_menu_item_target":null,"_menu_item_classes":null,"_menu_item_xfn":null,"_menu_item_url":null,"__elementor_forms_snapshot":null,"_unit":"","_unit_base":"","_unit_product":"","_unit_price_auto":"no","_unit_price_regular":"","_unit_price":"","_unit_price_sale":"","_sale_price_label":"","_sale_price_regular_label":"","_manufacturer_slug":"","_mini_desc":"","_defect_description":"","_safety_instructions":"","_allergen_ids":[],"_warranty_attachment_id":"","_safety_attachment_ids":[],"_min_age":"","_ts_gtin":"","_ts_mpn":"","_delivery_time_countries":[],"_free_shipping":"no","_service":"no","_photovoltaic_system":"no","_used_good":"no","_defective_copy":"no","_wireless_electronic_device":"no","_device_contains_power_supply":"no","_device_charging_supports_usb_pd":"no","_device_charging_watt_min":"0","_device_charging_watt_max":"0","_is_food":"no","_differential_taxation":"no","_gzd_version":"3.18.7","_hs_code":"","_customs_description":"","_manufacture_country":"0","_is_non_returnable":"no","_shipping_length":"","_shipping_width":"","_shipping_height":"","_sku":"ISBN 978-3-940953-16-2","_global_unique_id":"978-3-940953-16-2","_regular_price":null,"total_sales":"0","_tax_status":"taxable","_tax_class":"","_manage_stock":"no","_backorders":"no","_sold_individually":"no","_weight":"1","_virtual":"no","_downloadable":"no","_download_limit":"-1","_download_expiry":"-1","_stock":"","_stock_status":"outofstock","_wc_average_rating":"0","_wc_review_count":"0","_product_version":"10.1.4","_price":"","shopengine_product_views_count":"2856","_thumbnail_id":"4941","_product_attributes":{"erscheinungsdatum":{"name":"Date de publication","value":"12.02.2009","position":0,"is_visible":1,"is_variation":0,"is_taxonomy":0,"checkout_visible":0}},"_nutrient_ids":[],"_upsell_ids":null,"pswc_subtitle":null,"_default_delivery_time":null,"_wp_desired_post_slug":null,"_isbn":null,"pageType":null,"isExternalUrl":null,"pageId":null,"externalUrl":null,"hideCookieBanner":null,"isTargetBlank":null,"isProviderCurrentWebsite":null,"isEmbeddingOnlyExternalResources":null,"legalBasis":null,"dataProcessingInCountries":null,"dataProcessingInCountriesSpecialTreatments":null,"technicalDefinitions":null,"googleConsentModeConsentTypes":null,"executePriority":null,"executeCodeOptInWhenNoTagManagerConsentIsGiven":null,"executeCodeOptOutWhenNoTagManagerConsentIsGiven":null,"deleteTechnicalDefinitionsAfterOptOut":null,"presetId":null,"presetVersion":null,"provider":null,"providerContactPhone":null,"providerContactEmail":null,"providerContactLink":null,"uniqueName":null,"providerPrivacyPolicyUrl":null,"providerLegalNoticeUrl":null,"codeOptIn":null,"codeOptOut":null,"codeOnPageLoad":null,"language_code":null,"shopengine_template__post_meta__type":null,"shopengine_template__post_meta":null,"shopengine_template__post_meta__edit_with":null,"origin":null,"_enabled":null,"_filters":null,"_layout":null,"_elementor_import_session_id":null,"_wp_trash_meta_status":null,"_wp_trash_meta_time":null,"_edit_lock":"1743592118:2","_elementor_floating_elements_type":null,"_elementor_edit_mode":null,"_elementor_template_type":null,"tc-thumb-fld":{"_thumb_id":4941,"_thumb_type":"thumb"},"_wp_page_template":"default","_elementor_version":null,"_elementor_pro_version":null,"_elementor_page_settings":null,"_elementor_data":null,"_elementor_conditions":null,"_elementor_popup_display_settings":null,"_edit_last":"2","_elementor_template_sub_type":null,"_elementor_controls_usage":null,"_elementor_screenshot":null,"_elementor_css":null,"_elementor_page_assets":[],"_elementor_element_cache":null,"_elementor_screenshot_failed":null,"_elementor_source":null,"_wp_old_date":null,"layout_key":"","post_slider_check_key":"0","_links":{"self":[{"href":"https:\/\/snoeck.de\/fr\/wp-json\/wp\/v2\/product\/3525","targetHints":{"allow":["GET"]}}],"collection":[{"href":"https:\/\/snoeck.de\/fr\/wp-json\/wp\/v2\/product"}],"about":[{"href":"https:\/\/snoeck.de\/fr\/wp-json\/wp\/v2\/types\/product"}],"wp:featuredmedia":[{"embeddable":true,"href":"https:\/\/snoeck.de\/fr\/wp-json\/wp\/v2\/media\/4941"}],"wp:attachment":[{"href":"https:\/\/snoeck.de\/fr\/wp-json\/wp\/v2\/media?parent=3525"}],"wp:term":[{"taxonomy":"product_brand","embeddable":true,"href":"https:\/\/snoeck.de\/fr\/wp-json\/wp\/v2\/product_brand?post=3525"},{"taxonomy":"product_cat","embeddable":true,"href":"https:\/\/snoeck.de\/fr\/wp-json\/wp\/v2\/product_cat?post=3525"},{"taxonomy":"product_tag","embeddable":true,"href":"https:\/\/snoeck.de\/fr\/wp-json\/wp\/v2\/product_tag?post=3525"}],"curies":[{"name":"wp","href":"https:\/\/api.w.org\/{rel}","templated":true}]}}