{"id":3526,"date":"2025-01-31T11:29:59","date_gmt":"2025-01-31T11:29:59","guid":{"rendered":"https:\/\/snoeck.process-vision.de\/shop\/deftig-barock\/"},"modified":"2026-04-08T14:18:31","modified_gmt":"2026-04-08T13:18:31","slug":"deftig-barock","status":"publish","type":"product","link":"https:\/\/snoeck.de\/fr\/shop\/deftig-barock\/","title":{"rendered":"Baroque savoureux"},"content":{"rendered":"<h3>De Cattelan \u00e0 Zurbar\u00e1n<\/h3>\n<p>Manifestes du vital pr\u00e9caireLe mot \"deftig\" est lui-m\u00eame baroque et, \u00e9tymologiquement, son sens premier de \"capable, fort, vigoureux, solide\" nous ram\u00e8ne aux alentours du 17e si\u00e8cle et aux pays de langue n\u00e9erlandaise. Dans cette exposition, l'art est \"solide\" dans son caract\u00e8re direct et proche de la vie. Le principe de la confrontation entre les \u0153uvres de deux \u00e9poques tr\u00e8s \u00e9loign\u00e9es peut \u00e9galement \u00eatre qualifi\u00e9 de \"deftig\" dans le sens actuel de \"drastique, solide\". Il ne s'agit pas dans \"Deftig Barock\" d'un raccourci illustratif de motifs, de th\u00e8mes ou d'analogies de formes, mais de la description d'une attitude qui, avec une intelligence artistique sensualiste, \u00e9voque la proximit\u00e9 de la vie comme repr\u00e9sentation de la \"vie pleine\" et d\u00e9plore sa perte. Une attitude qui, en outre, lie les questions sur l'art \u00e0 l'art lui-m\u00eame. Le baroque est assimil\u00e9 au dynamisme, \u00e0 la joie des sens, au gaspillage, \u00e0 la th\u00e9\u00e2tralit\u00e9, \u00e0 l'abandon de la solennit\u00e9 tranquille des formes classiques, mais aussi \u00e0 une \u00e9poque d'instabilit\u00e9 et d'ordres qui se brisent. On a reconnu dans le baroque une \"culture de la fluidit\u00e9 et des interfaces\" ou, comme Erwin Panofsky, le d\u00e9but de notre modernit\u00e9. L'exposition et le livre rappellent ainsi que l'art du baroque ne jouit d'une estime incontest\u00e9e que depuis le d\u00e9but du 20e si\u00e8cle, motiv\u00e9e par une g\u00e9n\u00e9ration d'historiens de l'art qui, de par leur proximit\u00e9 avec l'art de leur pr\u00e9sent, ont os\u00e9 regarder le pass\u00e9. Avec des \u0153uvres de l'\u00e9poque baroque, entre autres de Pieter Aertsen, Mons\u00f9 Desiderio ou Rubens, ainsi que des travaux contemporains, par exemple de Maurizio Cattelan, Nathalie Djurberg, Cindy Sherman ou Urs Fischer, cette magnifique exposition est accompagn\u00e9e d'un catalogue riche en images et d'un glossaire \u00e9labor\u00e9.<\/p>\n<p>Exposition :<br \/>\nKunsthaus Z\u00fcrich, 1\/6 - 2\/9\/2012<\/p>","protected":false},"excerpt":{"rendered":"<p>Catalogue d'exposition, \u00e9dit\u00e9 par le Kunsthaus Z\u00fcrich<br \/>\nTextes (all.) de Bice Curiger, Elfriede Jelinek, Eileen Myles, Raoul Vaneigem et une table ronde avec Nike B\u00e4tzner, Bice Curiger, Victoria von Flemming, Michael Glasmeier, Tristan Weddigen<br \/>\n176 p. avec 200 illustrations en couleur<br \/>\nformat 30,5 x 24,5 cm, couverture souple<\/p>","protected":false},"featured_media":4942,"template":"","meta":[],"product_brand":[],"product_cat":[95],"product_tag":[],"class_list":{"0":"post-3526","1":"product","2":"type-product","3":"status-publish","4":"has-post-thumbnail","6":"product_cat-vergriffen","8":"first","9":"outofstock","10":"taxable","11":"shipping-taxable","12":"product-type-simple"},"aioseo_notices":[],"_wp_attached_file":null,"_wp_attachment_metadata":null,"_wc_attachment_source":null,"_elementor_inline_svg":null,"_elementor_is_screenshot":null,"_elementor_source_image_hash":null,"_source_url":null,"_wp_attachment_context":null,"_menu_item_type":null,"_menu_item_menu_item_parent":null,"_menu_item_object_id":null,"_menu_item_object":null,"_menu_item_target":null,"_menu_item_classes":null,"_menu_item_xfn":null,"_menu_item_url":null,"__elementor_forms_snapshot":null,"_unit":"","_unit_base":"","_unit_product":"","_unit_price_auto":"no","_unit_price_regular":"","_unit_price":"","_unit_price_sale":"","_sale_price_label":"","_sale_price_regular_label":"","_manufacturer_slug":"","_mini_desc":"","_defect_description":"","_safety_instructions":"","_allergen_ids":[],"_warranty_attachment_id":"","_safety_attachment_ids":[],"_min_age":"","_ts_gtin":"","_ts_mpn":"","_delivery_time_countries":[],"_free_shipping":"no","_service":"no","_photovoltaic_system":"no","_used_good":"no","_defective_copy":"no","_wireless_electronic_device":"no","_device_contains_power_supply":"no","_device_charging_supports_usb_pd":"no","_device_charging_watt_min":"0","_device_charging_watt_max":"0","_is_food":"no","_differential_taxation":"no","_gzd_version":"3.18.7","_hs_code":"","_customs_description":"","_manufacture_country":"0","_is_non_returnable":"no","_shipping_length":"","_shipping_width":"","_shipping_height":"","_sku":"ISBN 978-3-86442-015-3","_global_unique_id":"978-3-86442-015-3","_regular_price":null,"total_sales":"0","_tax_status":"taxable","_tax_class":"","_manage_stock":"no","_backorders":"no","_sold_individually":"no","_weight":"2","_virtual":"no","_downloadable":"no","_download_limit":"-1","_download_expiry":"-1","_stock":"","_stock_status":"outofstock","_wc_average_rating":"0","_wc_review_count":"0","_product_version":"10.1.4","_price":"","shopengine_product_views_count":"4049","_thumbnail_id":"4942","_product_attributes":{"erscheinungsdatum":{"name":"Date de publication","value":"01.06.2012","position":0,"is_visible":1,"is_variation":0,"is_taxonomy":0,"checkout_visible":0}},"_nutrient_ids":[],"_upsell_ids":null,"pswc_subtitle":null,"_default_delivery_time":null,"_wp_desired_post_slug":null,"_isbn":null,"pageType":null,"isExternalUrl":null,"pageId":null,"externalUrl":null,"hideCookieBanner":null,"isTargetBlank":null,"isProviderCurrentWebsite":null,"isEmbeddingOnlyExternalResources":null,"legalBasis":null,"dataProcessingInCountries":null,"dataProcessingInCountriesSpecialTreatments":null,"technicalDefinitions":null,"googleConsentModeConsentTypes":null,"executePriority":null,"executeCodeOptInWhenNoTagManagerConsentIsGiven":null,"executeCodeOptOutWhenNoTagManagerConsentIsGiven":null,"deleteTechnicalDefinitionsAfterOptOut":null,"presetId":null,"presetVersion":null,"provider":null,"providerContactPhone":null,"providerContactEmail":null,"providerContactLink":null,"uniqueName":null,"providerPrivacyPolicyUrl":null,"providerLegalNoticeUrl":null,"codeOptIn":null,"codeOptOut":null,"codeOnPageLoad":null,"language_code":null,"shopengine_template__post_meta__type":null,"shopengine_template__post_meta":null,"shopengine_template__post_meta__edit_with":null,"origin":null,"_enabled":null,"_filters":null,"_layout":null,"_elementor_import_session_id":null,"_wp_trash_meta_status":null,"_wp_trash_meta_time":null,"_edit_lock":"1743591343:2","_elementor_floating_elements_type":null,"_elementor_edit_mode":null,"_elementor_template_type":null,"tc-thumb-fld":{"_thumb_id":4942,"_thumb_type":"thumb"},"_wp_page_template":"default","_elementor_version":null,"_elementor_pro_version":null,"_elementor_page_settings":null,"_elementor_data":null,"_elementor_conditions":null,"_elementor_popup_display_settings":null,"_edit_last":"2","_elementor_template_sub_type":null,"_elementor_controls_usage":null,"_elementor_screenshot":null,"_elementor_css":null,"_elementor_page_assets":[],"_elementor_element_cache":null,"_elementor_screenshot_failed":null,"_elementor_source":null,"_wp_old_date":null,"layout_key":"","post_slider_check_key":"0","_links":{"self":[{"href":"https:\/\/snoeck.de\/fr\/wp-json\/wp\/v2\/product\/3526","targetHints":{"allow":["GET"]}}],"collection":[{"href":"https:\/\/snoeck.de\/fr\/wp-json\/wp\/v2\/product"}],"about":[{"href":"https:\/\/snoeck.de\/fr\/wp-json\/wp\/v2\/types\/product"}],"wp:featuredmedia":[{"embeddable":true,"href":"https:\/\/snoeck.de\/fr\/wp-json\/wp\/v2\/media\/4942"}],"wp:attachment":[{"href":"https:\/\/snoeck.de\/fr\/wp-json\/wp\/v2\/media?parent=3526"}],"wp:term":[{"taxonomy":"product_brand","embeddable":true,"href":"https:\/\/snoeck.de\/fr\/wp-json\/wp\/v2\/product_brand?post=3526"},{"taxonomy":"product_cat","embeddable":true,"href":"https:\/\/snoeck.de\/fr\/wp-json\/wp\/v2\/product_cat?post=3526"},{"taxonomy":"product_tag","embeddable":true,"href":"https:\/\/snoeck.de\/fr\/wp-json\/wp\/v2\/product_tag?post=3526"}],"curies":[{"name":"wp","href":"https:\/\/api.w.org\/{rel}","templated":true}]}}