{"id":3527,"date":"2025-01-31T11:29:59","date_gmt":"2025-01-31T11:29:59","guid":{"rendered":"https:\/\/snoeck.process-vision.de\/shop\/delikatessen-zwischen-kunst-kueche\/"},"modified":"2025-04-02T10:52:15","modified_gmt":"2025-04-02T10:52:15","slug":"delikatessen-zwischen-kunst-kueche","status":"publish","type":"product","link":"https:\/\/snoeck.de\/fr\/shop\/delikatessen-zwischen-kunst-kueche\/","title":{"rendered":"Delikatessen - Entre art et cuisine \/ Delicatessen - Between Art &amp; Cuisine"},"content":{"rendered":"<h3>\"\u00c9quateur + P\u00f4le Nord\" ou \"\u00c9lectricit\u00e9 atmosph\u00e9rique confite<\/h3>\n<p>C'est ainsi, et pas autrement, que s'appelaient les plats des futuristes italiens au d\u00e9but des ann\u00e9es 1930, qu'ils mettaient au menu de la \"Taverne zum Heiligen Gaumen\". \"Ne pas manger, seulement voir et sentir\", telle est la consigne donn\u00e9e par Ben Heinrich et Lukas P\u00fcrmayr pour leur actuelle \"Recette pour la cigu\u00eb\". La publication de l'exposition \"Delikatessen. Zwischen Kunst und K\u00fcche\" prend en compte, outre les travaux vari\u00e9s de nombreux artistes*, leurs propositions de recettes et leur pr\u00e9dilection pour les restaurants en tant que prolongement de l'\u00e9tabli, qu'il s'agisse de positions historiques comme celles de Daniel Spoerri, Allen Ruppersberg, Pierro Manzoni, Dieter Roth et Gordon Matta-Clark ou de positions contemporaines de Thomas Friemel et Michael Riedel, Carsten H\u00f6ller, Sonja Alh\u00e4user, Boris Becker, Tobias Hantmann, Candida H\u00f6fer, Martin Parr, Wolfgang Stehle, Walid Raad et bien d'autres. Outre les questions de cr\u00e9ativit\u00e9, o\u00f9 l'art et la cuisine ont sans aucun doute toujours \u00e9t\u00e9 pens\u00e9s en parall\u00e8le, il s'agit \u00e9galement de rituels et de c\u00e9r\u00e9monies dans notre culture alimentaire. Car la nourriture a acquis un statut pop imm\u00e9diat au cours des derni\u00e8res d\u00e9cennies : partout, sur toutes les cha\u00eenes de t\u00e9l\u00e9vision, des \u00e9missions de cuisine, sur les r\u00e9seaux sociaux, des posts et des selfies, et des masses de likes.<\/p>\n<p>Exposition :<br \/>\nKunsthalle N\u00fcrnberg, 9\/11\/2024 - 2\/3\/2025<\/p>","protected":false},"excerpt":{"rendered":"<p>Catalogue d'exposition, Kunsthalle N\u00fcrnberg, \u00e9d. par Anne Schloen<br \/>\nTextes (all.\/ang.) de Felix Br\u00f6cker, Alexander Graff, Michael Kr\u00f6ger, Anne Schloen, Harriet Zilch, interviews avec Sonja Ahlh\u00e4user, avec Isabelle Enders, avec Ben Heirich et Likas P\u00fcrmayr, avec Harald Lemke<br \/>\n144 p. avec 100 illustrations en couleur<br \/>\nformat 28,4 x 23,4 cm, couverture souple<\/p>","protected":false},"featured_media":4943,"template":"","meta":[],"product_brand":[],"product_cat":[88,61],"product_tag":[],"class_list":{"0":"post-3527","1":"product","2":"type-product","3":"status-publish","4":"has-post-thumbnail","6":"product_cat-88","7":"product_cat-d","9":"first","10":"instock","11":"taxable","12":"shipping-taxable","13":"purchasable","14":"product-type-simple"},"aioseo_notices":[],"_wp_attached_file":null,"_wp_attachment_metadata":null,"_wc_attachment_source":null,"_elementor_inline_svg":null,"_elementor_is_screenshot":null,"_elementor_source_image_hash":null,"_source_url":null,"_wp_attachment_context":null,"_menu_item_type":null,"_menu_item_menu_item_parent":null,"_menu_item_object_id":null,"_menu_item_object":null,"_menu_item_target":null,"_menu_item_classes":null,"_menu_item_xfn":null,"_menu_item_url":null,"__elementor_forms_snapshot":null,"_unit":"","_unit_base":"","_unit_product":"","_unit_price_auto":"no","_unit_price_regular":"","_unit_price":"","_unit_price_sale":"","_sale_price_label":"","_sale_price_regular_label":"","_manufacturer_slug":"","_mini_desc":"","_defect_description":"","_safety_instructions":"","_allergen_ids":[],"_warranty_attachment_id":"","_safety_attachment_ids":[],"_min_age":"","_ts_gtin":"","_ts_mpn":"","_delivery_time_countries":[],"_free_shipping":"no","_service":"no","_photovoltaic_system":"no","_used_good":"no","_defective_copy":"no","_wireless_electronic_device":"no","_device_contains_power_supply":"no","_device_charging_supports_usb_pd":"no","_device_charging_watt_min":"0","_device_charging_watt_max":"0","_is_food":"no","_differential_taxation":"no","_gzd_version":"3.18.7","_hs_code":"","_customs_description":"","_manufacture_country":"0","_is_non_returnable":"no","_shipping_length":"","_shipping_width":"","_shipping_height":"","_sku":"ISBN 978-3-86442-454-0","_global_unique_id":"978-3-86442-454-0","_regular_price":"24.8","total_sales":"0","_tax_status":"taxable","_tax_class":"","_manage_stock":"no","_backorders":"no","_sold_individually":"no","_weight":"1","_virtual":"no","_downloadable":"no","_download_limit":"-1","_download_expiry":"-1","_stock":"","_stock_status":"instock","_wc_average_rating":"0","_wc_review_count":"0","_product_version":"9.7.1","_price":"24.8","shopengine_product_views_count":"2912","_thumbnail_id":"4943","_product_attributes":{"erscheinungsdatum":{"name":"Erscheinungsdatum","value":"07.11.2024","position":0,"is_visible":1,"is_variation":0,"is_taxonomy":0,"checkout_visible":0}},"_nutrient_ids":[],"_upsell_ids":null,"pswc_subtitle":null,"_default_delivery_time":null,"_wp_desired_post_slug":null,"_isbn":null,"pageType":null,"isExternalUrl":null,"pageId":null,"externalUrl":null,"hideCookieBanner":null,"isTargetBlank":null,"isProviderCurrentWebsite":null,"isEmbeddingOnlyExternalResources":null,"legalBasis":null,"dataProcessingInCountries":null,"dataProcessingInCountriesSpecialTreatments":null,"technicalDefinitions":null,"googleConsentModeConsentTypes":null,"executePriority":null,"executeCodeOptInWhenNoTagManagerConsentIsGiven":null,"executeCodeOptOutWhenNoTagManagerConsentIsGiven":null,"deleteTechnicalDefinitionsAfterOptOut":null,"presetId":null,"presetVersion":null,"provider":null,"providerContactPhone":null,"providerContactEmail":null,"providerContactLink":null,"uniqueName":null,"providerPrivacyPolicyUrl":null,"providerLegalNoticeUrl":null,"codeOptIn":null,"codeOptOut":null,"codeOnPageLoad":null,"language_code":null,"shopengine_template__post_meta__type":null,"shopengine_template__post_meta":null,"shopengine_template__post_meta__edit_with":null,"origin":null,"_enabled":null,"_filters":null,"_layout":null,"_elementor_import_session_id":null,"_wp_trash_meta_status":null,"_wp_trash_meta_time":null,"_edit_lock":"1743590997:2","_elementor_floating_elements_type":null,"_elementor_edit_mode":null,"_elementor_template_type":null,"tc-thumb-fld":{"_thumb_id":4943,"_thumb_type":"thumb"},"_wp_page_template":"default","_elementor_version":null,"_elementor_pro_version":null,"_elementor_page_settings":null,"_elementor_data":null,"_elementor_conditions":null,"_elementor_popup_display_settings":null,"_edit_last":"2","_elementor_template_sub_type":null,"_elementor_controls_usage":null,"_elementor_screenshot":null,"_elementor_css":null,"_elementor_page_assets":[],"_elementor_element_cache":null,"_elementor_screenshot_failed":null,"_elementor_source":null,"_wp_old_date":null,"layout_key":"","post_slider_check_key":"0","_links":{"self":[{"href":"https:\/\/snoeck.de\/fr\/wp-json\/wp\/v2\/product\/3527","targetHints":{"allow":["GET"]}}],"collection":[{"href":"https:\/\/snoeck.de\/fr\/wp-json\/wp\/v2\/product"}],"about":[{"href":"https:\/\/snoeck.de\/fr\/wp-json\/wp\/v2\/types\/product"}],"wp:featuredmedia":[{"embeddable":true,"href":"https:\/\/snoeck.de\/fr\/wp-json\/wp\/v2\/media\/4943"}],"wp:attachment":[{"href":"https:\/\/snoeck.de\/fr\/wp-json\/wp\/v2\/media?parent=3527"}],"wp:term":[{"taxonomy":"product_brand","embeddable":true,"href":"https:\/\/snoeck.de\/fr\/wp-json\/wp\/v2\/product_brand?post=3527"},{"taxonomy":"product_cat","embeddable":true,"href":"https:\/\/snoeck.de\/fr\/wp-json\/wp\/v2\/product_cat?post=3527"},{"taxonomy":"product_tag","embeddable":true,"href":"https:\/\/snoeck.de\/fr\/wp-json\/wp\/v2\/product_tag?post=3527"}],"curies":[{"name":"wp","href":"https:\/\/api.w.org\/{rel}","templated":true}]}}