{"id":3528,"date":"2025-01-31T11:30:00","date_gmt":"2025-01-31T11:30:00","guid":{"rendered":"https:\/\/snoeck.process-vision.de\/shop\/dem-wasser-folgen\/"},"modified":"2025-04-02T10:49:10","modified_gmt":"2025-04-02T10:49:10","slug":"dem-wasser-folgen","status":"publish","type":"product","link":"https:\/\/snoeck.de\/fr\/shop\/dem-wasser-folgen\/","title":{"rendered":"Suivre l'eau"},"content":{"rendered":"<h3>Un nouveau regard sur l'\u00e9l\u00e9ment<\/h3>\n<p>L'eau est fortement indiff\u00e9rente. D'une part, elle est omnipr\u00e9sente, \u00e0 l'origine de toute vie et donc \u00e9troitement li\u00e9e \u00e0 l'existence dans toutes ses dimensions. D'autre part, elle n'a pas de forme fixe, de couleur sp\u00e9cifique ou d'odeur propre ; elle se pr\u00e9sente sous d'innombrables formes et \u00e9chappe \u00e0 la d\u00e9finition d'une signification unique et donc d'une forme de d\u00e9termination d\u00e9finitive. Il est en relation avec l'environnement, constitue notre plan\u00e8te bleue et notre propre corps, il relie en tant que voie commerciale et s\u00e9pare en tant que fronti\u00e8re, il sert \u00e0 la purification ou au repos et est en m\u00eame temps dangereux, un lieu de malheur potentiel. Elle marque des forces spirituelles et se transforme en une marchandise \u00e2prement disput\u00e9e \u00e0 l'\u00e9poque des ordres \u00e9conomiques n\u00e9olib\u00e9raux. Enfin, l'eau en tant que ressource renvoie \u00e0 la question sociale la plus urgente du 21e si\u00e8cle : la crise climatique. En m\u00eame temps, la particularit\u00e9 de ce th\u00e8me a ouvert aux conservatrices de la Kunsthalle Bielefeld de nouvelles perspectives sur leur propre collection et a ainsi offert des points d'ancrage aux d\u00e9bats mondiaux et sociaux actuels. Le th\u00e8me de l'eau soul\u00e8ve des questions complexes qui touchent \u00e0 la culture, \u00e0 la nature, \u00e0 la politique, \u00e0 l'\u00e9conomie, au corps et \u00e0 l'esprit. Il est donc tr\u00e8s actuel et omnipr\u00e9sent en tant qu'objet de projets internationaux de curateurs, d'artistes et de scientifiques aux multiples facettes. L'observation du nombre exceptionnellement \u00e9lev\u00e9 d'\u0153uvres de la collection de la Kunsthalle qui traitent de l'\u00e9l\u00e9ment eau montre non seulement que le th\u00e8me est attrayant pour les artistes aux approches formelles et narratives les plus diverses, mais aussi que l'eau est une source d'inspiration pour les artistes. L'artiste am\u00e9ricaine Roni Horn et son \u0153uvre \"Saying Water\" (2012) ont toutefois donn\u00e9 une impulsion importante \u00e0 l'exposition et au livre. Dans celle-ci, elle m\u00e8ne un monologue sur l'eau et nous fait comprendre que nous voulons tous dire quelque chose de diff\u00e9rent lorsque nous parlons d'eau. Son travail important a ainsi ouvert la voie \u00e0 l'exposition Suivre l'eau et a permis de porter un nouveau regard sur cet \u00e9l\u00e9ment :<br \/>\nKunsthalle Bielefeld, 4\/6 - 16\/10\/2022<\/p>\n<p>Artistes* :<br \/>\nKatinka Bock, Carolina Caycedo, Lovis Corinth, Catherina Cramer &amp; Giulietta Ockenfu\u00df, Ludwig Dill, Karl Ellermann, Max Ernst, Lyonel Feininger, Conrad Felixm\u00fcller, Hermann Freudenau, Henri Gaudier-Brzeska, Hella Guth, Franz Hecker, Klara Hobza, Ferdinand Hodler, Ludwig von Hofmann, Roni Horn, Axel Kasseb\u00f6hmer, Jacques Lipchitz, Henri Manguin, Anton Melbye, Otto Modersohn, Gabriele M\u00fcnter, Kenneth Noland, Adrian Paci, Enrique Ram\u00edrez, Ernst Sagewka, Robert Smithson, Hiroshi Sugimoto, Heinrich Vogeler, etc. et bien d'autres.<\/p>\n<p>Exposition :<br \/>\nKunsthalle Bielefeld, 4\/6 - 16\/10\/2022<\/p>","protected":false},"excerpt":{"rendered":"<p>Catalogue d'exposition, \u00e9d. Christina V\u00e9gh, Laura Rehme et Linda Walther<br \/>\nTextes (all.) d'Astrida Neimanis (pour la premi\u00e8re fois en allemand), Laura Rehme et Linda Walther, Christina V\u00e9gh<br \/>\n100 p. avec 100 illustrations en couleur<br \/>\nformat 27 x 21 cm, broch\u00e9 avec jaquette<\/p>","protected":false},"featured_media":4944,"template":"","meta":[],"product_brand":[],"product_cat":[86,63,80],"product_tag":[],"class_list":{"0":"post-3528","1":"product","2":"type-product","3":"status-publish","4":"has-post-thumbnail","6":"product_cat-86","7":"product_cat-f","8":"product_cat-w","10":"first","11":"instock","12":"taxable","13":"shipping-taxable","14":"purchasable","15":"product-type-simple"},"aioseo_notices":[],"_wp_attached_file":null,"_wp_attachment_metadata":null,"_wc_attachment_source":null,"_elementor_inline_svg":null,"_elementor_is_screenshot":null,"_elementor_source_image_hash":null,"_source_url":null,"_wp_attachment_context":null,"_menu_item_type":null,"_menu_item_menu_item_parent":null,"_menu_item_object_id":null,"_menu_item_object":null,"_menu_item_target":null,"_menu_item_classes":null,"_menu_item_xfn":null,"_menu_item_url":null,"__elementor_forms_snapshot":null,"_unit":"","_unit_base":"","_unit_product":"","_unit_price_auto":"no","_unit_price_regular":"","_unit_price":"","_unit_price_sale":"","_sale_price_label":"","_sale_price_regular_label":"","_manufacturer_slug":"","_mini_desc":"","_defect_description":"","_safety_instructions":"","_allergen_ids":[],"_warranty_attachment_id":"","_safety_attachment_ids":[],"_min_age":"","_ts_gtin":"","_ts_mpn":"","_delivery_time_countries":[],"_free_shipping":"no","_service":"no","_photovoltaic_system":"no","_used_good":"no","_defective_copy":"no","_wireless_electronic_device":"no","_device_contains_power_supply":"no","_device_charging_supports_usb_pd":"no","_device_charging_watt_min":"0","_device_charging_watt_max":"0","_is_food":"no","_differential_taxation":"no","_gzd_version":"3.18.7","_hs_code":"","_customs_description":"","_manufacture_country":"0","_is_non_returnable":"no","_shipping_length":"","_shipping_width":"","_shipping_height":"","_sku":"ISBN 978-3-86442-389-5","_global_unique_id":"978-3-86442-389-5","_regular_price":"29.8","total_sales":"0","_tax_status":"taxable","_tax_class":"","_manage_stock":"no","_backorders":"no","_sold_individually":"no","_weight":"1","_virtual":"no","_downloadable":"no","_download_limit":"-1","_download_expiry":"-1","_stock":"","_stock_status":"instock","_wc_average_rating":"0","_wc_review_count":"0","_product_version":"9.7.1","_price":"29.8","shopengine_product_views_count":"3193","_thumbnail_id":"4944","_product_attributes":{"erscheinungsdatum":{"name":"Date de publication","value":"09.09.2022","position":0,"is_visible":1,"is_variation":0,"is_taxonomy":0,"checkout_visible":0}},"_nutrient_ids":[],"_upsell_ids":null,"pswc_subtitle":null,"_default_delivery_time":null,"_wp_desired_post_slug":null,"_isbn":null,"pageType":null,"isExternalUrl":null,"pageId":null,"externalUrl":null,"hideCookieBanner":null,"isTargetBlank":null,"isProviderCurrentWebsite":null,"isEmbeddingOnlyExternalResources":null,"legalBasis":null,"dataProcessingInCountries":null,"dataProcessingInCountriesSpecialTreatments":null,"technicalDefinitions":null,"googleConsentModeConsentTypes":null,"executePriority":null,"executeCodeOptInWhenNoTagManagerConsentIsGiven":null,"executeCodeOptOutWhenNoTagManagerConsentIsGiven":null,"deleteTechnicalDefinitionsAfterOptOut":null,"presetId":null,"presetVersion":null,"provider":null,"providerContactPhone":null,"providerContactEmail":null,"providerContactLink":null,"uniqueName":null,"providerPrivacyPolicyUrl":null,"providerLegalNoticeUrl":null,"codeOptIn":null,"codeOptOut":null,"codeOnPageLoad":null,"language_code":null,"shopengine_template__post_meta__type":null,"shopengine_template__post_meta":null,"shopengine_template__post_meta__edit_with":null,"origin":null,"_enabled":null,"_filters":null,"_layout":null,"_elementor_import_session_id":null,"_wp_trash_meta_status":null,"_wp_trash_meta_time":null,"_edit_lock":"1743590952:2","_elementor_floating_elements_type":null,"_elementor_edit_mode":null,"_elementor_template_type":null,"tc-thumb-fld":{"_thumb_id":4944,"_thumb_type":"thumb"},"_wp_page_template":"default","_elementor_version":null,"_elementor_pro_version":null,"_elementor_page_settings":null,"_elementor_data":null,"_elementor_conditions":null,"_elementor_popup_display_settings":null,"_edit_last":"2","_elementor_template_sub_type":null,"_elementor_controls_usage":null,"_elementor_screenshot":null,"_elementor_css":null,"_elementor_page_assets":[],"_elementor_element_cache":null,"_elementor_screenshot_failed":null,"_elementor_source":null,"_wp_old_date":null,"layout_key":"","post_slider_check_key":"0","_links":{"self":[{"href":"https:\/\/snoeck.de\/fr\/wp-json\/wp\/v2\/product\/3528","targetHints":{"allow":["GET"]}}],"collection":[{"href":"https:\/\/snoeck.de\/fr\/wp-json\/wp\/v2\/product"}],"about":[{"href":"https:\/\/snoeck.de\/fr\/wp-json\/wp\/v2\/types\/product"}],"wp:featuredmedia":[{"embeddable":true,"href":"https:\/\/snoeck.de\/fr\/wp-json\/wp\/v2\/media\/4944"}],"wp:attachment":[{"href":"https:\/\/snoeck.de\/fr\/wp-json\/wp\/v2\/media?parent=3528"}],"wp:term":[{"taxonomy":"product_brand","embeddable":true,"href":"https:\/\/snoeck.de\/fr\/wp-json\/wp\/v2\/product_brand?post=3528"},{"taxonomy":"product_cat","embeddable":true,"href":"https:\/\/snoeck.de\/fr\/wp-json\/wp\/v2\/product_cat?post=3528"},{"taxonomy":"product_tag","embeddable":true,"href":"https:\/\/snoeck.de\/fr\/wp-json\/wp\/v2\/product_tag?post=3528"}],"curies":[{"name":"wp","href":"https:\/\/api.w.org\/{rel}","templated":true}]}}