{"id":3529,"date":"2025-01-31T11:30:01","date_gmt":"2025-01-31T11:30:01","guid":{"rendered":"https:\/\/snoeck.process-vision.de\/shop\/der-traum-der-bibliothek\/"},"modified":"2026-04-08T15:20:17","modified_gmt":"2026-04-08T14:20:17","slug":"der-traum-der-bibliothek","status":"publish","type":"product","link":"https:\/\/snoeck.de\/fr\/shop\/der-traum-der-bibliothek\/","title":{"rendered":"Le r\u00eave de la biblioth\u00e8que"},"content":{"rendered":"<h3>L'autre univers<\/h3>\n<p>Les biblioth\u00e8ques et les livres exercent une grande fascination. Ce sont des espaces de m\u00e9moire collective et des r\u00e9servoirs de savoir. Dans ces lieux de recueillement et de concentration, le regard port\u00e9 sur le livre ouvre de nouveaux mondes. L'exposition \"Le r\u00eave de la biblioth\u00e8que\" met en lumi\u00e8re cette fascination sous l'angle de l'art conceptuel. Les artistes* de l'exposition th\u00e9matisent de mani\u00e8re ludique, \u00e0 l'aide d'objets, d'installations et de films, la collection, ses formes de pr\u00e9sentation et ses crit\u00e8res de classement. Les \u00e9tag\u00e8res et les pr\u00e9sentoirs de livres sont examin\u00e9s de pr\u00e8s, tout comme la situation de lecture. Depuis le d\u00e9but des ann\u00e9es 1990, les livres sont par exemple le mat\u00e9riau exclusif de Peter W\u00fcthrich. Tout en haut, sous le plafond, ils semblent s'\u00e9lever comme un vol d'oiseaux - des pens\u00e9es fugaces, des livres (amis) dont nous ne faisons que deviner le contenu. Comme les nombreux tr\u00e9sors l\u00e9gendaires des pirates, les livres ne sont toutefois pas tangibles, ce qui d\u00e9clenche en permanence le d\u00e9sir de pouvoir lire en eux. Secou\u00e9s par des forces invisibles, ils sont mis sens dessus dessous et finalement projet\u00e9s hors de leur petit monde - la biblioth\u00e8que - dans l'espace inconnu : C'est ce qui arrive aux livres dans la vid\u00e9o de Julius Brauckmann. Chez Saadane Afif, nous sommes plong\u00e9s dans un monde de corsaires et de flibustiers, la litt\u00e9rature est plac\u00e9e sur des \u00e9tag\u00e8res ondulantes sous une peinture coul\u00e9e, s\u00e9ch\u00e9e et scintillante, comme dans un coffre au tr\u00e9sor qui vient d'\u00eatre soulev\u00e9 et qui est recouvert d'algues. Clegg &amp; Guttmann peuvent \u00eatre consid\u00e9r\u00e9s comme les inventeurs de la biblioth\u00e8que publique, un principe qui s'est r\u00e9pandu dans les villes et m\u00eame \u00e0 la campagne comme une r\u00e9volution des racines : Des livres sont d\u00e9pos\u00e9s dans un lieu public, celui qui en prend un sur l'\u00e9tag\u00e8re en ajoute un autre. La photo de droite illustre une action men\u00e9e dans la petite ville de Pritzwalk, dans le Brandebourg. Les habitants ont \u00e9t\u00e9 invit\u00e9s \u00e0 rassembler leurs livres d'enfants de l'\u00e9poque de la RDA. Il en est r\u00e9sult\u00e9 une sorte de coupe \u00e0 travers l'enfance de plusieurs g\u00e9n\u00e9rations. En lisant les couvertures et les dos des livres, les souvenirs d'un monde r\u00e9volu remontent \u00e0 la surface, raison pour laquelle le projet a suscit\u00e9 de nombreuses discussions \u00e9motionnelles.<\/p>\n<p>Artistes* :<br \/>\nSaadane Afif, Jacques Andr\u00e9, Margit Bauer, Achim Bitter, Julius Brauckmann, Clegg &amp; Guttmann, Fernanda Fragateiro, Lutz Fritsch, Michael Glawogger, Rodney Graham, Thomas Hartmann, Candida H\u00f6fer, Axel H\u00fctte, Abigail Reynolds, Michel Sauer, Beatrix Schwehm, Mika Taanila, Erdem Ta\u015fdelen, Peter W\u00fcthrich, Erwin Wurm<\/p>\n<p>Exposition :<br \/>\nMus\u00e9e d'art contemporain de Siegen, 31\/3 - 1\/9\/2019<\/p>","protected":false},"excerpt":{"rendered":"<p>Catalogue d'exposition, \u00e9d. Eva Schmidt et Ines R\u00fcttinger<br \/>\nTextes (en allemand) de Joseph Imorde et Walter Benjamin ainsi que des textes d'\u0153uvres sur les contributions des artistes, pr\u00e9face d'Eva Schmidt et Ines R\u00fcttinger<br \/>\n216 p. avec 75 photos d'installation en couleur sur deux pages<br \/>\nFormat 14,8 x 10,5 cm, couverture souple avec coins arrondis<\/p>","protected":false},"featured_media":4945,"template":"","meta":[],"product_brand":[],"product_cat":[95],"product_tag":[],"class_list":{"0":"post-3529","1":"product","2":"type-product","3":"status-publish","4":"has-post-thumbnail","6":"product_cat-vergriffen","8":"first","9":"outofstock","10":"taxable","11":"shipping-taxable","12":"product-type-simple"},"aioseo_notices":[],"_wp_attached_file":null,"_wp_attachment_metadata":null,"_wc_attachment_source":null,"_elementor_inline_svg":null,"_elementor_is_screenshot":null,"_elementor_source_image_hash":null,"_source_url":null,"_wp_attachment_context":null,"_menu_item_type":null,"_menu_item_menu_item_parent":null,"_menu_item_object_id":null,"_menu_item_object":null,"_menu_item_target":null,"_menu_item_classes":null,"_menu_item_xfn":null,"_menu_item_url":null,"__elementor_forms_snapshot":null,"_unit":"","_unit_base":"","_unit_product":"","_unit_price_auto":"no","_unit_price_regular":"","_unit_price":"","_unit_price_sale":"","_sale_price_label":"","_sale_price_regular_label":"","_manufacturer_slug":"","_mini_desc":"","_defect_description":"","_safety_instructions":"","_allergen_ids":[],"_warranty_attachment_id":"","_safety_attachment_ids":[],"_min_age":"","_ts_gtin":"","_ts_mpn":"","_delivery_time_countries":[],"_free_shipping":"no","_service":"no","_photovoltaic_system":"no","_used_good":"no","_defective_copy":"no","_wireless_electronic_device":"no","_device_contains_power_supply":"no","_device_charging_supports_usb_pd":"no","_device_charging_watt_min":"0","_device_charging_watt_max":"0","_is_food":"no","_differential_taxation":"no","_gzd_version":"3.18.7","_hs_code":"","_customs_description":"","_manufacture_country":"0","_is_non_returnable":"no","_shipping_length":"","_shipping_width":"","_shipping_height":"","_sku":"ISBN 978-3-86442-292-8","_global_unique_id":"978-3-86442-292-8","_regular_price":null,"total_sales":"1","_tax_status":"taxable","_tax_class":"","_manage_stock":"no","_backorders":"no","_sold_individually":"no","_weight":"1","_virtual":"no","_downloadable":"no","_download_limit":"-1","_download_expiry":"-1","_stock":"","_stock_status":"outofstock","_wc_average_rating":"0","_wc_review_count":"0","_product_version":"10.1.4","_price":"","shopengine_product_views_count":"2856","_thumbnail_id":"4945","_product_attributes":{"erscheinungsdatum":{"name":"Date de publication","value":"26.06.2019","position":0,"is_visible":1,"is_variation":0,"is_taxonomy":0,"checkout_visible":0}},"_nutrient_ids":[],"_upsell_ids":null,"pswc_subtitle":null,"_default_delivery_time":null,"_wp_desired_post_slug":null,"_isbn":null,"pageType":null,"isExternalUrl":null,"pageId":null,"externalUrl":null,"hideCookieBanner":null,"isTargetBlank":null,"isProviderCurrentWebsite":null,"isEmbeddingOnlyExternalResources":null,"legalBasis":null,"dataProcessingInCountries":null,"dataProcessingInCountriesSpecialTreatments":null,"technicalDefinitions":null,"googleConsentModeConsentTypes":null,"executePriority":null,"executeCodeOptInWhenNoTagManagerConsentIsGiven":null,"executeCodeOptOutWhenNoTagManagerConsentIsGiven":null,"deleteTechnicalDefinitionsAfterOptOut":null,"presetId":null,"presetVersion":null,"provider":null,"providerContactPhone":null,"providerContactEmail":null,"providerContactLink":null,"uniqueName":null,"providerPrivacyPolicyUrl":null,"providerLegalNoticeUrl":null,"codeOptIn":null,"codeOptOut":null,"codeOnPageLoad":null,"language_code":null,"shopengine_template__post_meta__type":null,"shopengine_template__post_meta":null,"shopengine_template__post_meta__edit_with":null,"origin":null,"_enabled":null,"_filters":null,"_layout":null,"_elementor_import_session_id":null,"_wp_trash_meta_status":null,"_wp_trash_meta_time":null,"_edit_lock":"1743590031:2","_elementor_floating_elements_type":null,"_elementor_edit_mode":null,"_elementor_template_type":null,"tc-thumb-fld":{"_thumb_id":4945,"_thumb_type":"thumb"},"_wp_page_template":"default","_elementor_version":null,"_elementor_pro_version":null,"_elementor_page_settings":null,"_elementor_data":null,"_elementor_conditions":null,"_elementor_popup_display_settings":null,"_edit_last":"2","_elementor_template_sub_type":null,"_elementor_controls_usage":null,"_elementor_screenshot":null,"_elementor_css":null,"_elementor_page_assets":[],"_elementor_element_cache":null,"_elementor_screenshot_failed":null,"_elementor_source":null,"_wp_old_date":null,"layout_key":"","post_slider_check_key":"0","_links":{"self":[{"href":"https:\/\/snoeck.de\/fr\/wp-json\/wp\/v2\/product\/3529","targetHints":{"allow":["GET"]}}],"collection":[{"href":"https:\/\/snoeck.de\/fr\/wp-json\/wp\/v2\/product"}],"about":[{"href":"https:\/\/snoeck.de\/fr\/wp-json\/wp\/v2\/types\/product"}],"wp:featuredmedia":[{"embeddable":true,"href":"https:\/\/snoeck.de\/fr\/wp-json\/wp\/v2\/media\/4945"}],"wp:attachment":[{"href":"https:\/\/snoeck.de\/fr\/wp-json\/wp\/v2\/media?parent=3529"}],"wp:term":[{"taxonomy":"product_brand","embeddable":true,"href":"https:\/\/snoeck.de\/fr\/wp-json\/wp\/v2\/product_brand?post=3529"},{"taxonomy":"product_cat","embeddable":true,"href":"https:\/\/snoeck.de\/fr\/wp-json\/wp\/v2\/product_cat?post=3529"},{"taxonomy":"product_tag","embeddable":true,"href":"https:\/\/snoeck.de\/fr\/wp-json\/wp\/v2\/product_tag?post=3529"}],"curies":[{"name":"wp","href":"https:\/\/api.w.org\/{rel}","templated":true}]}}