{"id":3530,"date":"2025-01-31T11:30:01","date_gmt":"2025-01-31T11:30:01","guid":{"rendered":"https:\/\/snoeck.process-vision.de\/shop\/sebastian-diaz-morales-ficcionario\/"},"modified":"2026-04-08T15:00:30","modified_gmt":"2026-04-08T14:00:30","slug":"sebastian-diaz-morales-ficcionario","status":"publish","type":"product","link":"https:\/\/snoeck.de\/fr\/shop\/sebastian-diaz-morales-ficcionario\/","title":{"rendered":"Sebasti\u00e1n D\u00edaz Morales : Ficcionario"},"content":{"rendered":"<h3>Diccionario &amp; ficci\u00f3n = Ficcionario<\/h3>\n<p>Sebasti\u00e1n D\u00edaz Morales, n\u00e9 en 1975 dans la ville p\u00e9troli\u00e8re de Comodoro Rivadavia en Patagonie, pr\u00e9sente avec son livre \"Ficcionario\" - dans le titre, les deux mots diccionario et ficci\u00f3n se confondent - une sorte de somme autopo\u00ef\u00e9tique de son \u0153uvre en images, textes et t\u00e9moignages de personnes impliqu\u00e9es. Depuis qu'il a obtenu son dipl\u00f4me \u00e0 la Rijksakademie Van Beldende Kunsten d'Amsterdam en 2001, le cin\u00e9aste argentin a \u00e9t\u00e9 invit\u00e9 \u00e0 exposer dans de nombreuses grandes institutions europ\u00e9ennes et am\u00e9ricaines et a particip\u00e9 \u00e0 de nombreux festivals de cin\u00e9ma et de vid\u00e9o importants ainsi qu'\u00e0 de nombreuses biennales dans le monde entier. Il \u00e9voque \u00e0 bon escient, en guise de devise de l'un des chapitres de son livre, une expression du grand po\u00e8te national argentin Jorge Luis Borges : \"L'esprit r\u00eavait. Le monde \u00e9tait son r\u00eave\". Cette vision particuli\u00e8re de la r\u00e9alit\u00e9, une fusion de modes narratifs po\u00e9tiques et r\u00e9alistes, repr\u00e9sente aussi bien la litt\u00e9rature latino-am\u00e9ricaine du r\u00e9alisme fantastique que le style docu-fictionnel du cin\u00e9ma sud-am\u00e9ricain. Ces influences se retrouvent chez Sebasti\u00e1n D\u00edaz Morales, par exemple lorsqu'il fait passer un homme \u00e0 toute vitesse d'une pi\u00e8ce \u00e0 l'autre dans son film \"Pasajes\" et qu'il r\u00e9unit ainsi les mondes les plus divers. Son installation \"Insight\" va encore plus loin et soul\u00e8ve la question : Devant ou derri\u00e8re la cam\u00e9ra, tout cela n'est-il vraiment qu'une illusion ? Il en va de m\u00eame pour ce livre, qui peut \u00eatre consid\u00e9r\u00e9 comme un voyage intelligent et divertissant pour qui sait le prendre en main !<\/p>","protected":false},"excerpt":{"rendered":"<p>Textes (angl.\/esp.) de Ricardo Amado, Sebasti\u00e1n D\u00edaz Morales, Gary Hill, Cuauht\u00e9moc Medina, Nata\u0161a Petre\u0161in-Bachelez, Hafiz Rancajale, Jo Ractliffe, Dick Verdult<br \/>\n260 p. avec 120 illustrations en couleur<br \/>\nformat 28,5 x 22 cm, couverture rigide<\/p>","protected":false},"featured_media":4946,"template":"","meta":[],"product_brand":[],"product_cat":[95],"product_tag":[],"class_list":{"0":"post-3530","1":"product","2":"type-product","3":"status-publish","4":"has-post-thumbnail","6":"product_cat-vergriffen","8":"first","9":"outofstock","10":"taxable","11":"shipping-taxable","12":"product-type-simple"},"aioseo_notices":[],"_wp_attached_file":null,"_wp_attachment_metadata":null,"_wc_attachment_source":null,"_elementor_inline_svg":null,"_elementor_is_screenshot":null,"_elementor_source_image_hash":null,"_source_url":null,"_wp_attachment_context":null,"_menu_item_type":null,"_menu_item_menu_item_parent":null,"_menu_item_object_id":null,"_menu_item_object":null,"_menu_item_target":null,"_menu_item_classes":null,"_menu_item_xfn":null,"_menu_item_url":null,"__elementor_forms_snapshot":null,"_unit":"","_unit_base":"","_unit_product":"","_unit_price_auto":"no","_unit_price_regular":"","_unit_price":"","_unit_price_sale":"","_sale_price_label":"","_sale_price_regular_label":"","_manufacturer_slug":"","_mini_desc":"","_defect_description":"","_safety_instructions":"","_allergen_ids":[],"_warranty_attachment_id":"","_safety_attachment_ids":[],"_min_age":"","_ts_gtin":"","_ts_mpn":"","_delivery_time_countries":[],"_free_shipping":"no","_service":"no","_photovoltaic_system":"no","_used_good":"no","_defective_copy":"no","_wireless_electronic_device":"no","_device_contains_power_supply":"no","_device_charging_supports_usb_pd":"no","_device_charging_watt_min":"0","_device_charging_watt_max":"0","_is_food":"no","_differential_taxation":"no","_gzd_version":"3.18.7","_hs_code":"","_customs_description":"","_manufacture_country":"0","_is_non_returnable":"no","_shipping_length":"","_shipping_width":"","_shipping_height":"","_sku":"ISBN 978-3-86442-093-1","_global_unique_id":"978-3-86442-093-1","_regular_price":null,"total_sales":"0","_tax_status":"taxable","_tax_class":"","_manage_stock":"no","_backorders":"no","_sold_individually":"no","_weight":"2","_virtual":"no","_downloadable":"no","_download_limit":"-1","_download_expiry":"-1","_stock":"","_stock_status":"outofstock","_wc_average_rating":"0","_wc_review_count":"0","_product_version":"10.1.4","_price":"","shopengine_product_views_count":"2412","_thumbnail_id":"4946","_product_attributes":{"erscheinungsdatum":{"name":"Date de publication","value":"10.10.2014","position":0,"is_visible":1,"is_variation":0,"is_taxonomy":0,"checkout_visible":0}},"_nutrient_ids":[],"_upsell_ids":null,"pswc_subtitle":null,"_default_delivery_time":null,"_wp_desired_post_slug":null,"_isbn":null,"pageType":null,"isExternalUrl":null,"pageId":null,"externalUrl":null,"hideCookieBanner":null,"isTargetBlank":null,"isProviderCurrentWebsite":null,"isEmbeddingOnlyExternalResources":null,"legalBasis":null,"dataProcessingInCountries":null,"dataProcessingInCountriesSpecialTreatments":null,"technicalDefinitions":null,"googleConsentModeConsentTypes":null,"executePriority":null,"executeCodeOptInWhenNoTagManagerConsentIsGiven":null,"executeCodeOptOutWhenNoTagManagerConsentIsGiven":null,"deleteTechnicalDefinitionsAfterOptOut":null,"presetId":null,"presetVersion":null,"provider":null,"providerContactPhone":null,"providerContactEmail":null,"providerContactLink":null,"uniqueName":null,"providerPrivacyPolicyUrl":null,"providerLegalNoticeUrl":null,"codeOptIn":null,"codeOptOut":null,"codeOnPageLoad":null,"language_code":null,"shopengine_template__post_meta__type":null,"shopengine_template__post_meta":null,"shopengine_template__post_meta__edit_with":null,"origin":null,"_enabled":null,"_filters":null,"_layout":null,"_elementor_import_session_id":null,"_wp_trash_meta_status":null,"_wp_trash_meta_time":null,"_edit_lock":"1743590457:2","_elementor_floating_elements_type":null,"_elementor_edit_mode":null,"_elementor_template_type":null,"tc-thumb-fld":{"_thumb_id":4946,"_thumb_type":"thumb"},"_wp_page_template":"default","_elementor_version":null,"_elementor_pro_version":null,"_elementor_page_settings":null,"_elementor_data":null,"_elementor_conditions":null,"_elementor_popup_display_settings":null,"_edit_last":"2","_elementor_template_sub_type":null,"_elementor_controls_usage":null,"_elementor_screenshot":null,"_elementor_css":null,"_elementor_page_assets":[],"_elementor_element_cache":null,"_elementor_screenshot_failed":null,"_elementor_source":null,"_wp_old_date":null,"layout_key":"","post_slider_check_key":"0","_links":{"self":[{"href":"https:\/\/snoeck.de\/fr\/wp-json\/wp\/v2\/product\/3530","targetHints":{"allow":["GET"]}}],"collection":[{"href":"https:\/\/snoeck.de\/fr\/wp-json\/wp\/v2\/product"}],"about":[{"href":"https:\/\/snoeck.de\/fr\/wp-json\/wp\/v2\/types\/product"}],"wp:featuredmedia":[{"embeddable":true,"href":"https:\/\/snoeck.de\/fr\/wp-json\/wp\/v2\/media\/4946"}],"wp:attachment":[{"href":"https:\/\/snoeck.de\/fr\/wp-json\/wp\/v2\/media?parent=3530"}],"wp:term":[{"taxonomy":"product_brand","embeddable":true,"href":"https:\/\/snoeck.de\/fr\/wp-json\/wp\/v2\/product_brand?post=3530"},{"taxonomy":"product_cat","embeddable":true,"href":"https:\/\/snoeck.de\/fr\/wp-json\/wp\/v2\/product_cat?post=3530"},{"taxonomy":"product_tag","embeddable":true,"href":"https:\/\/snoeck.de\/fr\/wp-json\/wp\/v2\/product_tag?post=3530"}],"curies":[{"name":"wp","href":"https:\/\/api.w.org\/{rel}","templated":true}]}}