{"id":3531,"date":"2025-01-31T11:30:04","date_gmt":"2025-01-31T11:30:04","guid":{"rendered":"https:\/\/snoeck.process-vision.de\/shop\/christa-dichgans-kein-stillleben\/"},"modified":"2025-04-02T10:33:06","modified_gmt":"2025-04-02T10:33:06","slug":"christa-dichgans-kein-stillleben","status":"publish","type":"product","link":"https:\/\/snoeck.de\/fr\/shop\/christa-dichgans-kein-stillleben\/","title":{"rendered":"Christa Dichgans : pas de nature morte"},"content":{"rendered":"<h3>Christa Dichgans - Female Pop-Art<\/h3>\n<p>Des jouets en plastique entass\u00e9s dans la chambre d'enfant, un animal gonfl\u00e9 en guise de bou\u00e9e, Batman et des montagnes de saucisses - tels sont les motifs qui caract\u00e9risent les peintures de Christa Dichgans (n\u00e9e en 1940 \u00e0 Berlin). L'artiste, qui s'est fait conna\u00eetre en particulier avec ses premi\u00e8res \u0153uvres des ann\u00e9es 1960 et qui a r\u00e9cemment fait l'objet d'une attention soutenue gr\u00e2ce \u00e0 sa participation \u00e0 diff\u00e9rentes expositions collectives nationales et internationales, compte sans aucun doute parmi les principaux acteurs du pop art. Depuis plus de cinq d\u00e9cennies, elle traite de la relation entre l'homme et l'objet, et ce toujours dans le contexte d'une interrogation sur la consommation de masse, qui a fortement \u00e9volu\u00e9 au fil du temps : au lieu de la qualit\u00e9 et de la quantit\u00e9, ce sont de plus en plus des attributions immat\u00e9rielles, qui se manifestent dans le contenu symbolique des marchandises et, corr\u00e9lativement, dans la conscience de marque des consommateurs, qui sont pass\u00e9es au premier plan. Les motifs de Christa Dichgans rappellent donc aussi les natures mortes Vanitas, qui renvoient \u00e0 la demi-vie toujours plus courte du monde des choses dans une culture acc\u00e9l\u00e9r\u00e9e.<\/p>\n<p>Exposition :<br \/>\nKestnergesellschaft Hannover, 26\/1 - 8\/5\/2018<\/p>","protected":false},"excerpt":{"rendered":"<p>Catalogue d'exposition, Kestnergesellschaft Hannover, \u00e9d. par Christina V\u00e9gh<br \/>\nTextes (all.\/ang.) de Chris Dercon, Martin Engler, Eva Meyer-Hermann, pr\u00e9face de Christina V\u00e9gh et Milan Ther<br \/>\n112 p. avec 80 illustrations en couleur<br \/>\nFormat 32 x 23,5 cm, couverture rigide<\/p>","protected":false},"featured_media":4947,"template":"","meta":[],"product_brand":[],"product_cat":[111,61,90],"product_tag":[],"class_list":{"0":"post-3531","1":"product","2":"type-product","3":"status-publish","4":"has-post-thumbnail","6":"product_cat-111","7":"product_cat-d","8":"product_cat-rare-books","10":"first","11":"instock","12":"taxable","13":"shipping-taxable","14":"purchasable","15":"product-type-simple"},"aioseo_notices":[],"_wp_attached_file":null,"_wp_attachment_metadata":null,"_wc_attachment_source":null,"_elementor_inline_svg":null,"_elementor_is_screenshot":null,"_elementor_source_image_hash":null,"_source_url":null,"_wp_attachment_context":null,"_menu_item_type":null,"_menu_item_menu_item_parent":null,"_menu_item_object_id":null,"_menu_item_object":null,"_menu_item_target":null,"_menu_item_classes":null,"_menu_item_xfn":null,"_menu_item_url":null,"__elementor_forms_snapshot":null,"_unit":"","_unit_base":"","_unit_product":"","_unit_price_auto":"no","_unit_price_regular":"","_unit_price":"","_unit_price_sale":"","_sale_price_label":"","_sale_price_regular_label":"","_manufacturer_slug":"","_mini_desc":"","_defect_description":"","_safety_instructions":"","_allergen_ids":[],"_warranty_attachment_id":"","_safety_attachment_ids":[],"_min_age":"","_ts_gtin":"","_ts_mpn":"","_delivery_time_countries":[],"_free_shipping":"no","_service":"no","_photovoltaic_system":"no","_used_good":"no","_defective_copy":"no","_wireless_electronic_device":"no","_device_contains_power_supply":"no","_device_charging_supports_usb_pd":"no","_device_charging_watt_min":"0","_device_charging_watt_max":"0","_is_food":"no","_differential_taxation":"no","_gzd_version":"3.18.7","_hs_code":"","_customs_description":"","_manufacture_country":"0","_is_non_returnable":"no","_shipping_length":"","_shipping_width":"","_shipping_height":"","_sku":"ISBN 978-3-86442-235-5","_global_unique_id":"978-3-86442-235-5","_regular_price":"48","total_sales":"0","_tax_status":"taxable","_tax_class":"","_manage_stock":"no","_backorders":"no","_sold_individually":"no","_weight":"1","_virtual":"no","_downloadable":"no","_download_limit":"-1","_download_expiry":"-1","_stock":"","_stock_status":"instock","_wc_average_rating":"0","_wc_review_count":"0","_product_version":"9.7.1","_price":"48","shopengine_product_views_count":"2945","_thumbnail_id":"4947","_product_attributes":{"erscheinungsdatum":{"name":"Date de publication","value":"05.03.2018","position":0,"is_visible":1,"is_variation":0,"is_taxonomy":0,"checkout_visible":0}},"_nutrient_ids":[],"_upsell_ids":null,"pswc_subtitle":null,"_default_delivery_time":null,"_wp_desired_post_slug":null,"_isbn":null,"pageType":null,"isExternalUrl":null,"pageId":null,"externalUrl":null,"hideCookieBanner":null,"isTargetBlank":null,"isProviderCurrentWebsite":null,"isEmbeddingOnlyExternalResources":null,"legalBasis":null,"dataProcessingInCountries":null,"dataProcessingInCountriesSpecialTreatments":null,"technicalDefinitions":null,"googleConsentModeConsentTypes":null,"executePriority":null,"executeCodeOptInWhenNoTagManagerConsentIsGiven":null,"executeCodeOptOutWhenNoTagManagerConsentIsGiven":null,"deleteTechnicalDefinitionsAfterOptOut":null,"presetId":null,"presetVersion":null,"provider":null,"providerContactPhone":null,"providerContactEmail":null,"providerContactLink":null,"uniqueName":null,"providerPrivacyPolicyUrl":null,"providerLegalNoticeUrl":null,"codeOptIn":null,"codeOptOut":null,"codeOnPageLoad":null,"language_code":null,"shopengine_template__post_meta__type":null,"shopengine_template__post_meta":null,"shopengine_template__post_meta__edit_with":null,"origin":null,"_enabled":null,"_filters":null,"_layout":null,"_elementor_import_session_id":null,"_wp_trash_meta_status":null,"_wp_trash_meta_time":null,"_edit_lock":"1743589848:2","_elementor_floating_elements_type":null,"_elementor_edit_mode":null,"_elementor_template_type":null,"tc-thumb-fld":{"_thumb_id":4947,"_thumb_type":"thumb"},"_wp_page_template":"default","_elementor_version":null,"_elementor_pro_version":null,"_elementor_page_settings":null,"_elementor_data":null,"_elementor_conditions":null,"_elementor_popup_display_settings":null,"_edit_last":"2","_elementor_template_sub_type":null,"_elementor_controls_usage":null,"_elementor_screenshot":null,"_elementor_css":null,"_elementor_page_assets":[],"_elementor_element_cache":null,"_elementor_screenshot_failed":null,"_elementor_source":null,"_wp_old_date":null,"layout_key":"","post_slider_check_key":"0","_links":{"self":[{"href":"https:\/\/snoeck.de\/fr\/wp-json\/wp\/v2\/product\/3531","targetHints":{"allow":["GET"]}}],"collection":[{"href":"https:\/\/snoeck.de\/fr\/wp-json\/wp\/v2\/product"}],"about":[{"href":"https:\/\/snoeck.de\/fr\/wp-json\/wp\/v2\/types\/product"}],"wp:featuredmedia":[{"embeddable":true,"href":"https:\/\/snoeck.de\/fr\/wp-json\/wp\/v2\/media\/4947"}],"wp:attachment":[{"href":"https:\/\/snoeck.de\/fr\/wp-json\/wp\/v2\/media?parent=3531"}],"wp:term":[{"taxonomy":"product_brand","embeddable":true,"href":"https:\/\/snoeck.de\/fr\/wp-json\/wp\/v2\/product_brand?post=3531"},{"taxonomy":"product_cat","embeddable":true,"href":"https:\/\/snoeck.de\/fr\/wp-json\/wp\/v2\/product_cat?post=3531"},{"taxonomy":"product_tag","embeddable":true,"href":"https:\/\/snoeck.de\/fr\/wp-json\/wp\/v2\/product_tag?post=3531"}],"curies":[{"name":"wp","href":"https:\/\/api.w.org\/{rel}","templated":true}]}}