{"id":3533,"date":"2025-01-31T11:30:05","date_gmt":"2025-01-31T11:30:05","guid":{"rendered":"https:\/\/snoeck.process-vision.de\/shop\/dicker-als-wasser\/"},"modified":"2026-04-08T15:11:49","modified_gmt":"2026-04-08T14:11:49","slug":"dicker-als-wasser","status":"publish","type":"product","link":"https:\/\/snoeck.de\/fr\/shop\/dicker-als-wasser\/","title":{"rendered":"Plus \u00e9pais que l'eau"},"content":{"rendered":"<h3>Destin\u00e9e ?<\/h3>\n<p>La fin de la famille, la disparition des liens de parent\u00e9, mais aussi la critique des structures familiales rigides sont des th\u00e8mes r\u00e9currents des d\u00e9bats sociaux de l'\u00e9poque moderne. Les soixante-huitards consid\u00e9raient encore la famille comme une communaut\u00e9 de destin petite-bourgeoise dont il fallait s'\u00e9chapper et qu'il fallait laisser derri\u00e8re soi. Les nouvelles g\u00e9n\u00e9rations ont toujours lutt\u00e9 contre les traditions h\u00e9rit\u00e9es et les mod\u00e8les de r\u00f4les fig\u00e9s afin de tester et d'imposer de nouvelles formes de vie commune. Bien qu'elle soit r\u00e9guli\u00e8rement d\u00e9clar\u00e9e mod\u00e8le d\u00e9pass\u00e9, la famille ne perd pas pour autant son importance pour l'individu et la soci\u00e9t\u00e9, car rien ne nous marque plus durablement que ce r\u00e9seau de relations. Les affaires familiales ne sont pas seulement de nature priv\u00e9e, elles ont aussi toujours une dimension politique. Elles sont l'expression et le moteur de structures sociales en mutation, dans lesquelles le mod\u00e8le classique de cohabitation au sein de la famille en tant que lieu de s\u00e9curit\u00e9, qui fonde l'identit\u00e9, est confront\u00e9 \u00e0 de nombreux bouleversements. Les conceptions de ce qu'est une famille se sont donc \u00e9galement multipli\u00e9es : elle ne se r\u00e9duit plus seulement \u00e0 des crit\u00e8res biologiques et d'\u00e9tat civil, mais peut aussi \u00eatre consid\u00e9r\u00e9e comme un processus, comme une \"Doing Family\", ou comme un \"patchwork\" qui s'\u00e9largit. L'exposition et le livre ne s'int\u00e9ressent pas seulement aux multiples formes de cohabitation, mais osent \u00e9galement un regard interrogatif sur l'avenir : quelle est encore l'importance de la famille aujourd'hui face \u00e0 la mondialisation des conditions de travail et \u00e0 la pluralit\u00e9 des modes de vie ? Dans quelle mesure les r\u00e9seaux et les amis remplacent-ils les structures familiales classiques ? Comment les biotechnologies (parfois d\u00e9j\u00e0 num\u00e9ris\u00e9es), de l'ins\u00e9mination artificielle \u00e0 la maternit\u00e9 de substitution, modifient-elles notre conception traditionnelle de la famille ?<\/p>\n<p>Artistes* :<br \/>\nCandice Breitz, Omer Fast, Simon Fujiwara, Nan Goldin, Badr el Hammami &amp; Fadma Kaddouri, Verena Jaekel, Haejun Jo, Nina Katchadourian, Ragnar Kjartansson, Neozoon, Johannes Paul Raether, Gillian Wearing, Tobias Yves Zintel<\/p>\n<p>Expositions :<br \/>\nKunstpalais Erlangen, 24\/9 - 27\/11\/2016<br \/>\nVilla Merkel Esslingen 18\/12\/2016 - 26\/12\/2017<\/p>","protected":false},"excerpt":{"rendered":"<p>Catalogue d'exposition, Kunstpalais Erlangen, Villa Merkel Esslingen, \u00e9d. par Amely Deiss, Andreas Baur et Ina Neddermeyer<br \/>\nTextes (en allemand) d'Andreas Bernard, Sabine Einzelberger, Sabine Fellner, Renate Liebold, Ina Neddermeyer, Felicita Reuschling, Karin Schlor, Christina Strunck, Elena Zanichelli ainsi que des interviews avec les artistes<br \/>\n240 p. avec 240 illustrations en couleur<br \/>\nformat 24 x 19 cm, couverture rigide doubl\u00e9e<\/p>","protected":false},"featured_media":4949,"template":"","meta":[],"product_brand":[],"product_cat":[95],"product_tag":[],"class_list":{"0":"post-3533","1":"product","2":"type-product","3":"status-publish","4":"has-post-thumbnail","6":"product_cat-vergriffen","8":"first","9":"outofstock","10":"taxable","11":"shipping-taxable","12":"product-type-simple"},"aioseo_notices":[],"_wp_attached_file":null,"_wp_attachment_metadata":null,"_wc_attachment_source":null,"_elementor_inline_svg":null,"_elementor_is_screenshot":null,"_elementor_source_image_hash":null,"_source_url":null,"_wp_attachment_context":null,"_menu_item_type":null,"_menu_item_menu_item_parent":null,"_menu_item_object_id":null,"_menu_item_object":null,"_menu_item_target":null,"_menu_item_classes":null,"_menu_item_xfn":null,"_menu_item_url":null,"__elementor_forms_snapshot":null,"_unit":"","_unit_base":"","_unit_product":"","_unit_price_auto":"no","_unit_price_regular":"","_unit_price":"","_unit_price_sale":"","_sale_price_label":"","_sale_price_regular_label":"","_manufacturer_slug":"","_mini_desc":"","_defect_description":"","_safety_instructions":"","_allergen_ids":[],"_warranty_attachment_id":"","_safety_attachment_ids":[],"_min_age":"","_ts_gtin":"","_ts_mpn":"","_delivery_time_countries":[],"_free_shipping":"no","_service":"no","_photovoltaic_system":"no","_used_good":"no","_defective_copy":"no","_wireless_electronic_device":"no","_device_contains_power_supply":"no","_device_charging_supports_usb_pd":"no","_device_charging_watt_min":"0","_device_charging_watt_max":"0","_is_food":"no","_differential_taxation":"no","_gzd_version":"3.18.7","_hs_code":"","_customs_description":"","_manufacture_country":"0","_is_non_returnable":"no","_shipping_length":"","_shipping_width":"","_shipping_height":"","_sku":"ISBN 978-3-86442-198-3","_global_unique_id":"978-3-86442-198-3","_regular_price":null,"total_sales":"0","_tax_status":"taxable","_tax_class":"","_manage_stock":"no","_backorders":"no","_sold_individually":"no","_weight":"2","_virtual":"no","_downloadable":"no","_download_limit":"-1","_download_expiry":"-1","_stock":"","_stock_status":"outofstock","_wc_average_rating":"0","_wc_review_count":"0","_product_version":"10.1.4","_price":"","shopengine_product_views_count":"2926","_thumbnail_id":"4949","_product_attributes":{"erscheinungsdatum":{"name":"Date de publication","value":"19.12.2019","position":0,"is_visible":1,"is_variation":0,"is_taxonomy":0,"checkout_visible":0}},"_nutrient_ids":[],"_upsell_ids":null,"pswc_subtitle":null,"_default_delivery_time":null,"_wp_desired_post_slug":null,"_isbn":null,"pageType":null,"isExternalUrl":null,"pageId":null,"externalUrl":null,"hideCookieBanner":null,"isTargetBlank":null,"isProviderCurrentWebsite":null,"isEmbeddingOnlyExternalResources":null,"legalBasis":null,"dataProcessingInCountries":null,"dataProcessingInCountriesSpecialTreatments":null,"technicalDefinitions":null,"googleConsentModeConsentTypes":null,"executePriority":null,"executeCodeOptInWhenNoTagManagerConsentIsGiven":null,"executeCodeOptOutWhenNoTagManagerConsentIsGiven":null,"deleteTechnicalDefinitionsAfterOptOut":null,"presetId":null,"presetVersion":null,"provider":null,"providerContactPhone":null,"providerContactEmail":null,"providerContactLink":null,"uniqueName":null,"providerPrivacyPolicyUrl":null,"providerLegalNoticeUrl":null,"codeOptIn":null,"codeOptOut":null,"codeOnPageLoad":null,"language_code":null,"shopengine_template__post_meta__type":null,"shopengine_template__post_meta":null,"shopengine_template__post_meta__edit_with":null,"origin":null,"_enabled":null,"_filters":null,"_layout":null,"_elementor_import_session_id":null,"_wp_trash_meta_status":null,"_wp_trash_meta_time":null,"_edit_lock":"1743589483:2","_elementor_floating_elements_type":null,"_elementor_edit_mode":null,"_elementor_template_type":null,"tc-thumb-fld":{"_thumb_id":4949,"_thumb_type":"thumb"},"_wp_page_template":"default","_elementor_version":null,"_elementor_pro_version":null,"_elementor_page_settings":null,"_elementor_data":null,"_elementor_conditions":null,"_elementor_popup_display_settings":null,"_edit_last":"2","_elementor_template_sub_type":null,"_elementor_controls_usage":null,"_elementor_screenshot":null,"_elementor_css":null,"_elementor_page_assets":[],"_elementor_element_cache":null,"_elementor_screenshot_failed":null,"_elementor_source":null,"_wp_old_date":null,"layout_key":"","post_slider_check_key":"0","_links":{"self":[{"href":"https:\/\/snoeck.de\/fr\/wp-json\/wp\/v2\/product\/3533","targetHints":{"allow":["GET"]}}],"collection":[{"href":"https:\/\/snoeck.de\/fr\/wp-json\/wp\/v2\/product"}],"about":[{"href":"https:\/\/snoeck.de\/fr\/wp-json\/wp\/v2\/types\/product"}],"wp:featuredmedia":[{"embeddable":true,"href":"https:\/\/snoeck.de\/fr\/wp-json\/wp\/v2\/media\/4949"}],"wp:attachment":[{"href":"https:\/\/snoeck.de\/fr\/wp-json\/wp\/v2\/media?parent=3533"}],"wp:term":[{"taxonomy":"product_brand","embeddable":true,"href":"https:\/\/snoeck.de\/fr\/wp-json\/wp\/v2\/product_brand?post=3533"},{"taxonomy":"product_cat","embeddable":true,"href":"https:\/\/snoeck.de\/fr\/wp-json\/wp\/v2\/product_cat?post=3533"},{"taxonomy":"product_tag","embeddable":true,"href":"https:\/\/snoeck.de\/fr\/wp-json\/wp\/v2\/product_tag?post=3533"}],"curies":[{"name":"wp","href":"https:\/\/api.w.org\/{rel}","templated":true}]}}