{"id":3534,"date":"2025-01-31T11:30:05","date_gmt":"2025-01-31T11:30:05","guid":{"rendered":"https:\/\/snoeck.process-vision.de\/shop\/die-wolken-und-die-wolke\/"},"modified":"2025-04-02T10:24:53","modified_gmt":"2025-04-02T10:24:53","slug":"die-wolken-und-die-wolke","status":"publish","type":"product","link":"https:\/\/snoeck.de\/fr\/shop\/die-wolken-und-die-wolke\/","title":{"rendered":"Les nuages et le nuage \/ The Clouds and the Cloud"},"content":{"rendered":"<h3>Voir les nuages<\/h3>\n<p>Les nuages ont - sans que nous en soyons conscients - une signification \u00e9l\u00e9mentaire pour nous. Nous inscrivons nos d\u00e9sirs, nos espoirs et nos craintes dans leur volatilit\u00e9 et leur diversit\u00e9 ind\u00e9finie. La \"d\u00e9couverte\" artistique du nuage se d\u00e9roule depuis le Moyen-\u00c2ge, avec une intensification au 19e si\u00e8cle, parall\u00e8lement \u00e0 l'augmentation de son importance dans les sciences naturelles et humaines. Dans le contexte des efforts th\u00e9oriques du 20e si\u00e8cle, le nuage devient un mod\u00e8le permettant de saisir la complexit\u00e9 des conditions actuelles. Il devient le symbole d'une architecture de l'information en r\u00e9seau, de relations g\u00e9opolitiques et de nouvelles repr\u00e9sentations de l'espace. Les nuages, c'est bien connu, ne s'arr\u00eatent pas aux fronti\u00e8res. L'exposition et le livre \"Die Wolken und die Wolke\" (Les nuages et le nuage) se penchent sur le ph\u00e9nom\u00e8ne du nuage dans une perspective qui permet de voir au-del\u00e0 des images habituelles des nuages. En faisant appel aux m\u00e9dias les plus divers, les contributions vont de la traduction artistique du motif naturel \u00e0 l'infrastructure technique des nuages et \u00e0 leurs affects. Les \u0153uvres pr\u00e9sent\u00e9es associent des aspects \u00e9cologiques, sociopolitiques, \u00e9conomiques et technologiques. L'accent est mis sur la confrontation actuelle avec diff\u00e9rentes conceptions, mat\u00e9rialit\u00e9s et fonctions du ou des nuages.<\/p>\n<p>Artistes* :<br \/>\nJames Bridle, Nina Canell, Latifa Echakhch, Lara Favaretto, Hans-Peter Feldmann, Shilpa Gupta, Flaka Haliti, David Horvitz, Almut Linde, Beno\u00eet Maire, Metahaven, Marie-Luce Nadal, Ho Tzu Nyen, Trevor Paglen, Michael Sailstorfer, Christopher Kulendran Thomas<\/p>\n<p>Exposition :<br \/>\nMus\u00e9e d'art contemporain de Siegen, 4\/9\/2020 - 10\/1\/2021<\/p>","protected":false},"excerpt":{"rendered":"<p>Catalogue d'exposition, Museum f\u00fcr Gegenwartskunst Siegen, \u00e9d. Thomas Thiel<br \/>\nTextes (all.\/ang.) de Benjamin H. Bratton, James Bridle, Simon Elson, Joseph Imorde, Anne R\u00f6hl, Thomas Thiel<br \/>\n208 p. avec 70 illustrations en couleur<br \/>\nFormat 24 x 17 cm, brochure suisse<\/p>","protected":false},"featured_media":4950,"template":"","meta":[],"product_brand":[],"product_cat":[84,60,80],"product_tag":[],"class_list":{"0":"post-3534","1":"product","2":"type-product","3":"status-publish","4":"has-post-thumbnail","6":"product_cat-84","7":"product_cat-c","8":"product_cat-w","10":"first","11":"instock","12":"taxable","13":"shipping-taxable","14":"purchasable","15":"product-type-simple"},"aioseo_notices":[],"_wp_attached_file":null,"_wp_attachment_metadata":null,"_wc_attachment_source":null,"_elementor_inline_svg":null,"_elementor_is_screenshot":null,"_elementor_source_image_hash":null,"_source_url":null,"_wp_attachment_context":null,"_menu_item_type":null,"_menu_item_menu_item_parent":null,"_menu_item_object_id":null,"_menu_item_object":null,"_menu_item_target":null,"_menu_item_classes":null,"_menu_item_xfn":null,"_menu_item_url":null,"__elementor_forms_snapshot":null,"_unit":"","_unit_base":"","_unit_product":"","_unit_price_auto":"no","_unit_price_regular":"","_unit_price":"","_unit_price_sale":"","_sale_price_label":"","_sale_price_regular_label":"","_manufacturer_slug":"","_mini_desc":"","_defect_description":"","_safety_instructions":"","_allergen_ids":[],"_warranty_attachment_id":"","_safety_attachment_ids":[],"_min_age":"","_ts_gtin":"","_ts_mpn":"","_delivery_time_countries":[],"_free_shipping":"no","_service":"no","_photovoltaic_system":"no","_used_good":"no","_defective_copy":"no","_wireless_electronic_device":"no","_device_contains_power_supply":"no","_device_charging_supports_usb_pd":"no","_device_charging_watt_min":"0","_device_charging_watt_max":"0","_is_food":"no","_differential_taxation":"no","_gzd_version":"3.18.7","_hs_code":"","_customs_description":"","_manufacture_country":"0","_is_non_returnable":"no","_shipping_length":"","_shipping_width":"","_shipping_height":"","_sku":"ISBN 978-3-86442-352-9","_global_unique_id":"978-3-86442-352-9","_regular_price":"34","total_sales":"0","_tax_status":"taxable","_tax_class":"","_manage_stock":"no","_backorders":"no","_sold_individually":"no","_weight":"1","_virtual":"no","_downloadable":"no","_download_limit":"-1","_download_expiry":"-1","_stock":"","_stock_status":"instock","_wc_average_rating":"0","_wc_review_count":"0","_product_version":"9.7.1","_price":"34","shopengine_product_views_count":"2810","_thumbnail_id":"4950","_product_attributes":{"erscheinungsdatum":{"name":"Erscheinungsdatum","value":"14.01.2020","position":0,"is_visible":1,"is_variation":0,"is_taxonomy":0,"checkout_visible":0}},"_nutrient_ids":[],"_upsell_ids":null,"pswc_subtitle":null,"_default_delivery_time":null,"_wp_desired_post_slug":null,"_isbn":null,"pageType":null,"isExternalUrl":null,"pageId":null,"externalUrl":null,"hideCookieBanner":null,"isTargetBlank":null,"isProviderCurrentWebsite":null,"isEmbeddingOnlyExternalResources":null,"legalBasis":null,"dataProcessingInCountries":null,"dataProcessingInCountriesSpecialTreatments":null,"technicalDefinitions":null,"googleConsentModeConsentTypes":null,"executePriority":null,"executeCodeOptInWhenNoTagManagerConsentIsGiven":null,"executeCodeOptOutWhenNoTagManagerConsentIsGiven":null,"deleteTechnicalDefinitionsAfterOptOut":null,"presetId":null,"presetVersion":null,"provider":null,"providerContactPhone":null,"providerContactEmail":null,"providerContactLink":null,"uniqueName":null,"providerPrivacyPolicyUrl":null,"providerLegalNoticeUrl":null,"codeOptIn":null,"codeOptOut":null,"codeOnPageLoad":null,"language_code":null,"shopengine_template__post_meta__type":null,"shopengine_template__post_meta":null,"shopengine_template__post_meta__edit_with":null,"origin":null,"_enabled":null,"_filters":null,"_layout":null,"_elementor_import_session_id":null,"_wp_trash_meta_status":null,"_wp_trash_meta_time":null,"_edit_lock":"1743589354:2","_elementor_floating_elements_type":null,"_elementor_edit_mode":null,"_elementor_template_type":null,"tc-thumb-fld":{"_thumb_id":4950,"_thumb_type":"thumb"},"_wp_page_template":"default","_elementor_version":null,"_elementor_pro_version":null,"_elementor_page_settings":null,"_elementor_data":null,"_elementor_conditions":null,"_elementor_popup_display_settings":null,"_edit_last":"2","_elementor_template_sub_type":null,"_elementor_controls_usage":null,"_elementor_screenshot":null,"_elementor_css":null,"_elementor_page_assets":[],"_elementor_element_cache":null,"_elementor_screenshot_failed":null,"_elementor_source":null,"_wp_old_date":null,"layout_key":"","post_slider_check_key":"0","_links":{"self":[{"href":"https:\/\/snoeck.de\/fr\/wp-json\/wp\/v2\/product\/3534","targetHints":{"allow":["GET"]}}],"collection":[{"href":"https:\/\/snoeck.de\/fr\/wp-json\/wp\/v2\/product"}],"about":[{"href":"https:\/\/snoeck.de\/fr\/wp-json\/wp\/v2\/types\/product"}],"wp:featuredmedia":[{"embeddable":true,"href":"https:\/\/snoeck.de\/fr\/wp-json\/wp\/v2\/media\/4950"}],"wp:attachment":[{"href":"https:\/\/snoeck.de\/fr\/wp-json\/wp\/v2\/media?parent=3534"}],"wp:term":[{"taxonomy":"product_brand","embeddable":true,"href":"https:\/\/snoeck.de\/fr\/wp-json\/wp\/v2\/product_brand?post=3534"},{"taxonomy":"product_cat","embeddable":true,"href":"https:\/\/snoeck.de\/fr\/wp-json\/wp\/v2\/product_cat?post=3534"},{"taxonomy":"product_tag","embeddable":true,"href":"https:\/\/snoeck.de\/fr\/wp-json\/wp\/v2\/product_tag?post=3534"}],"curies":[{"name":"wp","href":"https:\/\/api.w.org\/{rel}","templated":true}]}}