{"id":3535,"date":"2025-01-31T11:30:06","date_gmt":"2025-01-31T11:30:06","guid":{"rendered":"https:\/\/snoeck.process-vision.de\/shop\/dieter-roth-arnulf-rainer-collaborations\/"},"modified":"2026-04-08T14:59:48","modified_gmt":"2026-04-08T13:59:48","slug":"dieter-roth-arnulf-rainer-collaborations","status":"publish","type":"product","link":"https:\/\/snoeck.de\/fr\/shop\/dieter-roth-arnulf-rainer-collaborations\/","title":{"rendered":"Dieter Roth &amp; Arnulf Rainer - Collaborations"},"content":{"rendered":"<h3>Provocation - Collaboration<\/h3>\n<p>La collaboration entre ces deux artistes d'exception, qui a d\u00e9but\u00e9 en 1974, a donn\u00e9 lieu \u00e0 quelques 500 \u0153uvres qui, pour la plupart, n'ont aucun lien direct avec les \u0153uvres de Dieter Roth ou d'Arnulf Rainer. Les deux artistes s'effor\u00e7aient plut\u00f4t de faire s'entrechoquer leurs conceptions individuelles sans aucun frein, afin de cr\u00e9er des \u0153uvres d'une performativit\u00e9 slapstick ainsi qu'une plaisanterie picturale nourrie d'humour. Souvent, Arnulf Rainer, petit et mince, s'est approch\u00e9 de Dieter Roth, plus grand et corpulent, comme un murmure provocateur, et Roth a parfois r\u00e9agi aux id\u00e9es et aux inspirations de Rainer par des agressions cibl\u00e9es. Des photographies accompagnaient ces rencontres. Rainer traitait ensuite les photos et les transmettait \u00e0 Roth, qui terminait l'\u0153uvre. En outre, le pr\u00e9sent ouvrage rassemble, outre quelques \"Fuzzle Pieces\", surtout des dessins de grand format et les plus beaux exemples de travaux collectifs de dessin et de graphisme \u00e9tiquet\u00e9s \"Misch- u. Trennkunst\" (art mixte et s\u00e9par\u00e9), dans lesquels Bj\u00f6rn Roth a \u00e9t\u00e9 int\u00e9gr\u00e9 \u00e0 la coop\u00e9ration \u00e0 partir des ann\u00e9es 1980.<\/p>\n<p>Exposition :<br \/>\nHauser &amp; Wirth, Londres, 14\/3 - 3\/5\/2014<\/p>","protected":false},"excerpt":{"rendered":"<p>Catalogue d'exposition, Hauser &amp; Wirth Londres, \u00e9d. par Barry Rosen<br \/>\nTexte (eng.) de Robert Fleck, Bj\u00f6rn Roth<br \/>\n168 p. avec 101 illustrations en couleur et 50 en noir et blanc<br \/>\nFormat 32,6 x 28,1 cm, broch\u00e9 avec jaquette<\/p>","protected":false},"featured_media":4951,"template":"","meta":[],"product_brand":[],"product_cat":[95],"product_tag":[],"class_list":{"0":"post-3535","1":"product","2":"type-product","3":"status-publish","4":"has-post-thumbnail","6":"product_cat-vergriffen","8":"first","9":"outofstock","10":"taxable","11":"shipping-taxable","12":"product-type-simple"},"aioseo_notices":[],"_wp_attached_file":null,"_wp_attachment_metadata":null,"_wc_attachment_source":null,"_elementor_inline_svg":null,"_elementor_is_screenshot":null,"_elementor_source_image_hash":null,"_source_url":null,"_wp_attachment_context":null,"_menu_item_type":null,"_menu_item_menu_item_parent":null,"_menu_item_object_id":null,"_menu_item_object":null,"_menu_item_target":null,"_menu_item_classes":null,"_menu_item_xfn":null,"_menu_item_url":null,"__elementor_forms_snapshot":null,"_unit":"","_unit_base":"","_unit_product":"","_unit_price_auto":"no","_unit_price_regular":"","_unit_price":"","_unit_price_sale":"","_sale_price_label":"","_sale_price_regular_label":"","_manufacturer_slug":"","_mini_desc":"","_defect_description":"","_safety_instructions":"","_allergen_ids":[],"_warranty_attachment_id":"","_safety_attachment_ids":[],"_min_age":"","_ts_gtin":"","_ts_mpn":"","_delivery_time_countries":[],"_free_shipping":"no","_service":"no","_photovoltaic_system":"no","_used_good":"no","_defective_copy":"no","_wireless_electronic_device":"no","_device_contains_power_supply":"no","_device_charging_supports_usb_pd":"no","_device_charging_watt_min":"0","_device_charging_watt_max":"0","_is_food":"no","_differential_taxation":"no","_gzd_version":"3.18.7","_hs_code":"","_customs_description":"","_manufacture_country":"0","_is_non_returnable":"no","_shipping_length":"","_shipping_width":"","_shipping_height":"","_sku":"ISBN 978-3-86442-084-9","_global_unique_id":"978-3-86442-084-9","_regular_price":null,"total_sales":"0","_tax_status":"taxable","_tax_class":"","_manage_stock":"no","_backorders":"no","_sold_individually":"no","_weight":"1","_virtual":"no","_downloadable":"no","_download_limit":"-1","_download_expiry":"-1","_stock":"","_stock_status":"outofstock","_wc_average_rating":"0","_wc_review_count":"0","_product_version":"10.1.4","_price":"","shopengine_product_views_count":"2785","_thumbnail_id":"4951","_product_attributes":{"erscheinungsdatum":{"name":"Date de publication","value":"12.03.2014","position":0,"is_visible":1,"is_variation":0,"is_taxonomy":0,"checkout_visible":0}},"_nutrient_ids":[],"_upsell_ids":null,"pswc_subtitle":null,"_default_delivery_time":null,"_wp_desired_post_slug":null,"_isbn":null,"pageType":null,"isExternalUrl":null,"pageId":null,"externalUrl":null,"hideCookieBanner":null,"isTargetBlank":null,"isProviderCurrentWebsite":null,"isEmbeddingOnlyExternalResources":null,"legalBasis":null,"dataProcessingInCountries":null,"dataProcessingInCountriesSpecialTreatments":null,"technicalDefinitions":null,"googleConsentModeConsentTypes":null,"executePriority":null,"executeCodeOptInWhenNoTagManagerConsentIsGiven":null,"executeCodeOptOutWhenNoTagManagerConsentIsGiven":null,"deleteTechnicalDefinitionsAfterOptOut":null,"presetId":null,"presetVersion":null,"provider":null,"providerContactPhone":null,"providerContactEmail":null,"providerContactLink":null,"uniqueName":null,"providerPrivacyPolicyUrl":null,"providerLegalNoticeUrl":null,"codeOptIn":null,"codeOptOut":null,"codeOnPageLoad":null,"language_code":null,"shopengine_template__post_meta__type":null,"shopengine_template__post_meta":null,"shopengine_template__post_meta__edit_with":null,"origin":null,"_enabled":null,"_filters":null,"_layout":null,"_elementor_import_session_id":null,"_wp_trash_meta_status":null,"_wp_trash_meta_time":null,"_edit_lock":"1743588949:2","_elementor_floating_elements_type":null,"_elementor_edit_mode":null,"_elementor_template_type":null,"tc-thumb-fld":{"_thumb_id":4951,"_thumb_type":"thumb"},"_wp_page_template":"default","_elementor_version":null,"_elementor_pro_version":null,"_elementor_page_settings":null,"_elementor_data":null,"_elementor_conditions":null,"_elementor_popup_display_settings":null,"_edit_last":"2","_elementor_template_sub_type":null,"_elementor_controls_usage":null,"_elementor_screenshot":null,"_elementor_css":null,"_elementor_page_assets":[],"_elementor_element_cache":null,"_elementor_screenshot_failed":null,"_elementor_source":null,"_wp_old_date":null,"layout_key":"","post_slider_check_key":"0","_links":{"self":[{"href":"https:\/\/snoeck.de\/fr\/wp-json\/wp\/v2\/product\/3535","targetHints":{"allow":["GET"]}}],"collection":[{"href":"https:\/\/snoeck.de\/fr\/wp-json\/wp\/v2\/product"}],"about":[{"href":"https:\/\/snoeck.de\/fr\/wp-json\/wp\/v2\/types\/product"}],"wp:featuredmedia":[{"embeddable":true,"href":"https:\/\/snoeck.de\/fr\/wp-json\/wp\/v2\/media\/4951"}],"wp:attachment":[{"href":"https:\/\/snoeck.de\/fr\/wp-json\/wp\/v2\/media?parent=3535"}],"wp:term":[{"taxonomy":"product_brand","embeddable":true,"href":"https:\/\/snoeck.de\/fr\/wp-json\/wp\/v2\/product_brand?post=3535"},{"taxonomy":"product_cat","embeddable":true,"href":"https:\/\/snoeck.de\/fr\/wp-json\/wp\/v2\/product_cat?post=3535"},{"taxonomy":"product_tag","embeddable":true,"href":"https:\/\/snoeck.de\/fr\/wp-json\/wp\/v2\/product_tag?post=3535"}],"curies":[{"name":"wp","href":"https:\/\/api.w.org\/{rel}","templated":true}]}}