{"id":3536,"date":"2025-01-31T11:30:06","date_gmt":"2025-01-31T11:30:06","guid":{"rendered":"https:\/\/snoeck.process-vision.de\/shop\/martin-disler-bilder-vom-maler\/"},"modified":"2026-04-08T15:09:21","modified_gmt":"2026-04-08T14:09:21","slug":"martin-disler-bilder-vom-maler","status":"publish","type":"product","link":"https:\/\/snoeck.de\/fr\/shop\/martin-disler-bilder-vom-maler\/","title":{"rendered":"Martin Disler : images du peintre"},"content":{"rendered":"<h3>C'est le point de non-retour<\/h3>\n<p>Dans une lettre fictive adress\u00e9e au peintre suisse d\u00e9c\u00e9d\u00e9 en 1996 \u00e0 Gen\u00e8ve, Friedrich Meschede \u00e9crit, \u00e0 l'occasion de l'exposition \u00e0 la Kunsthalle de Bielefeld, que ses tableaux apparaissent \"comme des champs de bataille, une lutte pour les gestes des personnages, pour la r\u00e9sistance de la p\u00e2te de couleur tenace, pour amener le tout ensemble dans une certaine physionomie\". Martin Disler \u00e9tait l'un des principaux protagonistes de la peinture dite \"sauvage\" des ann\u00e9es 1980, mais lui seul a toujours pr\u00e9f\u00e9r\u00e9 se voir comme un homme de lettres rat\u00e9. C'est pourquoi le pr\u00e9sent catalogue, dont le bloc de livre est simplement solidement agraf\u00e9, reproduit en fac-simil\u00e9, outre les travaux acryliques sur toile, les monotypes, les aquatintes, les linogravures (tous de grand format) et une s\u00e9rie de terres cuites, quelques-uns des manuscrits originaux de Martin Disler qui, comme l'\u00e9crit Meta Marina Beeck, soulignent \u00e9galement que la nouvelle g\u00e9n\u00e9ration d'artistes a marqu\u00e9 \"la p\u00e9n\u00e9tration de la culture punk dans le syst\u00e8me culturel \u00e9tabli et conservateur\". Et Paul Maenz, galeriste de Martin Disler entre 1984 et 1989, constate : \"M\u00eame si le succ\u00e8s fulgurant, inou\u00ef et certainement indigeste n'a pas dur\u00e9 dix ans (n'est-ce pas le cas de tous les mouvements du XXe si\u00e8cle ?), cette rupture des r\u00e8gles, cette trach\u00e9otomie inattendue du d\u00e9but des ann\u00e9es 1980 a chang\u00e9 notre regard. Et presque accessoirement, il a montr\u00e9 que notre 'moi multiple' contemporain n'\u00e9tait entre-temps nulle part ailleurs chez lui qu'\u00e0 l'\u00e8re de la postmodernit\u00e9, dans le pr\u00e9sent. Mais la vague qui l'a emport\u00e9 - et qui ne l'a pas rendu heureux - a \u00e9galement occult\u00e9 le fait que l'art de Disler provenait de sources totalement diff\u00e9rentes de ce qui \u00e9tait en vogue dans la nouvelle peinture de ces ann\u00e9es-l\u00e0 : Ce ne sont pas les tabous burlesques (Dokoupil), le sarcasme socio-agitatif (B\u00fcttner) ou les croisements d'images exotiques (Clemente) qui constituaient ses champs th\u00e9matiques, mais - oui, n'h\u00e9sitons pas \u00e0 l'appeler ainsi - le d\u00e9sir, l'abandon au d\u00e9sir jusqu'\u00e0 l'auto-consommation existentielle. La vibration existentielle, la pr\u00e9tention \u00e0 la totalit\u00e9, le caract\u00e8re indispensable de ces \u0153uvres, y compris leur d\u00e9sir d'enlacer le monde entier et de voir l'amour, la sexualit\u00e9 et la mort en une seule chose, tout cela d\u00e9crit un cosmos au-del\u00e0 de ce que voulait et recherchait la Nouvelle Peinture de ses contemporains. Avec Martin Disler et son art, nous avons affaire \u00e0 un solitaire, sans lien avec l'actualit\u00e9 ni appartenance stylistique. Des th\u00e8mes fondamentaux et universels comme l'amour, le d\u00e9sir et la mort nous renvoient au-del\u00e0 du jour et de notre propre \u00e9poque\".<\/p>\n<p>Exposition :<br \/>\nKunsthalle Bielefeld, 19\/3 - 3\/7\/2016<\/p>","protected":false},"excerpt":{"rendered":"<p>Catalogue d'exposition, Kunsthalle Bielefeld, \u00e9d. Friedrich Meschede<br \/>\nTextes (all.) de Meta Marina Beeck, Anne Krauter, Paul Maenz, Friedrich Meschede<br \/>\n124 p. avec 110 illustrations en couleur et 5 en noir et blanc<br \/>\nFormat 34 x 24 cm, couverture en carton pli\u00e9e en trois, bloc de livre solidement agraf\u00e9<\/p>","protected":false},"featured_media":4952,"template":"","meta":[],"product_brand":[],"product_cat":[95],"product_tag":[],"class_list":{"0":"post-3536","1":"product","2":"type-product","3":"status-publish","4":"has-post-thumbnail","6":"product_cat-vergriffen","8":"first","9":"outofstock","10":"taxable","11":"shipping-taxable","12":"product-type-simple"},"aioseo_notices":[],"_wp_attached_file":null,"_wp_attachment_metadata":null,"_wc_attachment_source":null,"_elementor_inline_svg":null,"_elementor_is_screenshot":null,"_elementor_source_image_hash":null,"_source_url":null,"_wp_attachment_context":null,"_menu_item_type":null,"_menu_item_menu_item_parent":null,"_menu_item_object_id":null,"_menu_item_object":null,"_menu_item_target":null,"_menu_item_classes":null,"_menu_item_xfn":null,"_menu_item_url":null,"__elementor_forms_snapshot":null,"_unit":"","_unit_base":"","_unit_product":"","_unit_price_auto":"no","_unit_price_regular":"","_unit_price":"","_unit_price_sale":"","_sale_price_label":"","_sale_price_regular_label":"","_manufacturer_slug":"","_mini_desc":"","_defect_description":"","_safety_instructions":"","_allergen_ids":[],"_warranty_attachment_id":"","_safety_attachment_ids":[],"_min_age":"","_ts_gtin":"","_ts_mpn":"","_delivery_time_countries":[],"_free_shipping":"no","_service":"no","_photovoltaic_system":"no","_used_good":"no","_defective_copy":"no","_wireless_electronic_device":"no","_device_contains_power_supply":"no","_device_charging_supports_usb_pd":"no","_device_charging_watt_min":"0","_device_charging_watt_max":"0","_is_food":"no","_differential_taxation":"no","_gzd_version":"3.18.7","_hs_code":"","_customs_description":"","_manufacture_country":"0","_is_non_returnable":"no","_shipping_length":"","_shipping_width":"","_shipping_height":"","_sku":"ISBN 978-3-86442-173-0","_global_unique_id":"978-3-86442-173-0","_regular_price":null,"total_sales":"0","_tax_status":"taxable","_tax_class":"","_manage_stock":"no","_backorders":"no","_sold_individually":"no","_weight":"1","_virtual":"no","_downloadable":"no","_download_limit":"-1","_download_expiry":"-1","_stock":"","_stock_status":"outofstock","_wc_average_rating":"0","_wc_review_count":"0","_product_version":"10.1.4","_price":"","shopengine_product_views_count":"2694","_thumbnail_id":"4952","_product_attributes":{"erscheinungsdatum":{"name":"Date de publication","value":"08.04.2016","position":0,"is_visible":1,"is_variation":0,"is_taxonomy":0,"checkout_visible":0}},"_nutrient_ids":[],"_upsell_ids":null,"pswc_subtitle":null,"_default_delivery_time":null,"_wp_desired_post_slug":null,"_isbn":null,"pageType":null,"isExternalUrl":null,"pageId":null,"externalUrl":null,"hideCookieBanner":null,"isTargetBlank":null,"isProviderCurrentWebsite":null,"isEmbeddingOnlyExternalResources":null,"legalBasis":null,"dataProcessingInCountries":null,"dataProcessingInCountriesSpecialTreatments":null,"technicalDefinitions":null,"googleConsentModeConsentTypes":null,"executePriority":null,"executeCodeOptInWhenNoTagManagerConsentIsGiven":null,"executeCodeOptOutWhenNoTagManagerConsentIsGiven":null,"deleteTechnicalDefinitionsAfterOptOut":null,"presetId":null,"presetVersion":null,"provider":null,"providerContactPhone":null,"providerContactEmail":null,"providerContactLink":null,"uniqueName":null,"providerPrivacyPolicyUrl":null,"providerLegalNoticeUrl":null,"codeOptIn":null,"codeOptOut":null,"codeOnPageLoad":null,"language_code":null,"shopengine_template__post_meta__type":null,"shopengine_template__post_meta":null,"shopengine_template__post_meta__edit_with":null,"origin":null,"_enabled":null,"_filters":null,"_layout":null,"_elementor_import_session_id":null,"_wp_trash_meta_status":null,"_wp_trash_meta_time":null,"_edit_lock":"1743588780:2","_elementor_floating_elements_type":null,"_elementor_edit_mode":null,"_elementor_template_type":null,"tc-thumb-fld":{"_thumb_id":4952,"_thumb_type":"thumb"},"_wp_page_template":"default","_elementor_version":null,"_elementor_pro_version":null,"_elementor_page_settings":null,"_elementor_data":null,"_elementor_conditions":null,"_elementor_popup_display_settings":null,"_edit_last":"2","_elementor_template_sub_type":null,"_elementor_controls_usage":null,"_elementor_screenshot":null,"_elementor_css":null,"_elementor_page_assets":[],"_elementor_element_cache":null,"_elementor_screenshot_failed":null,"_elementor_source":null,"_wp_old_date":null,"layout_key":"","post_slider_check_key":"0","_links":{"self":[{"href":"https:\/\/snoeck.de\/fr\/wp-json\/wp\/v2\/product\/3536","targetHints":{"allow":["GET"]}}],"collection":[{"href":"https:\/\/snoeck.de\/fr\/wp-json\/wp\/v2\/product"}],"about":[{"href":"https:\/\/snoeck.de\/fr\/wp-json\/wp\/v2\/types\/product"}],"wp:featuredmedia":[{"embeddable":true,"href":"https:\/\/snoeck.de\/fr\/wp-json\/wp\/v2\/media\/4952"}],"wp:attachment":[{"href":"https:\/\/snoeck.de\/fr\/wp-json\/wp\/v2\/media?parent=3536"}],"wp:term":[{"taxonomy":"product_brand","embeddable":true,"href":"https:\/\/snoeck.de\/fr\/wp-json\/wp\/v2\/product_brand?post=3536"},{"taxonomy":"product_cat","embeddable":true,"href":"https:\/\/snoeck.de\/fr\/wp-json\/wp\/v2\/product_cat?post=3536"},{"taxonomy":"product_tag","embeddable":true,"href":"https:\/\/snoeck.de\/fr\/wp-json\/wp\/v2\/product_tag?post=3536"}],"curies":[{"name":"wp","href":"https:\/\/api.w.org\/{rel}","templated":true}]}}