{"id":3537,"date":"2025-01-31T11:30:07","date_gmt":"2025-01-31T11:30:07","guid":{"rendered":"https:\/\/snoeck.process-vision.de\/shop\/paul-dobe-photographische-naturstudien-und-formfindung\/"},"modified":"2026-04-08T15:14:49","modified_gmt":"2026-04-08T14:14:49","slug":"paul-dobe-photographische-naturstudien-und-formfindung","status":"publish","type":"product","link":"https:\/\/snoeck.de\/fr\/shop\/paul-dobe-photographische-naturstudien-und-formfindung\/","title":{"rendered":"Paul Dobe : \u00e9tudes photographiques de la nature et recherche de formes"},"content":{"rendered":"<h3>Le peintre et dessinateur de plantes Paul Dobe (1880-1965)<\/h3>\n<p>Les photographies de plantes de Paul Dobe sont longtemps tomb\u00e9es dans l'oubli, jusqu'\u00e0 ce qu'elles reviennent sur le devant de la sc\u00e8ne \u00e0 la suite d'une d\u00e9couverte fortuite li\u00e9e \u00e0 des recherches sur les \u00e9ditions Folkwang-Auriga. La responsabilit\u00e9 en incombe \u00e0 l'historien de l'art Rainer Stamm, qui a rassembl\u00e9 un ensemble partiellement photographique de travaux de Dobe et l'a mis \u00e0 disposition de la Photographische Sammlung\/SK Stiftung Kultur en tant que pr\u00eat permanent. Ce qui frappe particuli\u00e8rement dans les photos de Paul Dobe, c'est son approche syst\u00e9matique. A la mani\u00e8re d'un documentaire scientifique, il tourne autour de son sujet : le monde v\u00e9g\u00e9tal local, en d\u00e9duit des types et des principes de construction et est \u00e0 la recherche d'une loi de forme sous-jacente. On peut parler d'une comparaison s\u00e9rielle, ce qui rapproche l'approche de Paul Dobe de personnes pionni\u00e8res de l'histoire de l'art comme Karl Blossfeldt, August Sander et Bernd et Hilla Becher - toutes des positions centrales dans les collections de la Photographische Sammlung\/SK Stiftung Kultur. Outre les repr\u00e9sentations de plantes, la publication contient notamment les photos de Paul Dobes de diff\u00e9rentes formations nuageuses.<\/p>\n<p>Exposition :<br \/>\nLa collection photographique\/SK Stiftung Kultur, Cologne, 2\/3-8\/7\/2018<\/p>","protected":false},"excerpt":{"rendered":"<p>Catalogue d'exposition, \u00e9dit\u00e9 par Die Photographische Sammlung\/SK Stiftung Kultur K\u00f6ln<br \/>\nTextes (all.) de Jule Schaffer et Rainer Stamm et une pr\u00e9face de Gabriele Conrath-Scholl<br \/>\n96 pages avec 60 illustrations en couleur et en n\/b<br \/>\nformat 26 x 19,5 cm, couverture rigide<\/p>","protected":false},"featured_media":4953,"template":"","meta":[],"product_brand":[],"product_cat":[95],"product_tag":[],"class_list":{"0":"post-3537","1":"product","2":"type-product","3":"status-publish","4":"has-post-thumbnail","6":"product_cat-vergriffen","8":"first","9":"outofstock","10":"taxable","11":"shipping-taxable","12":"product-type-simple"},"aioseo_notices":[],"_wp_attached_file":null,"_wp_attachment_metadata":null,"_wc_attachment_source":null,"_elementor_inline_svg":null,"_elementor_is_screenshot":null,"_elementor_source_image_hash":null,"_source_url":null,"_wp_attachment_context":null,"_menu_item_type":null,"_menu_item_menu_item_parent":null,"_menu_item_object_id":null,"_menu_item_object":null,"_menu_item_target":null,"_menu_item_classes":null,"_menu_item_xfn":null,"_menu_item_url":null,"__elementor_forms_snapshot":null,"_unit":"","_unit_base":"","_unit_product":"","_unit_price_auto":"no","_unit_price_regular":"","_unit_price":"","_unit_price_sale":"","_sale_price_label":"","_sale_price_regular_label":"","_manufacturer_slug":"","_mini_desc":"","_defect_description":"","_safety_instructions":"","_allergen_ids":[],"_warranty_attachment_id":"","_safety_attachment_ids":[],"_min_age":"","_ts_gtin":"","_ts_mpn":"","_delivery_time_countries":[],"_free_shipping":"no","_service":"no","_photovoltaic_system":"no","_used_good":"no","_defective_copy":"no","_wireless_electronic_device":"no","_device_contains_power_supply":"no","_device_charging_supports_usb_pd":"no","_device_charging_watt_min":"0","_device_charging_watt_max":"0","_is_food":"no","_differential_taxation":"no","_gzd_version":"3.18.7","_hs_code":"","_customs_description":"","_manufacture_country":"0","_is_non_returnable":"no","_shipping_length":"","_shipping_width":"","_shipping_height":"","_sku":"ISBN 978-3-86442-238-6","_global_unique_id":"978-3-86442-238-6","_regular_price":null,"total_sales":"1","_tax_status":"taxable","_tax_class":"","_manage_stock":"no","_backorders":"no","_sold_individually":"no","_weight":"1","_virtual":"no","_downloadable":"no","_download_limit":"-1","_download_expiry":"-1","_stock":"","_stock_status":"outofstock","_wc_average_rating":"0","_wc_review_count":"0","_product_version":"10.1.4","_price":"","shopengine_product_views_count":"2313","_thumbnail_id":"4953","_product_attributes":{"erscheinungsdatum":{"name":"Date de publication","value":"13.06.2018","position":0,"is_visible":1,"is_variation":0,"is_taxonomy":0,"checkout_visible":0}},"_nutrient_ids":[],"_upsell_ids":null,"pswc_subtitle":null,"_default_delivery_time":null,"_wp_desired_post_slug":null,"_isbn":null,"pageType":null,"isExternalUrl":null,"pageId":null,"externalUrl":null,"hideCookieBanner":null,"isTargetBlank":null,"isProviderCurrentWebsite":null,"isEmbeddingOnlyExternalResources":null,"legalBasis":null,"dataProcessingInCountries":null,"dataProcessingInCountriesSpecialTreatments":null,"technicalDefinitions":null,"googleConsentModeConsentTypes":null,"executePriority":null,"executeCodeOptInWhenNoTagManagerConsentIsGiven":null,"executeCodeOptOutWhenNoTagManagerConsentIsGiven":null,"deleteTechnicalDefinitionsAfterOptOut":null,"presetId":null,"presetVersion":null,"provider":null,"providerContactPhone":null,"providerContactEmail":null,"providerContactLink":null,"uniqueName":null,"providerPrivacyPolicyUrl":null,"providerLegalNoticeUrl":null,"codeOptIn":null,"codeOptOut":null,"codeOnPageLoad":null,"language_code":null,"shopengine_template__post_meta__type":null,"shopengine_template__post_meta":null,"shopengine_template__post_meta__edit_with":null,"origin":null,"_enabled":null,"_filters":null,"_layout":null,"_elementor_import_session_id":null,"_wp_trash_meta_status":null,"_wp_trash_meta_time":null,"_edit_lock":"1743531288:2","_elementor_floating_elements_type":null,"_elementor_edit_mode":null,"_elementor_template_type":null,"tc-thumb-fld":{"_thumb_id":4953,"_thumb_type":"thumb"},"_wp_page_template":"default","_elementor_version":null,"_elementor_pro_version":null,"_elementor_page_settings":null,"_elementor_data":null,"_elementor_conditions":null,"_elementor_popup_display_settings":null,"_edit_last":"2","_elementor_template_sub_type":null,"_elementor_controls_usage":null,"_elementor_screenshot":null,"_elementor_css":null,"_elementor_page_assets":[],"_elementor_element_cache":null,"_elementor_screenshot_failed":null,"_elementor_source":null,"_wp_old_date":null,"layout_key":"","post_slider_check_key":"0","_links":{"self":[{"href":"https:\/\/snoeck.de\/fr\/wp-json\/wp\/v2\/product\/3537","targetHints":{"allow":["GET"]}}],"collection":[{"href":"https:\/\/snoeck.de\/fr\/wp-json\/wp\/v2\/product"}],"about":[{"href":"https:\/\/snoeck.de\/fr\/wp-json\/wp\/v2\/types\/product"}],"wp:featuredmedia":[{"embeddable":true,"href":"https:\/\/snoeck.de\/fr\/wp-json\/wp\/v2\/media\/4953"}],"wp:attachment":[{"href":"https:\/\/snoeck.de\/fr\/wp-json\/wp\/v2\/media?parent=3537"}],"wp:term":[{"taxonomy":"product_brand","embeddable":true,"href":"https:\/\/snoeck.de\/fr\/wp-json\/wp\/v2\/product_brand?post=3537"},{"taxonomy":"product_cat","embeddable":true,"href":"https:\/\/snoeck.de\/fr\/wp-json\/wp\/v2\/product_cat?post=3537"},{"taxonomy":"product_tag","embeddable":true,"href":"https:\/\/snoeck.de\/fr\/wp-json\/wp\/v2\/product_tag?post=3537"}],"curies":[{"name":"wp","href":"https:\/\/api.w.org\/{rel}","templated":true}]}}