{"id":3539,"date":"2025-01-31T11:30:08","date_gmt":"2025-01-31T11:30:08","guid":{"rendered":"https:\/\/snoeck.process-vision.de\/shop\/dorothea-von-stetten-kunstpreis-2022\/"},"modified":"2025-04-01T18:13:18","modified_gmt":"2025-04-01T18:13:18","slug":"dorothea-von-stetten-kunstpreis-2022","status":"publish","type":"product","link":"https:\/\/snoeck.de\/fr\/shop\/dorothea-von-stetten-kunstpreis-2022\/","title":{"rendered":"Prix d'art Dorothea von Stetten 2022"},"content":{"rendered":"<h3>98 % catholiques pratiquants<\/h3>\n<p>Avec la Pologne, le Prix d'art Dorothea von Stetten 2022 est d\u00e9di\u00e9 \u00e0 une sc\u00e8ne artistique extr\u00eamement polyphonique, incroyablement vitale et hautement r\u00e9fl\u00e9chie. Dans le contexte social d'un catholicisme encore tr\u00e8s rigide (98 % de la population polonaise se d\u00e9clarent catholiques pratiquants) d'une part et d'un n\u00e9olib\u00e9ralisme urbain d'autre part, de nombreuses propositions artistiques, souvent performatives et installatives, tournent de pr\u00e9f\u00e9rence autour des questions d'identit\u00e9, de nationalit\u00e9 et de religion. La jeune sc\u00e8ne actuelle se distingue ainsi aussi bien des repr\u00e9sentants de l'\"art critique\" des ann\u00e9es 1990, comme Pawe\u0142 Althamer ou Artur Zmijewski, que de la g\u00e9n\u00e9ration de peintres postcommunistes, comme Wilhelm Sasnal ou Rafa\u0142 Bujnowski, qui, apr\u00e8s 2000, ont plac\u00e9 les banalit\u00e9s de la vie quotidienne au premier plan de leurs recherches. La s\u00e9lection des positions repr\u00e9sent\u00e9es dans l'exposition refl\u00e8te de mani\u00e8re impressionnante l'ampleur, l'intensit\u00e9 et la profondeur critique avec lesquelles la jeune g\u00e9n\u00e9ration d'artistes polonais aborde ses champs th\u00e9matiques. Ainsi, Zuza Goli\u0144ska (*1990) s'interroge sur la place du corps dans le monde avec ses arrangements de sculptures suggestifs, tandis que Diana Lelonek (*1988) aborde de mani\u00e8re critique l'id\u00e9e d'une croissance illimit\u00e9e et notre utilisation irresponsable des ressources naturelles dans ses installations foisonnantes. Enfin, Daniel Rycharski (*1986) travaille, dans son \u0153uvre fortement marqu\u00e9e par des \u00e9l\u00e9ments actionnistes, \u00e0 un d\u00e9passement des antagonismes au sein de la culture polonaise et prend ainsi clairement position contre la revendication normative de l'orientation h\u00e9t\u00e9rosexuelle.<\/p>\n<p>Exposition :<br \/>\nMus\u00e9e d'art de Bonn, 16\/6 - 4\/9\/2022<\/p>","protected":false},"excerpt":{"rendered":"<p>Catalogue d'exposition, Kunstmuseum Bonn, \u00e9d. par Stephan Berg<br \/>\nTextes (all.\/ang.) de Sebastian Cichocki, Anda Rottenberg, Monika Szwczyk<br \/>\n120 p. avec 96 illustrations en couleur<br \/>\nformat 26 x 21 cm, brochure \u00e0 rabats<\/p>","protected":false},"featured_media":4955,"template":"","meta":[],"product_brand":[],"product_cat":[86,61,68,76],"product_tag":[],"class_list":{"0":"post-3539","1":"product","2":"type-product","3":"status-publish","4":"has-post-thumbnail","6":"product_cat-86","7":"product_cat-d","8":"product_cat-k","9":"product_cat-s","11":"first","12":"instock","13":"taxable","14":"shipping-taxable","15":"purchasable","16":"product-type-simple"},"aioseo_notices":[],"_wp_attached_file":null,"_wp_attachment_metadata":null,"_wc_attachment_source":null,"_elementor_inline_svg":null,"_elementor_is_screenshot":null,"_elementor_source_image_hash":null,"_source_url":null,"_wp_attachment_context":null,"_menu_item_type":null,"_menu_item_menu_item_parent":null,"_menu_item_object_id":null,"_menu_item_object":null,"_menu_item_target":null,"_menu_item_classes":null,"_menu_item_xfn":null,"_menu_item_url":null,"__elementor_forms_snapshot":null,"_unit":"","_unit_base":"","_unit_product":"","_unit_price_auto":"no","_unit_price_regular":"","_unit_price":"","_unit_price_sale":"","_sale_price_label":"","_sale_price_regular_label":"","_manufacturer_slug":"","_mini_desc":"","_defect_description":"","_safety_instructions":"","_allergen_ids":[],"_warranty_attachment_id":"","_safety_attachment_ids":[],"_min_age":"","_ts_gtin":"","_ts_mpn":"","_delivery_time_countries":[],"_free_shipping":"no","_service":"no","_photovoltaic_system":"no","_used_good":"no","_defective_copy":"no","_wireless_electronic_device":"no","_device_contains_power_supply":"no","_device_charging_supports_usb_pd":"no","_device_charging_watt_min":"0","_device_charging_watt_max":"0","_is_food":"no","_differential_taxation":"no","_gzd_version":"3.18.7","_hs_code":"","_customs_description":"","_manufacture_country":"0","_is_non_returnable":"no","_shipping_length":"","_shipping_width":"","_shipping_height":"","_sku":"ISBN 978-3-86442-387-1","_global_unique_id":"978-3-86442-387-1","_regular_price":"29.8","total_sales":"0","_tax_status":"taxable","_tax_class":"","_manage_stock":"no","_backorders":"no","_sold_individually":"no","_weight":"1","_virtual":"no","_downloadable":"no","_download_limit":"-1","_download_expiry":"-1","_stock":"","_stock_status":"instock","_wc_average_rating":"0","_wc_review_count":"0","_product_version":"9.7.1","_price":"29.8","shopengine_product_views_count":"2931","_thumbnail_id":"4955","_product_attributes":{"erscheinungsdatum":{"name":"Date de publication","value":"17.06.2022","position":0,"is_visible":1,"is_variation":0,"is_taxonomy":0,"checkout_visible":0}},"_nutrient_ids":[],"_upsell_ids":null,"pswc_subtitle":null,"_default_delivery_time":null,"_wp_desired_post_slug":null,"_isbn":null,"pageType":null,"isExternalUrl":null,"pageId":null,"externalUrl":null,"hideCookieBanner":null,"isTargetBlank":null,"isProviderCurrentWebsite":null,"isEmbeddingOnlyExternalResources":null,"legalBasis":null,"dataProcessingInCountries":null,"dataProcessingInCountriesSpecialTreatments":null,"technicalDefinitions":null,"googleConsentModeConsentTypes":null,"executePriority":null,"executeCodeOptInWhenNoTagManagerConsentIsGiven":null,"executeCodeOptOutWhenNoTagManagerConsentIsGiven":null,"deleteTechnicalDefinitionsAfterOptOut":null,"presetId":null,"presetVersion":null,"provider":null,"providerContactPhone":null,"providerContactEmail":null,"providerContactLink":null,"uniqueName":null,"providerPrivacyPolicyUrl":null,"providerLegalNoticeUrl":null,"codeOptIn":null,"codeOptOut":null,"codeOnPageLoad":null,"language_code":null,"shopengine_template__post_meta__type":null,"shopengine_template__post_meta":null,"shopengine_template__post_meta__edit_with":null,"origin":null,"_enabled":null,"_filters":null,"_layout":null,"_elementor_import_session_id":null,"_wp_trash_meta_status":null,"_wp_trash_meta_time":null,"_edit_lock":"1743531060:2","_elementor_floating_elements_type":null,"_elementor_edit_mode":null,"_elementor_template_type":null,"tc-thumb-fld":{"_thumb_id":4955,"_thumb_type":"thumb"},"_wp_page_template":"default","_elementor_version":null,"_elementor_pro_version":null,"_elementor_page_settings":null,"_elementor_data":null,"_elementor_conditions":null,"_elementor_popup_display_settings":null,"_edit_last":"2","_elementor_template_sub_type":null,"_elementor_controls_usage":null,"_elementor_screenshot":null,"_elementor_css":null,"_elementor_page_assets":[],"_elementor_element_cache":null,"_elementor_screenshot_failed":null,"_elementor_source":null,"_wp_old_date":null,"layout_key":"","post_slider_check_key":"0","_links":{"self":[{"href":"https:\/\/snoeck.de\/fr\/wp-json\/wp\/v2\/product\/3539","targetHints":{"allow":["GET"]}}],"collection":[{"href":"https:\/\/snoeck.de\/fr\/wp-json\/wp\/v2\/product"}],"about":[{"href":"https:\/\/snoeck.de\/fr\/wp-json\/wp\/v2\/types\/product"}],"wp:featuredmedia":[{"embeddable":true,"href":"https:\/\/snoeck.de\/fr\/wp-json\/wp\/v2\/media\/4955"}],"wp:attachment":[{"href":"https:\/\/snoeck.de\/fr\/wp-json\/wp\/v2\/media?parent=3539"}],"wp:term":[{"taxonomy":"product_brand","embeddable":true,"href":"https:\/\/snoeck.de\/fr\/wp-json\/wp\/v2\/product_brand?post=3539"},{"taxonomy":"product_cat","embeddable":true,"href":"https:\/\/snoeck.de\/fr\/wp-json\/wp\/v2\/product_cat?post=3539"},{"taxonomy":"product_tag","embeddable":true,"href":"https:\/\/snoeck.de\/fr\/wp-json\/wp\/v2\/product_tag?post=3539"}],"curies":[{"name":"wp","href":"https:\/\/api.w.org\/{rel}","templated":true}]}}