{"id":3541,"date":"2025-01-31T11:30:09","date_gmt":"2025-01-31T11:30:09","guid":{"rendered":"https:\/\/snoeck.process-vision.de\/shop\/duchamp-und-die-frauen-freundschaft-kooperation-netzwerke\/"},"modified":"2025-04-01T18:10:46","modified_gmt":"2025-04-01T18:10:46","slug":"duchamp-und-die-frauen-freundschaft-kooperation-netzwerke","status":"publish","type":"product","link":"https:\/\/snoeck.de\/fr\/shop\/duchamp-und-die-frauen-freundschaft-kooperation-netzwerke\/","title":{"rendered":"Duchamp et les femmes. Amiti\u00e9, coop\u00e9ration, r\u00e9seau \/ Duchamp and the Women. Amiti\u00e9, collaboration, r\u00e9seau"},"content":{"rendered":"<h3>L'\"artiste du si\u00e8cle\" Marcel Duchamp au c\u0153ur de ses relations intellectuelles avec les femmes<\/h3>\n<p>Cette premi\u00e8re publication compl\u00e8te sur le sujet se penche sur les femmes dans et autour de la vie et de l'\u0153uvre de Duchamp en mettant l'accent sur les co\u00efncidences biographiques - des ann\u00e9es de jeunesse de Duchamp jusqu'\u00e0 sa mort en 1968. Certaines des femmes rassembl\u00e9es ici \u00e9taient des figures centrales du d\u00e9but de la modernit\u00e9 du XXe si\u00e8cle, tandis que d'autres faisaient partie de r\u00e9seaux intellectuels et artistiques fascinants qu'il convient de red\u00e9couvrir. \"Duchamp et les femmes\" fait ainsi d\u00e9couvrir aux lecteurs les cercles culturels et les mouvements artistiques dans le contexte desquels les femmes pr\u00e9sent\u00e9es \u00e9taient actives et au sein desquels elles \u00e9taient \u00e0 leur tour marquantes.<\/p>\n<p>Exposition :<br \/>\nDaimler Contemporary Berlin, 29\/2\/2020 - 7\/2\/2021<\/p>","protected":false},"excerpt":{"rendered":"<p>Catalogue d'exposition, \u00e9dit\u00e9 par Renate Wiehager pour Daimler Art Collection Berlin<br \/>\nTextes (all.\/ang.) de Renate Wiehager et Katharina Neuburger, courtes biographies de plus de 80 femmes ainsi que des essais artistiques sur Louise Arensberg, Djuna Barnes, Gabrielle Buffet-Picabia, Katherine Sophie Dreier, Suzanne Duchamp, Elsa von Freytag-Loringhoven, Peggy Guggenheim, Mina Loy, Maria Martins, Mary Reynolds, Gertrude Stein, Carrie, Florine et Ettie Stettheimer, Beatrice Wood<br \/>\n560 p. avec 190 illustrations, certaines en couleur<br \/>\nformat 23 x 15 cm, couverture souple<\/p>","protected":false},"featured_media":4957,"template":"","meta":[],"product_brand":[],"product_cat":[84,61,63,80],"product_tag":[],"class_list":{"0":"post-3541","1":"product","2":"type-product","3":"status-publish","4":"has-post-thumbnail","6":"product_cat-84","7":"product_cat-d","8":"product_cat-f","9":"product_cat-w","11":"first","12":"instock","13":"taxable","14":"shipping-taxable","15":"purchasable","16":"product-type-simple"},"aioseo_notices":[],"_wp_attached_file":null,"_wp_attachment_metadata":null,"_wc_attachment_source":null,"_elementor_inline_svg":null,"_elementor_is_screenshot":null,"_elementor_source_image_hash":null,"_source_url":null,"_wp_attachment_context":null,"_menu_item_type":null,"_menu_item_menu_item_parent":null,"_menu_item_object_id":null,"_menu_item_object":null,"_menu_item_target":null,"_menu_item_classes":null,"_menu_item_xfn":null,"_menu_item_url":null,"__elementor_forms_snapshot":null,"_unit":"","_unit_base":"","_unit_product":"","_unit_price_auto":"no","_unit_price_regular":"","_unit_price":"","_unit_price_sale":"","_sale_price_label":"","_sale_price_regular_label":"","_manufacturer_slug":"","_mini_desc":"","_defect_description":"","_safety_instructions":"","_allergen_ids":[],"_warranty_attachment_id":"","_safety_attachment_ids":[],"_min_age":"","_ts_gtin":"","_ts_mpn":"","_delivery_time_countries":[],"_free_shipping":"no","_service":"no","_photovoltaic_system":"no","_used_good":"no","_defective_copy":"no","_wireless_electronic_device":"no","_device_contains_power_supply":"no","_device_charging_supports_usb_pd":"no","_device_charging_watt_min":"0","_device_charging_watt_max":"0","_is_food":"no","_differential_taxation":"no","_gzd_version":"3.18.7","_hs_code":"","_customs_description":"","_manufacture_country":"0","_is_non_returnable":"no","_shipping_length":"","_shipping_width":"","_shipping_height":"","_sku":"ISBN 978-3-86442-304-8","_global_unique_id":"978-3-86442-304-8","_regular_price":"48","total_sales":"0","_tax_status":"taxable","_tax_class":"","_manage_stock":"no","_backorders":"no","_sold_individually":"no","_weight":"2","_virtual":"no","_downloadable":"no","_download_limit":"-1","_download_expiry":"-1","_stock":"","_stock_status":"instock","_wc_average_rating":"0","_wc_review_count":"0","_product_version":"9.7.1","_price":"48","shopengine_product_views_count":"2903","_thumbnail_id":"4957","_product_attributes":{"erscheinungsdatum":{"name":"Erscheinungsdatum","value":"05.05.2020","position":0,"is_visible":1,"is_variation":0,"is_taxonomy":0,"checkout_visible":0}},"_nutrient_ids":[],"_upsell_ids":null,"pswc_subtitle":null,"_default_delivery_time":null,"_wp_desired_post_slug":null,"_isbn":null,"pageType":null,"isExternalUrl":null,"pageId":null,"externalUrl":null,"hideCookieBanner":null,"isTargetBlank":null,"isProviderCurrentWebsite":null,"isEmbeddingOnlyExternalResources":null,"legalBasis":null,"dataProcessingInCountries":null,"dataProcessingInCountriesSpecialTreatments":null,"technicalDefinitions":null,"googleConsentModeConsentTypes":null,"executePriority":null,"executeCodeOptInWhenNoTagManagerConsentIsGiven":null,"executeCodeOptOutWhenNoTagManagerConsentIsGiven":null,"deleteTechnicalDefinitionsAfterOptOut":null,"presetId":null,"presetVersion":null,"provider":null,"providerContactPhone":null,"providerContactEmail":null,"providerContactLink":null,"uniqueName":null,"providerPrivacyPolicyUrl":null,"providerLegalNoticeUrl":null,"codeOptIn":null,"codeOptOut":null,"codeOnPageLoad":null,"language_code":null,"shopengine_template__post_meta__type":null,"shopengine_template__post_meta":null,"shopengine_template__post_meta__edit_with":null,"origin":null,"_enabled":null,"_filters":null,"_layout":null,"_elementor_import_session_id":null,"_wp_trash_meta_status":null,"_wp_trash_meta_time":null,"_edit_lock":"1743530906:2","_elementor_floating_elements_type":null,"_elementor_edit_mode":null,"_elementor_template_type":null,"tc-thumb-fld":{"_thumb_id":4957,"_thumb_type":"thumb"},"_wp_page_template":"default","_elementor_version":null,"_elementor_pro_version":null,"_elementor_page_settings":null,"_elementor_data":null,"_elementor_conditions":null,"_elementor_popup_display_settings":null,"_edit_last":"2","_elementor_template_sub_type":null,"_elementor_controls_usage":null,"_elementor_screenshot":null,"_elementor_css":null,"_elementor_page_assets":[],"_elementor_element_cache":null,"_elementor_screenshot_failed":null,"_elementor_source":null,"_wp_old_date":null,"layout_key":"","post_slider_check_key":"0","_links":{"self":[{"href":"https:\/\/snoeck.de\/fr\/wp-json\/wp\/v2\/product\/3541","targetHints":{"allow":["GET"]}}],"collection":[{"href":"https:\/\/snoeck.de\/fr\/wp-json\/wp\/v2\/product"}],"about":[{"href":"https:\/\/snoeck.de\/fr\/wp-json\/wp\/v2\/types\/product"}],"wp:featuredmedia":[{"embeddable":true,"href":"https:\/\/snoeck.de\/fr\/wp-json\/wp\/v2\/media\/4957"}],"wp:attachment":[{"href":"https:\/\/snoeck.de\/fr\/wp-json\/wp\/v2\/media?parent=3541"}],"wp:term":[{"taxonomy":"product_brand","embeddable":true,"href":"https:\/\/snoeck.de\/fr\/wp-json\/wp\/v2\/product_brand?post=3541"},{"taxonomy":"product_cat","embeddable":true,"href":"https:\/\/snoeck.de\/fr\/wp-json\/wp\/v2\/product_cat?post=3541"},{"taxonomy":"product_tag","embeddable":true,"href":"https:\/\/snoeck.de\/fr\/wp-json\/wp\/v2\/product_tag?post=3541"}],"curies":[{"name":"wp","href":"https:\/\/api.w.org\/{rel}","templated":true}]}}