{"id":3542,"date":"2025-01-31T11:30:10","date_gmt":"2025-01-31T11:30:10","guid":{"rendered":"https:\/\/snoeck.process-vision.de\/shop\/marcel-duchamp-das-kuratorische-werk\/"},"modified":"2025-04-01T18:05:35","modified_gmt":"2025-04-01T18:05:35","slug":"marcel-duchamp-das-kuratorische-werk","status":"publish","type":"product","link":"https:\/\/snoeck.de\/fr\/shop\/marcel-duchamp-das-kuratorische-werk\/","title":{"rendered":"Marcel Duchamp : l'\u0153uvre curatoriale"},"content":{"rendered":"<h3>Duchamp en tant que conservateur<\/h3>\n<p>Ils sont l\u00e9gendaires en mots et en images : les d\u00e9guisements de Marcel Duchamp et ses innombrables mises en sc\u00e8ne photographiques de lui-m\u00eame, ses commentaires ironiques, sarcastiques et humoristiques sur l'art, le monde de l'art, la critique d'art et l'histoire de l'art. On conna\u00eet moins ce Marcel Duchamp qui s'est engag\u00e9 de mani\u00e8re empathique et strat\u00e9giquement alert\u00e9e en faveur des artistes de son environnement culturel contemporain : en tant que commissaire d'expositions entre les ann\u00e9es 1910 et sa mort en 1968, en tant que jur\u00e9 et conseiller de quelques-unes des plus importantes collections, mus\u00e9es et galeries d'art moderne. L'ouvrage esquisse quelque soixante-dix expositions et pr\u00e9sente, compl\u00e9t\u00e9e par les r\u00e9sultats de recherches r\u00e9centes, la coop\u00e9ration de Duchamp avec de nombreux protagonistes de l'\u00e9poque : Louise et Walter Conrad Arensberg, Katherine S. Dreier, Francis Picabia, Sidney et Harriet Janis, Andr\u00e9 Breton, Julien Levy ou Peggy Guggenheim.<\/p>\n<p>Exposition :<br \/>\nDaimler Contemporary Berlin, 29\/2\/2020 - 7\/2\/2021<\/p>","protected":false},"excerpt":{"rendered":"<p>Catalogue d'exposition, \u00e9dit\u00e9 par Renate Wiehager pour Daimler Art Collection Berlin<br \/>\nTexte (all.\/ang.) de Renate Wiehager, courte biographie de Katharina Neuburger<br \/>\n104 p. avec 10 illustrations en couleur et 30 en n\/b<br \/>\nformat 23 x 15 cm, couverture souple<\/p>","protected":false},"featured_media":4958,"template":"","meta":[],"product_brand":[],"product_cat":[84,61],"product_tag":[],"class_list":{"0":"post-3542","1":"product","2":"type-product","3":"status-publish","4":"has-post-thumbnail","6":"product_cat-84","7":"product_cat-d","9":"first","10":"instock","11":"taxable","12":"shipping-taxable","13":"purchasable","14":"product-type-simple"},"aioseo_notices":[],"_wp_attached_file":null,"_wp_attachment_metadata":null,"_wc_attachment_source":null,"_elementor_inline_svg":null,"_elementor_is_screenshot":null,"_elementor_source_image_hash":null,"_source_url":null,"_wp_attachment_context":null,"_menu_item_type":null,"_menu_item_menu_item_parent":null,"_menu_item_object_id":null,"_menu_item_object":null,"_menu_item_target":null,"_menu_item_classes":null,"_menu_item_xfn":null,"_menu_item_url":null,"__elementor_forms_snapshot":null,"_unit":"","_unit_base":"","_unit_product":"","_unit_price_auto":"no","_unit_price_regular":"","_unit_price":"","_unit_price_sale":"","_sale_price_label":"","_sale_price_regular_label":"","_manufacturer_slug":"","_mini_desc":"","_defect_description":"","_safety_instructions":"","_allergen_ids":[],"_warranty_attachment_id":"","_safety_attachment_ids":[],"_min_age":"","_ts_gtin":"","_ts_mpn":"","_delivery_time_countries":[],"_free_shipping":"no","_service":"no","_photovoltaic_system":"no","_used_good":"no","_defective_copy":"no","_wireless_electronic_device":"no","_device_contains_power_supply":"no","_device_charging_supports_usb_pd":"no","_device_charging_watt_min":"0","_device_charging_watt_max":"0","_is_food":"no","_differential_taxation":"no","_gzd_version":"3.18.7","_hs_code":"","_customs_description":"","_manufacture_country":"0","_is_non_returnable":"no","_shipping_length":"","_shipping_width":"","_shipping_height":"","_sku":"ISBN 978-3-86442-303-1","_global_unique_id":"978-3-86442-303-1","_regular_price":"22","total_sales":"0","_tax_status":"taxable","_tax_class":"","_manage_stock":"no","_backorders":"no","_sold_individually":"no","_weight":"1","_virtual":"no","_downloadable":"no","_download_limit":"-1","_download_expiry":"-1","_stock":"","_stock_status":"instock","_wc_average_rating":"0","_wc_review_count":"0","_product_version":"9.7.1","_price":"22","shopengine_product_views_count":"2623","_thumbnail_id":"4958","_product_attributes":{"erscheinungsdatum":{"name":"Date de publication","value":"07.01.2020","position":0,"is_visible":1,"is_variation":0,"is_taxonomy":0,"checkout_visible":0}},"_nutrient_ids":[],"_upsell_ids":null,"pswc_subtitle":null,"_default_delivery_time":null,"_wp_desired_post_slug":null,"_isbn":null,"pageType":null,"isExternalUrl":null,"pageId":null,"externalUrl":null,"hideCookieBanner":null,"isTargetBlank":null,"isProviderCurrentWebsite":null,"isEmbeddingOnlyExternalResources":null,"legalBasis":null,"dataProcessingInCountries":null,"dataProcessingInCountriesSpecialTreatments":null,"technicalDefinitions":null,"googleConsentModeConsentTypes":null,"executePriority":null,"executeCodeOptInWhenNoTagManagerConsentIsGiven":null,"executeCodeOptOutWhenNoTagManagerConsentIsGiven":null,"deleteTechnicalDefinitionsAfterOptOut":null,"presetId":null,"presetVersion":null,"provider":null,"providerContactPhone":null,"providerContactEmail":null,"providerContactLink":null,"uniqueName":null,"providerPrivacyPolicyUrl":null,"providerLegalNoticeUrl":null,"codeOptIn":null,"codeOptOut":null,"codeOnPageLoad":null,"language_code":null,"shopengine_template__post_meta__type":null,"shopengine_template__post_meta":null,"shopengine_template__post_meta__edit_with":null,"origin":null,"_enabled":null,"_filters":null,"_layout":null,"_elementor_import_session_id":null,"_wp_trash_meta_status":null,"_wp_trash_meta_time":null,"_edit_lock":"1743530596:2","_elementor_floating_elements_type":null,"_elementor_edit_mode":null,"_elementor_template_type":null,"tc-thumb-fld":{"_thumb_id":4958,"_thumb_type":"thumb"},"_wp_page_template":"default","_elementor_version":null,"_elementor_pro_version":null,"_elementor_page_settings":null,"_elementor_data":null,"_elementor_conditions":null,"_elementor_popup_display_settings":null,"_edit_last":"2","_elementor_template_sub_type":null,"_elementor_controls_usage":null,"_elementor_screenshot":null,"_elementor_css":null,"_elementor_page_assets":[],"_elementor_element_cache":null,"_elementor_screenshot_failed":null,"_elementor_source":null,"_wp_old_date":null,"layout_key":"","post_slider_check_key":"0","_links":{"self":[{"href":"https:\/\/snoeck.de\/fr\/wp-json\/wp\/v2\/product\/3542","targetHints":{"allow":["GET"]}}],"collection":[{"href":"https:\/\/snoeck.de\/fr\/wp-json\/wp\/v2\/product"}],"about":[{"href":"https:\/\/snoeck.de\/fr\/wp-json\/wp\/v2\/types\/product"}],"wp:featuredmedia":[{"embeddable":true,"href":"https:\/\/snoeck.de\/fr\/wp-json\/wp\/v2\/media\/4958"}],"wp:attachment":[{"href":"https:\/\/snoeck.de\/fr\/wp-json\/wp\/v2\/media?parent=3542"}],"wp:term":[{"taxonomy":"product_brand","embeddable":true,"href":"https:\/\/snoeck.de\/fr\/wp-json\/wp\/v2\/product_brand?post=3542"},{"taxonomy":"product_cat","embeddable":true,"href":"https:\/\/snoeck.de\/fr\/wp-json\/wp\/v2\/product_cat?post=3542"},{"taxonomy":"product_tag","embeddable":true,"href":"https:\/\/snoeck.de\/fr\/wp-json\/wp\/v2\/product_tag?post=3542"}],"curies":[{"name":"wp","href":"https:\/\/api.w.org\/{rel}","templated":true}]}}