{"id":3543,"date":"2025-01-31T11:30:10","date_gmt":"2025-01-31T11:30:10","guid":{"rendered":"https:\/\/snoeck.process-vision.de\/shop\/hoel-duret-low\/"},"modified":"2026-04-08T15:26:01","modified_gmt":"2026-04-08T14:26:01","slug":"hoel-duret-low","status":"publish","type":"product","link":"https:\/\/snoeck.de\/fr\/shop\/hoel-duret-low\/","title":{"rendered":"Ho\u00ebl Duret : Low"},"content":{"rendered":"<h3>Jungle<\/h3>\n<p>La pratique artistique de Ho\u00ebl Duret associe des histoires fictives \u00e0 des \u00e9v\u00e9nements r\u00e9els et d\u00e9veloppe un langage visuel bas\u00e9 sur la science-fiction, le cin\u00e9ma post-apocalyptique ou les utopies modernes, \u00e0 l'aide duquel elle aborde les relations entre la nature et la technologie sur fond de num\u00e9risation croissante. L'installation dans le hall d'entr\u00e9e de la Villa Merkel montre une citation de la jungle, int\u00e9gr\u00e9e dans un r\u00e9seau de c\u00e2bles. Celui-ci semble impliquer l'organisme v\u00e9g\u00e9tal et technologique prolif\u00e9rant dans un \u00e9change d'informations - comme si l'homme ne pouvait s'emp\u00eacher de toujours tout contr\u00f4ler, y compris la croissance des plantes. Ho\u00ebl Durets pilote son \u00e9cosyst\u00e8me artificiel gr\u00e2ce \u00e0 un algorithme bas\u00e9 sur des donn\u00e9es climatiques publi\u00e9es en ligne. Celles-ci chor\u00e9graphient en temps r\u00e9el l'\u00e9clairage, la vaporisation et la bande sonore de l'installation. Des param\u00e8tres scientifiquement mesurables du changement climatique actuel sont ainsi int\u00e9gr\u00e9s dans un ensemble spatial oscillant entre romantisme et science-fiction. Cela conf\u00e8re \u00e0 l'installation un sous-entendu lugubre et apocalyptique latent, tout en faisant appel \u00e0 notre profonde nostalgie de l'Arcadie.<\/p>\n<p>Exposition :<br \/>\nVilla Merkel Galerie de la ville d'Esslingen, 16\/8-15\/11\/2020<\/p>","protected":false},"excerpt":{"rendered":"<p>Catalogue d'exposition, Villa Merkel Esslingen, \u00e9d. par Andreas Baur<br \/>\nTextes (all.\/ang.\/fr.) d'Andreas Baur, Yung Ma, interview avec l'artiste par Ingried Luquet-Gad<br \/>\n104 p. avec 134 illustrations en couleur<br \/>\nformat 30 x 22 cm, broch\u00e9<\/p>","protected":false},"featured_media":4959,"template":"","meta":[],"product_brand":[],"product_cat":[95],"product_tag":[],"class_list":{"0":"post-3543","1":"product","2":"type-product","3":"status-publish","4":"has-post-thumbnail","6":"product_cat-vergriffen","8":"first","9":"outofstock","10":"taxable","11":"shipping-taxable","12":"product-type-simple"},"aioseo_notices":[],"_wp_attached_file":null,"_wp_attachment_metadata":null,"_wc_attachment_source":null,"_elementor_inline_svg":null,"_elementor_is_screenshot":null,"_elementor_source_image_hash":null,"_source_url":null,"_wp_attachment_context":null,"_menu_item_type":null,"_menu_item_menu_item_parent":null,"_menu_item_object_id":null,"_menu_item_object":null,"_menu_item_target":null,"_menu_item_classes":null,"_menu_item_xfn":null,"_menu_item_url":null,"__elementor_forms_snapshot":null,"_unit":"","_unit_base":"","_unit_product":"","_unit_price_auto":"no","_unit_price_regular":"","_unit_price":"","_unit_price_sale":"","_sale_price_label":"","_sale_price_regular_label":"","_manufacturer_slug":"","_mini_desc":"","_defect_description":"","_safety_instructions":"","_allergen_ids":[],"_warranty_attachment_id":"","_safety_attachment_ids":[],"_min_age":"","_ts_gtin":"","_ts_mpn":"","_delivery_time_countries":[],"_free_shipping":"no","_service":"no","_photovoltaic_system":"no","_used_good":"no","_defective_copy":"no","_wireless_electronic_device":"no","_device_contains_power_supply":"no","_device_charging_supports_usb_pd":"no","_device_charging_watt_min":"0","_device_charging_watt_max":"0","_is_food":"no","_differential_taxation":"no","_gzd_version":"3.18.7","_hs_code":"","_customs_description":"","_manufacture_country":"0","_is_non_returnable":"no","_shipping_length":"","_shipping_width":"","_shipping_height":"","_sku":"ISBN 978-3-86442-335-2","_global_unique_id":"978-3-86442-335-2","_regular_price":null,"total_sales":"0","_tax_status":"taxable","_tax_class":"","_manage_stock":"no","_backorders":"no","_sold_individually":"no","_weight":"1","_virtual":"no","_downloadable":"no","_download_limit":"-1","_download_expiry":"-1","_stock":"","_stock_status":"outofstock","_wc_average_rating":"0","_wc_review_count":"0","_product_version":"10.1.4","_price":"","shopengine_product_views_count":"3029","_thumbnail_id":"4959","_product_attributes":{"erscheinungsdatum":{"name":"Date de publication","value":"01.05.2021","position":0,"is_visible":1,"is_variation":0,"is_taxonomy":0,"checkout_visible":0}},"_nutrient_ids":[],"_upsell_ids":null,"pswc_subtitle":null,"_default_delivery_time":null,"_wp_desired_post_slug":null,"_isbn":null,"pageType":null,"isExternalUrl":null,"pageId":null,"externalUrl":null,"hideCookieBanner":null,"isTargetBlank":null,"isProviderCurrentWebsite":null,"isEmbeddingOnlyExternalResources":null,"legalBasis":null,"dataProcessingInCountries":null,"dataProcessingInCountriesSpecialTreatments":null,"technicalDefinitions":null,"googleConsentModeConsentTypes":null,"executePriority":null,"executeCodeOptInWhenNoTagManagerConsentIsGiven":null,"executeCodeOptOutWhenNoTagManagerConsentIsGiven":null,"deleteTechnicalDefinitionsAfterOptOut":null,"presetId":null,"presetVersion":null,"provider":null,"providerContactPhone":null,"providerContactEmail":null,"providerContactLink":null,"uniqueName":null,"providerPrivacyPolicyUrl":null,"providerLegalNoticeUrl":null,"codeOptIn":null,"codeOptOut":null,"codeOnPageLoad":null,"language_code":null,"shopengine_template__post_meta__type":null,"shopengine_template__post_meta":null,"shopengine_template__post_meta__edit_with":null,"origin":null,"_enabled":null,"_filters":null,"_layout":null,"_elementor_import_session_id":null,"_wp_trash_meta_status":null,"_wp_trash_meta_time":null,"_edit_lock":"1743530677:2","_elementor_floating_elements_type":null,"_elementor_edit_mode":null,"_elementor_template_type":null,"tc-thumb-fld":{"_thumb_id":4959,"_thumb_type":"thumb"},"_wp_page_template":"default","_elementor_version":null,"_elementor_pro_version":null,"_elementor_page_settings":null,"_elementor_data":null,"_elementor_conditions":null,"_elementor_popup_display_settings":null,"_edit_last":"2","_elementor_template_sub_type":null,"_elementor_controls_usage":null,"_elementor_screenshot":null,"_elementor_css":null,"_elementor_page_assets":[],"_elementor_element_cache":null,"_elementor_screenshot_failed":null,"_elementor_source":null,"_wp_old_date":null,"layout_key":"","post_slider_check_key":"0","_links":{"self":[{"href":"https:\/\/snoeck.de\/fr\/wp-json\/wp\/v2\/product\/3543","targetHints":{"allow":["GET"]}}],"collection":[{"href":"https:\/\/snoeck.de\/fr\/wp-json\/wp\/v2\/product"}],"about":[{"href":"https:\/\/snoeck.de\/fr\/wp-json\/wp\/v2\/types\/product"}],"wp:featuredmedia":[{"embeddable":true,"href":"https:\/\/snoeck.de\/fr\/wp-json\/wp\/v2\/media\/4959"}],"wp:attachment":[{"href":"https:\/\/snoeck.de\/fr\/wp-json\/wp\/v2\/media?parent=3543"}],"wp:term":[{"taxonomy":"product_brand","embeddable":true,"href":"https:\/\/snoeck.de\/fr\/wp-json\/wp\/v2\/product_brand?post=3543"},{"taxonomy":"product_cat","embeddable":true,"href":"https:\/\/snoeck.de\/fr\/wp-json\/wp\/v2\/product_cat?post=3543"},{"taxonomy":"product_tag","embeddable":true,"href":"https:\/\/snoeck.de\/fr\/wp-json\/wp\/v2\/product_tag?post=3543"}],"curies":[{"name":"wp","href":"https:\/\/api.w.org\/{rel}","templated":true}]}}