{"id":3547,"date":"2025-01-31T11:30:12","date_gmt":"2025-01-31T11:30:12","guid":{"rendered":"https:\/\/snoeck.process-vision.de\/shop\/dag-erik-elgin-mirror-falling-from-the-wall\/"},"modified":"2026-04-08T15:20:50","modified_gmt":"2026-04-08T14:20:50","slug":"dag-erik-elgin-mirror-falling-from-the-wall","status":"publish","type":"product","link":"https:\/\/snoeck.de\/fr\/shop\/dag-erik-elgin-mirror-falling-from-the-wall\/","title":{"rendered":"Dag Erik Elgin : Mirror Falling from the Wall (Miroir tombant du mur)"},"content":{"rendered":"<h3>Original ou non<\/h3>\n<p>Dans sa s\u00e9rie \"Originals\", Dag Erik Elgin se consacre depuis 1986, en tant que peintre recr\u00e9ateur, \u00e0 ses propres canons de la peinture moderne, certes subjectifs, mais pas inhabituels pour autant. Dans les travaux qui en r\u00e9sultent, il r\u00e9p\u00e8te les \u0153uvres choisies, toutes issues du modernisme ou du modernisme classique, sans pour autant viser la plus grande authenticit\u00e9 \u00e0 la mani\u00e8re copieuse d'un faussaire d'art. Les toiles ainsi cr\u00e9\u00e9es repr\u00e9sentent un cas limite entre l'appropriation parfaite et la r\u00e9plique apprenante, dans lesquelles Dag Erik Elgin vit en tant que peintre les processus de cr\u00e9ation des originaux r\u00e9els comme dans un reenactment et g\u00e9n\u00e8re en m\u00eame temps \u00e0 partir d'elles une r\u00e9flexion intellectuelle sur les notions si d\u00e9licates d'original et de contrefa\u00e7on, de peinture faite de sa propre main et de peinture copi\u00e9e de sa propre main. Ses \"originaux\" sont d'une grande attractivit\u00e9 esth\u00e9tique et ne r\u00e9sisteraient pourtant pas - en tant que faux - \u00e0 une autopsie critique sur le march\u00e9 de l'art, car ils ne cachent en aucun cas, par leur mat\u00e9riau et leur mode de fabrication, leur cr\u00e9ation dans le pr\u00e9sent. Et pourtant, c'est la peinture elle-m\u00eame, l'insistance sur une ex\u00e9cution de sa propre main \u00e0 l'huile sur toile, qui fait de l'\"original\" un original - et ce \u00e0 une \u00e9poque o\u00f9 les possibilit\u00e9s d'appropriation num\u00e9rique sont perfectionn\u00e9es, ce qui d\u00e9passerait de loin toute transposition artisanale d'un mod\u00e8le peint. (Uwe Fleckner)<\/p>","protected":false},"excerpt":{"rendered":"<p>\u00c9dit\u00e9 par Tone Hansen<br \/>\nTextes (eng.) de Uwe Fleckner, Tone Hansen, Gabriele Knapstein, \u00d8ystein Ustvedt<br \/>\n224 p. avec 180 illustrations en couleur<br \/>\nForme 28 x 20,5 cm, toile gaufr\u00e9e avec jaquette<\/p>","protected":false},"featured_media":4963,"template":"","meta":[],"product_brand":[],"product_cat":[95],"product_tag":[],"class_list":{"0":"post-3547","1":"product","2":"type-product","3":"status-publish","4":"has-post-thumbnail","6":"product_cat-vergriffen","8":"first","9":"outofstock","10":"taxable","11":"shipping-taxable","12":"product-type-simple"},"aioseo_notices":[],"_wp_attached_file":null,"_wp_attachment_metadata":null,"_wc_attachment_source":null,"_elementor_inline_svg":null,"_elementor_is_screenshot":null,"_elementor_source_image_hash":null,"_source_url":null,"_wp_attachment_context":null,"_menu_item_type":null,"_menu_item_menu_item_parent":null,"_menu_item_object_id":null,"_menu_item_object":null,"_menu_item_target":null,"_menu_item_classes":null,"_menu_item_xfn":null,"_menu_item_url":null,"__elementor_forms_snapshot":null,"_unit":"","_unit_base":"","_unit_product":"","_unit_price_auto":"no","_unit_price_regular":"","_unit_price":"","_unit_price_sale":"","_sale_price_label":"","_sale_price_regular_label":"","_manufacturer_slug":"","_mini_desc":"","_defect_description":"","_safety_instructions":"","_allergen_ids":[],"_warranty_attachment_id":"","_safety_attachment_ids":[],"_min_age":"","_ts_gtin":"","_ts_mpn":"","_delivery_time_countries":[],"_free_shipping":"no","_service":"no","_photovoltaic_system":"no","_used_good":"no","_defective_copy":"no","_wireless_electronic_device":"no","_device_contains_power_supply":"no","_device_charging_supports_usb_pd":"no","_device_charging_watt_min":"0","_device_charging_watt_max":"0","_is_food":"no","_differential_taxation":"no","_gzd_version":"3.18.7","_hs_code":"","_customs_description":"","_manufacture_country":"0","_is_non_returnable":"no","_shipping_length":"","_shipping_width":"","_shipping_height":"","_sku":"ISBN 978-3-86442-294-2","_global_unique_id":"978-3-86442-294-2","_regular_price":null,"total_sales":"0","_tax_status":"taxable","_tax_class":"","_manage_stock":"no","_backorders":"no","_sold_individually":"no","_weight":"2","_virtual":"no","_downloadable":"no","_download_limit":"-1","_download_expiry":"-1","_stock":"","_stock_status":"outofstock","_wc_average_rating":"0","_wc_review_count":"0","_product_version":"10.1.4","_price":"","shopengine_product_views_count":"3687","_thumbnail_id":"4963","_product_attributes":{"erscheinungsdatum":{"name":"Erscheinungsdatum","value":"18.09.2019","position":0,"is_visible":1,"is_variation":0,"is_taxonomy":0,"checkout_visible":0}},"_nutrient_ids":[],"_upsell_ids":null,"pswc_subtitle":null,"_default_delivery_time":null,"_wp_desired_post_slug":null,"_isbn":null,"pageType":null,"isExternalUrl":null,"pageId":null,"externalUrl":null,"hideCookieBanner":null,"isTargetBlank":null,"isProviderCurrentWebsite":null,"isEmbeddingOnlyExternalResources":null,"legalBasis":null,"dataProcessingInCountries":null,"dataProcessingInCountriesSpecialTreatments":null,"technicalDefinitions":null,"googleConsentModeConsentTypes":null,"executePriority":null,"executeCodeOptInWhenNoTagManagerConsentIsGiven":null,"executeCodeOptOutWhenNoTagManagerConsentIsGiven":null,"deleteTechnicalDefinitionsAfterOptOut":null,"presetId":null,"presetVersion":null,"provider":null,"providerContactPhone":null,"providerContactEmail":null,"providerContactLink":null,"uniqueName":null,"providerPrivacyPolicyUrl":null,"providerLegalNoticeUrl":null,"codeOptIn":null,"codeOptOut":null,"codeOnPageLoad":null,"language_code":null,"shopengine_template__post_meta__type":null,"shopengine_template__post_meta":null,"shopengine_template__post_meta__edit_with":null,"origin":null,"_enabled":null,"_filters":null,"_layout":null,"_elementor_import_session_id":null,"_wp_trash_meta_status":null,"_wp_trash_meta_time":null,"_edit_lock":"1743530023:2","_elementor_floating_elements_type":null,"_elementor_edit_mode":null,"_elementor_template_type":null,"tc-thumb-fld":{"_thumb_id":4963,"_thumb_type":"thumb"},"_wp_page_template":"default","_elementor_version":null,"_elementor_pro_version":null,"_elementor_page_settings":null,"_elementor_data":null,"_elementor_conditions":null,"_elementor_popup_display_settings":null,"_edit_last":"2","_elementor_template_sub_type":null,"_elementor_controls_usage":null,"_elementor_screenshot":null,"_elementor_css":null,"_elementor_page_assets":[],"_elementor_element_cache":null,"_elementor_screenshot_failed":null,"_elementor_source":null,"_wp_old_date":null,"layout_key":"","post_slider_check_key":"0","_links":{"self":[{"href":"https:\/\/snoeck.de\/fr\/wp-json\/wp\/v2\/product\/3547","targetHints":{"allow":["GET"]}}],"collection":[{"href":"https:\/\/snoeck.de\/fr\/wp-json\/wp\/v2\/product"}],"about":[{"href":"https:\/\/snoeck.de\/fr\/wp-json\/wp\/v2\/types\/product"}],"wp:featuredmedia":[{"embeddable":true,"href":"https:\/\/snoeck.de\/fr\/wp-json\/wp\/v2\/media\/4963"}],"wp:attachment":[{"href":"https:\/\/snoeck.de\/fr\/wp-json\/wp\/v2\/media?parent=3547"}],"wp:term":[{"taxonomy":"product_brand","embeddable":true,"href":"https:\/\/snoeck.de\/fr\/wp-json\/wp\/v2\/product_brand?post=3547"},{"taxonomy":"product_cat","embeddable":true,"href":"https:\/\/snoeck.de\/fr\/wp-json\/wp\/v2\/product_cat?post=3547"},{"taxonomy":"product_tag","embeddable":true,"href":"https:\/\/snoeck.de\/fr\/wp-json\/wp\/v2\/product_tag?post=3547"}],"curies":[{"name":"wp","href":"https:\/\/api.w.org\/{rel}","templated":true}]}}