{"id":3549,"date":"2025-01-31T11:30:13","date_gmt":"2025-01-31T11:30:13","guid":{"rendered":"https:\/\/snoeck.process-vision.de\/shop\/ayse-erkmen-eins-zwei-drei\/"},"modified":"2025-04-01T17:54:28","modified_gmt":"2025-04-01T17:54:28","slug":"ayse-erkmen-eins-zwei-drei","status":"publish","type":"product","link":"https:\/\/snoeck.de\/fr\/shop\/ayse-erkmen-eins-zwei-drei\/","title":{"rendered":"Ay\u015fe Erkmen : UN DEUX TROIS"},"content":{"rendered":"<h3>Ay\u015fe Erkmen re\u00e7oit le prix Ernst Franz Vogelmann 2020<\/h3>\n<p>Ay\u015fe Erkmen n'est pas apparue sur la sc\u00e8ne artistique mondiale de mani\u00e8re surprenante, mais avec des actions d'une grande force conceptuelle. L'artiste, qui a suivi une formation de sculpteur classique \u00e0 Istanbul au d\u00e9but des ann\u00e9es 1970 et qui vit aujourd'hui dans cette ville ainsi qu'\u00e0 Berlin, a fait sensation dans le monde entier avec son vol en h\u00e9licopt\u00e8re autour de la cath\u00e9drale de M\u00fcnster dans le cadre des SkulpturProjekte 1997 - l'h\u00e9licopt\u00e8re avait accroch\u00e9 une sculpture endommag\u00e9e pendant la guerre mondiale - ou 20 ans plus tard avec l'\u0153uvre \"On Water\", \u00e9galement r\u00e9alis\u00e9e pour les SkulpturProjekte, o\u00f9 les visiteurs pouvaient marcher sur l'eau dans le bassin portuaire de M\u00fcnster. Toutefois, l'opposition entre l'Occident et l'Orient n'a gu\u00e8re de pertinence artistique pour elle, puisqu'elle cherche \"ce que le lieu et la situation exigent d'elle\". Dans ses actions, installations et interventions, Erkmen porte donc son attention sur les sp\u00e9cificit\u00e9s de chaque lieu. Ce faisant, elle porte son regard sur ce qui est occasionnel, n\u00e9glig\u00e9, sur ce qui dissimule la complexit\u00e9, lorsque l'histoire et la fonction se confondent. En juillet 2020, Ay\u015fe Erkmen recevra le cinqui\u00e8me prix Ernst Franz Vogelmann pour la sculpture, d\u00e9cern\u00e9 tous les trois ans \u00e0 Heilbronn depuis 2008 - elle est la premi\u00e8re femme \u00e0 rejoindre les pr\u00e9c\u00e9dents laur\u00e9ats Roman Signer, Franz Erhard Walther, Thomas Sch\u00fctte et Richard Deacon. Ses travaux, con\u00e7us pour durer, disparaissent avec la fin des expositions, le permanent et le fig\u00e9 ont toujours \u00e9t\u00e9 consid\u00e9r\u00e9s comme suspects par elle. Le travail d'Ay\u015fe Erkmen ne vise donc pas l'\u0153uvre d'art durable, mais cr\u00e9e sur place, avec des interventions minimales, un \u00e9tat temporaire qui sollicite la perception et reste en m\u00e9moire. En cinq d\u00e9cennies, une \u0153uvre toujours bas\u00e9e sur la sculpture et marqu\u00e9e par l'acuit\u00e9 de la pens\u00e9e, la sensualit\u00e9 et la coh\u00e9rence formelle a ainsi vu le jour, dans laquelle se croisent une multitude de concepts, de formes, de m\u00e9dias et de mat\u00e9riaux aux niveaux les plus divers. Le livre offre une vue d'ensemble \u00e9blouissante de cette gen\u00e8se de l'\u0153uvre, \u00e0 laquelle le texte tr\u00e8s instructif de la commissaire Rita T\u00e4uber apporte une cl\u00e9 suppl\u00e9mentaire.<\/p>\n<p>Exposition :<br \/>\nMus\u00e9es municipaux de Heilbronn \/ Kunsthalle Vogelmann, 18\/7 - 1\/11\/2020<\/p>","protected":false},"excerpt":{"rendered":"<p>Catalogue d'exposition, St\u00e4dtische Museen Heilbronn\/Kunsthalle Vogelmann, \u00e9d. par Marc Gundel avec Rita E. T\u00e4uber<br \/>\nTextes (all.\/ang.) de Rita E. T\u00e4uber, Andrea Schlieker, pr\u00e9face de Marc Gundel, interview de l'artiste par Rita E. T\u00e4uber, biographie de Rita E. T\u00e4uber et Rose Field<br \/>\n200 p. avec 130 illustrations en couleur<br \/>\nformat 27 x 20 cm, brochure rigide avec encart<\/p>","protected":false},"featured_media":4965,"template":"","meta":[],"product_brand":[],"product_cat":[84,62],"product_tag":[],"class_list":{"0":"post-3549","1":"product","2":"type-product","3":"status-publish","4":"has-post-thumbnail","6":"product_cat-84","7":"product_cat-e","9":"first","10":"instock","11":"taxable","12":"shipping-taxable","13":"purchasable","14":"product-type-simple"},"aioseo_notices":[],"_wp_attached_file":null,"_wp_attachment_metadata":null,"_wc_attachment_source":null,"_elementor_inline_svg":null,"_elementor_is_screenshot":null,"_elementor_source_image_hash":null,"_source_url":null,"_wp_attachment_context":null,"_menu_item_type":null,"_menu_item_menu_item_parent":null,"_menu_item_object_id":null,"_menu_item_object":null,"_menu_item_target":null,"_menu_item_classes":null,"_menu_item_xfn":null,"_menu_item_url":null,"__elementor_forms_snapshot":null,"_unit":"","_unit_base":"","_unit_product":"","_unit_price_auto":"no","_unit_price_regular":"","_unit_price":"","_unit_price_sale":"","_sale_price_label":"","_sale_price_regular_label":"","_manufacturer_slug":"","_mini_desc":"","_defect_description":"","_safety_instructions":"","_allergen_ids":[],"_warranty_attachment_id":"","_safety_attachment_ids":[],"_min_age":"","_ts_gtin":"","_ts_mpn":"","_delivery_time_countries":[],"_free_shipping":"no","_service":"no","_photovoltaic_system":"no","_used_good":"no","_defective_copy":"no","_wireless_electronic_device":"no","_device_contains_power_supply":"no","_device_charging_supports_usb_pd":"no","_device_charging_watt_min":"0","_device_charging_watt_max":"0","_is_food":"no","_differential_taxation":"no","_gzd_version":"3.18.7","_hs_code":"","_customs_description":"","_manufacture_country":"0","_is_non_returnable":"no","_shipping_length":"","_shipping_width":"","_shipping_height":"","_sku":"ISBN 978-3-86442-330-7","_global_unique_id":"978-3-86442-330-7","_regular_price":"39.8","total_sales":"0","_tax_status":"taxable","_tax_class":"","_manage_stock":"no","_backorders":"no","_sold_individually":"no","_weight":"1","_virtual":"no","_downloadable":"no","_download_limit":"-1","_download_expiry":"-1","_stock":"","_stock_status":"instock","_wc_average_rating":"0","_wc_review_count":"0","_product_version":"9.7.1","_price":"39.8","shopengine_product_views_count":"3028","_thumbnail_id":"4965","_product_attributes":{"erscheinungsdatum":{"name":"Date de publication","value":"02.09.2020","position":0,"is_visible":1,"is_variation":0,"is_taxonomy":0,"checkout_visible":0}},"_nutrient_ids":[],"_upsell_ids":null,"pswc_subtitle":null,"_default_delivery_time":null,"_wp_desired_post_slug":null,"_isbn":null,"pageType":null,"isExternalUrl":null,"pageId":null,"externalUrl":null,"hideCookieBanner":null,"isTargetBlank":null,"isProviderCurrentWebsite":null,"isEmbeddingOnlyExternalResources":null,"legalBasis":null,"dataProcessingInCountries":null,"dataProcessingInCountriesSpecialTreatments":null,"technicalDefinitions":null,"googleConsentModeConsentTypes":null,"executePriority":null,"executeCodeOptInWhenNoTagManagerConsentIsGiven":null,"executeCodeOptOutWhenNoTagManagerConsentIsGiven":null,"deleteTechnicalDefinitionsAfterOptOut":null,"presetId":null,"presetVersion":null,"provider":null,"providerContactPhone":null,"providerContactEmail":null,"providerContactLink":null,"uniqueName":null,"providerPrivacyPolicyUrl":null,"providerLegalNoticeUrl":null,"codeOptIn":null,"codeOptOut":null,"codeOnPageLoad":null,"language_code":null,"shopengine_template__post_meta__type":null,"shopengine_template__post_meta":null,"shopengine_template__post_meta__edit_with":null,"origin":null,"_enabled":null,"_filters":null,"_layout":null,"_elementor_import_session_id":null,"_wp_trash_meta_status":null,"_wp_trash_meta_time":null,"_edit_lock":"1743529928:2","_elementor_floating_elements_type":null,"_elementor_edit_mode":null,"_elementor_template_type":null,"tc-thumb-fld":{"_thumb_id":4965,"_thumb_type":"thumb"},"_wp_page_template":"default","_elementor_version":null,"_elementor_pro_version":null,"_elementor_page_settings":null,"_elementor_data":null,"_elementor_conditions":null,"_elementor_popup_display_settings":null,"_edit_last":"2","_elementor_template_sub_type":null,"_elementor_controls_usage":null,"_elementor_screenshot":null,"_elementor_css":null,"_elementor_page_assets":[],"_elementor_element_cache":null,"_elementor_screenshot_failed":null,"_elementor_source":null,"_wp_old_date":null,"layout_key":"","post_slider_check_key":"0","_links":{"self":[{"href":"https:\/\/snoeck.de\/fr\/wp-json\/wp\/v2\/product\/3549","targetHints":{"allow":["GET"]}}],"collection":[{"href":"https:\/\/snoeck.de\/fr\/wp-json\/wp\/v2\/product"}],"about":[{"href":"https:\/\/snoeck.de\/fr\/wp-json\/wp\/v2\/types\/product"}],"wp:featuredmedia":[{"embeddable":true,"href":"https:\/\/snoeck.de\/fr\/wp-json\/wp\/v2\/media\/4965"}],"wp:attachment":[{"href":"https:\/\/snoeck.de\/fr\/wp-json\/wp\/v2\/media?parent=3549"}],"wp:term":[{"taxonomy":"product_brand","embeddable":true,"href":"https:\/\/snoeck.de\/fr\/wp-json\/wp\/v2\/product_brand?post=3549"},{"taxonomy":"product_cat","embeddable":true,"href":"https:\/\/snoeck.de\/fr\/wp-json\/wp\/v2\/product_cat?post=3549"},{"taxonomy":"product_tag","embeddable":true,"href":"https:\/\/snoeck.de\/fr\/wp-json\/wp\/v2\/product_tag?post=3549"}],"curies":[{"name":"wp","href":"https:\/\/api.w.org\/{rel}","templated":true}]}}