{"id":3550,"date":"2025-01-31T11:30:14","date_gmt":"2025-01-31T11:30:14","guid":{"rendered":"https:\/\/snoeck.process-vision.de\/shop\/hans-erni\/"},"modified":"2026-04-08T15:20:33","modified_gmt":"2026-04-08T14:20:33","slug":"hans-erni","status":"publish","type":"product","link":"https:\/\/snoeck.de\/fr\/shop\/hans-erni\/","title":{"rendered":"Hans Erni"},"content":{"rendered":"<h3>Une \u0153uvre de l'avant-garde au postmodernisme<\/h3>\n<p>L'\u0153uvre de l'artiste et graphiste lucernois Hans Erni, d\u00e9c\u00e9d\u00e9 en 2015 \u00e0 l'\u00e2ge de 106 ans, impressionne d'une part par son \u00e9norme diversit\u00e9 mat\u00e9rielle : peinture en petit format comme en format monumental, dessin et gravure, c\u00e9ramique et relief, art de l'affiche et du livre. \u00c0 cette richesse correspond d'autre part l'ampleur stylistique : des d\u00e9buts r\u00e9alistes et d'inspiration cubiste des ann\u00e9es 1930 \u00e0 la synth\u00e8se virtuose des deux formes d'expression dans les ann\u00e9es 1940, en passant par des compositions purement abstraites. Les contributions impressionnantes d'Erni au surr\u00e9alisme pr\u00e9parent le terrain pour les \u0153uvres des d\u00e9cennies suivantes gr\u00e2ce \u00e0 l'association d'un fond informel et d'une repr\u00e9sentation figurative magistrale. D\u00e9sormais, celui qui \u00e9tait auparavant d\u00e9cri\u00e9 politiquement r\u00e9alise de nombreux travaux publics qui le font conna\u00eetre internationalement comme l'un des repr\u00e9sentants les plus importants de l'art suisse du 20e si\u00e8cle. Son int\u00e9r\u00eat toujours en \u00e9veil pour les questions sociales, politiques et \u00e9cologiques, son engagement pour la paix, la justice sociale et la protection de la nature se refl\u00e8tent dans son travail pictural et graphique, tout comme sa curiosit\u00e9 pour les cultures \u00e9trang\u00e8res, qu'il exprime tr\u00e8s t\u00f4t dans ses tableaux et ses livres. La publication r\u00e9alis\u00e9e \u00e0 l'occasion du 40e anniversaire du Mus\u00e9e Hans Erni donne pour la premi\u00e8re fois un aper\u00e7u de la diversit\u00e9 de la collection de la Fondation Hans Erni.<\/p>","protected":false},"excerpt":{"rendered":"<p>Catalogue d'exposition, \u00e9dit\u00e9 par Hans Stahlhut et Karl B\u00fchlmann pour le Mus\u00e9e Hans Erni de Lucerne et la Fondation Hans Erni<br \/>\nTextes (all.\/angl.\/fran\u00e7ais) de Karl B\u00fchlmann, Peter Fischer, Heinz Stahlhut<br \/>\n144 p. avec 83 illustrations en couleur<br \/>\nformat 28 x 21 cm, brochure \u00e0 rabats<\/p>","protected":false},"featured_media":4966,"template":"","meta":[],"product_brand":[],"product_cat":[95],"product_tag":[],"class_list":{"0":"post-3550","1":"product","2":"type-product","3":"status-publish","4":"has-post-thumbnail","6":"product_cat-vergriffen","8":"first","9":"outofstock","10":"taxable","11":"shipping-taxable","12":"product-type-simple"},"aioseo_notices":[],"_wp_attached_file":null,"_wp_attachment_metadata":null,"_wc_attachment_source":null,"_elementor_inline_svg":null,"_elementor_is_screenshot":null,"_elementor_source_image_hash":null,"_source_url":null,"_wp_attachment_context":null,"_menu_item_type":null,"_menu_item_menu_item_parent":null,"_menu_item_object_id":null,"_menu_item_object":null,"_menu_item_target":null,"_menu_item_classes":null,"_menu_item_xfn":null,"_menu_item_url":null,"__elementor_forms_snapshot":null,"_unit":"","_unit_base":"","_unit_product":"","_unit_price_auto":"no","_unit_price_regular":"","_unit_price":"","_unit_price_sale":"","_sale_price_label":"","_sale_price_regular_label":"","_manufacturer_slug":"","_mini_desc":"","_defect_description":"","_safety_instructions":"","_allergen_ids":[],"_warranty_attachment_id":"","_safety_attachment_ids":[],"_min_age":"","_ts_gtin":"","_ts_mpn":"","_delivery_time_countries":[],"_free_shipping":"no","_service":"no","_photovoltaic_system":"no","_used_good":"no","_defective_copy":"no","_wireless_electronic_device":"no","_device_contains_power_supply":"no","_device_charging_supports_usb_pd":"no","_device_charging_watt_min":"0","_device_charging_watt_max":"0","_is_food":"no","_differential_taxation":"no","_gzd_version":"3.18.7","_hs_code":"","_customs_description":"","_manufacture_country":"0","_is_non_returnable":"no","_shipping_length":"","_shipping_width":"","_shipping_height":"","_sku":"ISBN 978-3-86442-293-5","_global_unique_id":"978-3-86442-293-5","_regular_price":null,"total_sales":"0","_tax_status":"taxable","_tax_class":"","_manage_stock":"no","_backorders":"no","_sold_individually":"no","_weight":"1","_virtual":"no","_downloadable":"no","_download_limit":"-1","_download_expiry":"-1","_stock":"","_stock_status":"outofstock","_wc_average_rating":"0","_wc_review_count":"0","_product_version":"10.1.4","_price":"","shopengine_product_views_count":"2846","_thumbnail_id":"4966","_product_attributes":{"erscheinungsdatum":{"name":"Erscheinungsdatum","value":"31.07.2019","position":0,"is_visible":1,"is_variation":0,"is_taxonomy":0,"checkout_visible":0}},"_nutrient_ids":[],"_upsell_ids":null,"pswc_subtitle":null,"_default_delivery_time":null,"_wp_desired_post_slug":null,"_isbn":null,"pageType":null,"isExternalUrl":null,"pageId":null,"externalUrl":null,"hideCookieBanner":null,"isTargetBlank":null,"isProviderCurrentWebsite":null,"isEmbeddingOnlyExternalResources":null,"legalBasis":null,"dataProcessingInCountries":null,"dataProcessingInCountriesSpecialTreatments":null,"technicalDefinitions":null,"googleConsentModeConsentTypes":null,"executePriority":null,"executeCodeOptInWhenNoTagManagerConsentIsGiven":null,"executeCodeOptOutWhenNoTagManagerConsentIsGiven":null,"deleteTechnicalDefinitionsAfterOptOut":null,"presetId":null,"presetVersion":null,"provider":null,"providerContactPhone":null,"providerContactEmail":null,"providerContactLink":null,"uniqueName":null,"providerPrivacyPolicyUrl":null,"providerLegalNoticeUrl":null,"codeOptIn":null,"codeOptOut":null,"codeOnPageLoad":null,"language_code":null,"shopengine_template__post_meta__type":null,"shopengine_template__post_meta":null,"shopengine_template__post_meta__edit_with":null,"origin":null,"_enabled":null,"_filters":null,"_layout":null,"_elementor_import_session_id":null,"_wp_trash_meta_status":null,"_wp_trash_meta_time":null,"_edit_lock":"1743529706:2","_elementor_floating_elements_type":null,"_elementor_edit_mode":null,"_elementor_template_type":null,"tc-thumb-fld":{"_thumb_id":4966,"_thumb_type":"thumb"},"_wp_page_template":"default","_elementor_version":null,"_elementor_pro_version":null,"_elementor_page_settings":null,"_elementor_data":null,"_elementor_conditions":null,"_elementor_popup_display_settings":null,"_edit_last":"2","_elementor_template_sub_type":null,"_elementor_controls_usage":null,"_elementor_screenshot":null,"_elementor_css":null,"_elementor_page_assets":[],"_elementor_element_cache":null,"_elementor_screenshot_failed":null,"_elementor_source":null,"_wp_old_date":null,"layout_key":"","post_slider_check_key":"0","_links":{"self":[{"href":"https:\/\/snoeck.de\/fr\/wp-json\/wp\/v2\/product\/3550","targetHints":{"allow":["GET"]}}],"collection":[{"href":"https:\/\/snoeck.de\/fr\/wp-json\/wp\/v2\/product"}],"about":[{"href":"https:\/\/snoeck.de\/fr\/wp-json\/wp\/v2\/types\/product"}],"wp:featuredmedia":[{"embeddable":true,"href":"https:\/\/snoeck.de\/fr\/wp-json\/wp\/v2\/media\/4966"}],"wp:attachment":[{"href":"https:\/\/snoeck.de\/fr\/wp-json\/wp\/v2\/media?parent=3550"}],"wp:term":[{"taxonomy":"product_brand","embeddable":true,"href":"https:\/\/snoeck.de\/fr\/wp-json\/wp\/v2\/product_brand?post=3550"},{"taxonomy":"product_cat","embeddable":true,"href":"https:\/\/snoeck.de\/fr\/wp-json\/wp\/v2\/product_cat?post=3550"},{"taxonomy":"product_tag","embeddable":true,"href":"https:\/\/snoeck.de\/fr\/wp-json\/wp\/v2\/product_tag?post=3550"}],"curies":[{"name":"wp","href":"https:\/\/api.w.org\/{rel}","templated":true}]}}