{"id":3552,"date":"2025-01-31T11:30:17","date_gmt":"2025-01-31T11:30:17","guid":{"rendered":"https:\/\/snoeck.process-vision.de\/shop\/jeanne-faust\/"},"modified":"2026-04-08T16:38:09","modified_gmt":"2026-04-08T15:38:09","slug":"jeanne-faust","status":"publish","type":"product","link":"https:\/\/snoeck.de\/fr\/shop\/jeanne-faust\/","title":{"rendered":"Jeanne Faust"},"content":{"rendered":"<h3>C'est le contraire chez Jeanne Faust<\/h3>\n<p>Le film et la photographie sont les m\u00e9dias de l'artiste Jeanne Faust, n\u00e9e en 1968 et r\u00e9sidant aujourd'hui \u00e0 Hambourg. Dans son langage cin\u00e9matographique, elle utilise les moments de vide dramaturgique, les clich\u00e9s de l'\u00e9tranger et du familier qui ont rendu c\u00e9l\u00e8bre son grand mod\u00e8le Rainer Werner Fassbinder dans les ann\u00e9es 1960 et 1970. Son proc\u00e9d\u00e9 photographique, en revanche, met en sc\u00e8ne, parfois dans des variantes de tir et de contre-tir, des situations cin\u00e9matographiques telles qu'on les conna\u00eet dans la photographie fixe classique et telles que Jeff Wall, par exemple, les a d\u00e9plac\u00e9es vers le documentaire dans sa photographie hautement mise en sc\u00e8ne. Le proc\u00e9d\u00e9 \u00e0 contre-courant de Jeanne Faust produit des r\u00e9sultats fascinants, gr\u00e2ce auxquels elle parvient \u00e0 maintenir son travail dans un \u00e9tat de suspension d\u00e9concertant ; le spectateur attend et anticipe toujours une suite, mais il est renvoy\u00e9 \u00e0 son imagination pour celle-ci. Outre une premi\u00e8re grande pr\u00e9sentation individuelle au Kunstmuseum Liechtenstein, Vaduz (2002), les travaux de Jeanne Faust ont surtout \u00e9t\u00e9 remarqu\u00e9s dans les expositions \"New Heimat\" (Frankfurter Kunstverein 2001) et \"Manifesta 4\" (Francfort 2002). Le catalogue des expositions \u00e0 la Kunsthalle D\u00fcsseldorf (et au Kunstverein Heilbronn) est la premi\u00e8re publication individuelle et contient, outre de nombreuses photographies grand format, une filmographie compl\u00e8te avec de courts textes explicatifs de l'artiste.<\/p>\n<p>Expositions :<br \/>\nKunsthalle D\u00fcsseldorf, 26\/1 - 30\/3\/2003<br \/>\nAssociation artistique de Heilbronn, 5\/4 - 18\/5\/2003<\/p>","protected":false},"excerpt":{"rendered":"<p>Catalogue d'exposition, Kunsthalle D\u00fcsseldorf, Kunstverein Heilbronn, \u00e9d. par Ulrike Groos et Matthia L\u00f6bke<br \/>\nTexte (all.\/angl.) de Tom Holert ainsi qu'une liste de ses films comment\u00e9e par Jeanne Faust<br \/>\n64 p. avec 50 illustrations en couleur<br \/>\nformat 24 x 30 cm, broch\u00e9<\/p>","protected":false},"featured_media":4968,"template":"","meta":[],"product_brand":[],"product_cat":[95],"product_tag":[],"class_list":{"0":"post-3552","1":"product","2":"type-product","3":"status-publish","4":"has-post-thumbnail","6":"product_cat-vergriffen","8":"first","9":"outofstock","10":"taxable","11":"shipping-taxable","12":"product-type-simple"},"aioseo_notices":[],"_wp_attached_file":null,"_wp_attachment_metadata":null,"_wc_attachment_source":null,"_elementor_inline_svg":null,"_elementor_is_screenshot":null,"_elementor_source_image_hash":null,"_source_url":null,"_wp_attachment_context":null,"_menu_item_type":null,"_menu_item_menu_item_parent":null,"_menu_item_object_id":null,"_menu_item_object":null,"_menu_item_target":null,"_menu_item_classes":null,"_menu_item_xfn":null,"_menu_item_url":null,"__elementor_forms_snapshot":null,"_unit":"","_unit_base":"","_unit_product":"","_unit_price_auto":"no","_unit_price_regular":"","_unit_price":"","_unit_price_sale":"","_sale_price_label":"","_sale_price_regular_label":"","_manufacturer_slug":"","_mini_desc":"","_defect_description":"","_safety_instructions":"","_allergen_ids":[],"_warranty_attachment_id":"","_safety_attachment_ids":[],"_min_age":"","_ts_gtin":"","_ts_mpn":"","_delivery_time_countries":[],"_free_shipping":"no","_service":"no","_photovoltaic_system":"no","_used_good":"no","_defective_copy":"no","_wireless_electronic_device":"no","_device_contains_power_supply":"no","_device_charging_supports_usb_pd":"no","_device_charging_watt_min":"0","_device_charging_watt_max":"0","_is_food":"no","_differential_taxation":"no","_gzd_version":"3.18.7","_hs_code":"","_customs_description":"","_manufacture_country":"0","_is_non_returnable":"no","_shipping_length":"","_shipping_width":"","_shipping_height":"","_sku":"ISBN 978-3-936859-03-4","_global_unique_id":"978-3-936859-03-4","_regular_price":null,"total_sales":"0","_tax_status":"taxable","_tax_class":"","_manage_stock":"no","_backorders":"no","_sold_individually":"no","_weight":"1","_virtual":"no","_downloadable":"no","_download_limit":"-1","_download_expiry":"-1","_stock":"","_stock_status":"outofstock","_wc_average_rating":"0","_wc_review_count":"0","_product_version":"10.1.4","_price":"","shopengine_product_views_count":"2458","_thumbnail_id":"4968","_product_attributes":{"erscheinungsdatum":{"name":"Date de publication","value":"26.01.2003","position":0,"is_visible":1,"is_variation":0,"is_taxonomy":0,"checkout_visible":0}},"_nutrient_ids":[],"_upsell_ids":null,"pswc_subtitle":null,"_default_delivery_time":null,"_wp_desired_post_slug":null,"_isbn":null,"pageType":null,"isExternalUrl":null,"pageId":null,"externalUrl":null,"hideCookieBanner":null,"isTargetBlank":null,"isProviderCurrentWebsite":null,"isEmbeddingOnlyExternalResources":null,"legalBasis":null,"dataProcessingInCountries":null,"dataProcessingInCountriesSpecialTreatments":null,"technicalDefinitions":null,"googleConsentModeConsentTypes":null,"executePriority":null,"executeCodeOptInWhenNoTagManagerConsentIsGiven":null,"executeCodeOptOutWhenNoTagManagerConsentIsGiven":null,"deleteTechnicalDefinitionsAfterOptOut":null,"presetId":null,"presetVersion":null,"provider":null,"providerContactPhone":null,"providerContactEmail":null,"providerContactLink":null,"uniqueName":null,"providerPrivacyPolicyUrl":null,"providerLegalNoticeUrl":null,"codeOptIn":null,"codeOptOut":null,"codeOnPageLoad":null,"language_code":null,"shopengine_template__post_meta__type":null,"shopengine_template__post_meta":null,"shopengine_template__post_meta__edit_with":null,"origin":null,"_enabled":null,"_filters":null,"_layout":null,"_elementor_import_session_id":null,"_wp_trash_meta_status":null,"_wp_trash_meta_time":null,"_edit_lock":"1743529245:2","_elementor_floating_elements_type":null,"_elementor_edit_mode":null,"_elementor_template_type":null,"tc-thumb-fld":{"_thumb_id":4968,"_thumb_type":"thumb"},"_wp_page_template":"default","_elementor_version":null,"_elementor_pro_version":null,"_elementor_page_settings":null,"_elementor_data":null,"_elementor_conditions":null,"_elementor_popup_display_settings":null,"_edit_last":"2","_elementor_template_sub_type":null,"_elementor_controls_usage":null,"_elementor_screenshot":null,"_elementor_css":null,"_elementor_page_assets":[],"_elementor_element_cache":null,"_elementor_screenshot_failed":null,"_elementor_source":null,"_wp_old_date":null,"layout_key":"","post_slider_check_key":"0","_links":{"self":[{"href":"https:\/\/snoeck.de\/fr\/wp-json\/wp\/v2\/product\/3552","targetHints":{"allow":["GET"]}}],"collection":[{"href":"https:\/\/snoeck.de\/fr\/wp-json\/wp\/v2\/product"}],"about":[{"href":"https:\/\/snoeck.de\/fr\/wp-json\/wp\/v2\/types\/product"}],"wp:featuredmedia":[{"embeddable":true,"href":"https:\/\/snoeck.de\/fr\/wp-json\/wp\/v2\/media\/4968"}],"wp:attachment":[{"href":"https:\/\/snoeck.de\/fr\/wp-json\/wp\/v2\/media?parent=3552"}],"wp:term":[{"taxonomy":"product_brand","embeddable":true,"href":"https:\/\/snoeck.de\/fr\/wp-json\/wp\/v2\/product_brand?post=3552"},{"taxonomy":"product_cat","embeddable":true,"href":"https:\/\/snoeck.de\/fr\/wp-json\/wp\/v2\/product_cat?post=3552"},{"taxonomy":"product_tag","embeddable":true,"href":"https:\/\/snoeck.de\/fr\/wp-json\/wp\/v2\/product_tag?post=3552"}],"curies":[{"name":"wp","href":"https:\/\/api.w.org\/{rel}","templated":true}]}}