{"id":3553,"date":"2025-01-31T11:30:18","date_gmt":"2025-01-31T11:30:18","guid":{"rendered":"https:\/\/snoeck.process-vision.de\/shop\/thomas-feuerstein-psychoprosa\/"},"modified":"2025-09-22T10:13:00","modified_gmt":"2025-09-22T08:13:00","slug":"thomas-feuerstein-psychoprosa","status":"publish","type":"product","link":"https:\/\/snoeck.de\/fr\/shop\/thomas-feuerstein-psychoprosa\/","title":{"rendered":"Thomas Feuerstein : Psychoprosa"},"content":{"rendered":"<h3>Mati\u00e8re liquide<\/h3>\n<p>Thomas Feuerstein a transform\u00e9 les salles de la galerie du Taxispalais d'Innsbruck en un ensemble coh\u00e9rent de serre, de cuisine de laboratoire, de chambre froide et d'usine. Des tuyaux serpentent \u00e0 travers l'exposition, ils relient des appareils et des objets, un hallucinog\u00e8ne synth\u00e9tique est extrait d'algues et de champignons au cours d'un processus chimique et produit en m\u00eame temps un mucus visqueux, d'\u00e9pais fils et des stries se forment en une sculpture aussi transparente que liquide. L'effet psychotrope de la substance hallucinog\u00e8ne, qui fait fondre les objets solides dans la perception, est refl\u00e9t\u00e9 comme un processus r\u00e9el, l'int\u00e9rieur de la psych\u00e9 et l'ext\u00e9rieur du mucus polym\u00e8re commencent \u00e0 se superposer. Thomas Feuerstein (n\u00e9 en 1968 \u00e0 Innsbruck, vit \u00e0 Vienne) utilise les processus biochimiques comme moyen d'expression artistique pour des installations spectaculaires \u00e0 la fronti\u00e8re de l'art et de l'exp\u00e9rimentation scientifique ; il fragmente ainsi les mod\u00e8les d'explication scientifique et remet en question leur pr\u00e9tention \u00e0 la v\u00e9rit\u00e9. L'utilisation multiple de m\u00e9dias courants dans l'art fait na\u00eetre de nouveaux rapports de signification, le factuel s'entrecroise avec le fictif, les significations se d\u00e9placent. Quelle meilleure fa\u00e7on de le constater que dans un livre concis r\u00e9dig\u00e9 par l'artiste !<\/p>\n<p>Expositions :<br \/>\nGalerie dans le Taxispalais Innsbruck, 7\/3-10\/5\/2015<br \/>\nFrankfurter Kunstverein Frankfurt\/M., 29\/5-30\/8\/2015<br \/>\nKunstverein Heilbronn, 3\/10-22\/11\/2015<\/p>","protected":false},"excerpt":{"rendered":"<p>Catalogue d'exposition, Galerie im Taxispalais Innsbruck, Kunstverein Heilbronn, \u00e9d. par Beate Ermacora, Matthia L\u00f6bke<br \/>\nTextes (all.\/ang.) de Beate Ermacora, Thomas Feuerstein, J\u00fcrgen Tabor ainsi qu'un entretien entre Thomas Feuerstein et Graham Harman<br \/>\n240 p. avec 45 illustrations en couleur et 30 en n\/b<br \/>\nformat 26,5 x 19,8 cm, brochure \u00e0 rabats<\/p>","protected":false},"featured_media":4969,"template":"","meta":[],"product_brand":[],"product_cat":[102,63,95],"product_tag":[],"class_list":{"0":"post-3553","1":"product","2":"type-product","3":"status-publish","4":"has-post-thumbnail","6":"product_cat-102","7":"product_cat-f","8":"product_cat-vergriffen","10":"first","11":"outofstock","12":"taxable","13":"shipping-taxable","14":"product-type-simple"},"aioseo_notices":[],"_wp_attached_file":null,"_wp_attachment_metadata":null,"_wc_attachment_source":null,"_elementor_inline_svg":null,"_elementor_is_screenshot":null,"_elementor_source_image_hash":null,"_source_url":null,"_wp_attachment_context":null,"_menu_item_type":null,"_menu_item_menu_item_parent":null,"_menu_item_object_id":null,"_menu_item_object":null,"_menu_item_target":null,"_menu_item_classes":null,"_menu_item_xfn":null,"_menu_item_url":null,"__elementor_forms_snapshot":null,"_unit":"","_unit_base":"","_unit_product":"","_unit_price_auto":"no","_unit_price_regular":"","_unit_price":"","_unit_price_sale":"","_sale_price_label":"","_sale_price_regular_label":"","_manufacturer_slug":"","_mini_desc":"","_defect_description":"","_safety_instructions":"","_allergen_ids":[],"_warranty_attachment_id":"","_safety_attachment_ids":[],"_min_age":"","_ts_gtin":"","_ts_mpn":"","_delivery_time_countries":[],"_free_shipping":"no","_service":"no","_photovoltaic_system":"no","_used_good":"no","_defective_copy":"no","_wireless_electronic_device":"no","_device_contains_power_supply":"no","_device_charging_supports_usb_pd":"no","_device_charging_watt_min":"0","_device_charging_watt_max":"0","_is_food":"no","_differential_taxation":"no","_gzd_version":"3.20.1","_hs_code":"","_customs_description":"","_manufacture_country":"0","_is_non_returnable":"no","_shipping_length":"","_shipping_width":"","_shipping_height":"","_sku":"ISBN 978-3-86442-124-2","_global_unique_id":"978-3-86442-124-2","_regular_price":null,"total_sales":"0","_tax_status":"taxable","_tax_class":"","_manage_stock":"no","_backorders":"no","_sold_individually":"no","_weight":"2","_virtual":"no","_downloadable":"no","_download_limit":"-1","_download_expiry":"-1","_stock":"","_stock_status":"outofstock","_wc_average_rating":"0","_wc_review_count":"0","_product_version":"10.1.0","_price":"","shopengine_product_views_count":"2862","_thumbnail_id":"4969","_product_attributes":{"erscheinungsdatum":{"name":"Date de publication","value":"01.05.2015","position":0,"is_visible":1,"is_variation":0,"is_taxonomy":0,"checkout_visible":0}},"_nutrient_ids":[],"_upsell_ids":null,"pswc_subtitle":null,"_default_delivery_time":"","_wp_desired_post_slug":null,"_isbn":null,"pageType":null,"isExternalUrl":null,"pageId":null,"externalUrl":null,"hideCookieBanner":null,"isTargetBlank":null,"isProviderCurrentWebsite":null,"isEmbeddingOnlyExternalResources":null,"legalBasis":null,"dataProcessingInCountries":null,"dataProcessingInCountriesSpecialTreatments":null,"technicalDefinitions":null,"googleConsentModeConsentTypes":null,"executePriority":null,"executeCodeOptInWhenNoTagManagerConsentIsGiven":null,"executeCodeOptOutWhenNoTagManagerConsentIsGiven":null,"deleteTechnicalDefinitionsAfterOptOut":null,"presetId":null,"presetVersion":null,"provider":null,"providerContactPhone":null,"providerContactEmail":null,"providerContactLink":null,"uniqueName":null,"providerPrivacyPolicyUrl":null,"providerLegalNoticeUrl":null,"codeOptIn":null,"codeOptOut":null,"codeOnPageLoad":null,"language_code":null,"shopengine_template__post_meta__type":null,"shopengine_template__post_meta":null,"shopengine_template__post_meta__edit_with":null,"origin":null,"_enabled":null,"_filters":null,"_layout":null,"_elementor_import_session_id":null,"_wp_trash_meta_status":null,"_wp_trash_meta_time":null,"_edit_lock":"1758528780:1","_elementor_floating_elements_type":null,"_elementor_edit_mode":null,"_elementor_template_type":null,"tc-thumb-fld":{"_thumb_id":4969,"_thumb_type":"thumb"},"_wp_page_template":"default","_elementor_version":null,"_elementor_pro_version":null,"_elementor_page_settings":null,"_elementor_data":null,"_elementor_conditions":null,"_elementor_popup_display_settings":null,"_edit_last":"1","_elementor_template_sub_type":null,"_elementor_controls_usage":null,"_elementor_screenshot":null,"_elementor_css":null,"_elementor_page_assets":[],"_elementor_element_cache":null,"_elementor_screenshot_failed":null,"_elementor_source":null,"_wp_old_date":null,"layout_key":"","post_slider_check_key":"0","_links":{"self":[{"href":"https:\/\/snoeck.de\/fr\/wp-json\/wp\/v2\/product\/3553","targetHints":{"allow":["GET"]}}],"collection":[{"href":"https:\/\/snoeck.de\/fr\/wp-json\/wp\/v2\/product"}],"about":[{"href":"https:\/\/snoeck.de\/fr\/wp-json\/wp\/v2\/types\/product"}],"wp:featuredmedia":[{"embeddable":true,"href":"https:\/\/snoeck.de\/fr\/wp-json\/wp\/v2\/media\/4969"}],"wp:attachment":[{"href":"https:\/\/snoeck.de\/fr\/wp-json\/wp\/v2\/media?parent=3553"}],"wp:term":[{"taxonomy":"product_brand","embeddable":true,"href":"https:\/\/snoeck.de\/fr\/wp-json\/wp\/v2\/product_brand?post=3553"},{"taxonomy":"product_cat","embeddable":true,"href":"https:\/\/snoeck.de\/fr\/wp-json\/wp\/v2\/product_cat?post=3553"},{"taxonomy":"product_tag","embeddable":true,"href":"https:\/\/snoeck.de\/fr\/wp-json\/wp\/v2\/product_tag?post=3553"}],"curies":[{"name":"wp","href":"https:\/\/api.w.org\/{rel}","templated":true}]}}