{"id":3554,"date":"2025-01-31T11:30:18","date_gmt":"2025-01-31T11:30:18","guid":{"rendered":"https:\/\/snoeck.process-vision.de\/shop\/thomas-feuerstein-trickster\/"},"modified":"2026-04-08T17:23:00","modified_gmt":"2026-04-08T16:23:00","slug":"thomas-feuerstein-trickster","status":"publish","type":"product","link":"https:\/\/snoeck.de\/fr\/shop\/thomas-feuerstein-trickster\/","title":{"rendered":"Thomas Feuerstein : Trickster"},"content":{"rendered":"<h3>TRICKSTER \"n'a pas grand-chose \u00e0 voir avec une notion classique de la sculpture\".<\/h3>\n<p>Lorsque Thomas Feuerstein (n\u00e9 en 1968) est interrog\u00e9 sur son \u0153uvre foisonnante, dans laquelle il est question de biologie, de litt\u00e9rature, d'histoire de l'art, de philosophie, de m\u00e9decine, de cybern\u00e9tique, de religion, de sexe, d'\u00e9conomie et de m\u00e9dias de masse, ainsi que des effets de la biopolitique sur l'individu et du r\u00eave de l'\u00e9ternelle jeunesse, il aime r\u00e9pondre par \u00e9crit par une d\u00e9claration litt\u00e9raire. Et l'\u00e9num\u00e9ration t\u00e9m\u00e9raire de son \u0153uvre ressemble alors d'autant plus \u00e0 une th\u00e9orie litt\u00e9raire complexe de la vie r\u00e9elle, car il r\u00e9pond lui-m\u00eame par un r\u00e9cit aventureux, comme son histoire \"Plus ultra. Le projet d'Hercule\". Thomas Feuerstein y d\u00e9crit le boxeur, \u00e9diteur de magazines, dada\u00efste et dandy Arthur Cravan et s'int\u00e9resse ainsi \u00e0 un personnage des ann\u00e9es 1920 qui, plus r\u00e9cemment, quelque 60 ans plus tard, hante le r\u00e9cit de l'histoire de la pop en tant qu'idole et alimente en quelque sorte le mythe de l'antih\u00e9ros anarchique. Cette image litt\u00e9raire n'est toutefois qu'une parabole pour le mod\u00e8le de Feuerstein des machines et des bior\u00e9acteurs avec lesquels l'art est produit dans un sens tout \u00e0 fait classique, par exemple avec un automatisme d'\u00e9criture emprunt\u00e9 \u00e0 la fameuse \"\u00c9criture automatique\" des surr\u00e9alistes, mais qui repose chez lui sur la notation des fluctuations de cours. \u00c0 c\u00f4t\u00e9 de cela, l'organique, les enzymes et les catalyseurs, forment des sculptures mol\u00e9culaires et donc une processualit\u00e9 qui donne lieu \u00e0 des manifestes comme on n'en conna\u00eet que dans l'histoire de l'art. Son concept de forme, dit l'artiste, \"n'a pas grand-chose \u00e0 voir avec une notion classique de sculpture. Le mat\u00e9riau, y compris ses structures mol\u00e9culaires et les processus et transformations qui y sont li\u00e9s, joue un r\u00f4le sp\u00e9cifique. Je ne vois pas la forme comme un terme oppos\u00e9 \u00e0 la mati\u00e8re, mais comme une structure qui peut prendre diff\u00e9rentes formes et figuration\".<\/p>\n<p>Exposition :<br \/>\nKunsthalle Krems, 18\/11\/2012 - 10\/2\/2013<\/p>","protected":false},"excerpt":{"rendered":"<p>Catalogue d'exposition, Kunsthalle Krems, \u00e9d. Hans-Peter Wipplinger<br \/>\nTextes (all.\/ang.) d'Elisabeth Bronfen, Candyman, Gerhard J. Lischka, Astrid Mania et avec une interview de Sabeth Buchmann avec Thomas Feuerstein<br \/>\n368 p. avec 250 illustrations en couleur<br \/>\nformat 28 x 21,5 cm, couverture rigide<\/p>","protected":false},"featured_media":4970,"template":"","meta":[],"product_brand":[],"product_cat":[95],"product_tag":[],"class_list":{"0":"post-3554","1":"product","2":"type-product","3":"status-publish","4":"has-post-thumbnail","6":"product_cat-vergriffen","8":"first","9":"outofstock","10":"taxable","11":"shipping-taxable","12":"product-type-simple"},"aioseo_notices":[],"_wp_attached_file":null,"_wp_attachment_metadata":null,"_wc_attachment_source":null,"_elementor_inline_svg":null,"_elementor_is_screenshot":null,"_elementor_source_image_hash":null,"_source_url":null,"_wp_attachment_context":null,"_menu_item_type":null,"_menu_item_menu_item_parent":null,"_menu_item_object_id":null,"_menu_item_object":null,"_menu_item_target":null,"_menu_item_classes":null,"_menu_item_xfn":null,"_menu_item_url":null,"__elementor_forms_snapshot":null,"_unit":"","_unit_base":"","_unit_product":"","_unit_price_auto":"no","_unit_price_regular":"","_unit_price":"","_unit_price_sale":"","_sale_price_label":"","_sale_price_regular_label":"","_manufacturer_slug":"","_mini_desc":"","_defect_description":"","_safety_instructions":"","_allergen_ids":[],"_warranty_attachment_id":"","_safety_attachment_ids":[],"_min_age":"","_ts_gtin":"","_ts_mpn":"","_delivery_time_countries":[],"_free_shipping":"no","_service":"no","_photovoltaic_system":"no","_used_good":"no","_defective_copy":"no","_wireless_electronic_device":"no","_device_contains_power_supply":"no","_device_charging_supports_usb_pd":"no","_device_charging_watt_min":"0","_device_charging_watt_max":"0","_is_food":"no","_differential_taxation":"no","_gzd_version":"3.18.7","_hs_code":"","_customs_description":"","_manufacture_country":"0","_is_non_returnable":"no","_shipping_length":"","_shipping_width":"","_shipping_height":"","_sku":"ISBN 978-3-86442-031-3","_global_unique_id":"978-3-86442-031-3","_regular_price":null,"total_sales":"0","_tax_status":"taxable","_tax_class":"","_manage_stock":"no","_backorders":"no","_sold_individually":"no","_weight":"3","_virtual":"no","_downloadable":"no","_download_limit":"-1","_download_expiry":"-1","_stock":"","_stock_status":"outofstock","_wc_average_rating":"0","_wc_review_count":"0","_product_version":"10.1.4","_price":"","shopengine_product_views_count":"2690","_thumbnail_id":"4970","_product_attributes":{"erscheinungsdatum":{"name":"Erscheinungsdatum","value":"19.11.2012","position":0,"is_visible":1,"is_variation":0,"is_taxonomy":0,"checkout_visible":0}},"_nutrient_ids":[],"_upsell_ids":null,"pswc_subtitle":null,"_default_delivery_time":null,"_wp_desired_post_slug":null,"_isbn":null,"pageType":null,"isExternalUrl":null,"pageId":null,"externalUrl":null,"hideCookieBanner":null,"isTargetBlank":null,"isProviderCurrentWebsite":null,"isEmbeddingOnlyExternalResources":null,"legalBasis":null,"dataProcessingInCountries":null,"dataProcessingInCountriesSpecialTreatments":null,"technicalDefinitions":null,"googleConsentModeConsentTypes":null,"executePriority":null,"executeCodeOptInWhenNoTagManagerConsentIsGiven":null,"executeCodeOptOutWhenNoTagManagerConsentIsGiven":null,"deleteTechnicalDefinitionsAfterOptOut":null,"presetId":null,"presetVersion":null,"provider":null,"providerContactPhone":null,"providerContactEmail":null,"providerContactLink":null,"uniqueName":null,"providerPrivacyPolicyUrl":null,"providerLegalNoticeUrl":null,"codeOptIn":null,"codeOptOut":null,"codeOnPageLoad":null,"language_code":null,"shopengine_template__post_meta__type":null,"shopengine_template__post_meta":null,"shopengine_template__post_meta__edit_with":null,"origin":null,"_enabled":null,"_filters":null,"_layout":null,"_elementor_import_session_id":null,"_wp_trash_meta_status":null,"_wp_trash_meta_time":null,"_edit_lock":"1743528995:2","_elementor_floating_elements_type":null,"_elementor_edit_mode":null,"_elementor_template_type":null,"tc-thumb-fld":{"_thumb_id":4970,"_thumb_type":"thumb"},"_wp_page_template":"default","_elementor_version":null,"_elementor_pro_version":null,"_elementor_page_settings":null,"_elementor_data":null,"_elementor_conditions":null,"_elementor_popup_display_settings":null,"_edit_last":"2","_elementor_template_sub_type":null,"_elementor_controls_usage":null,"_elementor_screenshot":null,"_elementor_css":null,"_elementor_page_assets":[],"_elementor_element_cache":null,"_elementor_screenshot_failed":null,"_elementor_source":null,"_wp_old_date":null,"layout_key":"","post_slider_check_key":"0","_links":{"self":[{"href":"https:\/\/snoeck.de\/fr\/wp-json\/wp\/v2\/product\/3554","targetHints":{"allow":["GET"]}}],"collection":[{"href":"https:\/\/snoeck.de\/fr\/wp-json\/wp\/v2\/product"}],"about":[{"href":"https:\/\/snoeck.de\/fr\/wp-json\/wp\/v2\/types\/product"}],"wp:featuredmedia":[{"embeddable":true,"href":"https:\/\/snoeck.de\/fr\/wp-json\/wp\/v2\/media\/4970"}],"wp:attachment":[{"href":"https:\/\/snoeck.de\/fr\/wp-json\/wp\/v2\/media?parent=3554"}],"wp:term":[{"taxonomy":"product_brand","embeddable":true,"href":"https:\/\/snoeck.de\/fr\/wp-json\/wp\/v2\/product_brand?post=3554"},{"taxonomy":"product_cat","embeddable":true,"href":"https:\/\/snoeck.de\/fr\/wp-json\/wp\/v2\/product_cat?post=3554"},{"taxonomy":"product_tag","embeddable":true,"href":"https:\/\/snoeck.de\/fr\/wp-json\/wp\/v2\/product_tag?post=3554"}],"curies":[{"name":"wp","href":"https:\/\/api.w.org\/{rel}","templated":true}]}}