{"id":3555,"date":"2025-01-31T11:30:19","date_gmt":"2025-01-31T11:30:19","guid":{"rendered":"https:\/\/snoeck.process-vision.de\/shop\/arno-fischer-eine-reise\/"},"modified":"2025-04-01T17:37:20","modified_gmt":"2025-04-01T17:37:20","slug":"arno-fischer-eine-reise","status":"publish","type":"product","link":"https:\/\/snoeck.de\/fr\/shop\/arno-fischer-eine-reise\/","title":{"rendered":"Arno Fischer : un voyage"},"content":{"rendered":"<h3>Les rues de Berlin<\/h3>\n<p>Arno Fischer (1927-2011) occupe une place importante dans la photographie allemande du 20e si\u00e8cle. Tout au long de sa carri\u00e8re, il a travaill\u00e9 dans les genres photographiques les plus divers : il a montr\u00e9 la mode dans les rues des villes d'Europe de l'Est, mais a \u00e9galement photographi\u00e9 des citoyens* ordinaires du bloc de l'Est et leur quotidien. Ses voyages l'ont notamment men\u00e9 en Guin\u00e9e \u00e9quatoriale, en Inde, en Union sovi\u00e9tique et aux \u00c9tats-Unis, o\u00f9 il avait bien s\u00fbr toujours son appareil photo avec lui. Lorsqu'il ne parcourait pas les rues avec celui-ci, il \u00e9tait un membre actif de DIREKT, un groupe de photographes - fond\u00e9 en 1965 \u00e0 Berlin-Est - qui a largement contribu\u00e9 \u00e0 la diff\u00e9renciation de la culture visuelle de l'Allemagne de l'Est dans les ann\u00e9es 1970 et 1980. Avec sa femme, la photographe Sibylle Bergemann, Arno Fischer entretenait en outre des contacts avec la sc\u00e8ne photographique internationale. Robert Frank, Henri Cartier-Bresson ou Ren\u00e9 Burri venaient toujours volontiers faire une petite visite dans leur appartement du Schiffbauerdamm. Arno Fischer \u00e9tait \u00e9galement un enseignant passionn\u00e9 qui a entretenu des \u00e9changes intensifs avec les \u00e9tudiants, d'abord \u00e0 l'\u00c9cole sup\u00e9rieure de graphisme et d'art du livre de Leipzig, puis, apr\u00e8s la chute du Mur, \u00e0 l'\u00c9cole de photographie et de design de la Croix de l'Est \u00e0 Berlin.<\/p>\n<p>Exposition :<br \/>\nCh\u00e2teau de Kummerow, Kummerow Mecklembourg-Pom\u00e9ranie occidentale, 8\/5 - 31\/10\/2022<br \/>\nMaison au Kleistpark, Berlin, 16\/6 - 13\/8\/2023<\/p>","protected":false},"excerpt":{"rendered":"<p>Catalogue d'exposition, \u00e9dit\u00e9 par le Ch\u00e2teau de Kummerow<br \/>\nTexte (all.\/ang.) de Candice M. Hamelin<br \/>\n128 p. avec 45 illustrations en noir et blanc et 50 en couleur<br \/>\nFomat 24 x 19 cm, reliure en toile avec jaquette am\u00e9ricaine<\/p>","protected":false},"featured_media":4971,"template":"","meta":[],"product_brand":[],"product_cat":[86,63],"product_tag":[],"class_list":{"0":"post-3555","1":"product","2":"type-product","3":"status-publish","4":"has-post-thumbnail","6":"product_cat-86","7":"product_cat-f","9":"first","10":"instock","11":"taxable","12":"shipping-taxable","13":"purchasable","14":"product-type-simple"},"aioseo_notices":[],"_wp_attached_file":null,"_wp_attachment_metadata":null,"_wc_attachment_source":null,"_elementor_inline_svg":null,"_elementor_is_screenshot":null,"_elementor_source_image_hash":null,"_source_url":null,"_wp_attachment_context":null,"_menu_item_type":null,"_menu_item_menu_item_parent":null,"_menu_item_object_id":null,"_menu_item_object":null,"_menu_item_target":null,"_menu_item_classes":null,"_menu_item_xfn":null,"_menu_item_url":null,"__elementor_forms_snapshot":null,"_unit":"","_unit_base":"","_unit_product":"","_unit_price_auto":"no","_unit_price_regular":"","_unit_price":"","_unit_price_sale":"","_sale_price_label":"","_sale_price_regular_label":"","_manufacturer_slug":"","_mini_desc":"","_defect_description":"","_safety_instructions":"","_allergen_ids":[],"_warranty_attachment_id":"","_safety_attachment_ids":[],"_min_age":"","_ts_gtin":"","_ts_mpn":"","_delivery_time_countries":[],"_free_shipping":"no","_service":"no","_photovoltaic_system":"no","_used_good":"no","_defective_copy":"no","_wireless_electronic_device":"no","_device_contains_power_supply":"no","_device_charging_supports_usb_pd":"no","_device_charging_watt_min":"0","_device_charging_watt_max":"0","_is_food":"no","_differential_taxation":"no","_gzd_version":"3.18.7","_hs_code":"","_customs_description":"","_manufacture_country":"0","_is_non_returnable":"no","_shipping_length":"","_shipping_width":"","_shipping_height":"","_sku":"ISBN 978-3-86442-386-4","_global_unique_id":"978-3-86442-386-4","_regular_price":"32","total_sales":"0","_tax_status":"taxable","_tax_class":"","_manage_stock":"no","_backorders":"no","_sold_individually":"no","_weight":"1","_virtual":"no","_downloadable":"no","_download_limit":"-1","_download_expiry":"-1","_stock":"","_stock_status":"instock","_wc_average_rating":"0","_wc_review_count":"0","_product_version":"9.7.1","_price":"32","shopengine_product_views_count":"2813","_thumbnail_id":"4971","_product_attributes":{"erscheinungsdatum":{"name":"Erscheinungsdatum","value":"09.05.2022","position":0,"is_visible":1,"is_variation":0,"is_taxonomy":0,"checkout_visible":0}},"_nutrient_ids":[],"_upsell_ids":null,"pswc_subtitle":null,"_default_delivery_time":null,"_wp_desired_post_slug":null,"_isbn":null,"pageType":null,"isExternalUrl":null,"pageId":null,"externalUrl":null,"hideCookieBanner":null,"isTargetBlank":null,"isProviderCurrentWebsite":null,"isEmbeddingOnlyExternalResources":null,"legalBasis":null,"dataProcessingInCountries":null,"dataProcessingInCountriesSpecialTreatments":null,"technicalDefinitions":null,"googleConsentModeConsentTypes":null,"executePriority":null,"executeCodeOptInWhenNoTagManagerConsentIsGiven":null,"executeCodeOptOutWhenNoTagManagerConsentIsGiven":null,"deleteTechnicalDefinitionsAfterOptOut":null,"presetId":null,"presetVersion":null,"provider":null,"providerContactPhone":null,"providerContactEmail":null,"providerContactLink":null,"uniqueName":null,"providerPrivacyPolicyUrl":null,"providerLegalNoticeUrl":null,"codeOptIn":null,"codeOptOut":null,"codeOnPageLoad":null,"language_code":null,"shopengine_template__post_meta__type":null,"shopengine_template__post_meta":null,"shopengine_template__post_meta__edit_with":null,"origin":null,"_enabled":null,"_filters":null,"_layout":null,"_elementor_import_session_id":null,"_wp_trash_meta_status":null,"_wp_trash_meta_time":null,"_edit_lock":"1743529042:2","_elementor_floating_elements_type":null,"_elementor_edit_mode":null,"_elementor_template_type":null,"tc-thumb-fld":{"_thumb_id":4971,"_thumb_type":"thumb"},"_wp_page_template":"default","_elementor_version":null,"_elementor_pro_version":null,"_elementor_page_settings":null,"_elementor_data":null,"_elementor_conditions":null,"_elementor_popup_display_settings":null,"_edit_last":"2","_elementor_template_sub_type":null,"_elementor_controls_usage":null,"_elementor_screenshot":null,"_elementor_css":null,"_elementor_page_assets":[],"_elementor_element_cache":null,"_elementor_screenshot_failed":null,"_elementor_source":null,"_wp_old_date":null,"layout_key":"","post_slider_check_key":"0","_links":{"self":[{"href":"https:\/\/snoeck.de\/fr\/wp-json\/wp\/v2\/product\/3555","targetHints":{"allow":["GET"]}}],"collection":[{"href":"https:\/\/snoeck.de\/fr\/wp-json\/wp\/v2\/product"}],"about":[{"href":"https:\/\/snoeck.de\/fr\/wp-json\/wp\/v2\/types\/product"}],"wp:featuredmedia":[{"embeddable":true,"href":"https:\/\/snoeck.de\/fr\/wp-json\/wp\/v2\/media\/4971"}],"wp:attachment":[{"href":"https:\/\/snoeck.de\/fr\/wp-json\/wp\/v2\/media?parent=3555"}],"wp:term":[{"taxonomy":"product_brand","embeddable":true,"href":"https:\/\/snoeck.de\/fr\/wp-json\/wp\/v2\/product_brand?post=3555"},{"taxonomy":"product_cat","embeddable":true,"href":"https:\/\/snoeck.de\/fr\/wp-json\/wp\/v2\/product_cat?post=3555"},{"taxonomy":"product_tag","embeddable":true,"href":"https:\/\/snoeck.de\/fr\/wp-json\/wp\/v2\/product_tag?post=3555"}],"curies":[{"name":"wp","href":"https:\/\/api.w.org\/{rel}","templated":true}]}}