{"id":3556,"date":"2025-01-31T11:30:20","date_gmt":"2025-01-31T11:30:20","guid":{"rendered":"https:\/\/snoeck.process-vision.de\/shop\/robert-fleck-ko-goetz-west-hundertwasser\/"},"modified":"2025-04-01T17:35:35","modified_gmt":"2025-04-01T17:35:35","slug":"robert-fleck-ko-goetz-west-hundertwasser","status":"publish","type":"product","link":"https:\/\/snoeck.de\/fr\/shop\/robert-fleck-ko-goetz-west-hundertwasser\/","title":{"rendered":"Robert Fleck : KO G\u00f6tz West Hundertwasser"},"content":{"rendered":"<h3>Comment la maxime de faire de sa vie une \u0153uvre d'art donne naissance \u00e0 un art f\u00e9cond et de qualit\u00e9<\/h3>\n<p>Aussi surprenante que puisse para\u00eetre la s\u00e9rie KO G\u00f6tz (1914-2017), Franz West (1947-2012) et Friedensreich Hundertwasser (1928-2000) - surtout parce que leur art est si diff\u00e9rent -, ces artistes que Robert Fleck a visit\u00e9s pendant de nombreuses ann\u00e9es et avec lesquels il a parfois nou\u00e9 des liens d'amiti\u00e9 ont en commun leur parcours de vie inhabituel et leur personnalit\u00e9 artistique solitaire. Dans le meilleur des cas, la vie des artistes est depuis toujours la mati\u00e8re de grandes histoires, voire de grande litt\u00e9rature, le contraire caract\u00e9risant les ragots souvent aliment\u00e9s par des jalousies, mais les deux mod\u00e8les narratifs ont en commun l'id\u00e9e fondamentale que les artistes sont de grandes figures capables d'accomplir des choses surhumaines - des g\u00e9nies, en somme. Dans ce livre, Robert Fleck aborde les parcours de ces trois artistes avec humour et empathie et montre comment ils ont constamment d\u00e9jou\u00e9 le mythe largement r\u00e9pandu de la vie d'artiste. On ne sait gu\u00e8re comment KO G\u00f6tz, le doyen de l'art informel, s'est oppos\u00e9 au r\u00f4le de boh\u00e8me de l'artiste dans les ann\u00e9es d'apr\u00e8s-guerre, \u00e0 partir de 1945, et a suivi un parcours presque diam\u00e9tralement oppos\u00e9 \u00e0 celui de po\u00e8te et de scientifique. Ou Franz West, qui semble avoir tenu toute sa vie \u00e0 cultiver ses d\u00e9buts dans le milieu artistique viennois en tant que \"marchand de sable\", car il s'est ainsi attach\u00e9 un entourage important d'une mani\u00e8re inimitable. Friedensreich Hundertwasser, quant \u00e0 lui, a commenc\u00e9 d\u00e8s ses premi\u00e8res actions au d\u00e9but des ann\u00e9es 1960 \u00e0 se d\u00e9peindre comme un proph\u00e8te culte, que la sc\u00e8ne alternative des ann\u00e9es 1980 n'admirait que trop volontiers comme l'un des artistes embl\u00e9matiques aux c\u00f4t\u00e9s de Joseph Beuys, mais qui est devenu un paria dans les cercles de ses coll\u00e8gues - tout \u00e0 fait \u00e0 l'oppos\u00e9 de l'effet produit par Beuys -, bien qu'il ne se soit pas content\u00e9 de pr\u00f4ner des dimensions \u00e9cologiques, mais qu'il ait travaill\u00e9 s\u00e9rieusement \u00e0 leur mise en \u0153uvre. Au fil des ann\u00e9es, Robert Fleck a entretenu des contacts intenses avec ces trois artistes : L'auteur a ainsi aid\u00e9 le jeune Franz West \u00e0 vendre ses collages de journaux repeints dans les caf\u00e9s viennois ; et il a rendu visite \u00e0 KO G\u00f6tz, 103 ans, qu'il avait d\u00e9j\u00e0 interview\u00e9 dans les ann\u00e9es 1990, \u00e0 plusieurs reprises par la suite, la derni\u00e8re fois encore au d\u00e9but de l'ann\u00e9e 2017, quelques mois avant sa mort. Avec Friedensreich Hundertwasser enfin, sur lequel Robert Fleck a publi\u00e9 pour la derni\u00e8re fois en 2016 (\"Kunst und Natur. Hundertwasser, la Nouvelle-Z\u00e9lande et l'\u00e9bauche d'une \u00e9cologie esth\u00e9tique\"), il a non seulement eu un contact intensif avec l'artiste au cours des derni\u00e8res ann\u00e9es de sa vie, mais il a \u00e9galement \u00e9t\u00e9 l'un des rares \u00e0 avoir la chance d'avoir un \u00e9change de vues prolong\u00e9 avec lui, alors que celui-ci \u00e9tait habituellement connu pour son monotonie et son silence. Dans leur ensemble, les trois portraits que Robert Fleck a dress\u00e9s en tant qu'auteur ind\u00e9pendant montrent de mani\u00e8re miraculeusement ouverte comment le projet cr\u00e9atif de l'homme moderne, en particulier de l'artiste, n'est pas seulement difficile, mais doit \u00eatre d\u00e9fendu sans cesse par ses protagonistes en l\u00e9gitime d\u00e9fense contre les tentatives d'appropriation de toutes parts.<\/p>","protected":false},"excerpt":{"rendered":"<p>128 pages avec 20 illustrations en couleur et 5 en noir et blanc<br \/>\nformat 21 x 14 cm, broch\u00e9<\/p>","protected":false},"featured_media":4972,"template":"","meta":[],"product_brand":[],"product_cat":[112,63,64,65,80],"product_tag":[],"class_list":{"0":"post-3556","1":"product","2":"type-product","3":"status-publish","4":"has-post-thumbnail","6":"product_cat-112","7":"product_cat-f","8":"product_cat-g","9":"product_cat-h","10":"product_cat-w","12":"first","13":"instock","14":"taxable","15":"shipping-taxable","16":"purchasable","17":"product-type-simple"},"aioseo_notices":[],"_wp_attached_file":null,"_wp_attachment_metadata":null,"_wc_attachment_source":null,"_elementor_inline_svg":null,"_elementor_is_screenshot":null,"_elementor_source_image_hash":null,"_source_url":null,"_wp_attachment_context":null,"_menu_item_type":null,"_menu_item_menu_item_parent":null,"_menu_item_object_id":null,"_menu_item_object":null,"_menu_item_target":null,"_menu_item_classes":null,"_menu_item_xfn":null,"_menu_item_url":null,"__elementor_forms_snapshot":null,"_unit":"","_unit_base":"","_unit_product":"","_unit_price_auto":"no","_unit_price_regular":"","_unit_price":"","_unit_price_sale":"","_sale_price_label":"","_sale_price_regular_label":"","_manufacturer_slug":"","_mini_desc":"","_defect_description":"","_safety_instructions":"","_allergen_ids":[],"_warranty_attachment_id":"","_safety_attachment_ids":[],"_min_age":"","_ts_gtin":"","_ts_mpn":"","_delivery_time_countries":[],"_free_shipping":"no","_service":"no","_photovoltaic_system":"no","_used_good":"no","_defective_copy":"no","_wireless_electronic_device":"no","_device_contains_power_supply":"no","_device_charging_supports_usb_pd":"no","_device_charging_watt_min":"0","_device_charging_watt_max":"0","_is_food":"no","_differential_taxation":"no","_gzd_version":"3.18.7","_hs_code":"","_customs_description":"","_manufacture_country":"0","_is_non_returnable":"no","_shipping_length":"","_shipping_width":"","_shipping_height":"","_sku":"ISBN 978-3-86442-219-5","_global_unique_id":"978-3-86442-219-5","_regular_price":"19.8","total_sales":"0","_tax_status":"taxable","_tax_class":"","_manage_stock":"no","_backorders":"no","_sold_individually":"no","_weight":"1","_virtual":"no","_downloadable":"no","_download_limit":"-1","_download_expiry":"-1","_stock":"","_stock_status":"instock","_wc_average_rating":"0","_wc_review_count":"0","_product_version":"9.7.1","_price":"19.8","shopengine_product_views_count":"2802","_thumbnail_id":"4972","_product_attributes":{"erscheinungsdatum":{"name":"Date de publication","value":"01.12.2017","position":0,"is_visible":1,"is_variation":0,"is_taxonomy":0,"checkout_visible":0}},"_nutrient_ids":[],"_upsell_ids":null,"pswc_subtitle":null,"_default_delivery_time":null,"_wp_desired_post_slug":null,"_isbn":null,"pageType":null,"isExternalUrl":null,"pageId":null,"externalUrl":null,"hideCookieBanner":null,"isTargetBlank":null,"isProviderCurrentWebsite":null,"isEmbeddingOnlyExternalResources":null,"legalBasis":null,"dataProcessingInCountries":null,"dataProcessingInCountriesSpecialTreatments":null,"technicalDefinitions":null,"googleConsentModeConsentTypes":null,"executePriority":null,"executeCodeOptInWhenNoTagManagerConsentIsGiven":null,"executeCodeOptOutWhenNoTagManagerConsentIsGiven":null,"deleteTechnicalDefinitionsAfterOptOut":null,"presetId":null,"presetVersion":null,"provider":null,"providerContactPhone":null,"providerContactEmail":null,"providerContactLink":null,"uniqueName":null,"providerPrivacyPolicyUrl":null,"providerLegalNoticeUrl":null,"codeOptIn":null,"codeOptOut":null,"codeOnPageLoad":null,"language_code":null,"shopengine_template__post_meta__type":null,"shopengine_template__post_meta":null,"shopengine_template__post_meta__edit_with":null,"origin":null,"_enabled":null,"_filters":null,"_layout":null,"_elementor_import_session_id":null,"_wp_trash_meta_status":null,"_wp_trash_meta_time":null,"_edit_lock":"1743528936:2","_elementor_floating_elements_type":null,"_elementor_edit_mode":null,"_elementor_template_type":null,"tc-thumb-fld":{"_thumb_id":4972,"_thumb_type":"thumb"},"_wp_page_template":"default","_elementor_version":null,"_elementor_pro_version":null,"_elementor_page_settings":null,"_elementor_data":null,"_elementor_conditions":null,"_elementor_popup_display_settings":null,"_edit_last":"2","_elementor_template_sub_type":null,"_elementor_controls_usage":null,"_elementor_screenshot":null,"_elementor_css":null,"_elementor_page_assets":[],"_elementor_element_cache":null,"_elementor_screenshot_failed":null,"_elementor_source":null,"_wp_old_date":null,"layout_key":"","post_slider_check_key":"0","_links":{"self":[{"href":"https:\/\/snoeck.de\/fr\/wp-json\/wp\/v2\/product\/3556","targetHints":{"allow":["GET"]}}],"collection":[{"href":"https:\/\/snoeck.de\/fr\/wp-json\/wp\/v2\/product"}],"about":[{"href":"https:\/\/snoeck.de\/fr\/wp-json\/wp\/v2\/types\/product"}],"wp:featuredmedia":[{"embeddable":true,"href":"https:\/\/snoeck.de\/fr\/wp-json\/wp\/v2\/media\/4972"}],"wp:attachment":[{"href":"https:\/\/snoeck.de\/fr\/wp-json\/wp\/v2\/media?parent=3556"}],"wp:term":[{"taxonomy":"product_brand","embeddable":true,"href":"https:\/\/snoeck.de\/fr\/wp-json\/wp\/v2\/product_brand?post=3556"},{"taxonomy":"product_cat","embeddable":true,"href":"https:\/\/snoeck.de\/fr\/wp-json\/wp\/v2\/product_cat?post=3556"},{"taxonomy":"product_tag","embeddable":true,"href":"https:\/\/snoeck.de\/fr\/wp-json\/wp\/v2\/product_tag?post=3556"}],"curies":[{"name":"wp","href":"https:\/\/api.w.org\/{rel}","templated":true}]}}