{"id":3557,"date":"2025-01-31T11:30:20","date_gmt":"2025-01-31T11:30:20","guid":{"rendered":"https:\/\/snoeck.process-vision.de\/shop\/adolf-fleischmann-ein-abstrakter-amerikanischer-maler\/"},"modified":"2026-04-08T15:08:20","modified_gmt":"2026-04-08T14:08:20","slug":"adolf-fleischmann-ein-abstrakter-amerikanischer-maler","status":"publish","type":"product","link":"https:\/\/snoeck.de\/fr\/shop\/adolf-fleischmann-ein-abstrakter-amerikanischer-maler\/","title":{"rendered":"Adolf Fleischmann : un peintre am\u00e9ricain abstrait ?"},"content":{"rendered":"<h3>La construction est le facteur d\u00e9terminant<\/h3>\n<p>En 1955, l'artiste et auteur Will Barnet pr\u00e9sente tout naturellement Adolf Fleischmann comme un \"peintre am\u00e9ricain\" dans son texte \"Aspects of American Abstract Painting\" ; et en 1966, Fleischmann appara\u00eet dans le \"Dictionary of Contemporary American Artists\" de Paul Cummings parmi les principaux artistes des \u00c9tats-Unis. Ce qui transpara\u00eet dans ces d\u00e9clarations du milieu de la peinture new-yorkaise des ann\u00e9es 1950 est une estimation de son importance qui n'a pas \u00e9t\u00e9 prise en compte jusqu'\u00e0 pr\u00e9sent dans toute la litt\u00e9rature consacr\u00e9e \u00e0 Fleischmann : le peintre n\u00e9 en 1892 \u00e0 Esslingen en Souabe, qui ne s'est install\u00e9 aux Etats-Unis qu'en 1952, \u00e0 l'\u00e2ge de 60 ans, est devenu en peu de temps une figure originale dans le contexte de la peinture abstraite inspir\u00e9e de Mondrian dans la \"Mecque\" de l'art am\u00e9ricain de la c\u00f4te Est. Adolf Fleischmann, repr\u00e9sent\u00e9 par un groupe d'\u0153uvres important dans la Daimler Art Collection, est l'un des peintres abstraits les plus remarquables d'Allemagne et des \u00c9tats-Unis apr\u00e8s 1945. La Daimler Art Collection Berlin pr\u00e9sente aujourd'hui une premi\u00e8re r\u00e9trospective de l'\u0153uvre de l'artiste avec une soixantaine d'\u0153uvres couvrant trois d\u00e9cennies, dont l'\u0153uvre principale des ann\u00e9es 1952-65, r\u00e9alis\u00e9e \u00e0 New York, compl\u00e9t\u00e9e par des tableaux repr\u00e9sentatifs des ann\u00e9es 1940, encore r\u00e9alis\u00e9s en Europe. La publication accompagnant l'exposition entreprend pour la premi\u00e8re fois une classification fond\u00e9e de l'\u0153uvre de Fleischmann dans le contexte de la peinture abstraite am\u00e9ricaine de l'\u00e9poque. Ainsi, les premiers textes sur la r\u00e9ception de l'\u0153uvre am\u00e9ricaine de Fleischmann des ann\u00e9es 1950 et 1960 sont \u00e9galement publi\u00e9s. Il s'agit en outre de la premi\u00e8re publication en anglais sur la peinture de Fleischmann, de sorte que son \u0153uvre promet d\u00e9sormais d'int\u00e9resser le public et les institutions mus\u00e9ales aux Etats-Unis \u00e9galement. L'\u0153uvre tardive d'Adolf Fleischmann - tant dans sa coh\u00e9rence \u00e9tonnante que dans la richesse de ses variantes et facettes picturales - attend donc d'\u00eatre d\u00e9couverte et appr\u00e9ci\u00e9e dans le contexte de l'art allemand et am\u00e9ricain du 20e si\u00e8cle.<\/p>\n<p>Exposition :<br \/>\nDaimler Contemporary Berlin, 30\/4 - 6\/11\/2016<\/p>","protected":false},"excerpt":{"rendered":"<p>Catalogue d'exposition, \u00e9dit\u00e9 pour Daimler Contemporary par Renate Wiehager,<br \/>\nTextes (all.\/ang.) de Raymond Bayer, Carlo Belloli, Benedikt Fred Dolbin, Adolf Fleischmann, Sanson Flexor, Roger van Gindertael, Eugen Gomringer, Kurt Leonhard, Thomas Schnalke, Michel Seuphor, Dario Suo, Renate Wiehager<br \/>\n224 p. avec 150 illustrations en couleur<br \/>\nformat 21 x 21 cm, reliure en toile gaufr\u00e9e<\/p>","protected":false},"featured_media":4973,"template":"","meta":[],"product_brand":[],"product_cat":[95],"product_tag":[],"class_list":{"0":"post-3557","1":"product","2":"type-product","3":"status-publish","4":"has-post-thumbnail","6":"product_cat-vergriffen","8":"first","9":"outofstock","10":"taxable","11":"shipping-taxable","12":"product-type-simple"},"aioseo_notices":[],"_wp_attached_file":null,"_wp_attachment_metadata":null,"_wc_attachment_source":null,"_elementor_inline_svg":null,"_elementor_is_screenshot":null,"_elementor_source_image_hash":null,"_source_url":null,"_wp_attachment_context":null,"_menu_item_type":null,"_menu_item_menu_item_parent":null,"_menu_item_object_id":null,"_menu_item_object":null,"_menu_item_target":null,"_menu_item_classes":null,"_menu_item_xfn":null,"_menu_item_url":null,"__elementor_forms_snapshot":null,"_unit":"","_unit_base":"","_unit_product":"","_unit_price_auto":"no","_unit_price_regular":"","_unit_price":"","_unit_price_sale":"","_sale_price_label":"","_sale_price_regular_label":"","_manufacturer_slug":"","_mini_desc":"","_defect_description":"","_safety_instructions":"","_allergen_ids":[],"_warranty_attachment_id":"","_safety_attachment_ids":[],"_min_age":"","_ts_gtin":"","_ts_mpn":"","_delivery_time_countries":[],"_free_shipping":"no","_service":"no","_photovoltaic_system":"no","_used_good":"no","_defective_copy":"no","_wireless_electronic_device":"no","_device_contains_power_supply":"no","_device_charging_supports_usb_pd":"no","_device_charging_watt_min":"0","_device_charging_watt_max":"0","_is_food":"no","_differential_taxation":"no","_gzd_version":"3.18.7","_hs_code":"","_customs_description":"","_manufacture_country":"0","_is_non_returnable":"no","_shipping_length":"","_shipping_width":"","_shipping_height":"","_sku":"ISBN 978-3-86442-167-9","_global_unique_id":"978-3-86442-167-9","_regular_price":null,"total_sales":"0","_tax_status":"taxable","_tax_class":"","_manage_stock":"no","_backorders":"no","_sold_individually":"no","_weight":"1","_virtual":"no","_downloadable":"no","_download_limit":"-1","_download_expiry":"-1","_stock":"","_stock_status":"outofstock","_wc_average_rating":"0","_wc_review_count":"0","_product_version":"10.1.4","_price":"","shopengine_product_views_count":"3317","_thumbnail_id":"4973","_product_attributes":{"erscheinungsdatum":{"name":"Date de publication","value":"07.04.2016","position":0,"is_visible":1,"is_variation":0,"is_taxonomy":0,"checkout_visible":0}},"_nutrient_ids":[],"_upsell_ids":null,"pswc_subtitle":null,"_default_delivery_time":null,"_wp_desired_post_slug":null,"_isbn":null,"pageType":null,"isExternalUrl":null,"pageId":null,"externalUrl":null,"hideCookieBanner":null,"isTargetBlank":null,"isProviderCurrentWebsite":null,"isEmbeddingOnlyExternalResources":null,"legalBasis":null,"dataProcessingInCountries":null,"dataProcessingInCountriesSpecialTreatments":null,"technicalDefinitions":null,"googleConsentModeConsentTypes":null,"executePriority":null,"executeCodeOptInWhenNoTagManagerConsentIsGiven":null,"executeCodeOptOutWhenNoTagManagerConsentIsGiven":null,"deleteTechnicalDefinitionsAfterOptOut":null,"presetId":null,"presetVersion":null,"provider":null,"providerContactPhone":null,"providerContactEmail":null,"providerContactLink":null,"uniqueName":null,"providerPrivacyPolicyUrl":null,"providerLegalNoticeUrl":null,"codeOptIn":null,"codeOptOut":null,"codeOnPageLoad":null,"language_code":null,"shopengine_template__post_meta__type":null,"shopengine_template__post_meta":null,"shopengine_template__post_meta__edit_with":null,"origin":null,"_enabled":null,"_filters":null,"_layout":null,"_elementor_import_session_id":null,"_wp_trash_meta_status":null,"_wp_trash_meta_time":null,"_edit_lock":"1743528681:2","_elementor_floating_elements_type":null,"_elementor_edit_mode":null,"_elementor_template_type":null,"tc-thumb-fld":{"_thumb_id":4973,"_thumb_type":"thumb"},"_wp_page_template":"default","_elementor_version":null,"_elementor_pro_version":null,"_elementor_page_settings":null,"_elementor_data":null,"_elementor_conditions":null,"_elementor_popup_display_settings":null,"_edit_last":"2","_elementor_template_sub_type":null,"_elementor_controls_usage":null,"_elementor_screenshot":null,"_elementor_css":null,"_elementor_page_assets":[],"_elementor_element_cache":null,"_elementor_screenshot_failed":null,"_elementor_source":null,"_wp_old_date":null,"layout_key":"","post_slider_check_key":"0","_links":{"self":[{"href":"https:\/\/snoeck.de\/fr\/wp-json\/wp\/v2\/product\/3557","targetHints":{"allow":["GET"]}}],"collection":[{"href":"https:\/\/snoeck.de\/fr\/wp-json\/wp\/v2\/product"}],"about":[{"href":"https:\/\/snoeck.de\/fr\/wp-json\/wp\/v2\/types\/product"}],"wp:featuredmedia":[{"embeddable":true,"href":"https:\/\/snoeck.de\/fr\/wp-json\/wp\/v2\/media\/4973"}],"wp:attachment":[{"href":"https:\/\/snoeck.de\/fr\/wp-json\/wp\/v2\/media?parent=3557"}],"wp:term":[{"taxonomy":"product_brand","embeddable":true,"href":"https:\/\/snoeck.de\/fr\/wp-json\/wp\/v2\/product_brand?post=3557"},{"taxonomy":"product_cat","embeddable":true,"href":"https:\/\/snoeck.de\/fr\/wp-json\/wp\/v2\/product_cat?post=3557"},{"taxonomy":"product_tag","embeddable":true,"href":"https:\/\/snoeck.de\/fr\/wp-json\/wp\/v2\/product_tag?post=3557"}],"curies":[{"name":"wp","href":"https:\/\/api.w.org\/{rel}","templated":true}]}}