{"id":3558,"date":"2025-01-31T11:30:21","date_gmt":"2025-01-31T11:30:21","guid":{"rendered":"https:\/\/snoeck.process-vision.de\/shop\/sylvie-fleury-exhibition-history-1991-2023\/"},"modified":"2025-04-01T17:30:49","modified_gmt":"2025-04-01T17:30:49","slug":"sylvie-fleury-exhibition-history-1991-2023","status":"publish","type":"product","link":"https:\/\/snoeck.de\/fr\/shop\/sylvie-fleury-exhibition-history-1991-2023\/","title":{"rendered":"Sylvie Fleury : Historique des expositions 1991-2023"},"content":{"rendered":"<h3>Mode, Glamour, Style de vie<\/h3>\n<p>Lorsqu'un mus\u00e9e d'art se transforme en d\u00e9fil\u00e9 de mode, c'est d\u00e9finitivement Sylvie Fleury qui est invit\u00e9e. Depuis environ 25 ans, l'artiste joue avec ironie avec les clich\u00e9s de genre et les st\u00e9r\u00e9otypes de la soci\u00e9t\u00e9 de consommation. Avec \"Shoplifters from Venus\", le Kunst Museum Winterthur pr\u00e9sente pour la premi\u00e8re fois en Suisse, apr\u00e8s 15 ans, une exposition individuelle compl\u00e8te de l'artiste genevoise, dans laquelle elle cherche \u00e0 dialoguer avec la modernit\u00e9 et \u00e0 en r\u00e9v\u00e9ler avec d\u00e9lectation l'empreinte masculine. Le livre qui l'accompagne est plus qu'un simple catalogue d'exposition : Il suit l'\u00e9volution de l'\u0153uvre artistique \u00e0 travers toutes les expositions individuelles de l'artiste depuis les ann\u00e9es 1990. Des essais de Simon Baier, Konrad Bitterli et Elisabeth Bronfen mettent en lumi\u00e8re certains aspects de son \u0153uvre, qui n'a rien perdu de son caract\u00e8re explosif et de sa force \u00e9mancipatrice au fil des ans.<\/p>\n<p>Exposition :<br \/>\nMus\u00e9e d'art de Winterthur, 3\/6 - 20\/8\/2023<\/p>","protected":false},"excerpt":{"rendered":"<p>Catalogue d'exposition, Kunst Museum, \u00e9d. Konrad Bitterli, David Schmidhauser<br \/>\nTextes (all.\/ang.) de Konrad Bitterli, Simon Baier, Elisabeth Bronfen<br \/>\n208 p. avec 600 couleurs. illustrations<br \/>\nformat 29,5 x 22 cm, reliure en toile avec gaufrage bicolore<\/p>","protected":false},"featured_media":4974,"template":"","meta":[],"product_brand":[],"product_cat":[87,63],"product_tag":[],"class_list":{"0":"post-3558","1":"product","2":"type-product","3":"status-publish","4":"has-post-thumbnail","6":"product_cat-87","7":"product_cat-f","9":"first","10":"instock","11":"taxable","12":"shipping-taxable","13":"purchasable","14":"product-type-simple"},"aioseo_notices":[],"_wp_attached_file":null,"_wp_attachment_metadata":null,"_wc_attachment_source":null,"_elementor_inline_svg":null,"_elementor_is_screenshot":null,"_elementor_source_image_hash":null,"_source_url":null,"_wp_attachment_context":null,"_menu_item_type":null,"_menu_item_menu_item_parent":null,"_menu_item_object_id":null,"_menu_item_object":null,"_menu_item_target":null,"_menu_item_classes":null,"_menu_item_xfn":null,"_menu_item_url":null,"__elementor_forms_snapshot":null,"_unit":"","_unit_base":"","_unit_product":"","_unit_price_auto":"no","_unit_price_regular":"","_unit_price":"","_unit_price_sale":"","_sale_price_label":"","_sale_price_regular_label":"","_manufacturer_slug":"","_mini_desc":"","_defect_description":"","_safety_instructions":"","_allergen_ids":[],"_warranty_attachment_id":"","_safety_attachment_ids":[],"_min_age":"","_ts_gtin":"","_ts_mpn":"","_delivery_time_countries":[],"_free_shipping":"no","_service":"no","_photovoltaic_system":"no","_used_good":"no","_defective_copy":"no","_wireless_electronic_device":"no","_device_contains_power_supply":"no","_device_charging_supports_usb_pd":"no","_device_charging_watt_min":"0","_device_charging_watt_max":"0","_is_food":"no","_differential_taxation":"no","_gzd_version":"3.18.7","_hs_code":"","_customs_description":"","_manufacture_country":"0","_is_non_returnable":"no","_shipping_length":"","_shipping_width":"","_shipping_height":"","_sku":"ISBN 978-3-86442-420-5","_global_unique_id":"978-3-86442-420-5","_regular_price":"48","total_sales":"5","_tax_status":"taxable","_tax_class":"","_manage_stock":"no","_backorders":"no","_sold_individually":"no","_weight":"1","_virtual":"no","_downloadable":"no","_download_limit":"-1","_download_expiry":"-1","_stock":"","_stock_status":"instock","_wc_average_rating":"0","_wc_review_count":"0","_product_version":"9.7.1","_price":"48","shopengine_product_views_count":"3094","_thumbnail_id":"4974","_product_attributes":{"erscheinungsdatum":{"name":"Date de publication","value":"07.08.2023","position":0,"is_visible":1,"is_variation":0,"is_taxonomy":0,"checkout_visible":0}},"_nutrient_ids":[],"_upsell_ids":null,"pswc_subtitle":null,"_default_delivery_time":null,"_wp_desired_post_slug":null,"_isbn":null,"pageType":null,"isExternalUrl":null,"pageId":null,"externalUrl":null,"hideCookieBanner":null,"isTargetBlank":null,"isProviderCurrentWebsite":null,"isEmbeddingOnlyExternalResources":null,"legalBasis":null,"dataProcessingInCountries":null,"dataProcessingInCountriesSpecialTreatments":null,"technicalDefinitions":null,"googleConsentModeConsentTypes":null,"executePriority":null,"executeCodeOptInWhenNoTagManagerConsentIsGiven":null,"executeCodeOptOutWhenNoTagManagerConsentIsGiven":null,"deleteTechnicalDefinitionsAfterOptOut":null,"presetId":null,"presetVersion":null,"provider":null,"providerContactPhone":null,"providerContactEmail":null,"providerContactLink":null,"uniqueName":null,"providerPrivacyPolicyUrl":null,"providerLegalNoticeUrl":null,"codeOptIn":null,"codeOptOut":null,"codeOnPageLoad":null,"language_code":null,"shopengine_template__post_meta__type":null,"shopengine_template__post_meta":null,"shopengine_template__post_meta__edit_with":null,"origin":null,"_enabled":null,"_filters":null,"_layout":null,"_elementor_import_session_id":null,"_wp_trash_meta_status":null,"_wp_trash_meta_time":null,"_edit_lock":"1743528509:2","_elementor_floating_elements_type":null,"_elementor_edit_mode":null,"_elementor_template_type":null,"tc-thumb-fld":{"_thumb_id":4974,"_thumb_type":"thumb"},"_wp_page_template":"default","_elementor_version":null,"_elementor_pro_version":null,"_elementor_page_settings":null,"_elementor_data":null,"_elementor_conditions":null,"_elementor_popup_display_settings":null,"_edit_last":"2","_elementor_template_sub_type":null,"_elementor_controls_usage":null,"_elementor_screenshot":null,"_elementor_css":null,"_elementor_page_assets":[],"_elementor_element_cache":null,"_elementor_screenshot_failed":null,"_elementor_source":null,"_wp_old_date":null,"layout_key":"","post_slider_check_key":"0","_links":{"self":[{"href":"https:\/\/snoeck.de\/fr\/wp-json\/wp\/v2\/product\/3558","targetHints":{"allow":["GET"]}}],"collection":[{"href":"https:\/\/snoeck.de\/fr\/wp-json\/wp\/v2\/product"}],"about":[{"href":"https:\/\/snoeck.de\/fr\/wp-json\/wp\/v2\/types\/product"}],"wp:featuredmedia":[{"embeddable":true,"href":"https:\/\/snoeck.de\/fr\/wp-json\/wp\/v2\/media\/4974"}],"wp:attachment":[{"href":"https:\/\/snoeck.de\/fr\/wp-json\/wp\/v2\/media?parent=3558"}],"wp:term":[{"taxonomy":"product_brand","embeddable":true,"href":"https:\/\/snoeck.de\/fr\/wp-json\/wp\/v2\/product_brand?post=3558"},{"taxonomy":"product_cat","embeddable":true,"href":"https:\/\/snoeck.de\/fr\/wp-json\/wp\/v2\/product_cat?post=3558"},{"taxonomy":"product_tag","embeddable":true,"href":"https:\/\/snoeck.de\/fr\/wp-json\/wp\/v2\/product_tag?post=3558"}],"curies":[{"name":"wp","href":"https:\/\/api.w.org\/{rel}","templated":true}]}}