{"id":3559,"date":"2025-01-31T11:30:21","date_gmt":"2025-01-31T11:30:21","guid":{"rendered":"https:\/\/snoeck.process-vision.de\/shop\/guenther-foerg-guenter-herburger-die-trilogie-der-tatzen\/"},"modified":"2025-04-01T17:28:57","modified_gmt":"2025-04-01T17:28:57","slug":"guenther-foerg-guenter-herburger-die-trilogie-der-tatzen","status":"publish","type":"product","link":"https:\/\/snoeck.de\/fr\/shop\/guenther-foerg-guenter-herburger-die-trilogie-der-tatzen\/","title":{"rendered":"G\u00fcnther F\u00f6rg \/ G\u00fcnter Herburger : La trilogie des pattes"},"content":{"rendered":"<h3>Rencontre avec Valentin<\/h3>\n<p>Apr\u00e8s le volume \"Watercolours\" avec Arnold Stadler, G\u00fcnther F\u00f6rg a invit\u00e9 en 2008 une autre voix litt\u00e9raire, celle de G\u00fcnter Herburger, \u00e0 l'accompagner lui et son \u0153uvre. Mais ici, le proc\u00e9d\u00e9 \u00e9tait diff\u00e9rent : alors que Stadler visait encore les aquarelles de G\u00fcnther F\u00f6rg de mani\u00e8re inimitable avec son texte compos\u00e9 de fragments et de bribes de pens\u00e9es issus de l'environnement de son nouveau roman \"Komm, gehen wir\", G\u00fcnter Herburger donnait dans une petite trilogie une esquisse des lieux et des phases de vie de l'artiste, \u00e0 laquelle celui-ci r\u00e9pondait par une s\u00e9rie de monotypes. L'attrait particulier pour G\u00fcnther F\u00f6rg \u00e9tait que Herburger reproduisait ses trois textes sous forme d'histoires illustr\u00e9es qui voulaient crier au spectateur que \"tout avait d\u00e9j\u00e0 \u00e9t\u00e9 fait\". C'est ainsi qu'est n\u00e9 un projet de dialogue entre les disciplines, comme il n'y en avait plus eu ces derni\u00e8res ann\u00e9es. G\u00fcnter Herburger s'est fait conna\u00eetre comme auteur surtout avec son roman \"Die Messe\" (1969) et le recueil de prose \"Die Eroberung der Zitadelle\" (1972). Sa trilogie \"Thuja\" (1977-1991) a \u00e9t\u00e9 salu\u00e9e pour sa \"critique sociale sans illusion et sa folie parfois presque valentinesque\". G\u00fcnter Herburger est devenu populaire avec ses livres pour enfants \"Birne kann alles\" (1971) et \"Birne brennt durch\" (1975).<\/p>","protected":false},"excerpt":{"rendered":"<p>Avec trois textes (all.\/angl.) et des photos n\/b de G\u00fcnter Herburger<br \/>\n160 p. avec 78 illustrations en noir et blanc et 48 en couleur<br \/>\nFormat 20,3 x 13,8 cm, couverture rigide<\/p>","protected":false},"featured_media":4975,"template":"","meta":[],"product_brand":[],"product_cat":[116,63,92,65],"product_tag":[],"class_list":{"0":"post-3559","1":"product","2":"type-product","3":"status-publish","4":"has-post-thumbnail","6":"product_cat-116","7":"product_cat-f","8":"product_cat-guenther-foerg","9":"product_cat-h","11":"first","12":"instock","13":"taxable","14":"shipping-taxable","15":"purchasable","16":"product-type-simple"},"aioseo_notices":[],"_wp_attached_file":null,"_wp_attachment_metadata":null,"_wc_attachment_source":null,"_elementor_inline_svg":null,"_elementor_is_screenshot":null,"_elementor_source_image_hash":null,"_source_url":null,"_wp_attachment_context":null,"_menu_item_type":null,"_menu_item_menu_item_parent":null,"_menu_item_object_id":null,"_menu_item_object":null,"_menu_item_target":null,"_menu_item_classes":null,"_menu_item_xfn":null,"_menu_item_url":null,"__elementor_forms_snapshot":null,"_unit":"","_unit_base":"","_unit_product":"","_unit_price_auto":"no","_unit_price_regular":"","_unit_price":"","_unit_price_sale":"","_sale_price_label":"","_sale_price_regular_label":"","_manufacturer_slug":"","_mini_desc":"","_defect_description":"","_safety_instructions":"","_allergen_ids":[],"_warranty_attachment_id":"","_safety_attachment_ids":[],"_min_age":"","_ts_gtin":"","_ts_mpn":"","_delivery_time_countries":[],"_free_shipping":"no","_service":"no","_photovoltaic_system":"no","_used_good":"no","_defective_copy":"no","_wireless_electronic_device":"no","_device_contains_power_supply":"no","_device_charging_supports_usb_pd":"no","_device_charging_watt_min":"0","_device_charging_watt_max":"0","_is_food":"no","_differential_taxation":"no","_gzd_version":"3.18.7","_hs_code":"","_customs_description":"","_manufacture_country":"0","_is_non_returnable":"no","_shipping_length":"","_shipping_width":"","_shipping_height":"","_sku":"ISBN 978-3-936859-77-5","_global_unique_id":"978-3-936859-77-5","_regular_price":"68","total_sales":"0","_tax_status":"taxable","_tax_class":"","_manage_stock":"no","_backorders":"no","_sold_individually":"no","_weight":"1","_virtual":"no","_downloadable":"no","_download_limit":"-1","_download_expiry":"-1","_stock":"","_stock_status":"instock","_wc_average_rating":"0","_wc_review_count":"0","_product_version":"9.7.1","_price":"68","shopengine_product_views_count":"2875","_thumbnail_id":"4975","_product_attributes":{"erscheinungsdatum":{"name":"Erscheinungsdatum","value":"30.05.2008","position":0,"is_visible":1,"is_variation":0,"is_taxonomy":0,"checkout_visible":0}},"_nutrient_ids":[],"_upsell_ids":null,"pswc_subtitle":null,"_default_delivery_time":null,"_wp_desired_post_slug":null,"_isbn":null,"pageType":null,"isExternalUrl":null,"pageId":null,"externalUrl":null,"hideCookieBanner":null,"isTargetBlank":null,"isProviderCurrentWebsite":null,"isEmbeddingOnlyExternalResources":null,"legalBasis":null,"dataProcessingInCountries":null,"dataProcessingInCountriesSpecialTreatments":null,"technicalDefinitions":null,"googleConsentModeConsentTypes":null,"executePriority":null,"executeCodeOptInWhenNoTagManagerConsentIsGiven":null,"executeCodeOptOutWhenNoTagManagerConsentIsGiven":null,"deleteTechnicalDefinitionsAfterOptOut":null,"presetId":null,"presetVersion":null,"provider":null,"providerContactPhone":null,"providerContactEmail":null,"providerContactLink":null,"uniqueName":null,"providerPrivacyPolicyUrl":null,"providerLegalNoticeUrl":null,"codeOptIn":null,"codeOptOut":null,"codeOnPageLoad":null,"language_code":null,"shopengine_template__post_meta__type":null,"shopengine_template__post_meta":null,"shopengine_template__post_meta__edit_with":null,"origin":null,"_enabled":null,"_filters":null,"_layout":null,"_elementor_import_session_id":null,"_wp_trash_meta_status":null,"_wp_trash_meta_time":null,"_edit_lock":"1743528423:2","_elementor_floating_elements_type":null,"_elementor_edit_mode":null,"_elementor_template_type":null,"tc-thumb-fld":{"_thumb_id":4975,"_thumb_type":"thumb"},"_wp_page_template":"default","_elementor_version":null,"_elementor_pro_version":null,"_elementor_page_settings":null,"_elementor_data":null,"_elementor_conditions":null,"_elementor_popup_display_settings":null,"_edit_last":"2","_elementor_template_sub_type":null,"_elementor_controls_usage":null,"_elementor_screenshot":null,"_elementor_css":null,"_elementor_page_assets":[],"_elementor_element_cache":null,"_elementor_screenshot_failed":null,"_elementor_source":null,"_wp_old_date":null,"layout_key":"","post_slider_check_key":"0","_links":{"self":[{"href":"https:\/\/snoeck.de\/fr\/wp-json\/wp\/v2\/product\/3559","targetHints":{"allow":["GET"]}}],"collection":[{"href":"https:\/\/snoeck.de\/fr\/wp-json\/wp\/v2\/product"}],"about":[{"href":"https:\/\/snoeck.de\/fr\/wp-json\/wp\/v2\/types\/product"}],"wp:featuredmedia":[{"embeddable":true,"href":"https:\/\/snoeck.de\/fr\/wp-json\/wp\/v2\/media\/4975"}],"wp:attachment":[{"href":"https:\/\/snoeck.de\/fr\/wp-json\/wp\/v2\/media?parent=3559"}],"wp:term":[{"taxonomy":"product_brand","embeddable":true,"href":"https:\/\/snoeck.de\/fr\/wp-json\/wp\/v2\/product_brand?post=3559"},{"taxonomy":"product_cat","embeddable":true,"href":"https:\/\/snoeck.de\/fr\/wp-json\/wp\/v2\/product_cat?post=3559"},{"taxonomy":"product_tag","embeddable":true,"href":"https:\/\/snoeck.de\/fr\/wp-json\/wp\/v2\/product_tag?post=3559"}],"curies":[{"name":"wp","href":"https:\/\/api.w.org\/{rel}","templated":true}]}}