{"id":3561,"date":"2025-01-31T11:30:23","date_gmt":"2025-01-31T11:30:23","guid":{"rendered":"https:\/\/snoeck.process-vision.de\/shop\/guenther-foerg-back-and-forth\/"},"modified":"2025-04-01T17:24:06","modified_gmt":"2025-04-01T17:24:06","slug":"guenther-foerg-back-and-forth","status":"publish","type":"product","link":"https:\/\/snoeck.de\/fr\/shop\/guenther-foerg-back-and-forth\/","title":{"rendered":"G\u00fcnther F\u00f6rg : Back and Forth (en arri\u00e8re et en avant)"},"content":{"rendered":"<h3>Toujours en mouvement<\/h3>\n<p>Plus de 100 nouvelles toiles abstraites, soigneusement reproduites dans ce livre au format inhabituel, sont le r\u00e9sultat de l'une des phases de travail les plus intenses de G\u00fcnther F\u00f6rg au cours des derni\u00e8res ann\u00e9es, entre la fin de l'automne 2008 et le printemps 2009. Dans une grille de base qui change de format en format, l'artiste place une succession de champs de couleurs bien calcul\u00e9s, chaque tableau individuel ayant un rythme color\u00e9 qui se caract\u00e9rise par un haut degr\u00e9 de concentration artistique et physique. Ce n'est donc pas un hasard si Rudi Fuchs, dans son texte \u00e0 la fois bouleversant et observateur, trouve une affinit\u00e9 entre ce travail et le dernier et le plus inhabituel tableau de Piet Mondrian, \"Victory Boogie Woogie\". L'organisation de la palette de couleurs, compl\u00e9t\u00e9e par la structure de chaque champ de couleur, constitue d\u00e9j\u00e0 chez G\u00fcnther F\u00f6rg la diff\u00e9rence essentielle par rapport \u00e0 chaque pr\u00e9curseur. C'est plut\u00f4t le mouvement libre du coup de pinceau, les l\u00e9gers mouvements vers le haut et les mouvements plus appuy\u00e9s vers le bas, en plus du choix des couleurs, qui propulsent chaque composition individuelle au-del\u00e0 des r\u00e9sultats de toute abstraction que nous connaissions jusqu'\u00e0 pr\u00e9sent. Ou comme le remarque Rudi Fuchs en conclusion : \"Qu'il ait peint des champs de couleurs vibrants, des grilles irr\u00e9guli\u00e8res de lignes fibreuses brutes, il a toujours int\u00e9gr\u00e9 en m\u00eame temps des strat\u00e9gies intelligentes de rupture dans leur exercice. La figuration devait s'effacer pour lib\u00e9rer l'\u00e9nergie primaire des coups de pinceau dans sa forme la plus pure : l'abstraction violente\".<\/p>","protected":false},"excerpt":{"rendered":"<p>Texte (anglais\/allemand) de Rudi Fuchs<br \/>\n160 p. avec 102 illustrations en couleur<br \/>\nformat 35 x 29 cm, reliure en toile avec titre et dos estamp\u00e9s, jaquette pli\u00e9e en deux<\/p>","protected":false},"featured_media":4977,"template":"","meta":[],"product_brand":[],"product_cat":[113,63,92],"product_tag":[],"class_list":{"0":"post-3561","1":"product","2":"type-product","3":"status-publish","4":"has-post-thumbnail","6":"product_cat-113","7":"product_cat-f","8":"product_cat-guenther-foerg","10":"first","11":"instock","12":"taxable","13":"shipping-taxable","14":"purchasable","15":"product-type-simple"},"aioseo_notices":[],"_wp_attached_file":null,"_wp_attachment_metadata":null,"_wc_attachment_source":null,"_elementor_inline_svg":null,"_elementor_is_screenshot":null,"_elementor_source_image_hash":null,"_source_url":null,"_wp_attachment_context":null,"_menu_item_type":null,"_menu_item_menu_item_parent":null,"_menu_item_object_id":null,"_menu_item_object":null,"_menu_item_target":null,"_menu_item_classes":null,"_menu_item_xfn":null,"_menu_item_url":null,"__elementor_forms_snapshot":null,"_unit":"","_unit_base":"","_unit_product":"","_unit_price_auto":"no","_unit_price_regular":"","_unit_price":"","_unit_price_sale":"","_sale_price_label":"","_sale_price_regular_label":"","_manufacturer_slug":"","_mini_desc":"","_defect_description":"","_safety_instructions":"","_allergen_ids":[],"_warranty_attachment_id":"","_safety_attachment_ids":[],"_min_age":"","_ts_gtin":"","_ts_mpn":"","_delivery_time_countries":[],"_free_shipping":"no","_service":"no","_photovoltaic_system":"no","_used_good":"no","_defective_copy":"no","_wireless_electronic_device":"no","_device_contains_power_supply":"no","_device_charging_supports_usb_pd":"no","_device_charging_watt_min":"0","_device_charging_watt_max":"0","_is_food":"no","_differential_taxation":"no","_gzd_version":"3.18.7","_hs_code":"","_customs_description":"","_manufacture_country":"0","_is_non_returnable":"no","_shipping_length":"","_shipping_width":"","_shipping_height":"","_sku":"ISBN 978-3-936859-91-1","_global_unique_id":"978-3-936859-91-1","_regular_price":"198","total_sales":"0","_tax_status":"taxable","_tax_class":"","_manage_stock":"no","_backorders":"no","_sold_individually":"no","_weight":"3","_virtual":"no","_downloadable":"no","_download_limit":"-1","_download_expiry":"-1","_stock":"","_stock_status":"instock","_wc_average_rating":"0","_wc_review_count":"0","_product_version":"9.7.1","_price":"198","shopengine_product_views_count":"3224","_thumbnail_id":"4977","_product_attributes":{"erscheinungsdatum":{"name":"Erscheinungsdatum","value":"10.06.2009","position":0,"is_visible":1,"is_variation":0,"is_taxonomy":0,"checkout_visible":0}},"_nutrient_ids":[],"_upsell_ids":null,"pswc_subtitle":null,"_default_delivery_time":null,"_wp_desired_post_slug":null,"_isbn":null,"pageType":null,"isExternalUrl":null,"pageId":null,"externalUrl":null,"hideCookieBanner":null,"isTargetBlank":null,"isProviderCurrentWebsite":null,"isEmbeddingOnlyExternalResources":null,"legalBasis":null,"dataProcessingInCountries":null,"dataProcessingInCountriesSpecialTreatments":null,"technicalDefinitions":null,"googleConsentModeConsentTypes":null,"executePriority":null,"executeCodeOptInWhenNoTagManagerConsentIsGiven":null,"executeCodeOptOutWhenNoTagManagerConsentIsGiven":null,"deleteTechnicalDefinitionsAfterOptOut":null,"presetId":null,"presetVersion":null,"provider":null,"providerContactPhone":null,"providerContactEmail":null,"providerContactLink":null,"uniqueName":null,"providerPrivacyPolicyUrl":null,"providerLegalNoticeUrl":null,"codeOptIn":null,"codeOptOut":null,"codeOnPageLoad":null,"language_code":null,"shopengine_template__post_meta__type":null,"shopengine_template__post_meta":null,"shopengine_template__post_meta__edit_with":null,"origin":null,"_enabled":null,"_filters":null,"_layout":null,"_elementor_import_session_id":null,"_wp_trash_meta_status":null,"_wp_trash_meta_time":null,"_edit_lock":"1743528105:2","_elementor_floating_elements_type":null,"_elementor_edit_mode":null,"_elementor_template_type":null,"tc-thumb-fld":{"_thumb_id":4977,"_thumb_type":"thumb"},"_wp_page_template":"default","_elementor_version":null,"_elementor_pro_version":null,"_elementor_page_settings":null,"_elementor_data":null,"_elementor_conditions":null,"_elementor_popup_display_settings":null,"_edit_last":"2","_elementor_template_sub_type":null,"_elementor_controls_usage":null,"_elementor_screenshot":null,"_elementor_css":null,"_elementor_page_assets":[],"_elementor_element_cache":null,"_elementor_screenshot_failed":null,"_elementor_source":null,"_wp_old_date":null,"layout_key":"","post_slider_check_key":"0","_links":{"self":[{"href":"https:\/\/snoeck.de\/fr\/wp-json\/wp\/v2\/product\/3561","targetHints":{"allow":["GET"]}}],"collection":[{"href":"https:\/\/snoeck.de\/fr\/wp-json\/wp\/v2\/product"}],"about":[{"href":"https:\/\/snoeck.de\/fr\/wp-json\/wp\/v2\/types\/product"}],"wp:featuredmedia":[{"embeddable":true,"href":"https:\/\/snoeck.de\/fr\/wp-json\/wp\/v2\/media\/4977"}],"wp:attachment":[{"href":"https:\/\/snoeck.de\/fr\/wp-json\/wp\/v2\/media?parent=3561"}],"wp:term":[{"taxonomy":"product_brand","embeddable":true,"href":"https:\/\/snoeck.de\/fr\/wp-json\/wp\/v2\/product_brand?post=3561"},{"taxonomy":"product_cat","embeddable":true,"href":"https:\/\/snoeck.de\/fr\/wp-json\/wp\/v2\/product_cat?post=3561"},{"taxonomy":"product_tag","embeddable":true,"href":"https:\/\/snoeck.de\/fr\/wp-json\/wp\/v2\/product_tag?post=3561"}],"curies":[{"name":"wp","href":"https:\/\/api.w.org\/{rel}","templated":true}]}}