{"id":3562,"date":"2025-01-31T11:30:23","date_gmt":"2025-01-31T11:30:23","guid":{"rendered":"https:\/\/snoeck.process-vision.de\/shop\/guenther-foerg-felder-raender\/"},"modified":"2025-04-01T17:26:02","modified_gmt":"2025-04-01T17:26:02","slug":"guenther-foerg-felder-raender","status":"publish","type":"product","link":"https:\/\/snoeck.de\/fr\/shop\/guenther-foerg-felder-raender\/","title":{"rendered":"G\u00fcnther F\u00f6rg : Champs - Bords"},"content":{"rendered":"<h3>Intr\u00e9pide F\u00f6rg ...<\/h3>\n<p>\u00e9crit Rudi Fuchs, qui poursuit : \"Il existe une certaine chronologie dans l'\u0153uvre de G\u00fcnther F\u00f6rg : quand il a utilis\u00e9 une certaine strat\u00e9gie pour la premi\u00e8re fois et ce qui s'en est suivi. Mais elle n'a que peu d'importance au vu de sa m\u00e9thode de travail. Mondrian a, semble-t-il, fait une variation apr\u00e8s l'autre dans sa phase abstraite, toujours plus pr\u00e9cise que la pr\u00e9c\u00e9dente. Dans son art, il y a l'id\u00e9e de progr\u00e8s. G\u00fcnther F\u00f6rg, lui, tourne en rond. Il n'y a donc aucune raison pour qu'un certain projet ne soit pas r\u00e9utilis\u00e9. \u00c0 chaque nouvelle application d'un projet, de nouveaux effets apparaissent, qui s'ajoutent \u00e0 son r\u00e9pertoire toujours plus vaste en tant que savoir pictural. Consid\u00e9rons par exemple le projet suivant : des trames peintes compos\u00e9es de lignes tr\u00e8s courtes qui se croisent. Les trames peuvent \u00eatre l\u00e2ches ou compactes, riches ou pauvres en couleurs. Enfin, on peut aussi varier la longueur des lignes ou combiner des fragments de diff\u00e9rentes grilles en vrac et au hasard pour former une sorte de collage. Dans la r\u00e9cente exposition de Zurich, j'ai \u00e9galement vu un tableau avec une trame tr\u00e8s dense d'un rouge flamboyant, lumineux comme je n'en avais jamais vu auparavant. Une autre invention r\u00e9cente : apparemment, la m\u00e9thode de la grille est in\u00e9puisable dans la mani\u00e8re d\u00e9tendue dont G\u00fcnther F\u00f6rg l'utilise. C'est un aventurier. Les premiers ma\u00eetres abstraits avaient le besoin de contr\u00f4ler leur pratique. Ils \u00e9taient tr\u00e8s prudents, comme Mondrian et Malevitch. Nous savons par leurs \u00e9crits \u00e0 quel point ils consid\u00e9raient leur art comme spirituel. Ils avaient besoin de ce sentiment de confirmation. Schwitters et Mir\u00f2 \u00e9taient moins attach\u00e9s \u00e0 des principes, mais ils portaient toujours avec eux, comme une responsabilit\u00e9, la particularit\u00e9 philosophique de faire de l'art abstrait. G\u00fcnther F\u00f6rg ne se soucie d'aucun de ces obstacles. C'est pourquoi, dans sa conception laconique de constructions picturales, il est en mesure de d\u00e9ployer et de r\u00e9aliser tout le spectre de richesse visuelle que seul l'art abstrait peut offrir. Apr\u00e8s une longue carri\u00e8re dans l'art g\u00e9om\u00e9trique, son grand coll\u00e8gue Sol Lewitt a commenc\u00e9 \u00e0 r\u00e9aliser des dessins color\u00e9s aux lignes ondulantes et ondoyantes. Une violation du principe ? C'est ce que pensaient certains critiques : Sol s'\u00e9tait \u00e9gar\u00e9. Pourquoi, demandaient-ils ? Sol garda le silence un instant, puis r\u00e9pondit : \"Pourquoi pas ? En effet. C'est \u00e0 ce stade, y compris dans l'\u0153uvre de G\u00fcnther F\u00f6rg, que l'art abstrait, cette grandiose invention moderne, est arriv\u00e9 - \u00e0 la prise en main globale, illimit\u00e9e, sans peur, de tous ses moyens et de toutes ses voies\".<\/p>","protected":false},"excerpt":{"rendered":"<p>Textes (italien\/allemand\/anglais) de Rudi Fuchs, Max Wechsler<br \/>\n144 p. avec 100 illustrations en couleur<br \/>\nformat 32 x 24,5 mm, reliure en toile, titre et dos estamp\u00e9s, jaquette doublement pli\u00e9e<\/p>","protected":false},"featured_media":4978,"template":"","meta":[],"product_brand":[],"product_cat":[117,63,92],"product_tag":[],"class_list":{"0":"post-3562","1":"product","2":"type-product","3":"status-publish","4":"has-post-thumbnail","6":"product_cat-117","7":"product_cat-f","8":"product_cat-guenther-foerg","10":"first","11":"instock","12":"taxable","13":"shipping-taxable","14":"purchasable","15":"product-type-simple"},"aioseo_notices":[],"_wp_attached_file":null,"_wp_attachment_metadata":null,"_wc_attachment_source":null,"_elementor_inline_svg":null,"_elementor_is_screenshot":null,"_elementor_source_image_hash":null,"_source_url":null,"_wp_attachment_context":null,"_menu_item_type":null,"_menu_item_menu_item_parent":null,"_menu_item_object_id":null,"_menu_item_object":null,"_menu_item_target":null,"_menu_item_classes":null,"_menu_item_xfn":null,"_menu_item_url":null,"__elementor_forms_snapshot":null,"_unit":"","_unit_base":"","_unit_product":"","_unit_price_auto":"no","_unit_price_regular":"","_unit_price":"","_unit_price_sale":"","_sale_price_label":"","_sale_price_regular_label":"","_manufacturer_slug":"","_mini_desc":"","_defect_description":"","_safety_instructions":"","_allergen_ids":[],"_warranty_attachment_id":"","_safety_attachment_ids":[],"_min_age":"","_ts_gtin":"","_ts_mpn":"","_delivery_time_countries":[],"_free_shipping":"no","_service":"no","_photovoltaic_system":"no","_used_good":"no","_defective_copy":"no","_wireless_electronic_device":"no","_device_contains_power_supply":"no","_device_charging_supports_usb_pd":"no","_device_charging_watt_min":"0","_device_charging_watt_max":"0","_is_food":"no","_differential_taxation":"no","_gzd_version":"3.18.7","_hs_code":"","_customs_description":"","_manufacture_country":"0","_is_non_returnable":"no","_shipping_length":"","_shipping_width":"","_shipping_height":"","_sku":"ISBN 978-3-936859-65-2","_global_unique_id":"978-3-936859-65-2","_regular_price":"148","total_sales":"0","_tax_status":"taxable","_tax_class":"","_manage_stock":"no","_backorders":"no","_sold_individually":"no","_weight":"2","_virtual":"no","_downloadable":"no","_download_limit":"-1","_download_expiry":"-1","_stock":"","_stock_status":"instock","_wc_average_rating":"0","_wc_review_count":"0","_product_version":"9.7.1","_price":"148","shopengine_product_views_count":"2746","_thumbnail_id":"4978","_product_attributes":{"erscheinungsdatum":{"name":"Erscheinungsdatum","value":"15.05.2007","position":0,"is_visible":1,"is_variation":0,"is_taxonomy":0,"checkout_visible":0}},"_nutrient_ids":[],"_upsell_ids":null,"pswc_subtitle":null,"_default_delivery_time":null,"_wp_desired_post_slug":null,"_isbn":null,"pageType":null,"isExternalUrl":null,"pageId":null,"externalUrl":null,"hideCookieBanner":null,"isTargetBlank":null,"isProviderCurrentWebsite":null,"isEmbeddingOnlyExternalResources":null,"legalBasis":null,"dataProcessingInCountries":null,"dataProcessingInCountriesSpecialTreatments":null,"technicalDefinitions":null,"googleConsentModeConsentTypes":null,"executePriority":null,"executeCodeOptInWhenNoTagManagerConsentIsGiven":null,"executeCodeOptOutWhenNoTagManagerConsentIsGiven":null,"deleteTechnicalDefinitionsAfterOptOut":null,"presetId":null,"presetVersion":null,"provider":null,"providerContactPhone":null,"providerContactEmail":null,"providerContactLink":null,"uniqueName":null,"providerPrivacyPolicyUrl":null,"providerLegalNoticeUrl":null,"codeOptIn":null,"codeOptOut":null,"codeOnPageLoad":null,"language_code":null,"shopengine_template__post_meta__type":null,"shopengine_template__post_meta":null,"shopengine_template__post_meta__edit_with":null,"origin":null,"_enabled":null,"_filters":null,"_layout":null,"_elementor_import_session_id":null,"_wp_trash_meta_status":null,"_wp_trash_meta_time":null,"_edit_lock":"1743528224:2","_elementor_floating_elements_type":null,"_elementor_edit_mode":null,"_elementor_template_type":null,"tc-thumb-fld":{"_thumb_id":4978,"_thumb_type":"thumb"},"_wp_page_template":"default","_elementor_version":null,"_elementor_pro_version":null,"_elementor_page_settings":null,"_elementor_data":null,"_elementor_conditions":null,"_elementor_popup_display_settings":null,"_edit_last":"2","_elementor_template_sub_type":null,"_elementor_controls_usage":null,"_elementor_screenshot":null,"_elementor_css":null,"_elementor_page_assets":[],"_elementor_element_cache":null,"_elementor_screenshot_failed":null,"_elementor_source":null,"_wp_old_date":null,"layout_key":"","post_slider_check_key":"0","_links":{"self":[{"href":"https:\/\/snoeck.de\/fr\/wp-json\/wp\/v2\/product\/3562","targetHints":{"allow":["GET"]}}],"collection":[{"href":"https:\/\/snoeck.de\/fr\/wp-json\/wp\/v2\/product"}],"about":[{"href":"https:\/\/snoeck.de\/fr\/wp-json\/wp\/v2\/types\/product"}],"wp:featuredmedia":[{"embeddable":true,"href":"https:\/\/snoeck.de\/fr\/wp-json\/wp\/v2\/media\/4978"}],"wp:attachment":[{"href":"https:\/\/snoeck.de\/fr\/wp-json\/wp\/v2\/media?parent=3562"}],"wp:term":[{"taxonomy":"product_brand","embeddable":true,"href":"https:\/\/snoeck.de\/fr\/wp-json\/wp\/v2\/product_brand?post=3562"},{"taxonomy":"product_cat","embeddable":true,"href":"https:\/\/snoeck.de\/fr\/wp-json\/wp\/v2\/product_cat?post=3562"},{"taxonomy":"product_tag","embeddable":true,"href":"https:\/\/snoeck.de\/fr\/wp-json\/wp\/v2\/product_tag?post=3562"}],"curies":[{"name":"wp","href":"https:\/\/api.w.org\/{rel}","templated":true}]}}