{"id":3563,"date":"2025-01-31T11:30:24","date_gmt":"2025-01-31T11:30:24","guid":{"rendered":"https:\/\/snoeck.process-vision.de\/shop\/guenther-foerg-gazzetta-dello-sport\/"},"modified":"2025-04-01T17:22:28","modified_gmt":"2025-04-01T17:22:28","slug":"guenther-foerg-gazzetta-dello-sport","status":"publish","type":"product","link":"https:\/\/snoeck.de\/fr\/shop\/guenther-foerg-gazzetta-dello-sport\/","title":{"rendered":"G\u00fcnther F\u00f6rg : Gazzetta dello Sport"},"content":{"rendered":"<h3>Les pages en couleur des fans de football<\/h3>\n<p>Pour le fan de football \"cultiv\u00e9\" et n\u00e9anmoins \"fanatique\", la preuve de l'existence de Dieu a d\u00e9j\u00e0 \u00e9t\u00e9 apport\u00e9e il y a plus de 25 ans en Italie par la \"Gazzetta dello Sport\", qui para\u00eet quotidiennement depuis pr\u00e8s de 120 ans sur du papier journal rose : \"Maradonna = Dieu\", disait alors un titre, lorsque l'Argentine est devenue championne du monde contre l'Allemagne. Ce sont peut-\u00eatre de tels instantan\u00e9s qui ont incit\u00e9 G\u00fcnther F\u00f6rg \u00e0 retravailler le mat\u00e9riel de base, en principe bon march\u00e9, du papier journal imprim\u00e9 en rose. En 2006, quatre grands formats (2,10 x 3 m\u00e8tres), six moyens (1 x 1 m\u00e8tre 50) ainsi que 64 petites \u0153uvres acryliques (53 x 76 cm chacune) ont ainsi vu le jour sous la forme d'une s\u00e9rie achev\u00e9e, dont les formes libres font \u00e9cho aux colonnes du journal. Des motifs en grille renforcent et maintiennent la superposition avec le mod\u00e8le rose, et G\u00fcnther F\u00f6rg a ainsi point\u00e9 l'un de ses motifs picturaux fantastiques d'une mani\u00e8re tout \u00e0 fait nouvelle.<\/p>\n<p>Exposition :<br \/>\nGalerie B\u00e4rbel Gr\u00e4sslin Francfort, 13\/5 - 20\/6\/2006<\/p>","protected":false},"excerpt":{"rendered":"<p>Catalogue d'exposition, \u00e9dit\u00e9 par Galerie Gr\u00e4sslin<br \/>\nTextes (all.\/ang.) de Valentina Avon, Max Wechsler<br \/>\n54 p. avec 80 illustrations en couleur<br \/>\nformat 28 x 30 cm, reliure en toile gaufr\u00e9e avec jaquette<\/p>","protected":false},"featured_media":4979,"template":"","meta":[],"product_brand":[],"product_cat":[109,63,92],"product_tag":[],"class_list":{"0":"post-3563","1":"product","2":"type-product","3":"status-publish","4":"has-post-thumbnail","6":"product_cat-109","7":"product_cat-f","8":"product_cat-guenther-foerg","10":"first","11":"instock","12":"taxable","13":"shipping-taxable","14":"purchasable","15":"product-type-simple"},"aioseo_notices":[],"_wp_attached_file":null,"_wp_attachment_metadata":null,"_wc_attachment_source":null,"_elementor_inline_svg":null,"_elementor_is_screenshot":null,"_elementor_source_image_hash":null,"_source_url":null,"_wp_attachment_context":null,"_menu_item_type":null,"_menu_item_menu_item_parent":null,"_menu_item_object_id":null,"_menu_item_object":null,"_menu_item_target":null,"_menu_item_classes":null,"_menu_item_xfn":null,"_menu_item_url":null,"__elementor_forms_snapshot":null,"_unit":"","_unit_base":"","_unit_product":"","_unit_price_auto":"no","_unit_price_regular":"","_unit_price":"","_unit_price_sale":"","_sale_price_label":"","_sale_price_regular_label":"","_manufacturer_slug":"","_mini_desc":"","_defect_description":"","_safety_instructions":"","_allergen_ids":[],"_warranty_attachment_id":"","_safety_attachment_ids":[],"_min_age":"","_ts_gtin":"","_ts_mpn":"","_delivery_time_countries":[],"_free_shipping":"no","_service":"no","_photovoltaic_system":"no","_used_good":"no","_defective_copy":"no","_wireless_electronic_device":"no","_device_contains_power_supply":"no","_device_charging_supports_usb_pd":"no","_device_charging_watt_min":"0","_device_charging_watt_max":"0","_is_food":"no","_differential_taxation":"no","_gzd_version":"3.18.7","_hs_code":"","_customs_description":"","_manufacture_country":"0","_is_non_returnable":"no","_shipping_length":"","_shipping_width":"","_shipping_height":"","_sku":"ISBN 978-3-936859-43-0","_global_unique_id":"978-3-936859-43-0","_regular_price":"98","total_sales":"1","_tax_status":"taxable","_tax_class":"","_manage_stock":"no","_backorders":"no","_sold_individually":"no","_weight":"1","_virtual":"no","_downloadable":"no","_download_limit":"-1","_download_expiry":"-1","_stock":"","_stock_status":"instock","_wc_average_rating":"0","_wc_review_count":"0","_product_version":"9.7.1","_price":"98","shopengine_product_views_count":"2963","_thumbnail_id":"4979","_product_attributes":{"erscheinungsdatum":{"name":"Erscheinungsdatum","value":"30.03.2006","position":0,"is_visible":1,"is_variation":0,"is_taxonomy":0,"checkout_visible":0}},"_nutrient_ids":[],"_upsell_ids":null,"pswc_subtitle":null,"_default_delivery_time":null,"_wp_desired_post_slug":null,"_isbn":null,"pageType":null,"isExternalUrl":null,"pageId":null,"externalUrl":null,"hideCookieBanner":null,"isTargetBlank":null,"isProviderCurrentWebsite":null,"isEmbeddingOnlyExternalResources":null,"legalBasis":null,"dataProcessingInCountries":null,"dataProcessingInCountriesSpecialTreatments":null,"technicalDefinitions":null,"googleConsentModeConsentTypes":null,"executePriority":null,"executeCodeOptInWhenNoTagManagerConsentIsGiven":null,"executeCodeOptOutWhenNoTagManagerConsentIsGiven":null,"deleteTechnicalDefinitionsAfterOptOut":null,"presetId":null,"presetVersion":null,"provider":null,"providerContactPhone":null,"providerContactEmail":null,"providerContactLink":null,"uniqueName":null,"providerPrivacyPolicyUrl":null,"providerLegalNoticeUrl":null,"codeOptIn":null,"codeOptOut":null,"codeOnPageLoad":null,"language_code":null,"shopengine_template__post_meta__type":null,"shopengine_template__post_meta":null,"shopengine_template__post_meta__edit_with":null,"origin":null,"_enabled":null,"_filters":null,"_layout":null,"_elementor_import_session_id":null,"_wp_trash_meta_status":null,"_wp_trash_meta_time":null,"_edit_lock":"1743528008:2","_elementor_floating_elements_type":null,"_elementor_edit_mode":null,"_elementor_template_type":null,"tc-thumb-fld":{"_thumb_id":4979,"_thumb_type":"thumb"},"_wp_page_template":"default","_elementor_version":null,"_elementor_pro_version":null,"_elementor_page_settings":null,"_elementor_data":null,"_elementor_conditions":null,"_elementor_popup_display_settings":null,"_edit_last":"2","_elementor_template_sub_type":null,"_elementor_controls_usage":null,"_elementor_screenshot":null,"_elementor_css":null,"_elementor_page_assets":[],"_elementor_element_cache":null,"_elementor_screenshot_failed":null,"_elementor_source":null,"_wp_old_date":null,"layout_key":"","post_slider_check_key":"0","_links":{"self":[{"href":"https:\/\/snoeck.de\/fr\/wp-json\/wp\/v2\/product\/3563","targetHints":{"allow":["GET"]}}],"collection":[{"href":"https:\/\/snoeck.de\/fr\/wp-json\/wp\/v2\/product"}],"about":[{"href":"https:\/\/snoeck.de\/fr\/wp-json\/wp\/v2\/types\/product"}],"wp:featuredmedia":[{"embeddable":true,"href":"https:\/\/snoeck.de\/fr\/wp-json\/wp\/v2\/media\/4979"}],"wp:attachment":[{"href":"https:\/\/snoeck.de\/fr\/wp-json\/wp\/v2\/media?parent=3563"}],"wp:term":[{"taxonomy":"product_brand","embeddable":true,"href":"https:\/\/snoeck.de\/fr\/wp-json\/wp\/v2\/product_brand?post=3563"},{"taxonomy":"product_cat","embeddable":true,"href":"https:\/\/snoeck.de\/fr\/wp-json\/wp\/v2\/product_cat?post=3563"},{"taxonomy":"product_tag","embeddable":true,"href":"https:\/\/snoeck.de\/fr\/wp-json\/wp\/v2\/product_tag?post=3563"}],"curies":[{"name":"wp","href":"https:\/\/api.w.org\/{rel}","templated":true}]}}