{"id":3564,"date":"2025-01-31T11:30:24","date_gmt":"2025-01-31T11:30:24","guid":{"rendered":"https:\/\/snoeck.process-vision.de\/shop\/guenther-foerg-kunsthalle-bremen-fotografie\/"},"modified":"2025-04-01T17:18:39","modified_gmt":"2025-04-01T17:18:39","slug":"guenther-foerg-kunsthalle-bremen-fotografie","status":"publish","type":"product","link":"https:\/\/snoeck.de\/fr\/shop\/guenther-foerg-kunsthalle-bremen-fotografie\/","title":{"rendered":"G\u00fcnther F\u00f6rg : Kunsthalle Bremen - Photographie"},"content":{"rendered":"<h3>G\u00fcnther F\u00f6rg \u00e0 la Kunsthalle de Br\u00eame : Photographie<\/h3>\n<p>La Kunsthalle de Br\u00eame a consacr\u00e9 une exposition d'ensemble \u00e0 la vaste \u0153uvre photographique de G\u00fcnther F\u00f6rg sur l'architecture moderne, avec des travaux de grand format datant de 1982 \u00e0 2004. Lors de l'exposition de G\u00fcnther F\u00f6rg au Kunstverein de M\u00fcnster, les travaux d'environ 2 m\u00e8tres 40 sur 1 m\u00e8tre 60, qui refl\u00e8tent l'architecture de l'espace, avaient fait sensation pour la premi\u00e8re fois. L'exposition de Br\u00eame comprenait ces \u0153uvres ainsi que des portraits, des autoportraits et des travaux r\u00e9alis\u00e9s en Italie sur l'architecture de Guiseppe Terragni. S'y ajoutent la cage d'escalier de l'Alte Pinakothek \u00e0 Munich de Hans D\u00f6llgast ainsi que les cages d'escalier de Madrid et d'Ath\u00e8nes, puis les images de la Villa Wittgenstein de 1986. Sont \u00e9galement regroup\u00e9es les fa\u00e7ades de Melnikov, les fa\u00e7ades de Tel Aviv et de la Speicherstadt de Hambourg de 1997, ainsi que des photos de l'\u00e9cole de journalisme d'Alvaro Siza \u00e0 Saint-Jacques-de-Compostelle de 2003. Le livre, enti\u00e8rement compos\u00e9 par l'artiste lui-m\u00eame dans l'ordre chronologique, m\u00e9lange encore une fois la section transversale de son \u0153uvre pr\u00e9sent\u00e9e avec des photos aussi c\u00e9l\u00e8bres que celles de la Villa Malaparte, de la Villa Tugenhat de Mies van der Rohe ou de la Haus Lange \u00e0 Krefeld.<\/p>\n<p>Exposition :<br \/>\nKunsthalle Bremen, 11\/6 - 16\/7\/2006<\/p>","protected":false},"excerpt":{"rendered":"<p>Catalogue d'exposition, \u00e9dit\u00e9 par le Kunstverein et la Kunsthalle de Br\u00eame<br \/>\nTexte (all.\/ang.) de Max Wechsler<br \/>\n172 p. avec 162 illustrations en couleur et en duotone<br \/>\nformat 32 x 22,5 cm, couverture rigide avec jaquette<\/p>","protected":false},"featured_media":4980,"template":"","meta":[],"product_brand":[],"product_cat":[109,63,92],"product_tag":[],"class_list":{"0":"post-3564","1":"product","2":"type-product","3":"status-publish","4":"has-post-thumbnail","6":"product_cat-109","7":"product_cat-f","8":"product_cat-guenther-foerg","10":"first","11":"instock","12":"taxable","13":"shipping-taxable","14":"purchasable","15":"product-type-simple"},"aioseo_notices":[],"_wp_attached_file":null,"_wp_attachment_metadata":null,"_wc_attachment_source":null,"_elementor_inline_svg":null,"_elementor_is_screenshot":null,"_elementor_source_image_hash":null,"_source_url":null,"_wp_attachment_context":null,"_menu_item_type":null,"_menu_item_menu_item_parent":null,"_menu_item_object_id":null,"_menu_item_object":null,"_menu_item_target":null,"_menu_item_classes":null,"_menu_item_xfn":null,"_menu_item_url":null,"__elementor_forms_snapshot":null,"_unit":"","_unit_base":"","_unit_product":"","_unit_price_auto":"no","_unit_price_regular":"","_unit_price":"","_unit_price_sale":"","_sale_price_label":"","_sale_price_regular_label":"","_manufacturer_slug":"","_mini_desc":"","_defect_description":"","_safety_instructions":"","_allergen_ids":[],"_warranty_attachment_id":"","_safety_attachment_ids":[],"_min_age":"","_ts_gtin":"","_ts_mpn":"","_delivery_time_countries":[],"_free_shipping":"no","_service":"no","_photovoltaic_system":"no","_used_good":"no","_defective_copy":"no","_wireless_electronic_device":"no","_device_contains_power_supply":"no","_device_charging_supports_usb_pd":"no","_device_charging_watt_min":"0","_device_charging_watt_max":"0","_is_food":"no","_differential_taxation":"no","_gzd_version":"3.18.7","_hs_code":"","_customs_description":"","_manufacture_country":"0","_is_non_returnable":"no","_shipping_length":"","_shipping_width":"","_shipping_height":"","_sku":"ISBN 978-3-936859-44-7","_global_unique_id":"978-3-936859-44-7","_regular_price":"148","total_sales":"0","_tax_status":"taxable","_tax_class":"","_manage_stock":"no","_backorders":"no","_sold_individually":"no","_weight":"2","_virtual":"no","_downloadable":"no","_download_limit":"-1","_download_expiry":"-1","_stock":"","_stock_status":"instock","_wc_average_rating":"0","_wc_review_count":"0","_product_version":"9.7.1","_price":"148","shopengine_product_views_count":"2581","_thumbnail_id":"4980","_product_attributes":{"erscheinungsdatum":{"name":"Erscheinungsdatum","value":"11.06.2006","position":0,"is_visible":1,"is_variation":0,"is_taxonomy":0,"checkout_visible":0}},"_nutrient_ids":[],"_upsell_ids":null,"pswc_subtitle":null,"_default_delivery_time":null,"_wp_desired_post_slug":null,"_isbn":null,"pageType":null,"isExternalUrl":null,"pageId":null,"externalUrl":null,"hideCookieBanner":null,"isTargetBlank":null,"isProviderCurrentWebsite":null,"isEmbeddingOnlyExternalResources":null,"legalBasis":null,"dataProcessingInCountries":null,"dataProcessingInCountriesSpecialTreatments":null,"technicalDefinitions":null,"googleConsentModeConsentTypes":null,"executePriority":null,"executeCodeOptInWhenNoTagManagerConsentIsGiven":null,"executeCodeOptOutWhenNoTagManagerConsentIsGiven":null,"deleteTechnicalDefinitionsAfterOptOut":null,"presetId":null,"presetVersion":null,"provider":null,"providerContactPhone":null,"providerContactEmail":null,"providerContactLink":null,"uniqueName":null,"providerPrivacyPolicyUrl":null,"providerLegalNoticeUrl":null,"codeOptIn":null,"codeOptOut":null,"codeOnPageLoad":null,"language_code":null,"shopengine_template__post_meta__type":null,"shopengine_template__post_meta":null,"shopengine_template__post_meta__edit_with":null,"origin":null,"_enabled":null,"_filters":null,"_layout":null,"_elementor_import_session_id":null,"_wp_trash_meta_status":null,"_wp_trash_meta_time":null,"_edit_lock":"1743527785:2","_elementor_floating_elements_type":null,"_elementor_edit_mode":null,"_elementor_template_type":null,"tc-thumb-fld":{"_thumb_id":4980,"_thumb_type":"thumb"},"_wp_page_template":"default","_elementor_version":null,"_elementor_pro_version":null,"_elementor_page_settings":null,"_elementor_data":null,"_elementor_conditions":null,"_elementor_popup_display_settings":null,"_edit_last":"2","_elementor_template_sub_type":null,"_elementor_controls_usage":null,"_elementor_screenshot":null,"_elementor_css":null,"_elementor_page_assets":[],"_elementor_element_cache":null,"_elementor_screenshot_failed":null,"_elementor_source":null,"_wp_old_date":null,"layout_key":"","post_slider_check_key":"0","_links":{"self":[{"href":"https:\/\/snoeck.de\/fr\/wp-json\/wp\/v2\/product\/3564","targetHints":{"allow":["GET"]}}],"collection":[{"href":"https:\/\/snoeck.de\/fr\/wp-json\/wp\/v2\/product"}],"about":[{"href":"https:\/\/snoeck.de\/fr\/wp-json\/wp\/v2\/types\/product"}],"wp:featuredmedia":[{"embeddable":true,"href":"https:\/\/snoeck.de\/fr\/wp-json\/wp\/v2\/media\/4980"}],"wp:attachment":[{"href":"https:\/\/snoeck.de\/fr\/wp-json\/wp\/v2\/media?parent=3564"}],"wp:term":[{"taxonomy":"product_brand","embeddable":true,"href":"https:\/\/snoeck.de\/fr\/wp-json\/wp\/v2\/product_brand?post=3564"},{"taxonomy":"product_cat","embeddable":true,"href":"https:\/\/snoeck.de\/fr\/wp-json\/wp\/v2\/product_cat?post=3564"},{"taxonomy":"product_tag","embeddable":true,"href":"https:\/\/snoeck.de\/fr\/wp-json\/wp\/v2\/product_tag?post=3564"}],"curies":[{"name":"wp","href":"https:\/\/api.w.org\/{rel}","templated":true}]}}