{"id":3565,"date":"2025-01-31T11:30:25","date_gmt":"2025-01-31T11:30:25","guid":{"rendered":"https:\/\/snoeck.process-vision.de\/shop\/guenther-foerg-laissez-un-message\/"},"modified":"2025-04-01T17:17:15","modified_gmt":"2025-04-01T17:17:15","slug":"guenther-foerg-laissez-un-message","status":"publish","type":"product","link":"https:\/\/snoeck.de\/fr\/shop\/guenther-foerg-laissez-un-message\/","title":{"rendered":"G\u00fcnther F\u00f6rg : Laissez un message"},"content":{"rendered":"<h3>Laissez un message<\/h3>\n<p>Lorsque G\u00fcnther F\u00f6rg a f\u00eat\u00e9 son 50e anniversaire, ses amis ont d\u00e9cid\u00e9, avec Reiner Speck comme \u00e9diteur initiateur, de publier un livre qui, gr\u00e2ce \u00e0 la contribution de 50 aquarelles de G\u00fcnther F\u00f6rg lui-m\u00eame, est devenu un livre d'artiste. Que ce soit avec sensibilit\u00e9, comme Rudi Fuchs qui parcourt une aquarelle, avec un long souffle d'histoire de l'art, comme Siegfried Gohr qui s'attaque au motif de la fen\u00eatre, dans une joyeuse mani\u00e8re underground, comme Rudolf Schmitz qui entonne un po\u00e8me, ou dans un grand tempo narratif, comme Johannes Gachnang qui se penche par la fen\u00eatre dans une chaude nuit d'\u00e9t\u00e9 milanaise, il y a toujours eu de profonds rapprochements amicaux, bas\u00e9s sur une grande et p\u00e9n\u00e9trante comp\u00e9tence. Les aquarelles \u00e9taient presque joyeuses, les premiers indices dans l'\u0153uvre de G\u00fcnther F\u00f6rg qu'il savait s'affirmer entre Eros et Thanatos, lorsqu'il habillait et d\u00e9shabillait les femmes en dormant, en se baignant ou en posant avec des touches de couleur.<\/p>","protected":false},"excerpt":{"rendered":"<p>\u00c9dit\u00e9 par Reiner Speck<br \/>\nAvec des contributions (en allemand) de Jean Fr\u00e9mon, Rudi Fuchs, Johannes Gachnang, Siegfried Gohr, Kay Heymer, Veit Loers, Ingrid Rein, Rudolf Schmitz, Reiner Speck, Heliod Spiekermann<br \/>\n108 p. avec 50 illustrations pleine page en couleur<br \/>\nformat 30 x 21 cm, reliure en toile avec jaquette<br \/>\n800 ex. sign\u00e9s et num\u00e9rot\u00e9s<\/p>","protected":false},"featured_media":4981,"template":"","meta":[],"product_brand":[],"product_cat":[114,63,92,69,70],"product_tag":[],"class_list":{"0":"post-3565","1":"product","2":"type-product","3":"status-publish","4":"has-post-thumbnail","6":"product_cat-114","7":"product_cat-f","8":"product_cat-guenther-foerg","9":"product_cat-l","10":"product_cat-m","12":"first","13":"instock","14":"taxable","15":"shipping-taxable","16":"purchasable","17":"product-type-simple"},"aioseo_notices":[],"_wp_attached_file":null,"_wp_attachment_metadata":null,"_wc_attachment_source":null,"_elementor_inline_svg":null,"_elementor_is_screenshot":null,"_elementor_source_image_hash":null,"_source_url":null,"_wp_attachment_context":null,"_menu_item_type":null,"_menu_item_menu_item_parent":null,"_menu_item_object_id":null,"_menu_item_object":null,"_menu_item_target":null,"_menu_item_classes":null,"_menu_item_xfn":null,"_menu_item_url":null,"__elementor_forms_snapshot":null,"_unit":"","_unit_base":"","_unit_product":"","_unit_price_auto":"no","_unit_price_regular":"","_unit_price":"","_unit_price_sale":"","_sale_price_label":"","_sale_price_regular_label":"","_manufacturer_slug":"","_mini_desc":"","_defect_description":"","_safety_instructions":"","_allergen_ids":[],"_warranty_attachment_id":"","_safety_attachment_ids":[],"_min_age":"","_ts_gtin":"","_ts_mpn":"","_delivery_time_countries":[],"_free_shipping":"no","_service":"no","_photovoltaic_system":"no","_used_good":"no","_defective_copy":"no","_wireless_electronic_device":"no","_device_contains_power_supply":"no","_device_charging_supports_usb_pd":"no","_device_charging_watt_min":"0","_device_charging_watt_max":"0","_is_food":"no","_differential_taxation":"no","_gzd_version":"3.18.7","_hs_code":"","_customs_description":"","_manufacture_country":"0","_is_non_returnable":"no","_shipping_length":"","_shipping_width":"","_shipping_height":"","_sku":"ISBN 978-3-936859-30-0","_global_unique_id":"978-3-936859-30-0","_regular_price":"128","total_sales":"0","_tax_status":"taxable","_tax_class":"","_manage_stock":"no","_backorders":"no","_sold_individually":"no","_weight":"1","_virtual":"no","_downloadable":"no","_download_limit":"-1","_download_expiry":"-1","_stock":"","_stock_status":"instock","_wc_average_rating":"0","_wc_review_count":"0","_product_version":"9.7.1","_price":"128","shopengine_product_views_count":"3152","_thumbnail_id":"4981","_product_attributes":{"erscheinungsdatum":{"name":"Date de publication","value":"30.10.2005","position":0,"is_visible":1,"is_variation":0,"is_taxonomy":0,"checkout_visible":0}},"_nutrient_ids":[],"_upsell_ids":null,"pswc_subtitle":null,"_default_delivery_time":null,"_wp_desired_post_slug":null,"_isbn":null,"pageType":null,"isExternalUrl":null,"pageId":null,"externalUrl":null,"hideCookieBanner":null,"isTargetBlank":null,"isProviderCurrentWebsite":null,"isEmbeddingOnlyExternalResources":null,"legalBasis":null,"dataProcessingInCountries":null,"dataProcessingInCountriesSpecialTreatments":null,"technicalDefinitions":null,"googleConsentModeConsentTypes":null,"executePriority":null,"executeCodeOptInWhenNoTagManagerConsentIsGiven":null,"executeCodeOptOutWhenNoTagManagerConsentIsGiven":null,"deleteTechnicalDefinitionsAfterOptOut":null,"presetId":null,"presetVersion":null,"provider":null,"providerContactPhone":null,"providerContactEmail":null,"providerContactLink":null,"uniqueName":null,"providerPrivacyPolicyUrl":null,"providerLegalNoticeUrl":null,"codeOptIn":null,"codeOptOut":null,"codeOnPageLoad":null,"language_code":null,"shopengine_template__post_meta__type":null,"shopengine_template__post_meta":null,"shopengine_template__post_meta__edit_with":null,"origin":null,"_enabled":null,"_filters":null,"_layout":null,"_elementor_import_session_id":null,"_wp_trash_meta_status":null,"_wp_trash_meta_time":null,"_edit_lock":"1743527695:2","_elementor_floating_elements_type":null,"_elementor_edit_mode":null,"_elementor_template_type":null,"tc-thumb-fld":{"_thumb_id":4981,"_thumb_type":"thumb"},"_wp_page_template":"default","_elementor_version":null,"_elementor_pro_version":null,"_elementor_page_settings":null,"_elementor_data":null,"_elementor_conditions":null,"_elementor_popup_display_settings":null,"_edit_last":"2","_elementor_template_sub_type":null,"_elementor_controls_usage":null,"_elementor_screenshot":null,"_elementor_css":null,"_elementor_page_assets":[],"_elementor_element_cache":null,"_elementor_screenshot_failed":null,"_elementor_source":null,"_wp_old_date":null,"layout_key":"","post_slider_check_key":"0","_links":{"self":[{"href":"https:\/\/snoeck.de\/fr\/wp-json\/wp\/v2\/product\/3565","targetHints":{"allow":["GET"]}}],"collection":[{"href":"https:\/\/snoeck.de\/fr\/wp-json\/wp\/v2\/product"}],"about":[{"href":"https:\/\/snoeck.de\/fr\/wp-json\/wp\/v2\/types\/product"}],"wp:featuredmedia":[{"embeddable":true,"href":"https:\/\/snoeck.de\/fr\/wp-json\/wp\/v2\/media\/4981"}],"wp:attachment":[{"href":"https:\/\/snoeck.de\/fr\/wp-json\/wp\/v2\/media?parent=3565"}],"wp:term":[{"taxonomy":"product_brand","embeddable":true,"href":"https:\/\/snoeck.de\/fr\/wp-json\/wp\/v2\/product_brand?post=3565"},{"taxonomy":"product_cat","embeddable":true,"href":"https:\/\/snoeck.de\/fr\/wp-json\/wp\/v2\/product_cat?post=3565"},{"taxonomy":"product_tag","embeddable":true,"href":"https:\/\/snoeck.de\/fr\/wp-json\/wp\/v2\/product_tag?post=3565"}],"curies":[{"name":"wp","href":"https:\/\/api.w.org\/{rel}","templated":true}]}}