{"id":3567,"date":"2025-01-31T11:30:26","date_gmt":"2025-01-31T11:30:26","guid":{"rendered":"https:\/\/snoeck.process-vision.de\/shop\/guenther-foerg-passage\/"},"modified":"2025-04-01T17:13:33","modified_gmt":"2025-04-01T17:13:33","slug":"guenther-foerg-passage","status":"publish","type":"product","link":"https:\/\/snoeck.de\/fr\/shop\/guenther-foerg-passage\/","title":{"rendered":"G\u00fcnther F\u00f6rg : passage"},"content":{"rendered":"<h3>Rien ne reste pareil<\/h3>\n<p>Certaines des aquarelles pr\u00e9sent\u00e9es ici ont \u00e9t\u00e9 r\u00e9alis\u00e9es sur des feuilles partiellement souill\u00e9es. Sur des feuilles qui avaient servi de support pour peindre d'autres aquarelles ou qui se trouvaient \u00e0 port\u00e9e de main lors de cette activit\u00e9, de sorte que l'artiste pouvait parfois y tamponner son pinceau et v\u00e9rifier telle ou telle valeur d'une couleur. De tels papiers de travail, au sens propre du terme, sont devenus la base d'aquarelles et de peintures qui vont de champs de taches \u00e0 l'aspect serein \u00e0 des confrontations intenses entre diff\u00e9rents principes formels. Les d\u00e9buts de ce nouveau \"langage pictural\", qui se sont pour ainsi dire form\u00e9s d'eux-m\u00eames, th\u00e9matisent bien entendu aussi le ph\u00e9nom\u00e8ne de l'Horror Vacui, qui exige, dans un double sens, que l'on en finisse avec le vide, le blanc pur de la feuille, alors que cette t\u00e2che \u00e9veille en m\u00eame temps des peurs qui rendent toute composition quasiment impossible. Peut-\u00eatre peut-on m\u00eame \u00e9tablir un lien avec l'impressionnisme fran\u00e7ais qui, dans sa qu\u00eate d'une v\u00e9ritable connaissance visuelle et d'une repr\u00e9sentation du monde, a \u00e9t\u00e9 litt\u00e9ralement ramen\u00e9 \u00e0 l'essence de la tache. Car cette tache n'est finalement rien d'autre que la \"tache\" \u00e0 partir de laquelle l'image impressionniste du monde se construit en tant que fragmentation extr\u00eame de la r\u00e9alit\u00e9 visible dans la peinture, et l\u00e0, nous pouvons d\u00e9j\u00e0 voir dans ces images la r\u00e9ponse contemporaine \u00e0 cette fragmentation de la r\u00e9alit\u00e9.<\/p>\n<p>Exposition :<br \/>\nFuhrwerkswaage, Cologne, 25\/3 - 22\/4\/2007<\/p>","protected":false},"excerpt":{"rendered":"<p>Texte (all.\/ang.) de Max Wechsler<br \/>\n48 p. avec 32 illustrations en couleur<br \/>\nformat 24 x 28 cm, reliure en toile, titre et dos estamp\u00e9s<\/p>","protected":false},"featured_media":5392,"template":"","meta":[],"product_brand":[],"product_cat":[117,63,92],"product_tag":[],"class_list":{"0":"post-3567","1":"product","2":"type-product","3":"status-publish","4":"has-post-thumbnail","6":"product_cat-117","7":"product_cat-f","8":"product_cat-guenther-foerg","10":"first","11":"instock","12":"taxable","13":"shipping-taxable","14":"purchasable","15":"product-type-simple"},"aioseo_notices":[],"_wp_attached_file":null,"_wp_attachment_metadata":null,"_wc_attachment_source":null,"_elementor_inline_svg":null,"_elementor_is_screenshot":null,"_elementor_source_image_hash":null,"_source_url":null,"_wp_attachment_context":null,"_menu_item_type":null,"_menu_item_menu_item_parent":null,"_menu_item_object_id":null,"_menu_item_object":null,"_menu_item_target":null,"_menu_item_classes":null,"_menu_item_xfn":null,"_menu_item_url":null,"__elementor_forms_snapshot":null,"_unit":"","_unit_base":"","_unit_product":"","_unit_price_auto":"no","_unit_price_regular":"","_unit_price":"","_unit_price_sale":"","_sale_price_label":"","_sale_price_regular_label":"","_manufacturer_slug":"","_mini_desc":"","_defect_description":"","_safety_instructions":"","_allergen_ids":[],"_warranty_attachment_id":"","_safety_attachment_ids":[],"_min_age":"","_ts_gtin":"","_ts_mpn":"","_delivery_time_countries":[],"_free_shipping":"no","_service":"no","_photovoltaic_system":"no","_used_good":"no","_defective_copy":"no","_wireless_electronic_device":"no","_device_contains_power_supply":"no","_device_charging_supports_usb_pd":"no","_device_charging_watt_min":"0","_device_charging_watt_max":"0","_is_food":"no","_differential_taxation":"no","_gzd_version":"3.18.7","_hs_code":"","_customs_description":"","_manufacture_country":"0","_is_non_returnable":"no","_shipping_length":"","_shipping_width":"","_shipping_height":"","_sku":"ISBN 978-3-936859-63-8","_global_unique_id":"978-3-936859-63-8","_regular_price":"68","total_sales":"0","_tax_status":"taxable","_tax_class":"","_manage_stock":"no","_backorders":"no","_sold_individually":"no","_weight":"1","_virtual":"no","_downloadable":"no","_download_limit":"-1","_download_expiry":"-1","_stock":"","_stock_status":"instock","_wc_average_rating":"0","_wc_review_count":"0","_product_version":"9.7.1","_price":"68","shopengine_product_views_count":"3050","_thumbnail_id":"5392","_product_attributes":{"erscheinungsdatum":{"name":"Date de publication","value":"25.03.2007","position":0,"is_visible":1,"is_variation":0,"is_taxonomy":0,"checkout_visible":0}},"_nutrient_ids":[],"_upsell_ids":null,"pswc_subtitle":"","_default_delivery_time":"","_wp_desired_post_slug":null,"_isbn":null,"pageType":null,"isExternalUrl":null,"pageId":null,"externalUrl":null,"hideCookieBanner":null,"isTargetBlank":null,"isProviderCurrentWebsite":null,"isEmbeddingOnlyExternalResources":null,"legalBasis":null,"dataProcessingInCountries":null,"dataProcessingInCountriesSpecialTreatments":null,"technicalDefinitions":null,"googleConsentModeConsentTypes":null,"executePriority":null,"executeCodeOptInWhenNoTagManagerConsentIsGiven":null,"executeCodeOptOutWhenNoTagManagerConsentIsGiven":null,"deleteTechnicalDefinitionsAfterOptOut":null,"presetId":null,"presetVersion":null,"provider":null,"providerContactPhone":null,"providerContactEmail":null,"providerContactLink":null,"uniqueName":null,"providerPrivacyPolicyUrl":null,"providerLegalNoticeUrl":null,"codeOptIn":null,"codeOptOut":null,"codeOnPageLoad":null,"language_code":null,"shopengine_template__post_meta__type":null,"shopengine_template__post_meta":null,"shopengine_template__post_meta__edit_with":null,"origin":null,"_enabled":null,"_filters":null,"_layout":null,"_elementor_import_session_id":null,"_wp_trash_meta_status":null,"_wp_trash_meta_time":null,"_edit_lock":"1743527474:2","_elementor_floating_elements_type":null,"_elementor_edit_mode":null,"_elementor_template_type":null,"tc-thumb-fld":{"_thumb_id":5392,"_thumb_type":"thumb"},"_wp_page_template":"default","_elementor_version":null,"_elementor_pro_version":null,"_elementor_page_settings":null,"_elementor_data":null,"_elementor_conditions":null,"_elementor_popup_display_settings":null,"_edit_last":"2","_elementor_template_sub_type":null,"_elementor_controls_usage":null,"_elementor_screenshot":null,"_elementor_css":null,"_elementor_page_assets":[],"_elementor_element_cache":null,"_elementor_screenshot_failed":null,"_elementor_source":null,"_wp_old_date":null,"layout_key":"","post_slider_check_key":"0","_links":{"self":[{"href":"https:\/\/snoeck.de\/fr\/wp-json\/wp\/v2\/product\/3567","targetHints":{"allow":["GET"]}}],"collection":[{"href":"https:\/\/snoeck.de\/fr\/wp-json\/wp\/v2\/product"}],"about":[{"href":"https:\/\/snoeck.de\/fr\/wp-json\/wp\/v2\/types\/product"}],"wp:featuredmedia":[{"embeddable":true,"href":"https:\/\/snoeck.de\/fr\/wp-json\/wp\/v2\/media\/5392"}],"wp:attachment":[{"href":"https:\/\/snoeck.de\/fr\/wp-json\/wp\/v2\/media?parent=3567"}],"wp:term":[{"taxonomy":"product_brand","embeddable":true,"href":"https:\/\/snoeck.de\/fr\/wp-json\/wp\/v2\/product_brand?post=3567"},{"taxonomy":"product_cat","embeddable":true,"href":"https:\/\/snoeck.de\/fr\/wp-json\/wp\/v2\/product_cat?post=3567"},{"taxonomy":"product_tag","embeddable":true,"href":"https:\/\/snoeck.de\/fr\/wp-json\/wp\/v2\/product_tag?post=3567"}],"curies":[{"name":"wp","href":"https:\/\/api.w.org\/{rel}","templated":true}]}}